{"id":63300,"date":"2026-03-19T07:09:36","date_gmt":"2026-03-19T07:09:36","guid":{"rendered":"https:\/\/soydeaqui.ddns.net\/pachuca\/index.php\/producto\/cable-coaxial-heliax-de-7-8-cobre-corrugado-100-blindado-2\/"},"modified":"2026-03-19T07:09:36","modified_gmt":"2026-03-19T07:09:36","slug":"cable-coaxial-heliax-de-7-8-cobre-corrugado-100-blindado-2","status":"publish","type":"product","link":"https:\/\/soydeaqui.ddns.net\/pachuca\/index.php\/producto\/cable-coaxial-heliax-de-7-8-cobre-corrugado-100-blindado-2\/","title":{"rendered":"Cable Coaxial HELIAX de 7\/8. Cobre Corrugado, 100% Blindado."},"content":{"rendered":"<div style='width: 100%; max-width: 1200px; margin: 0 auto; font-family: sans-serif; line-height: 1.6; color: inherit; background-color: transparent;'>\n<div style='display: flex; flex-wrap: wrap; gap: 30px; margin-bottom: 30px;'>\n<div style='flex: 1 1 300px; min-width: 280px;'>\n<h3 style='font-size: 22px; border-bottom: 2px solid currentColor; padding-bottom: 5px; margin-top: 0; color: inherit; opacity: 0.8;'>Introducci\u00f3n<\/h3>\n<p style='font-size: 15px; color: inherit; text-align: justify;'> El <strong>AVA5-50 HELIAX\u00ae Andrew Virtual Air\u2122<\/strong> es un cable coaxial avanzado y de alta calidad desarrollado por <strong>CommScope<\/strong>. Dise\u00f1ado para aplicaciones inal\u00e1mbricas&comma; este cable ofrece una alta flexibilidad&comma; confiabilidad y eficiencia el\u00e9ctrica&comma; siendo la elecci\u00f3n ideal para tus proyectos de telecomunicaciones. Con un blindaje de 100% cobre corrugado y cubierta de PE negra&comma; este cable es perfecto para una amplia gama de condiciones ambientales&comma; asegurando un rendimiento \u00f3ptimo y duradero. <\/p>\n<p style='font-size: 15px; color: inherit; font-weight: bold; text-align: center;'> ******Precio por metro****** <\/p>\n<\/p><\/div>\n<\/p><\/div>\n<div style='display: flex; flex-wrap: wrap; gap: 20px; margin-bottom: 30px;'>\n<div style='flex: 1 1 250px; border: 1px solid rgba(150&comma; 150&comma; 150&comma; 0.4); border-radius: 8px; overflow: hidden; display: flex; flex-direction: column;'>\n<div style='padding: 15px; border-bottom: 1px solid rgba(150&comma; 150&comma; 150&comma; 0.2); font-weight: bold; font-size: 18px; color: inherit;'>Clasificaci\u00f3n del Producto<\/div>\n<div style='padding: 15px; color: inherit;'>\n<ul style='padding-left: 20px; margin: 0; font-size: 14px; list-style-type: disc;'>\n<li style='margin-bottom: 5px;'><strong>Tipo de Producto:<\/strong> Cable coaxial inal\u00e1mbrico<\/li>\n<li style='margin-bottom: 5px;'><strong>Marca del Producto:<\/strong> HELIAX\u00ae<\/li>\n<li style='margin-bottom: 5px;'><strong>Serie del Producto:<\/strong> AVA5-50<\/li>\n<li style='margin-bottom: 5px;'><strong>Nota de Pedido:<\/strong> Producto est\u00e1ndar de CommScope [Global]<\/li>\n<\/ul><\/div>\n<\/p><\/div>\n<div style='flex: 1 1 250px; border: 1px solid rgba(150&comma; 150&comma; 150&comma; 0.4); border-radius: 8px; overflow: hidden; display: flex; flex-direction: column;'>\n<div style='padding: 15px; border-bottom: 1px solid rgba(150&comma; 150&comma; 150&comma; 0.2); font-weight: bold; font-size: 18px; color: inherit;'>Especificaciones Generales<\/div>\n<div style='padding: 15px; color: inherit;'>\n<ul style='padding-left: 20px; margin: 0; font-size: 14px; list-style-type: disc;'>\n<li style='margin-bottom: 5px;'><strong>Flexibilidad:<\/strong> Est\u00e1ndar<\/li>\n<li style='margin-bottom: 5px;'><strong>Color de la Cubierta:<\/strong> Negro<\/li>\n<\/ul><\/div>\n<\/p><\/div>\n<div style='flex: 1 1 250px; border: 1px solid rgba(150&comma; 150&comma; 150&comma; 0.4); border-radius: 8px; overflow: hidden; display: flex; flex-direction: column;'>\n<div style='padding: 15px; border-bottom: 1px solid rgba(150&comma; 150&comma; 150&comma; 0.2); font-weight: bold; font-size: 18px; color: inherit;'>Materiales<\/div>\n<div style='padding: 15px; color: inherit;'>\n<ul style='padding-left: 20px; margin: 0; font-size: 14px; list-style-type: disc;'>\n<li style='margin-bottom: 5px;'><strong>Material del Aislante:<\/strong> Foam PE<\/li>\n<li style='margin-bottom: 5px;'><strong>Material de la Cubierta:<\/strong> PE<\/li>\n<li style='margin-bottom: 5px;'><strong>Material del Conductor Interno:<\/strong> Tubo de cobre<\/li>\n<li style='margin-bottom: 5px;'><strong>Material del Conductor Externo:<\/strong> Cobre corrugado<\/li>\n<\/ul><\/div>\n<\/p><\/div>\n<div style='flex: 1 1 250px; border: 1px solid rgba(150&comma; 150&comma; 150&comma; 0.4); border-radius: 8px; overflow: hidden; display: flex; flex-direction: column;'>\n<div style='padding: 15px; border-bottom: 1px solid rgba(150&comma; 150&comma; 150&comma; 0.2); font-weight: bold; font-size: 18px; color: inherit;'>Especificaciones Ambientales<\/div>\n<div style='padding: 15px; color: inherit;'>\n<ul style='padding-left: 20px; margin: 0; font-size: 14px; list-style-type: disc;'>\n<li style='margin-bottom: 5px;'><strong>Temperatura de Instalaci\u00f3n:<\/strong> -40 \u00b0C a +60 \u00b0C [-40 \u00b0F a +140 \u00b0F]<\/li>\n<li style='margin-bottom: 5px;'><strong>Temperatura de Operaci\u00f3n:<\/strong> -55 \u00b0C a +85 \u00b0C [-67 \u00b0F a +185 \u00b0F]<\/li>\n<li style='margin-bottom: 5px;'><strong>Temperatura de Almacenamiento:<\/strong> -70 \u00b0C a +85 \u00b0C [-94 \u00b0F a +185 \u00b0F]<\/li>\n<\/ul><\/div>\n<\/p><\/div>\n<\/p><\/div>\n<div style='display: flex; flex-wrap: wrap; gap: 20px; margin-bottom: 30px;'>\n<div style='flex: 1 1 250px; border: 1px solid rgba(150&comma; 150&comma; 150&comma; 0.4); border-radius: 8px; overflow: hidden; display: flex; flex-direction: column;'>\n<div style='padding: 15px; border-bottom: 1px solid rgba(150&comma; 150&comma; 150&comma; 0.2); font-weight: bold; font-size: 18px; color: inherit;'>Dimensiones<\/div>\n<div style='padding: 15px; color: inherit;'>\n<ul style='padding-left: 20px; margin: 0; font-size: 14px; list-style-type: disc;'>\n<li style='margin-bottom: 5px;'><strong>Di\u00e1metro sobre el Aislante:<\/strong> 24.13 mm (0.95 in)<\/li>\n<li style='margin-bottom: 5px;'><strong>Di\u00e1metro sobre la Cubierta:<\/strong> 27.991 mm (1.102 in)<\/li>\n<li style='margin-bottom: 5px;'><strong>Di\u00e1metro del Conductor Interno:<\/strong> 9.449 mm (0.372 in)<\/li>\n<li style='margin-bottom: 5px;'><strong>Di\u00e1metro del Conductor Externo:<\/strong> 25.4 mm (1 in)<\/li>\n<li style='margin-bottom: 5px;'><strong>Tama\u00f1o Nominal:<\/strong> 7\/8 in<\/li>\n<\/ul><\/div>\n<\/p><\/div>\n<div style='flex: 1 1 250px; border: 1px solid rgba(150&comma; 150&comma; 150&comma; 0.4); border-radius: 8px; overflow: hidden; display: flex; flex-direction: column;'>\n<div style='padding: 15px; border-bottom: 1px solid rgba(150&comma; 150&comma; 150&comma; 0.2); font-weight: bold; font-size: 18px; color: inherit;'>Especificaciones Mec\u00e1nicas<\/div>\n<div style='padding: 15px; color: inherit;'>\n<ul style='padding-left: 20px; margin: 0; font-size: 14px; list-style-type: disc;'>\n<li style='margin-bottom: 5px;'><strong>Radio M\u00ednimo de Curvatura&comma; M\u00faltiples Doblados:<\/strong> 254 mm (10 in)<\/li>\n<li style='margin-bottom: 5px;'><strong>Radio M\u00ednimo de Curvatura&comma; Doblado Simple:<\/strong> 127 mm (5 in)<\/li>\n<li style='margin-bottom: 5px;'><strong>N\u00famero de Doblados&comma; M\u00ednimo:<\/strong> 15<\/li>\n<li style='margin-bottom: 5px;'><strong>N\u00famero de Doblados&comma; T\u00edpico:<\/strong> 30<\/li>\n<li style='margin-bottom: 5px;'><strong>Resistencia a la Tensi\u00f3n:<\/strong> 159 kg (350.535 lb)<\/li>\n<li style='margin-bottom: 5px;'><strong>Momento de Flexi\u00f3n:<\/strong> 19 N-m (168.164 in lb)<\/li>\n<li style='margin-bottom: 5px;'><strong>Resistencia al Aplastamiento de Placa de Presi\u00f3n:<\/strong> 1.3 kg\/mm (72.797 lb\/in)<\/li>\n<\/ul><\/div>\n<\/p><\/div>\n<div style='flex: 1 1 250px; border: 1px solid rgba(150&comma; 150&comma; 150&comma; 0.4); border-radius: 8px; overflow: hidden; display: flex; flex-direction: column;'>\n<div style='padding: 15px; border-bottom: 1px solid rgba(150&comma; 150&comma; 150&comma; 0.2); font-weight: bold; font-size: 18px; color: inherit;'>Regulaciones y Cumplimientos<\/div>\n<div style='padding: 15px; color: inherit;'>\n<ul style='padding-left: 20px; margin: 0; font-size: 14px; list-style-type: disc;'>\n<li style='margin-bottom: 5px;'><strong>Cumplimiento de CENELEC EN 50575&comma; Declaraci\u00f3n de Rendimiento [DoP] disponible<\/strong><\/li>\n<li style='margin-bottom: 5px;'><strong>CHINA-ROHS:<\/strong> Bajo valor de concentraci\u00f3n m\u00e1xima<\/li>\n<li style='margin-bottom: 5px;'><strong>ISO 9001:2015:<\/strong> Dise\u00f1ado&comma; fabricado y\/o distribuido bajo este sistema de gesti\u00f3n de calidad<\/li>\n<li style='margin-bottom: 5px;'><strong>REACH-SVHC:<\/strong> Conforme seg\u00fan revisi\u00f3n en https:\/\/www.commscope.com\/ProductCompliance<\/li>\n<li style='margin-bottom: 5px;'><strong>ROHS:<\/strong> Cumple con los est\u00e1ndares<\/li>\n<\/ul><\/div>\n<\/p><\/div>\n<\/p><\/div>\n<div style='display: flex; flex-wrap: wrap; gap: 20px; margin-bottom: 30px;'>\n<div style='flex: 1 1 250px; border: 1px solid rgba(150&comma; 150&comma; 150&comma; 0.4); border-radius: 8px; overflow: hidden; display: flex; flex-direction: column;'>\n<div style='padding: 15px; border-bottom: 1px solid rgba(150&comma; 150&comma; 150&comma; 0.2); font-weight: bold; font-size: 18px; color: inherit;'>Especificaciones El\u00e9ctricas<\/div>\n<div style='padding: 15px; color: inherit;'>\n<ul style='padding-left: 20px; margin: 0; font-size: 14px; list-style-type: disc;'>\n<li style='margin-bottom: 5px;'><strong>Impedancia del Cable:<\/strong> 50 ohm \u00b11 ohm<\/li>\n<li style='margin-bottom: 5px;'><strong>Capacitancia:<\/strong> 73 pF\/m (22.25 pF\/ft)<\/li>\n<li style='margin-bottom: 5px;'><strong>Resistencia DC del Conductor Interno:<\/strong> 1.435 ohms\/km (0.437 ohms\/kft)<\/li>\n<li style='margin-bottom: 5px;'><strong>Resistencia DC del Conductor Externo:<\/strong> 1.116 ohms\/km (0.34 ohms\/kft)<\/li>\n<li style='margin-bottom: 5px;'><strong>Voltaje de Prueba DC:<\/strong> 6000 V<\/li>\n<li style='margin-bottom: 5px;'><strong>Inductancia:<\/strong> 0.184 \u00b5H\/m (0.056 \u00b5H\/ft)<\/li>\n<li style='margin-bottom: 5px;'><strong>Resistencia de Aislamiento:<\/strong> 100000 MOhms-km<\/li>\n<li style='margin-bottom: 5px;'><strong>Voltaje de Prueba de Chispa de la Cubierta [rms]:<\/strong> 8000 V<\/li>\n<li style='margin-bottom: 5px;'><strong>Banda de Frecuencia de Operaci\u00f3n:<\/strong> 1 \u2013 5000 MHz<\/li>\n<li style='margin-bottom: 5px;'><strong>Potencia Pico:<\/strong> 91 kW<\/li>\n<li style='margin-bottom: 5px;'><strong>Velocidad de Propagaci\u00f3n:<\/strong> 91 %<\/li>\n<li style='margin-bottom: 5px;'><strong>Relaci\u00f3n de Ondas Estacionarias (VSWR) \/ P\u00e9rdida de Retorno (dB):<\/strong><\/li>\n<li style='margin-bottom: 5px;'>680\u2013800 MHz: 1.13 \/ 24.3 dB<\/li>\n<li style='margin-bottom: 5px;'>800\u2013960 MHz: 1.13 \/ 24.3 dB<\/li>\n<li style='margin-bottom: 5px;'>1700\u20132200 MHz: 1.13 \/ 24.3 dB<\/li>\n<\/ul><\/div>\n<\/p><\/div>\n<div style='flex: 1 1 250px; border: 1px solid rgba(150&comma; 150&comma; 150&comma; 0.4); border-radius: 8px; overflow: hidden; display: flex; flex-direction: column;'>\n<div style='padding: 15px; border-bottom: 1px solid rgba(150&comma; 150&comma; 150&comma; 0.2); font-weight: bold; font-size: 18px; color: inherit;'>Atenuaci\u00f3n<\/div>\n<div style='padding: 15px; color: inherit;'>\n<ul style='padding-left: 20px; margin: 0; font-size: 14px; list-style-type: disc;'>\n<li style='margin-bottom: 5px;'><strong>Frecuencia [MHz]:<\/strong> Atenuaci\u00f3n [dB\/100 m] | Atenuaci\u00f3n [dB\/100 ft] | Potencia Promedio [kW]<\/li>\n<li style='margin-bottom: 5px;'>1.0: 0.113 | 0.034 | 74.43<\/li>\n<li style='margin-bottom: 5px;'>2.0: 0.16 | 0.049 | 52.56<\/li>\n<li style='margin-bottom: 5px;'>10.0: 0.359 | 0.11 | 23.37<\/li>\n<li style='margin-bottom: 5px;'>50.0: 0.814 | 0.248 | 10.32<\/li>\n<li style='margin-bottom: 5px;'>100.0: 1.162 | 0.354 | 7.23<\/li>\n<li style='margin-bottom: 5px;'>200.0: 1.665 | 0.507 | 5.05<\/li>\n<li style='margin-bottom: 5px;'>400.0: 2.398 | 0.731 | 3.5<\/li>\n<li style='margin-bottom: 5px;'>800.0: 3.478 | 1.06 | 2.42<\/li>\n<li style='margin-bottom: 5px;'>1000.0: 3.927 | 1.197 | 2.14<\/li>\n<li style='margin-bottom: 5px;'>2000.0: 5.771 | 1.759 | 1.46<\/li>\n<li style='margin-bottom: 5px;'>3000.0: 7.272 | 2.217 | 1.15<\/li>\n<li style='margin-bottom: 5px;'>5000.0: 9.806 | 2.989 | 0.86<\/li>\n<\/ul><\/div>\n<\/p><\/div>\n<\/p><\/div>\n<hr style='border: 0; border-top: 1px solid rgba(150&comma; 150&comma; 150&comma; 0.3); margin: 30px 0;'> <\/div>\n","protected":false},"excerpt":{"rendered":"<p>Cable Coaxial HELIAX de 7\/8. Cobre Corrugado, 100% Blindado.<\/p>\n","protected":false},"featured_media":63299,"comment_status":"open","ping_status":"closed","template":"","meta":[],"product_brand":[],"product_cat":[1558],"product_tag":[1330,138,1559],"class_list":{"0":"post-63300","1":"product","2":"type-product","3":"status-publish","4":"has-post-thumbnail","6":"product_cat-coaxiales","7":"product_tag-andrew-commscope","8":"product_tag-cables","9":"product_tag-coaxiales","11":"first","12":"instock","13":"sale","14":"shipping-taxable","15":"purchasable","16":"product-type-simple"},"_links":{"self":[{"href":"https:\/\/soydeaqui.ddns.net\/pachuca\/index.php\/wp-json\/wp\/v2\/product\/63300","targetHints":{"allow":["GET"]}}],"collection":[{"href":"https:\/\/soydeaqui.ddns.net\/pachuca\/index.php\/wp-json\/wp\/v2\/product"}],"about":[{"href":"https:\/\/soydeaqui.ddns.net\/pachuca\/index.php\/wp-json\/wp\/v2\/types\/product"}],"replies":[{"embeddable":true,"href":"https:\/\/soydeaqui.ddns.net\/pachuca\/index.php\/wp-json\/wp\/v2\/comments?post=63300"}],"wp:featuredmedia":[{"embeddable":true,"href":"https:\/\/soydeaqui.ddns.net\/pachuca\/index.php\/wp-json\/wp\/v2\/media\/63299"}],"wp:attachment":[{"href":"https:\/\/soydeaqui.ddns.net\/pachuca\/index.php\/wp-json\/wp\/v2\/media?parent=63300"}],"wp:term":[{"taxonomy":"product_brand","embeddable":true,"href":"https:\/\/soydeaqui.ddns.net\/pachuca\/index.php\/wp-json\/wp\/v2\/product_brand?post=63300"},{"taxonomy":"product_cat","embeddable":true,"href":"https:\/\/soydeaqui.ddns.net\/pachuca\/index.php\/wp-json\/wp\/v2\/product_cat?post=63300"},{"taxonomy":"product_tag","embeddable":true,"href":"https:\/\/soydeaqui.ddns.net\/pachuca\/index.php\/wp-json\/wp\/v2\/product_tag?post=63300"}],"curies":[{"name":"wp","href":"https:\/\/api.w.org\/{rel}","templated":true}]}}