{"id":633,"date":"2026-03-18T05:42:00","date_gmt":"2026-03-18T05:42:00","guid":{"rendered":"https:\/\/soydeaqui.ddns.net\/pachuca\/index.php\/producto\/kit-controlador-hub-principal-para-dispositivos-switchbot-senal-wifi-y-bluetooth-incluye-2-pulsadores-y-1-control-remoto\/"},"modified":"2026-03-18T05:42:00","modified_gmt":"2026-03-18T05:42:00","slug":"kit-controlador-hub-principal-para-dispositivos-switchbot-senal-wifi-y-bluetooth-incluye-2-pulsadores-y-1-control-remoto","status":"publish","type":"product","link":"https:\/\/soydeaqui.ddns.net\/pachuca\/index.php\/producto\/kit-controlador-hub-principal-para-dispositivos-switchbot-senal-wifi-y-bluetooth-incluye-2-pulsadores-y-1-control-remoto\/","title":{"rendered":"KIT Controlador HUB principal para dispositivos SwitchBot, Se\u00f1al Wifi y BLUETOOTH, incluye 2 pulsadores y 1 control remoto"},"content":{"rendered":"<div style='width: 100%; max-width: 1200px; margin: 0 auto; font-family: sans-serif; line-height: 1.6; color: inherit; background-color: transparent;'>\n<p style='text-align: justify; font-size: 15px; color: inherit;'>SwitchBot Hub 2 admite dispositivos infrarrojos antiguos y puede ayudar a hacerlos m\u00e1s inteligentes; adem\u00e1s&comma; tambi\u00e9n puede conectar otros productos SwitchBot a trav\u00e9s de Bluetooth y Wi-Fi para crear una experiencia de hogar inteligente m\u00e1s completa.<\/p>\n<p style='text-align: justify; font-size: 15px; color: inherit; margin-bottom: 30px;'>Para productos existentes solo con Bluetooth&comma; como SwitchBot Curtain&comma; SwitchBot Lock y SwitchBot Blind Tilt&comma; puede conectar Hub 2 a su ecosistema de hogar inteligente para implementar Matter a trav\u00e9s de Wi-Fi en el futuro&comma; eliminando la necesidad de comprar nuevos dispositivos para hacerlos compatibles con Matter.<\/p>\n<div style='display: flex; flex-wrap: wrap; gap: 30px; margin-bottom: 30px;'>\n<div style='flex: 1 1 300px; min-width: 280px;'>\n<div style='border-left: 5px solid #0091ff; border-radius: 5px; padding: 15px; background: rgba(0&comma; 145&comma; 255&comma; 0.05);'>\n<h3 style='font-size: 18px; margin-top: 0; margin-bottom: 15px; color: inherit;'>Caracter\u00edsticas principales HUB2 controlador:<\/h3>\n<ul style='padding-left: 20px; font-size: 14px; color: inherit; list-style-type: disc;'>\n<li style='margin-bottom: 8px;'>Material: pl\u00e1stico ABS&comma; transparente infrarrojo<\/li>\n<li style='margin-bottom: 8px;'>Requisitos del sistema: Android OS 5.0+&comma; iOS 14.0+<\/li>\n<li style='margin-bottom: 8px;'>Entorno de trabajo: Interior<\/li>\n<li style='margin-bottom: 8px;'>Temperatura de funcionamiento: \u221220 \u00b0C a 40 \u00b0C<\/li>\n<li style='margin-bottom: 8px;'>Wi-Fi: 802.11 b\/g\/n (2&comma;4 GHz)<\/li>\n<li style='margin-bottom: 8px;'>Entrada: 5 V \u2393 2 A<\/li>\n<li style='margin-bottom: 8px;'>BLE : 4.2<\/li>\n<li style='margin-bottom: 8px;'>Alcance de transmisi\u00f3n: M\u00e1ximo 120 m (131&comma;2 yd.) en \u00e1reas abiertas<\/li>\n<li style='margin-bottom: 8px;'>Integraci\u00f3n de terceros: Alexa&comma; Asistente de Google&comma; accesos directos de Siri&comma; IFTTT<\/li>\n<\/ul><\/div>\n<\/p><\/div>\n<div style='flex: 1 1 300px; min-width: 280px;'>\n<div style='border-left: 5px solid #0091ff; border-radius: 5px; padding: 15px; background: rgba(0&comma; 145&comma; 255&comma; 0.05);'>\n<h3 style='font-size: 18px; margin-top: 0; margin-bottom: 15px; color: inherit;'>Caracter\u00edsticas Pulsador Inteligente:<\/h3>\n<ul style='padding-left: 20px; font-size: 14px; color: inherit; list-style-type: disc;'>\n<li style='margin-bottom: 8px;'>Color Blanco.<\/li>\n<li style='margin-bottom: 8px;'>Material ABS<\/li>\n<li style='margin-bottom: 8px;'>Entorno de trabajo: 0\u00b0C~55\u00b0C \/ 20-85%RH<\/li>\n<li style='margin-bottom: 8px;'>Entrada de energ\u00eda: Bater\u00eda: CR2 x 1 3V<\/li>\n<li style='margin-bottom: 8px;'>BLE:4.2 +<\/li>\n<li style='margin-bottom: 8px;'>Linea de visi\u00f3n 80m<\/li>\n<li style='margin-bottom: 8px;'>Modo de conmutaci\u00f3n\/Modo de presi\u00f3n<\/li>\n<li style='margin-bottom: 8px;'>Modo de acci\u00f3n: Presionar\/Encender\/Apagar<\/li>\n<li style='margin-bottom: 8px;'>Torsi\u00f3n m\u00e1xima: Arriba hasta 1&comma;15 kgf<\/li>\n<li style='margin-bottom: 8px;'>Fuerza: Hasta 8 N al presionar<\/li>\n<\/ul><\/div>\n<\/p><\/div>\n<div style='flex: 1 1 300px; min-width: 280px;'>\n<div style='border-left: 5px solid #0091ff; border-radius: 5px; padding: 15px; background: rgba(0&comma; 145&comma; 255&comma; 0.05);'>\n<h3 style='font-size: 18px; margin-top: 0; margin-bottom: 15px; color: inherit;'>Caracter\u00edsticas principales del Control Remoto:<\/h3>\n<ul style='padding-left: 20px; font-size: 14px; color: inherit; list-style-type: disc;'>\n<li style='margin-bottom: 8px;'>Bluetooth: L\u00ednea de visi\u00f3n de 80 m pies en condiciones ideales y sin obstrucciones.<\/li>\n<li style='margin-bottom: 8px;'>Tecnolog\u00eda Bluetooth: BLE patentado de ahorro de energ\u00eda con soporte de malla.<\/li>\n<li style='margin-bottom: 8px;'>Material: ABS con revestimiento UV<\/li>\n<li style='margin-bottom: 8px;'>Tama\u00f1o: 37x 43 x 13mm<\/li>\n<li style='margin-bottom: 8px;'>Bateria: CR2450 x 1<\/li>\n<li style='margin-bottom: 8px;'>Voltage: 3 Vcc<\/li>\n<li style='margin-bottom: 8px;'>BLE: 4.2 +<\/li>\n<li style='margin-bottom: 8px;'><a href='https:\/\/support.switch-bot.com\/hc\/es' style='color: #0091ff; text-decoration: none; font-weight: bold;'>Material de ayuda tecnica.<\/a><\/li>\n<\/ul><\/div>\n<\/p><\/div>\n<\/p><\/div>\n<div style='position: relative; padding-bottom: 56.25%; height: 0; overflow: hidden; margin-bottom: 30px;'>   <\/div>\n<\/p><\/div>\n","protected":false},"excerpt":{"rendered":"<p>KIT Controlador HUB principal para dispositivos SwitchBot, Se\u00f1al Wifi y BLUETOOTH, incluye 2 pulsadores y 1 control remoto<\/p>\n","protected":false},"featured_media":632,"comment_status":"open","ping_status":"closed","template":"","meta":[],"product_brand":[],"product_cat":[74],"product_tag":[30,75,37],"class_list":{"0":"post-633","1":"product","2":"type-product","3":"status-publish","4":"has-post-thumbnail","6":"product_cat-controlador-inteligente-hub","7":"product_tag-automatizacion-casa-inteligente","8":"product_tag-controlador-inteligente-hub","9":"product_tag-switchbot","11":"first","12":"outofstock","13":"sale","14":"shipping-taxable","15":"purchasable","16":"product-type-simple"},"_links":{"self":[{"href":"https:\/\/soydeaqui.ddns.net\/pachuca\/index.php\/wp-json\/wp\/v2\/product\/633","targetHints":{"allow":["GET"]}}],"collection":[{"href":"https:\/\/soydeaqui.ddns.net\/pachuca\/index.php\/wp-json\/wp\/v2\/product"}],"about":[{"href":"https:\/\/soydeaqui.ddns.net\/pachuca\/index.php\/wp-json\/wp\/v2\/types\/product"}],"replies":[{"embeddable":true,"href":"https:\/\/soydeaqui.ddns.net\/pachuca\/index.php\/wp-json\/wp\/v2\/comments?post=633"}],"wp:featuredmedia":[{"embeddable":true,"href":"https:\/\/soydeaqui.ddns.net\/pachuca\/index.php\/wp-json\/wp\/v2\/media\/632"}],"wp:attachment":[{"href":"https:\/\/soydeaqui.ddns.net\/pachuca\/index.php\/wp-json\/wp\/v2\/media?parent=633"}],"wp:term":[{"taxonomy":"product_brand","embeddable":true,"href":"https:\/\/soydeaqui.ddns.net\/pachuca\/index.php\/wp-json\/wp\/v2\/product_brand?post=633"},{"taxonomy":"product_cat","embeddable":true,"href":"https:\/\/soydeaqui.ddns.net\/pachuca\/index.php\/wp-json\/wp\/v2\/product_cat?post=633"},{"taxonomy":"product_tag","embeddable":true,"href":"https:\/\/soydeaqui.ddns.net\/pachuca\/index.php\/wp-json\/wp\/v2\/product_tag?post=633"}],"curies":[{"name":"wp","href":"https:\/\/api.w.org\/{rel}","templated":true}]}}