{"id":63292,"date":"2026-03-19T07:09:24","date_gmt":"2026-03-19T07:09:24","guid":{"rendered":"https:\/\/soydeaqui.ddns.net\/pachuca\/index.php\/producto\/acondicionador-y-cargador-de-baterias-para-radios-gp300-p110\/"},"modified":"2026-03-19T07:09:24","modified_gmt":"2026-03-19T07:09:24","slug":"acondicionador-y-cargador-de-baterias-para-radios-gp300-p110","status":"publish","type":"product","link":"https:\/\/soydeaqui.ddns.net\/pachuca\/index.php\/producto\/acondicionador-y-cargador-de-baterias-para-radios-gp300-p110\/","title":{"rendered":"Acondicionador y Cargador de Bater\u00edas para Radios GP300, P110"},"content":{"rendered":"<div style='width: 100%; max-width: 1200px; margin: 0 auto; font-family: sans-serif; line-height: 1.6; color: inherit; background-color: transparent;'> <!-- Secci\u00f3n de caracter\u00edsticas --> <\/p>\n<div style='display: flex; flex-wrap: wrap; gap: 30px; margin-bottom: 30px;'>\n<div style='flex: 1 1 300px; min-width: 280px;'>\n<h3 style='font-size: 22px; border-bottom: 2px solid currentColor; padding-bottom: 5px; margin-top: 0; color: inherit; opacity: 0.8;'>Caracter\u00edsticas<\/h3>\n<ul style='padding-left: 20px; font-size: 15px; color: inherit;'>\n<li style='margin-bottom: 5px;'>En un s\u00f3lo proceso carga y acondiciona la bater\u00eda con su tecnolog\u00eda de pulso negativo<\/li>\n<li style='margin-bottom: 5px;'>Elimina cualquier &#8216;efecto memoria&#8217; en la bater\u00eda mientras la carga<\/li>\n<li style='margin-bottom: 5px;'>Carga al 100% de la capacidad&comma; luego la mantiene en su condici\u00f3n \u00f3ptima<\/li>\n<li style='margin-bottom: 5px;'>Nunca sobrecarga la bater\u00eda&comma; no importando cuanto permanezca conectado a la unidad&comma; manteni\u00e9ndola en una condici\u00f3n \u00f3ptima sin sobrecalentamiento<\/li>\n<li style='margin-bottom: 5px;'>Al detectar una bater\u00eda defectuosa inmediatamente se apaga con su detector instant\u00e1neo de celdas da\u00f1adas (IFD)<\/li>\n<li style='margin-bottom: 5px;'>Viene con adaptador para encendedor de veh\u00edculo y tambi\u00e9n adaptador para uso en la oficina o cualquier tomacorriente<\/li>\n<li style='margin-bottom: 5px;'>Trabaja con 110 Volts y \/ o 12 V CD<\/li>\n<li style='margin-bottom: 5px;'>Aumenta la vida de la bater\u00eda de 200% a 300%<\/li>\n<li style='margin-bottom: 5px;'>Condiciona y carga r\u00e1pidamente en proceso sencillo en aproximadamente 1 hora<\/li>\n<li style='margin-bottom: 5px;'>Puede quitarse la bater\u00eda cargada en cualquier momento<\/li>\n<li style='margin-bottom: 5px;'>Puede ser usada en oficinas y veh\u00edculos<\/li>\n<li style='margin-bottom: 5px;'>Montaje de pared y autom\u00f3vil<\/li>\n<li style='margin-bottom: 5px;'>El mismo equipo recarga Ni-Cd&comma; Ni-MH<\/li>\n<li style='margin-bottom: 5px;'>Adaptadores de bater\u00edas intercambiables<\/li>\n<\/ul><\/div>\n<\/p><\/div>\n<\/p><\/div>\n","protected":false},"excerpt":{"rendered":"<p>Acondicionador y Cargador de Bater\u00edas para Radios GP300, P110<\/p>\n","protected":false},"featured_media":63291,"comment_status":"open","ping_status":"closed","template":"","meta":[],"product_brand":[],"product_cat":[1613],"product_tag":[417,1614,1894],"class_list":{"0":"post-63292","1":"product","2":"type-product","3":"status-publish","4":"has-post-thumbnail","6":"product_cat-accesorios-generales-accesorios-para-motorola","7":"product_tag-accesorios-generales","8":"product_tag-accesorios-para-motorola","9":"product_tag-advancetec-industries-inc","11":"first","12":"instock","13":"sale","14":"shipping-taxable","15":"purchasable","16":"product-type-simple"},"_links":{"self":[{"href":"https:\/\/soydeaqui.ddns.net\/pachuca\/index.php\/wp-json\/wp\/v2\/product\/63292","targetHints":{"allow":["GET"]}}],"collection":[{"href":"https:\/\/soydeaqui.ddns.net\/pachuca\/index.php\/wp-json\/wp\/v2\/product"}],"about":[{"href":"https:\/\/soydeaqui.ddns.net\/pachuca\/index.php\/wp-json\/wp\/v2\/types\/product"}],"replies":[{"embeddable":true,"href":"https:\/\/soydeaqui.ddns.net\/pachuca\/index.php\/wp-json\/wp\/v2\/comments?post=63292"}],"wp:featuredmedia":[{"embeddable":true,"href":"https:\/\/soydeaqui.ddns.net\/pachuca\/index.php\/wp-json\/wp\/v2\/media\/63291"}],"wp:attachment":[{"href":"https:\/\/soydeaqui.ddns.net\/pachuca\/index.php\/wp-json\/wp\/v2\/media?parent=63292"}],"wp:term":[{"taxonomy":"product_brand","embeddable":true,"href":"https:\/\/soydeaqui.ddns.net\/pachuca\/index.php\/wp-json\/wp\/v2\/product_brand?post=63292"},{"taxonomy":"product_cat","embeddable":true,"href":"https:\/\/soydeaqui.ddns.net\/pachuca\/index.php\/wp-json\/wp\/v2\/product_cat?post=63292"},{"taxonomy":"product_tag","embeddable":true,"href":"https:\/\/soydeaqui.ddns.net\/pachuca\/index.php\/wp-json\/wp\/v2\/product_tag?post=63292"}],"curies":[{"name":"wp","href":"https:\/\/api.w.org\/{rel}","templated":true}]}}