{"id":63260,"date":"2026-03-19T07:08:26","date_gmt":"2026-03-19T07:08:26","guid":{"rendered":"https:\/\/soydeaqui.ddns.net\/pachuca\/index.php\/producto\/adaptador-t-amphenol-de-uhf-macho-pl-259-a-doble-uhf-hembra-so-239-para-duplexers-wp-629-wp-639-o-wp-641\/"},"modified":"2026-03-19T07:08:27","modified_gmt":"2026-03-19T07:08:27","slug":"adaptador-t-amphenol-de-uhf-macho-pl-259-a-doble-uhf-hembra-so-239-para-duplexers-wp-629-wp-639-o-wp-641","status":"publish","type":"product","link":"https:\/\/soydeaqui.ddns.net\/pachuca\/index.php\/producto\/adaptador-t-amphenol-de-uhf-macho-pl-259-a-doble-uhf-hembra-so-239-para-duplexers-wp-629-wp-639-o-wp-641\/","title":{"rendered":"Adaptador &#8220;T&#8221; AMPHENOL de UHF Macho (PL-259) a Doble UHF Hembra (SO-239) para Duplexers WP-629, WP-639 o WP-641."},"content":{"rendered":"<div style='width: 100%; max-width: 1200px; margin: 0 auto; font-family: sans-serif; line-height: 1.6; color: inherit; background-color: transparent;'>\n<div style='display: flex; flex-wrap: wrap; gap: 30px; margin-bottom: 30px;'>\n<div style='flex: 1 1 300px; min-width: 280px;'>\n<h3 style='font-size: 22px; border-bottom: 2px solid currentColor; padding-bottom: 5px; margin-top: 0; color: inherit; opacity: 0.8;'>Adaptadores &#8216;T&#8217; AMPHENOL<\/h3>\n<p style='font-size: 15px; color: inherit;'>Para Duplexers WP629&comma; WP639&comma; WP641<\/p>\n<p style='font-size: 15px; color: inherit;'><strong>Adaptadores en T coaxiales Amphenol RF 83-1T UHF<\/strong><\/p>\n<ul style='padding-left: 20px; font-size: 15px; color: inherit;'>\n<li style='margin-bottom: 5px;'>Los adaptadores Amphenol RF 83-1T UHF TE se utilizan para convertir una sola toma UHF SO-239 en un par de SO-239.<\/li>\n<li style='margin-bottom: 5px;'>Estos adaptadores permiten que el equipo se alimente hacia o desde dos l\u00edneas coaxiales al mismo tiempo desde un solo chasis u otro conector hembra UHF.<\/li>\n<li style='margin-bottom: 5px;'>Estos adaptadores brindan una conexi\u00f3n hembra segura y positiva para dos puentes o l\u00edneas de alimentaci\u00f3n con terminaci\u00f3n UHF-Macho.<\/li>\n<li style='margin-bottom: 5px;'>Sus cuerpos Zamac niquelados tienen contactos centrales de lat\u00f3n plateado de alta calidad para garantizar un excelente rendimiento.<\/li>\n<\/ul><\/div>\n<\/p><\/div>\n<div style='display: flex; flex-wrap: wrap; gap: 20px; margin-bottom: 30px;'>\n<div style='flex: 1 1 250px; border: 1px solid rgba(150&comma; 150&comma; 150&comma; 0.4); border-radius: 8px; overflow: hidden; display: flex; flex-direction: column;'>\n<div style='padding: 15px; border-bottom: 1px solid rgba(150&comma; 150&comma; 150&comma; 0.2); font-weight: bold; font-size: 18px; color: inherit;'>Detalles de Amphenol RF 83-1T<\/div>\n<div style='padding: 15px; color: inherit;'>\n<ul style='padding-left: 20px; margin: 0; font-size: 14px; list-style-type: disc;'>\n<li style='margin-bottom: 5px;'><strong>Descripci\u00f3n:<\/strong> Adaptador&comma; enchufe a jack a jack.<\/li>\n<li style='margin-bottom: 5px;'><strong>Material del cuerpo:<\/strong> Zamac.<\/li>\n<li style='margin-bottom: 5px;'><strong>Revestimiento del cuerpo:<\/strong> n\u00edquel.<\/li>\n<li style='margin-bottom: 5px;'><strong>Estilo del cuerpo:<\/strong> TE.<\/li>\n<li style='margin-bottom: 5px;'><strong>Material de contacto:<\/strong> lat\u00f3n.<\/li>\n<li style='margin-bottom: 5px;'><strong>Recubrimiento de contacto:<\/strong> plata.<\/li>\n<li style='margin-bottom: 5px;'><strong>Diel\u00e9ctrico:<\/strong> PTFE.<\/li>\n<li style='margin-bottom: 5px;'><strong>G\u00e9nero:<\/strong> UHF Macho a Doble UHF Hembra.<\/li>\n<li style='margin-bottom: 5px;'><strong>Impedancia:<\/strong> 50 ohms.<\/li>\n<li style='margin-bottom: 5px;'><strong>RoHS:<\/strong> S\u00ed.<\/li>\n<\/ul><\/div>\n<\/p><\/div>\n<\/p><\/div>\n<hr style='border: 0; border-top: 1px solid rgba(150&comma; 150&comma; 150&comma; 0.3); margin: 30px 0;'> <\/div>\n","protected":false},"excerpt":{"rendered":"<p>Adaptador &#8220;T&#8221; AMPHENOL de UHF Macho (PL-259) a Doble UHF Hembra (SO-239) para Duplexers WP-629, WP-639 o WP-641.<\/p>\n","protected":false},"featured_media":63259,"comment_status":"open","ping_status":"closed","template":"","meta":[],"product_brand":[],"product_cat":[1659],"product_tag":[1660,1661,63],"class_list":{"0":"post-63260","1":"product","2":"type-product","3":"status-publish","4":"has-post-thumbnail","6":"product_cat-repuestos-para-duplexers","7":"product_tag-filtros-y-sistemas-en-rf","8":"product_tag-repuestos-para-duplexers","9":"product_tag-syscom","11":"first","12":"outofstock","13":"sale","14":"shipping-taxable","15":"purchasable","16":"product-type-simple"},"_links":{"self":[{"href":"https:\/\/soydeaqui.ddns.net\/pachuca\/index.php\/wp-json\/wp\/v2\/product\/63260","targetHints":{"allow":["GET"]}}],"collection":[{"href":"https:\/\/soydeaqui.ddns.net\/pachuca\/index.php\/wp-json\/wp\/v2\/product"}],"about":[{"href":"https:\/\/soydeaqui.ddns.net\/pachuca\/index.php\/wp-json\/wp\/v2\/types\/product"}],"replies":[{"embeddable":true,"href":"https:\/\/soydeaqui.ddns.net\/pachuca\/index.php\/wp-json\/wp\/v2\/comments?post=63260"}],"wp:featuredmedia":[{"embeddable":true,"href":"https:\/\/soydeaqui.ddns.net\/pachuca\/index.php\/wp-json\/wp\/v2\/media\/63259"}],"wp:attachment":[{"href":"https:\/\/soydeaqui.ddns.net\/pachuca\/index.php\/wp-json\/wp\/v2\/media?parent=63260"}],"wp:term":[{"taxonomy":"product_brand","embeddable":true,"href":"https:\/\/soydeaqui.ddns.net\/pachuca\/index.php\/wp-json\/wp\/v2\/product_brand?post=63260"},{"taxonomy":"product_cat","embeddable":true,"href":"https:\/\/soydeaqui.ddns.net\/pachuca\/index.php\/wp-json\/wp\/v2\/product_cat?post=63260"},{"taxonomy":"product_tag","embeddable":true,"href":"https:\/\/soydeaqui.ddns.net\/pachuca\/index.php\/wp-json\/wp\/v2\/product_tag?post=63260"}],"curies":[{"name":"wp","href":"https:\/\/api.w.org\/{rel}","templated":true}]}}