{"id":63199,"date":"2026-03-19T07:06:22","date_gmt":"2026-03-19T07:06:22","guid":{"rendered":"https:\/\/soydeaqui.ddns.net\/pachuca\/index.php\/producto\/software-de-programacion-para-ic-r5\/"},"modified":"2026-03-19T07:06:23","modified_gmt":"2026-03-19T07:06:23","slug":"software-de-programacion-para-ic-r5","status":"publish","type":"product","link":"https:\/\/soydeaqui.ddns.net\/pachuca\/index.php\/producto\/software-de-programacion-para-ic-r5\/","title":{"rendered":"Software de programaci\u00f3n para IC-R5"},"content":{"rendered":"<div style='width: 100%; max-width: 1200px; margin: 0 auto; font-family: sans-serif; line-height: 1.6; color: inherit; background-color: transparent;'>\n<div style='display: flex; flex-wrap: wrap; gap: 30px; margin-bottom: 30px;'>\n<div style='flex: 1 1 300px; min-width: 280px;'>\n<p style='font-size: 15px; color: inherit; margin: 0 0 15px 0;'><span style='color: inherit; font-weight: bold;'>CSR5<\/span> es el \u00faltimo <span style='color: inherit; font-weight: bold;'>software<\/span> de programaci\u00f3n y clonaci\u00f3n para el receptor ICOM IC-R5&comma; tambi\u00e9n es el <span style='color: inherit; font-weight: bold;'>software<\/span> m\u00e1s f\u00e1cil de usar disponible para las comunicaciones de su <span style='color: inherit; font-weight: bold;'>sistema ICOM<\/span>. Funciona en el receptor de comunicaciones IC-R5 Sport.<\/p>\n<div style='display: flex; flex-wrap: wrap; gap: 15px; margin-top: 20px;'> <img style='width: 100%; height: auto; border: 1px solid rgba(150&comma;150&comma;150&comma;0.3); border-radius: 8px; max-width: 210px;' src='data:image\/jpeg;base64&comma;\/9j\/4AAQSkZJRgABAQAAAQABAAD\/2wCEAAkGBxISEhQUExQWFRQXFxYUFxQVFhUcGRUaFRUZFxgUFRUYHSggGBolHhUVJDEhJSkrLi4uGB8zODMsNygtLisBCgoKDg0OGhAQGiwcHxwsLCwsLCwsLCwsLCwsLCwsLCssLCwsLCwsLCwsLCssNywsLCs3LCwsLCsrLCssLCsrK\/\/AABEIALUBAgMBIgACEQEDEQH\/xAAbAAEAAQUBAAAAAAAAAAAAAAAABAIDBQYHAf\/EAEUQAAIBAgQBCAYGCAUEAwAAAAECAAMRBBIhMQYFEyJBUWFxsTJygZGhwSNSYoKy0QcUFSQzQqLwNHOSwuFDg+LxFkRj\/8QAGAEBAQEBAQAAAAAAAAAAAAAAAQIDBAX\/xAAhEQEAAgICAgMBAQAAAAAAAAAAAQIRMQMSEyFBUWEiMv\/EABQRAQAAAAAAAAAAAAAAAAAAAAAf\/8QAFxEBAQEBAAAAAAAAAAAAAAAAAAAAAP\/EABQRAQAAAAAAAAAAAAAAAAAAAAD\/2gAMAwEAAhEDEQA\/AL+AB\/\/Z' alt=''> <img style='width: 100%; height: auto; border: 1px solid rgba(150&comma;150&comma;150&comma;0.3); border-radius: 8px; max-width: 200px;' src='http:\/\/www.radioparts.com.au\/images\/ProductImages\/08607024.jpg' alt=''> <\/div>\n<\/p><\/div>\n<\/p><\/div>\n<p> <!-- Separador --> <\/p>\n<hr style='border: 0; border-top: 1px solid rgba(150&comma; 150&comma; 150&comma; 0.3); margin: 30px 0;'> <\/div>\n","protected":false},"excerpt":{"rendered":"<p>Software de programaci\u00f3n para IC-R5<\/p>\n","protected":false},"featured_media":63198,"comment_status":"open","ping_status":"closed","template":"","meta":[],"product_brand":[],"product_cat":[1629],"product_tag":[1517,1288,1602],"class_list":{"0":"post-63199","1":"product","2":"type-product","3":"status-publish","4":"has-post-thumbnail","6":"product_cat-programacion-y-software-accesorios-para-icom","7":"product_tag-accesorios-para-icom","8":"product_tag-icom","9":"product_tag-programacion-y-software","11":"first","12":"outofstock","13":"sale","14":"shipping-taxable","15":"purchasable","16":"product-type-simple"},"_links":{"self":[{"href":"https:\/\/soydeaqui.ddns.net\/pachuca\/index.php\/wp-json\/wp\/v2\/product\/63199","targetHints":{"allow":["GET"]}}],"collection":[{"href":"https:\/\/soydeaqui.ddns.net\/pachuca\/index.php\/wp-json\/wp\/v2\/product"}],"about":[{"href":"https:\/\/soydeaqui.ddns.net\/pachuca\/index.php\/wp-json\/wp\/v2\/types\/product"}],"replies":[{"embeddable":true,"href":"https:\/\/soydeaqui.ddns.net\/pachuca\/index.php\/wp-json\/wp\/v2\/comments?post=63199"}],"wp:featuredmedia":[{"embeddable":true,"href":"https:\/\/soydeaqui.ddns.net\/pachuca\/index.php\/wp-json\/wp\/v2\/media\/63198"}],"wp:attachment":[{"href":"https:\/\/soydeaqui.ddns.net\/pachuca\/index.php\/wp-json\/wp\/v2\/media?parent=63199"}],"wp:term":[{"taxonomy":"product_brand","embeddable":true,"href":"https:\/\/soydeaqui.ddns.net\/pachuca\/index.php\/wp-json\/wp\/v2\/product_brand?post=63199"},{"taxonomy":"product_cat","embeddable":true,"href":"https:\/\/soydeaqui.ddns.net\/pachuca\/index.php\/wp-json\/wp\/v2\/product_cat?post=63199"},{"taxonomy":"product_tag","embeddable":true,"href":"https:\/\/soydeaqui.ddns.net\/pachuca\/index.php\/wp-json\/wp\/v2\/product_tag?post=63199"}],"curies":[{"name":"wp","href":"https:\/\/api.w.org\/{rel}","templated":true}]}}