{"id":63191,"date":"2026-03-19T07:06:09","date_gmt":"2026-03-19T07:06:09","guid":{"rendered":"https:\/\/soydeaqui.ddns.net\/pachuca\/index.php\/producto\/kit-de-aterrizaje-sure-ground-para-cable-de-7-8-longitud-del-conductor-60-cm\/"},"modified":"2026-03-19T07:06:10","modified_gmt":"2026-03-19T07:06:10","slug":"kit-de-aterrizaje-sure-ground-para-cable-de-7-8-longitud-del-conductor-60-cm","status":"publish","type":"product","link":"https:\/\/soydeaqui.ddns.net\/pachuca\/index.php\/producto\/kit-de-aterrizaje-sure-ground-para-cable-de-7-8-longitud-del-conductor-60-cm\/","title":{"rendered":"Kit de aterrizaje Sure Ground para cable de 7\/8&#8243;. Longitud del conductor 60 cm."},"content":{"rendered":"<div style='width: 100%; max-width: 1200px; margin: 0 auto; font-family: sans-serif; line-height: 1.6; color: inherit; background-color: transparent;'>\n<div style='display: flex; flex-wrap: wrap; gap: 30px; margin-bottom: 30px;'>\n<div style='flex: 1 1 300px; min-width: 280px;'>\n<h3 style='font-size: 22px; border-bottom: 2px solid currentColor; padding-bottom: 5px; margin-top: 0; color: inherit; opacity: 0.8;'>Caracter\u00edsticas principales<\/h3>\n<ul style='padding-left: 20px; font-size: 15px; color: inherit;'>\n<li style='margin-bottom: 5px;'>Kit de aterrizaje de una sola pieza<\/li>\n<li style='margin-bottom: 5px;'>El molde contra agua sella en un s\u00f3lo paso<\/li>\n<li style='margin-bottom: 5px;'>Cumple est\u00e1ndares internacionales MIL-STD e IEC<\/li>\n<li style='margin-bottom: 5px;'>F\u00e1cil y r\u00e1pida instalaci\u00f3n<\/li>\n<li style='margin-bottom: 5px;'>Terminal para aterrizar uno o dos puntos a tierra<\/li>\n<li style='margin-bottom: 5px;'>Fabricado de acero inoxidable<\/li>\n<li style='margin-bottom: 5px;'>No requiere cinta contra agua<\/li>\n<\/ul><\/div>\n<div style='flex: 1 1 300px; min-width: 280px;'>\n<h3 style='font-size: 22px; border-bottom: 2px solid currentColor; padding-bottom: 5px; margin-top: 0; color: inherit; opacity: 0.8;'>Especificaciones el\u00e9ctricas<\/h3>\n<ul style='padding-left: 20px; font-size: 15px; color: inherit;'>\n<li style='margin-bottom: 5px;'><strong>Capacidad de corriente:<\/strong> Resistente a sobrecorriente de 100&comma;000 amperios<\/li>\n<li style='margin-bottom: 5px;'><strong>M\u00e9todo de prueba:<\/strong> MIL-STD-1757<\/li>\n<li style='margin-bottom: 5px;'><strong>Protecci\u00f3n contra rayos:<\/strong> IEC 1024-1<\/li>\n<li style='margin-bottom: 5px;'><strong>M\u00e9todo de conexi\u00f3n a tierra:<\/strong> MIL-STD-188-124A<\/li>\n<\/ul><\/div>\n<\/p><\/div>\n<div style='display: flex; flex-wrap: wrap; gap: 20px; margin-bottom: 30px;'>\n<div style='flex: 1 1 250px; border: 1px solid rgba(150&comma; 150&comma; 150&comma; 0.4); border-radius: 8px; overflow: hidden; display: flex; flex-direction: column;'>\n<div style='padding: 15px; border-bottom: 1px solid rgba(150&comma; 150&comma; 150&comma; 0.2); font-weight: bold; font-size: 18px; color: inherit;'>Especificaciones mec\u00e1nicas<\/div>\n<div style='padding: 15px; color: inherit;'>\n<ul style='padding-left: 20px; margin: 0; font-size: 14px; list-style-type: disc;'>\n<li style='margin-bottom: 5px;'><strong>Tama\u00f1o nominal:<\/strong> 7\/8&#8242;<\/li>\n<li style='margin-bottom: 5px;'><strong>Longitud del conductor:<\/strong> 609.6 mm (24&#8242;)<\/li>\n<li style='margin-bottom: 5px;'><strong>Remoci\u00f3n de aislamiento (m\u00e1x.):<\/strong> 59.1 mm (2.3&#8242;)<\/li>\n<li style='margin-bottom: 5px;'><strong>Remoci\u00f3n de aislamiento (m\u00edn.):<\/strong> 55.9 mm (2.2&#8242;)<\/li>\n<li style='margin-bottom: 5px;'><strong>Di\u00e1metro compatible (m\u00e1x.):<\/strong> 28.702 mm (1.130&#8242;)<\/li>\n<li style='margin-bottom: 5px;'><strong>Di\u00e1metro compatible (m\u00edn.):<\/strong> 26.670 mm (1.050&#8242;)<\/li>\n<\/ul><\/div>\n<\/p><\/div>\n<div style='flex: 1 1 250px; border: 1px solid rgba(150&comma; 150&comma; 150&comma; 0.4); border-radius: 8px; overflow: hidden; display: flex; flex-direction: column;'>\n<div style='padding: 15px; border-bottom: 1px solid rgba(150&comma; 150&comma; 150&comma; 0.2); font-weight: bold; font-size: 18px; color: inherit;'>Especificaciones de construcci\u00f3n<\/div>\n<div style='padding: 15px; color: inherit;'>\n<ul style='padding-left: 20px; margin: 0; font-size: 14px; list-style-type: disc;'>\n<li style='margin-bottom: 5px;'><strong>Tipo de cable:<\/strong> Corrugado<\/li>\n<li style='margin-bottom: 5px;'><strong>Tipo de kit:<\/strong> Compact SureGround\u2122<\/li>\n<li style='margin-bottom: 5px;'><strong>Material del conductor:<\/strong> Cobre<\/li>\n<li style='margin-bottom: 5px;'><strong>Calibre del conductor:<\/strong> 16 mm\u00b2<\/li>\n<li style='margin-bottom: 5px;'><strong>Aislamiento del conductor:<\/strong> PVC<\/li>\n<li style='margin-bottom: 5px;'><strong>Material del tornillo de seguridad:<\/strong> Acero inoxidable<\/li>\n<li style='margin-bottom: 5px;'><strong>Tipo de terminal:<\/strong> Terminal de dos orificios<\/li>\n<\/ul><\/div>\n<\/p><\/div>\n<div style='flex: 1 1 250px; border: 1px solid rgba(150&comma; 150&comma; 150&comma; 0.4); border-radius: 8px; overflow: hidden; display: flex; flex-direction: column;'>\n<div style='padding: 15px; border-bottom: 1px solid rgba(150&comma; 150&comma; 150&comma; 0.2); font-weight: bold; font-size: 18px; color: inherit;'>Especificaciones ambientales<\/div>\n<div style='padding: 15px; color: inherit;'>\n<ul style='padding-left: 20px; margin: 0; font-size: 14px; list-style-type: disc;'>\n<li style='margin-bottom: 5px;'><strong>Rango de temperatura:<\/strong> -40\u00b0C a +85\u00b0C (-40\u00b0F a +185\u00b0F)<\/li>\n<li style='margin-bottom: 5px;'><strong>Almacenamiento:<\/strong> -40\u00b0C a +80\u00b0C (-40\u00b0F a +176\u00b0F)<\/li>\n<li style='margin-bottom: 5px;'><strong>Resistencia a agua:<\/strong> IP68 (IEC 60529:2001)<\/li>\n<li style='margin-bottom: 5px;'><strong>Resistencia UV:<\/strong> MIL-STD-810&comma; M\u00e9todo 505<\/li>\n<li style='margin-bottom: 5px;'><strong>Resistencia a la corrosi\u00f3n:<\/strong> MIL-STD-1344&comma; M\u00e9todo 1001<\/li>\n<\/ul><\/div>\n<\/p><\/div>\n<\/p><\/div>\n<div style='display: flex; flex-wrap: wrap; gap: 20px; margin-bottom: 30px;'>\n<div style='flex: 1 1 250px; border: 1px solid rgba(150&comma; 150&comma; 150&comma; 0.4); border-radius: 8px; overflow: hidden; display: flex; flex-direction: column;'>\n<div style='padding: 15px; border-bottom: 1px solid rgba(150&comma; 150&comma; 150&comma; 0.2); font-weight: bold; font-size: 18px; color: inherit;'>Dimensiones<\/div>\n<div style='padding: 15px; color: inherit;'>\n<ul style='padding-left: 20px; margin: 0; font-size: 14px; list-style-type: disc;'>\n<li style='margin-bottom: 5px;'><strong>Largo del conductor:<\/strong> 60 cm<\/li>\n<li style='margin-bottom: 5px;'><strong>Ancho del encierro:<\/strong> 41.4 mm (1.6&#8242;)<\/li>\n<li style='margin-bottom: 5px;'><strong>Largo del encierro:<\/strong> 80.0 mm (3.2&#8242;)<\/li>\n<\/ul><\/div>\n<\/p><\/div>\n<div style='flex: 1 1 250px; border: 1px solid rgba(150&comma; 150&comma; 150&comma; 0.4); border-radius: 8px; overflow: hidden; display: flex; flex-direction: column;'>\n<div style='padding: 15px; border-bottom: 1px solid rgba(150&comma; 150&comma; 150&comma; 0.2); font-weight: bold; font-size: 18px; color: inherit;'>Embalaje<\/div>\n<div style='padding: 15px; color: inherit;'>\n<ul style='padding-left: 20px; margin: 0; font-size: 14px; list-style-type: disc;'>\n<li style='margin-bottom: 5px;'><strong>Altura:<\/strong> 447.0 mm (17.6&#8242;)<\/li>\n<li style='margin-bottom: 5px;'><strong>Largo:<\/strong> 68.6 mm (2.7&#8242;)<\/li>\n<li style='margin-bottom: 5px;'><strong>Ancho:<\/strong> 396.2 mm (15.6&#8242;)<\/li>\n<li style='margin-bottom: 5px;'><strong>Peso:<\/strong> 0.36 kg (0.79 lb)<\/li>\n<\/ul><\/div>\n<\/p><\/div>\n<\/p><\/div>\n<hr style='border: 0; border-top: 1px solid rgba(150&comma; 150&comma; 150&comma; 0.3); margin: 30px 0;'> <\/div>\n","protected":false},"excerpt":{"rendered":"<p>Kit de aterrizaje Sure Ground para cable de 7\/8&#8243;. Longitud del conductor 60 cm.<\/p>\n","protected":false},"featured_media":63190,"comment_status":"open","ping_status":"closed","template":"","meta":[],"product_brand":[],"product_cat":[543],"product_tag":[1330,545,544],"class_list":{"0":"post-63191","1":"product","2":"type-product","3":"status-publish","4":"has-post-thumbnail","6":"product_cat-coaxial","7":"product_tag-andrew-commscope","8":"product_tag-coaxial","9":"product_tag-proteccion-contra-descarga","11":"first","12":"instock","13":"sale","14":"shipping-taxable","15":"purchasable","16":"product-type-simple"},"_links":{"self":[{"href":"https:\/\/soydeaqui.ddns.net\/pachuca\/index.php\/wp-json\/wp\/v2\/product\/63191","targetHints":{"allow":["GET"]}}],"collection":[{"href":"https:\/\/soydeaqui.ddns.net\/pachuca\/index.php\/wp-json\/wp\/v2\/product"}],"about":[{"href":"https:\/\/soydeaqui.ddns.net\/pachuca\/index.php\/wp-json\/wp\/v2\/types\/product"}],"replies":[{"embeddable":true,"href":"https:\/\/soydeaqui.ddns.net\/pachuca\/index.php\/wp-json\/wp\/v2\/comments?post=63191"}],"wp:featuredmedia":[{"embeddable":true,"href":"https:\/\/soydeaqui.ddns.net\/pachuca\/index.php\/wp-json\/wp\/v2\/media\/63190"}],"wp:attachment":[{"href":"https:\/\/soydeaqui.ddns.net\/pachuca\/index.php\/wp-json\/wp\/v2\/media?parent=63191"}],"wp:term":[{"taxonomy":"product_brand","embeddable":true,"href":"https:\/\/soydeaqui.ddns.net\/pachuca\/index.php\/wp-json\/wp\/v2\/product_brand?post=63191"},{"taxonomy":"product_cat","embeddable":true,"href":"https:\/\/soydeaqui.ddns.net\/pachuca\/index.php\/wp-json\/wp\/v2\/product_cat?post=63191"},{"taxonomy":"product_tag","embeddable":true,"href":"https:\/\/soydeaqui.ddns.net\/pachuca\/index.php\/wp-json\/wp\/v2\/product_tag?post=63191"}],"curies":[{"name":"wp","href":"https:\/\/api.w.org\/{rel}","templated":true}]}}