{"id":63168,"date":"2026-03-19T07:05:23","date_gmt":"2026-03-19T07:05:23","guid":{"rendered":"https:\/\/soydeaqui.ddns.net\/pachuca\/index.php\/producto\/amplificador-de-senal-celular-de-alta-potencia-especial-para-crear-una-zona-celular-en-areas-rurales-o-comunidades-alejadas-95-db-de-ganancia-20-watts-de-potencia-850-mhz-banda-de-frecuencia-hast\/"},"modified":"2026-03-19T07:05:24","modified_gmt":"2026-03-19T07:05:24","slug":"amplificador-de-senal-celular-de-alta-potencia-especial-para-crear-una-zona-celular-en-areas-rurales-o-comunidades-alejadas-95-db-de-ganancia-20-watts-de-potencia-850-mhz-banda-de-frecuencia-hast","status":"publish","type":"product","link":"https:\/\/soydeaqui.ddns.net\/pachuca\/index.php\/producto\/amplificador-de-senal-celular-de-alta-potencia-especial-para-crear-una-zona-celular-en-areas-rurales-o-comunidades-alejadas-95-db-de-ganancia-20-watts-de-potencia-850-mhz-banda-de-frecuencia-hast\/","title":{"rendered":"Amplificador de Se\u00f1al Celular de Alta Potencia. Especial para Crear una Zona Celular en \u00c1reas Rurales o Comunidades Alejadas. 95 dB de Ganancia, 20 Watts de Potencia, 850 MHz Banda de Frecuencia. Hasta 5 Km Lineales de Cobertura."},"content":{"rendered":"<div style='width: 100%; max-width: 1200px; margin: 0 auto; font-family: sans-serif; line-height: 1.6; color: inherit; background-color: transparent;'>\n<div style='margin-bottom: 30px;'>\n<p style='font-style: italic; color: inherit; opacity: 0.8; font-size: 14px; margin-bottom: 20px;'> Este equipo no est\u00e1 destinado para ser usado por el p\u00fablico en general&comma; su operaci\u00f3n s\u00f3lo est\u00e1 permitida \u00fanicamente para concesionarias que cuenten con autorizaci\u00f3n para el uso de banda de frecuencias otorgado por autoridad competente&comma; las personas que operan estos equipos sin autorizaci\u00f3n podr\u00e1n ser sujetas de responsabilidades administrativas o penales. <\/p>\n<\/p><\/div>\n<div style='margin-bottom: 30px;'>\n<p style='margin-bottom: 15px;'> Repetidor dise\u00f1ado para brindar coberturas de Voz y 3G o 2G de 500 metros a 5 kil\u00f3metros. Su alcance depende de varios factores (intensidad de se\u00f1al&comma; orograf\u00eda&comma; etc). <\/p>\n<p style='margin-bottom: 0;'> <strong style='color: inherit;'>Se requiere de un estudio previo en el sitio de instalaci\u00f3n para validar su alcance. Consulte los documentos en la secci\u00f3n Recursos para mayor informaci\u00f3n.<\/strong> <\/p>\n<\/p><\/div>\n<div style='margin-bottom: 30px;'>\n<h3 style='font-size: 22px; border-bottom: 2px solid currentColor; padding-bottom: 5px; margin-top: 0; margin-bottom: 15px; color: inherit; opacity: 0.8;'>Especificaciones Principales<\/h3>\n<div style='display: flex; flex-wrap: wrap; gap: 30px;'>\n<div style='flex: 1 1 300px; min-width: 280px;'>\n<ul style='padding-left: 20px; font-size: 15px; color: inherit; list-style-type: none; margin: 0;'>\n<li style='margin-bottom: 8px;'><strong style='color: inherit;'>Rango de frecuencia:<\/strong> Uplink 824-849 MHz \/ Downlink 869-894 MHz<\/li>\n<li style='margin-bottom: 8px;'><strong style='color: inherit;'>Ganancia:<\/strong> 95 dB<\/li>\n<li style='margin-bottom: 8px;'><strong style='color: inherit;'>M\u00e1xima de salida:<\/strong> Downlink 43 dBm (20 Watts)\/Uplink 33 dBm (2 Watts)<\/li>\n<li style='margin-bottom: 8px;'><strong style='color: inherit;'>Conectores:<\/strong> N Hembra<\/li>\n<li style='margin-bottom: 8px;'><strong style='color: inherit;'>Alimentaci\u00f3n:<\/strong> 110-220 Vca<\/li>\n<li style='margin-bottom: 8px;'><strong style='color: inherit;'>Consumo:<\/strong> 150 Watts<\/li>\n<li style='margin-bottom: 8px;'><strong style='color: inherit;'>Peso:<\/strong> 35 kg<\/li>\n<li style='margin-bottom: 8px;'><strong style='color: inherit;'>Dimensiones:<\/strong> 630 x 410 x 234 mm<\/li>\n<\/ul><\/div>\n<\/p><\/div>\n<\/p><\/div>\n<div style='margin-bottom: 30px;'>\n<div style='width: 100%; max-width: 100%; margin: 0 auto;'> <img style='width: 100%; height: auto; border: 1px solid rgba(150&comma;150&comma;150&comma;0.3); border-radius: 8px;' src='https:\/\/ftp3.syscom.mx\/usuarios\/fotos\/CRSOG08WB\/13965-diagrama_de_funcionamiento..png' alt=''> <\/div>\n<\/p><\/div>\n<div style='margin-bottom: 30px;'>\n<p style='margin-bottom: 15px;'> El amplificador CR-SOG08WB es de banda sencilla&comma; s\u00f3lo amplifica la banda de 850 MHz. <\/p>\n<h4 style='margin-bottom: 15px; font-size: 18px; color: inherit; opacity: 0.8;'>En la siguiente imagen se resalta lo que puede mejorar.<\/h4>\n<div style='width: 100%; max-width: 100%; margin: 0 auto;'> <img style='width: 100%; height: auto; border: 1px solid rgba(150&comma;150&comma;150&comma;0.3); border-radius: 8px;' src='https:\/\/ftp3.syscom.mx\/usuarios\/amarquez\/AdSC\/Fotos%20y%20diagramas%20para%20AdSC\/850%20MHz%20Bandas%20de%20frecuencia%20y%20tecnologias.png' alt=''> <\/div>\n<\/p><\/div>\n<\/p><\/div>\n","protected":false},"excerpt":{"rendered":"<p>Amplificador de Se\u00f1al Celular de Alta Potencia. Especial para Crear una Zona Celular en \u00c1reas Rurales o Comunidades Alejadas. 95 dB de Ganancia, 20 Watts de Potencia, 850 MHz Banda de Frecuencia. Hasta 5 Km Lineales de Cobertura.<\/p>\n","protected":false},"featured_media":63167,"comment_status":"open","ping_status":"closed","template":"","meta":[],"product_brand":[],"product_cat":[1570,1552],"product_tag":[1535,1571,1553,935],"class_list":{"0":"post-63168","1":"product","2":"type-product","3":"status-publish","4":"has-post-thumbnail","6":"product_cat-amplificadores-de-senal-celular-adsc","7":"product_cat-cobertura-para-celular-4g-lte","8":"product_tag-3g-y-voz","9":"product_tag-amplificadores-de-senal-celular-adsc","10":"product_tag-cobertura-para-celular-4g-lte","11":"product_tag-epcom","13":"first","14":"outofstock","15":"sale","16":"shipping-taxable","17":"purchasable","18":"product-type-simple"},"_links":{"self":[{"href":"https:\/\/soydeaqui.ddns.net\/pachuca\/index.php\/wp-json\/wp\/v2\/product\/63168","targetHints":{"allow":["GET"]}}],"collection":[{"href":"https:\/\/soydeaqui.ddns.net\/pachuca\/index.php\/wp-json\/wp\/v2\/product"}],"about":[{"href":"https:\/\/soydeaqui.ddns.net\/pachuca\/index.php\/wp-json\/wp\/v2\/types\/product"}],"replies":[{"embeddable":true,"href":"https:\/\/soydeaqui.ddns.net\/pachuca\/index.php\/wp-json\/wp\/v2\/comments?post=63168"}],"wp:featuredmedia":[{"embeddable":true,"href":"https:\/\/soydeaqui.ddns.net\/pachuca\/index.php\/wp-json\/wp\/v2\/media\/63167"}],"wp:attachment":[{"href":"https:\/\/soydeaqui.ddns.net\/pachuca\/index.php\/wp-json\/wp\/v2\/media?parent=63168"}],"wp:term":[{"taxonomy":"product_brand","embeddable":true,"href":"https:\/\/soydeaqui.ddns.net\/pachuca\/index.php\/wp-json\/wp\/v2\/product_brand?post=63168"},{"taxonomy":"product_cat","embeddable":true,"href":"https:\/\/soydeaqui.ddns.net\/pachuca\/index.php\/wp-json\/wp\/v2\/product_cat?post=63168"},{"taxonomy":"product_tag","embeddable":true,"href":"https:\/\/soydeaqui.ddns.net\/pachuca\/index.php\/wp-json\/wp\/v2\/product_tag?post=63168"}],"curies":[{"name":"wp","href":"https:\/\/api.w.org\/{rel}","templated":true}]}}