{"id":63131,"date":"2026-03-19T07:04:12","date_gmt":"2026-03-19T07:04:12","guid":{"rendered":"https:\/\/soydeaqui.ddns.net\/pachuca\/index.php\/producto\/duplexer-vhf-para-154-174-mhz-para-potencia-maxima-de-entrada-de-250-w-ciclo-continuo\/"},"modified":"2026-03-19T07:04:13","modified_gmt":"2026-03-19T07:04:13","slug":"duplexer-vhf-para-154-174-mhz-para-potencia-maxima-de-entrada-de-250-w-ciclo-continuo","status":"publish","type":"product","link":"https:\/\/soydeaqui.ddns.net\/pachuca\/index.php\/producto\/duplexer-vhf-para-154-174-mhz-para-potencia-maxima-de-entrada-de-250-w-ciclo-continuo\/","title":{"rendered":"Duplexer VHF, para 154-174 MHz, para Potencia M\u00e1xima de Entrada de 250 W (ciclo continuo)."},"content":{"rendered":"<div style='width: 100%; max-width: 1200px; margin: 0 auto; font-family: sans-serif; line-height: 1.6; color: inherit; background-color: transparent;'> <!-- Secci\u00f3n de caracter\u00edsticas principales --> <\/p>\n<div style='display: flex; flex-wrap: wrap; gap: 30px; margin-bottom: 30px;'>\n<div style='flex: 1 1 300px; min-width: 280px;'>\n<h3 style='font-size: 22px; border-bottom: 2px solid currentColor; padding-bottom: 5px; margin-top: 0; color: inherit; opacity: 0.8;'>Caracter\u00edsticas El\u00e9ctricas<\/h3>\n<ul style='padding-left: 20px; font-size: 15px; color: inherit;'>\n<li style='margin-bottom: 5px;'><strong>Aislamiento:<\/strong> 80 dB<\/li>\n<li style='margin-bottom: 5px;'><strong>P\u00e9rdida de transmisor:<\/strong> 1.5 dB<\/li>\n<li style='margin-bottom: 5px;'><strong>P\u00e9rdida de receptor:<\/strong> 1.5 dB<\/li>\n<li style='margin-bottom: 5px;'><strong>P\u00e9rdida de retorno:<\/strong> 14 dB<\/li>\n<li style='margin-bottom: 5px;'><strong>Impedancia:<\/strong> 50 \u03a9<\/li>\n<li style='margin-bottom: 5px;'><strong>Potencia:<\/strong> 250 W<\/li>\n<li style='margin-bottom: 5px;'><strong>Separaci\u00f3n de frecuencias:<\/strong> 0.5 MHz<\/li>\n<\/ul><\/div>\n<div style='flex: 1 1 300px; min-width: 280px;'>\n<h3 style='font-size: 22px; border-bottom: 2px solid currentColor; padding-bottom: 5px; margin-top: 0; color: inherit; opacity: 0.8;'>Caracter\u00edsticas Mec\u00e1nicas<\/h3>\n<ul style='padding-left: 20px; font-size: 15px; color: inherit;'>\n<li style='margin-bottom: 5px;'><strong>Construcci\u00f3n:<\/strong> Aluminio\/Color negro<\/li>\n<li style='margin-bottom: 5px;'><strong>Conectores:<\/strong> N Hembra<\/li>\n<li style='margin-bottom: 5px;'><strong>Temperatura operaci\u00f3n:<\/strong> -30 a +60\u00b0C<\/li>\n<li style='margin-bottom: 5px;'><strong>Di\u00e1metro de cavidad:<\/strong> 8&#8242; \/ 203 mm<\/li>\n<li style='margin-bottom: 5px;'><strong>Montaje:<\/strong> EIA 19 pulgadas<\/li>\n<li style='margin-bottom: 5px;'><strong>Cavidades:<\/strong> 4<\/li>\n<li style='margin-bottom: 5px;'><strong>Sin gabinete:<\/strong> S\u00ed<\/li>\n<\/ul><\/div>\n<\/p><\/div>\n<p> <!-- Secci\u00f3n de especificaciones adicionales --> <\/p>\n<div style='display: flex; flex-wrap: wrap; gap: 20px; margin-bottom: 30px;'>\n<div style='flex: 1 1 250px; border: 1px solid rgba(150&comma; 150&comma; 150&comma; 0.4); border-radius: 8px; overflow: hidden; display: flex; flex-direction: column;'>\n<div style='padding: 15px; border-bottom: 1px solid rgba(150&comma; 150&comma; 150&comma; 0.2); font-weight: bold; font-size: 18px; color: inherit;'>Dimensiones<\/div>\n<div style='padding: 15px; color: inherit;'>\n<ul style='padding-left: 20px; margin: 0; font-size: 14px; list-style-type: disc;'>\n<li style='margin-bottom: 5px;'><strong>Ancho:<\/strong> 19.3&#8242; \/ 489 mm<\/li>\n<li style='margin-bottom: 5px;'><strong>Altura:<\/strong> 34.5&#8242; \/ 876.3 mm<\/li>\n<li style='margin-bottom: 5px;'><strong>Altura en RU:<\/strong> 20 RU<\/li>\n<li style='margin-bottom: 5px;'><strong>Profundidad:<\/strong> 20.1&#8242; \/ 511 mm<\/li>\n<\/ul><\/div>\n<\/p><\/div>\n<div style='flex: 1 1 250px; border: 1px solid rgba(150&comma; 150&comma; 150&comma; 0.4); border-radius: 8px; overflow: hidden; display: flex; flex-direction: column;'>\n<div style='padding: 15px; border-bottom: 1px solid rgba(150&comma; 150&comma; 150&comma; 0.2); font-weight: bold; font-size: 18px; color: inherit;'>Peso<\/div>\n<div style='padding: 15px; color: inherit;'>\n<ul style='padding-left: 20px; margin: 0; font-size: 14px; list-style-type: disc;'>\n<li style='margin-bottom: 5px;'><strong>Peso neto:<\/strong> 105 lbs \/ 48 kg<\/li>\n<li style='margin-bottom: 5px;'><strong>Peso de env\u00edo:<\/strong> 115 lbs \/ 52 kg<\/li>\n<\/ul><\/div>\n<\/p><\/div>\n<div style='flex: 1 1 250px; border: 1px solid rgba(150&comma; 150&comma; 150&comma; 0.4); border-radius: 8px; overflow: hidden; display: flex; flex-direction: column;'>\n<div style='padding: 15px; border-bottom: 1px solid rgba(150&comma; 150&comma; 150&comma; 0.2); font-weight: bold; font-size: 18px; color: inherit;'>Frecuencias<\/div>\n<div style='padding: 15px; color: inherit;'>\n<ul style='padding-left: 20px; margin: 0; font-size: 14px; list-style-type: disc;'>\n<li style='margin-bottom: 5px;'><strong>Rango de frecuencia:<\/strong> 154-174 MHz<\/li>\n<li style='margin-bottom: 5px;'><strong>C\u00f3digo de frecuencia:<\/strong> C<\/li>\n<\/ul><\/div>\n<\/p><\/div>\n<\/p><\/div>\n<p> <!-- Secci\u00f3n de dise\u00f1o y aplicaciones --> <\/p>\n<div style='margin-bottom: 30px;'>\n<h3 style='font-size: 22px; border-bottom: 2px solid currentColor; padding-bottom: 5px; margin-top: 0; margin-bottom: 15px; color: inherit; opacity: 0.8;'>Dise\u00f1o y Aplicaciones<\/h3>\n<div style='font-size: 15px; color: inherit;'>\n<p style='margin-bottom: 15px;'>Dise\u00f1ado para sistemas d\u00faplex VHF que operan con espaciado de frecuencias cercano. El dise\u00f1o del duplexer consiste en cavidades coaxiales de onda cuarto de 8 pulgadas de di\u00e1metro. Est\u00e1n interconectadas en una configuraci\u00f3n de paso de banda-rechazo de banda usando cable coaxial doblemente blindado. Una barra de Invar&comma; con expansi\u00f3n casi nula&comma; proporciona estabilidad sobre un amplio rango de temperaturas.<\/p>\n<p style='margin-bottom: 15px;'>El modelo DB4060 utiliza dos cavidades de transmisor y dos de receptor. Puede acoplar dos transmisores&comma; dos receptores o dos unidades simplex en una antena com\u00fan con frecuencias separadas por 500 kHz o m\u00e1s.<\/p>\n<\/p><\/div>\n<\/p><\/div>\n<p> <!-- Separador --> <\/p>\n<hr style='border: 0; border-top: 1px solid rgba(150&comma; 150&comma; 150&comma; 0.3); margin: 30px 0;'> <!-- Secci\u00f3n de consulta --> <\/p>\n<div style='font-size: 15px; color: inherit; text-align: center; margin: 30px 0;'>\n<p style='margin: 0;'><strong>*Pregunte por precio y tiempo de entrega.<\/strong><\/p>\n<\/p><\/div>\n<\/p><\/div>\n","protected":false},"excerpt":{"rendered":"<p>Duplexer VHF, para 154-174 MHz, para Potencia M\u00e1xima de Entrada de 250 W (ciclo continuo).<\/p>\n","protected":false},"featured_media":63123,"comment_status":"open","ping_status":"closed","template":"","meta":[],"product_brand":[],"product_cat":[1759],"product_tag":[1695,1760,1660],"class_list":{"0":"post-63131","1":"product","2":"type-product","3":"status-publish","4":"has-post-thumbnail","6":"product_cat-duplexers","7":"product_tag-db-spectra","8":"product_tag-duplexers","9":"product_tag-filtros-y-sistemas-en-rf","11":"first","12":"outofstock","13":"sale","14":"shipping-taxable","15":"purchasable","16":"product-type-simple"},"_links":{"self":[{"href":"https:\/\/soydeaqui.ddns.net\/pachuca\/index.php\/wp-json\/wp\/v2\/product\/63131","targetHints":{"allow":["GET"]}}],"collection":[{"href":"https:\/\/soydeaqui.ddns.net\/pachuca\/index.php\/wp-json\/wp\/v2\/product"}],"about":[{"href":"https:\/\/soydeaqui.ddns.net\/pachuca\/index.php\/wp-json\/wp\/v2\/types\/product"}],"replies":[{"embeddable":true,"href":"https:\/\/soydeaqui.ddns.net\/pachuca\/index.php\/wp-json\/wp\/v2\/comments?post=63131"}],"wp:featuredmedia":[{"embeddable":true,"href":"https:\/\/soydeaqui.ddns.net\/pachuca\/index.php\/wp-json\/wp\/v2\/media\/63123"}],"wp:attachment":[{"href":"https:\/\/soydeaqui.ddns.net\/pachuca\/index.php\/wp-json\/wp\/v2\/media?parent=63131"}],"wp:term":[{"taxonomy":"product_brand","embeddable":true,"href":"https:\/\/soydeaqui.ddns.net\/pachuca\/index.php\/wp-json\/wp\/v2\/product_brand?post=63131"},{"taxonomy":"product_cat","embeddable":true,"href":"https:\/\/soydeaqui.ddns.net\/pachuca\/index.php\/wp-json\/wp\/v2\/product_cat?post=63131"},{"taxonomy":"product_tag","embeddable":true,"href":"https:\/\/soydeaqui.ddns.net\/pachuca\/index.php\/wp-json\/wp\/v2\/product_tag?post=63131"}],"curies":[{"name":"wp","href":"https:\/\/api.w.org\/{rel}","templated":true}]}}