{"id":63120,"date":"2026-03-19T07:03:53","date_gmt":"2026-03-19T07:03:53","guid":{"rendered":"https:\/\/soydeaqui.ddns.net\/pachuca\/index.php\/producto\/elemento-dpm-de-400-960-mhz-en-sensor-5010-5014-con-potencia-de-salida-de-12-5-500-w\/"},"modified":"2026-03-19T07:03:54","modified_gmt":"2026-03-19T07:03:54","slug":"elemento-dpm-de-400-960-mhz-en-sensor-5010-5014-con-potencia-de-salida-de-12-5-500-w","status":"publish","type":"product","link":"https:\/\/soydeaqui.ddns.net\/pachuca\/index.php\/producto\/elemento-dpm-de-400-960-mhz-en-sensor-5010-5014-con-potencia-de-salida-de-12-5-500-w\/","title":{"rendered":"Elemento DPM de 400-960 MHz en Sensor 5010 \/ 5014, con potencia de Salida de 12.5-500 W."},"content":{"rendered":"<p> <strong>Elemento DPM de <\/strong><strong style='line-height: 20.8px;'>400-960 MHz <\/strong><strong>en Sensor 5014&comma; con potencia de Salida de 12.5-500 W.<\/strong> <\/p>\n<ul>\n<li>Los elementos DPM est\u00e1n dise\u00f1ados para utilizarse con los sensores digitales de potencia de la serie 5010 \/ 5014.<\/li>\n<li>Usando el dise\u00f1o familiar de elementos de forma&comma; el Elemento DPM puede medir con precisi\u00f3n la potencia promedio real.<\/li>\n<li>Todos los elementos ensamblables est\u00e1n calibrados de acuerdo a los <span style='line-height: 20.8px;'>minuciosos <\/span>procedimientos de calibraci\u00f3n BIRD&comma; avalados por un largo historial de valores de desviaci\u00f3n media para asegurar la certificaci\u00f3n a las especificaciones estipuladas de los instrumentos actuales&comma; as\u00ed como la intercambiabilidad en campo con equipos comprados desde su inicio.<\/li>\n<\/ul>\n<table border='0' cellpadding='0' cellspacing='0' width='611'>\n<thead>\n<tr>\n<th style='width:82px;'><strong>Model<\/strong><\/th>\n<th style='width:85px;'><strong>Freq. Range (MHz)<\/strong><\/th>\n<th style='width:113px;'><strong>FWD Power<\/strong><\/th>\n<th style='width:132px;'><strong>RFL Power<\/strong><\/th>\n<th style='width:104px;'><strong>FWD Element<\/strong><\/th>\n<th style='width:94px;'><strong>RFL Element<\/strong><\/th>\n<\/tr>\n<\/thead>\n<tbody>\n<tr>\n<td style='width:82px;'>DPM-50H<\/td>\n<td style='width:85px;'>2-30<\/td>\n<td style='width:113px;'>1.25 W to 50 W<\/td>\n<td style='width:132px;'>125 mW to 5 W<\/td>\n<td style='width:104px;'>DPM-50H<\/td>\n<td style='width:94px;'>DPM-5H<\/td>\n<\/tr>\n<tr>\n<td style='width:82px;'>DPM-500H<\/td>\n<td style='width:85px;'>2-30<\/td>\n<td style='width:113px;'>12.5 W to 500 W<\/td>\n<td style='width:132px;'>1.25 W to 50 W<\/td>\n<td style='width:104px;'>DPM-500H<\/td>\n<td style='width:94px;'>DPM-50H<\/td>\n<\/tr>\n<tr>\n<td style='width:82px;'>DPM-50A<\/td>\n<td style='width:85px;'>25-60<\/td>\n<td style='width:113px;'>1.25 W to 50 W<\/td>\n<td style='width:132px;'>125 mW to 5 W<\/td>\n<td style='width:104px;'>DPM-50A<\/td>\n<td style='width:94px;'>DPM-5A<\/td>\n<\/tr>\n<tr>\n<td style='width:82px;'>DPM-500A<\/td>\n<td style='width:85px;'>25-60<\/td>\n<td style='width:113px;'>12.5 W to 500 W<\/td>\n<td style='width:132px;'>1.25 W to 50 W<\/td>\n<td style='width:104px;'>DPM-500A<\/td>\n<td style='width:94px;'>DPM-50A<\/td>\n<\/tr>\n<tr>\n<td style='width:82px;'>DPM50B<\/td>\n<td style='width:85px;'>50-125<\/td>\n<td style='width:113px;'>1.25 W to 50 W<\/td>\n<td style='width:132px;'>125 mW to 5 W<\/td>\n<td style='width:104px;'>DPM-50B<\/td>\n<td style='width:94px;'>DPM-5B<\/td>\n<\/tr>\n<tr>\n<td style='width:82px;'>DPM-500B<\/td>\n<td style='width:85px;'>50-125<\/td>\n<td style='width:113px;'>12.5 W to 500 W<\/td>\n<td style='width:132px;'>1.25 W to 50 W<\/td>\n<td style='width:104px;'>DPM-500B<\/td>\n<td style='width:94px;'>DPM-50B<\/td>\n<\/tr>\n<tr>\n<td style='width:82px;'>DPM-1000B<\/td>\n<td style='width:85px;'>50-125<\/td>\n<td style='width:113px;'>25 W to 1.0 kW<\/td>\n<td style='width:132px;'>2.5 W to 100 W<\/td>\n<td style='width:104px;'>DPM-1000B<\/td>\n<td style='width:94px;'>DPM-100B<\/td>\n<\/tr>\n<tr>\n<td style='width:82px;'>DPM-50C<\/td>\n<td style='width:85px;'>100-250<\/td>\n<td style='width:113px;'>1.25 W to 50 W<\/td>\n<td style='width:132px;'>125 mW to 5 W<\/td>\n<td style='width:104px;'>DPM-50C<\/td>\n<td style='width:94px;'>DPM-5C<\/td>\n<\/tr>\n<tr>\n<td style='width:82px;'>DPM-500C<\/td>\n<td style='width:85px;'>100-250<\/td>\n<td style='width:113px;'>12.5 W to 500 W<\/td>\n<td style='width:132px;'>1.25 W to 50 W<\/td>\n<td style='width:104px;'>DPM-500C<\/td>\n<td style='width:94px;'>DPM-50C<\/td>\n<\/tr>\n<tr>\n<td style='width:82px;'>DPM-2500C<\/td>\n<td style='width:85px;'>100-250<\/td>\n<td style='width:113px;'>62.5 W to 2.5 kW<\/td>\n<td style='width:132px;'>6.25 W to 250 W<\/td>\n<td style='width:104px;'>DPM-2500C<\/td>\n<td style='width:94px;'>DPM-250C<\/td>\n<\/tr>\n<tr>\n<td style='width:82px;'>DPM-5D<\/td>\n<td style='width:85px;'>200-500<\/td>\n<td style='width:113px;'>125 mW to 5 W<\/td>\n<td style='width:132px;'>12.5 mW to 500 mW<\/td>\n<td style='width:104px;'>DPM-5D<\/td>\n<td style='width:94px;'>DPM-.5D<\/td>\n<\/tr>\n<tr>\n<td style='width:82px;'>DPM-50D<\/td>\n<td style='width:85px;'>200-500<\/td>\n<td style='width:113px;'>1.25 W to 50 W<\/td>\n<td style='width:132px;'>125 mW to 5 W<\/td>\n<td style='width:104px;'>DPM-50D<\/td>\n<td style='width:94px;'>DPM-5D<\/td>\n<\/tr>\n<tr>\n<td style='width:82px;'>DPM-500D<\/td>\n<td style='width:85px;'>200-500<\/td>\n<td style='width:113px;'>12.5 W to 500 W<\/td>\n<td style='width:132px;'>1.25 W to 50 W<\/td>\n<td style='width:104px;'>DPM-500D<\/td>\n<td style='width:94px;'>DPM-50D<\/td>\n<\/tr>\n<tr>\n<td style='width:82px;'>DPM-5E<\/td>\n<td style='width:85px;'>400-960<\/td>\n<td style='width:113px;'>125 mW to 5 W<\/td>\n<td style='width:132px;'>12.5 mW to 500 mW<\/td>\n<td style='width:104px;'>DPM-5E<\/td>\n<td style='width:94px;'>DPM-.5E<\/td>\n<\/tr>\n<tr>\n<td style='width:82px;'>DPM-50E<\/td>\n<td style='width:85px;'>400-960<\/td>\n<td style='width:113px;'>1.25 W to 50 W<\/td>\n<td style='width:132px;'>125 mW to 5 W<\/td>\n<td style='width:104px;'>DPM-50E<\/td>\n<td style='width:94px;'>DPM-5E<\/td>\n<\/tr>\n<tr>\n<td style='width:82px;'>DPM-100E<\/td>\n<td style='width:85px;'>400-960<\/td>\n<td style='width:113px;'>2.5 W to 100 W<\/td>\n<td style='width:132px;'>250 mW to 10 W<\/td>\n<td style='width:104px;'>DPM-100E<\/td>\n<td style='width:94px;'>DPM-10E<\/td>\n<\/tr>\n<tr>\n<td style='width:82px;'><strong>DPM-500E<\/strong><\/td>\n<td style='width:85px;'><strong>400-960<\/strong><\/td>\n<td style='width:113px;'><strong>12.5 W to 500 W<\/strong><\/td>\n<td style='width:132px;'>1.25 W to 50 W<\/td>\n<td style='width:104px;'><strong>DPM-500E<\/strong><\/td>\n<td style='width:94px;'>DPM-50E<\/td>\n<\/tr>\n<tr>\n<td style='width:82px;'>DPM-1000E<\/td>\n<td style='width:85px;'>400-960<\/td>\n<td style='width:113px;'>25 W to 1.0 kW<\/td>\n<td style='width:132px;'>2.5 W to 100 W<\/td>\n<td style='width:104px;'>DPM-1000E<\/td>\n<td style='width:94px;'>DPM-100E<\/td>\n<\/tr>\n<tr>\n<td style='width:82px;'>DPM-5J<\/td>\n<td style='width:85px;'>950-1260<\/td>\n<td style='width:113px;'>125 mW to 5 W<\/td>\n<td style='width:132px;'>12.5 mW to 500 mW<\/td>\n<td style='width:104px;'>DPM-5J<\/td>\n<td style='width:94px;'>DPM-.5J<\/td>\n<\/tr>\n<tr>\n<td style='width:82px;'>DPM-50J<\/td>\n<td style='width:85px;'>950-1260<\/td>\n<td style='width:113px;'>1.25 W to 50 W<\/td>\n<td style='width:132px;'>125 mW to 5 W<\/td>\n<td style='width:104px;'>DPM-50J<\/td>\n<td style='width:94px;'>DPM-5J<\/td>\n<\/tr>\n<tr>\n<td style='width:82px;'>DPM-5K<\/td>\n<td style='width:85px;'>1100-1800<\/td>\n<td style='width:113px;'>125 mW to 5 W<\/td>\n<td style='width:132px;'>12.5 mW to 500 mW<\/td>\n<td style='width:104px;'>DPM-5K<\/td>\n<td style='width:94px;'>DPM-.5K<\/td>\n<\/tr>\n<tr>\n<td style='width:82px;'>DPM-50K<\/td>\n<td style='width:85px;'>1100-1800<\/td>\n<td style='width:113px;'>1.25 W to 50 W<\/td>\n<td style='width:132px;'>125 mW to 5 W<\/td>\n<td style='width:104px;'>DPM-50K<\/td>\n<td style='width:94px;'>DPM-5K<\/td>\n<\/tr>\n<tr>\n<td style='width:82px;'>DPM-5L1<\/td>\n<td style='width:85px;'>1700-1990<\/td>\n<td style='width:113px;'>125 mW to 5 W<\/td>\n<td style='width:132px;'>12.5 mW to 500 mW<\/td>\n<td style='width:104px;'>DPM-5L1<\/td>\n<td style='width:94px;'>DPM-.5L1<\/td>\n<\/tr>\n<tr>\n<td style='width:82px;'>DPM-50L1<\/td>\n<td style='width:85px;'>1700-1990<\/td>\n<td style='width:113px;'>1.25 W to 50 W<\/td>\n<td style='width:132px;'>125 mW to 5 W<\/td>\n<td style='width:104px;'>DPM-50L1<\/td>\n<td style='width:94px;'>DPM-5L1<\/td>\n<\/tr>\n<tr>\n<td style='width:82px;'>DPM-500L1<\/td>\n<td style='width:85px;'>1700-1990<\/td>\n<td style='width:113px;'>12.5 W to 500 W<\/td>\n<td style='width:132px;'>1.25 W to 50 W<\/td>\n<td style='width:104px;'>DPM-500L1<\/td>\n<td style='width:94px;'>DPM-50L1<\/td>\n<\/tr>\n<tr>\n<td style='width:82px;'>DPM-5L2<\/td>\n<td style='width:85px;'>1990-2200<\/td>\n<td style='width:113px;'>125 mW to 5 W<\/td>\n<td style='width:132px;'>12.5 mW to 500 mW<\/td>\n<td style='width:104px;'>DPM-5L2<\/td>\n<td style='width:94px;'>DPM-.5L2<\/td>\n<\/tr>\n<tr>\n<td style='width:82px;'>DPM-50L2<\/td>\n<td style='width:85px;'>1990-2200<\/td>\n<td style='width:113px;'>1.25 W to 50 W<\/td>\n<td style='width:132px;'>125 mW to 5 W<\/td>\n<td style='width:104px;'>DPM-50L2<\/td>\n<td style='width:94px;'>DPM-5L2<\/td>\n<\/tr>\n<tr>\n<td style='width:82px;'>DPM-5M<\/td>\n<td style='width:85px;'>2200-2300<\/td>\n<td style='width:113px;'>125 mW to 5 W<\/td>\n<td style='width:132px;'>12.5 mW to 500 mW<\/td>\n<td style='width:104px;'>DPM-5M<\/td>\n<td style='width:94px;'>DPM-.5M<\/td>\n<\/tr>\n<tr>\n<td style='width:82px;'>DPM-25M<\/td>\n<td style='width:85px;'>2200-2300<\/td>\n<td style='width:113px;'>625 mW to 25 W<\/td>\n<td style='width:132px;'>62.5 mW to 2.5 W<\/td>\n<td style='width:104px;'>DPM-25M<\/td>\n<td style='width:94px;'>DPM-2.5M<\/td>\n<\/tr>\n<tr>\n<td style='width:82px;'>DPM-5N<\/td>\n<td style='width:85px;'>2300-2500<\/td>\n<td style='width:113px;'>125 mW to 5 W<\/td>\n<td style='width:132px;'>12.5 mW to 500 mW<\/td>\n<td style='width:104px;'>DPM-5N<\/td>\n<td style='width:94px;'>DPM-.5N<\/td>\n<\/tr>\n<tr>\n<td style='width:82px;'>DPM-5R<\/td>\n<td style='width:85px;'>2500-2700<\/td>\n<td style='width:113px;'>125 mW to 5 W<\/td>\n<td style='width:132px;'>12.5 mW to 500 mW<\/td>\n<td style='width:104px;'>DPM-5R<\/td>\n<td style='width:94px;'>DPM-.5R<\/td>\n<\/tr>\n<\/tbody>\n<\/table>\n<p> <b>*Pregunte por tiempo de entrega.<\/b><\/p>\n","protected":false},"excerpt":{"rendered":"<p>Elemento DPM de 400-960 MHz en Sensor 5010 \/ 5014, con potencia de Salida de 12.5-500 W.<\/p>\n","protected":false},"featured_media":63119,"comment_status":"open","ping_status":"closed","template":"","meta":[],"product_brand":[],"product_cat":[1639],"product_tag":[1641,931,1640],"class_list":{"0":"post-63120","1":"product","2":"type-product","3":"status-publish","4":"has-post-thumbnail","6":"product_cat-wattmetros-y-elementos","7":"product_tag-bird-technologies","8":"product_tag-equipo-de-laboratorio","9":"product_tag-wattmetros-y-elementos","11":"first","12":"outofstock","13":"sale","14":"shipping-taxable","15":"purchasable","16":"product-type-simple"},"_links":{"self":[{"href":"https:\/\/soydeaqui.ddns.net\/pachuca\/index.php\/wp-json\/wp\/v2\/product\/63120","targetHints":{"allow":["GET"]}}],"collection":[{"href":"https:\/\/soydeaqui.ddns.net\/pachuca\/index.php\/wp-json\/wp\/v2\/product"}],"about":[{"href":"https:\/\/soydeaqui.ddns.net\/pachuca\/index.php\/wp-json\/wp\/v2\/types\/product"}],"replies":[{"embeddable":true,"href":"https:\/\/soydeaqui.ddns.net\/pachuca\/index.php\/wp-json\/wp\/v2\/comments?post=63120"}],"wp:featuredmedia":[{"embeddable":true,"href":"https:\/\/soydeaqui.ddns.net\/pachuca\/index.php\/wp-json\/wp\/v2\/media\/63119"}],"wp:attachment":[{"href":"https:\/\/soydeaqui.ddns.net\/pachuca\/index.php\/wp-json\/wp\/v2\/media?parent=63120"}],"wp:term":[{"taxonomy":"product_brand","embeddable":true,"href":"https:\/\/soydeaqui.ddns.net\/pachuca\/index.php\/wp-json\/wp\/v2\/product_brand?post=63120"},{"taxonomy":"product_cat","embeddable":true,"href":"https:\/\/soydeaqui.ddns.net\/pachuca\/index.php\/wp-json\/wp\/v2\/product_cat?post=63120"},{"taxonomy":"product_tag","embeddable":true,"href":"https:\/\/soydeaqui.ddns.net\/pachuca\/index.php\/wp-json\/wp\/v2\/product_tag?post=63120"}],"curies":[{"name":"wp","href":"https:\/\/api.w.org\/{rel}","templated":true}]}}