{"id":63112,"date":"2026-03-19T07:03:40","date_gmt":"2026-03-19T07:03:40","guid":{"rendered":"https:\/\/soydeaqui.ddns.net\/pachuca\/index.php\/producto\/elemento-dpm-de-400-960-mhz-en-sensor-5010-5014-con-potencia-de-salida-de-1-25-50-w\/"},"modified":"2026-03-19T07:03:41","modified_gmt":"2026-03-19T07:03:41","slug":"elemento-dpm-de-400-960-mhz-en-sensor-5010-5014-con-potencia-de-salida-de-1-25-50-w","status":"publish","type":"product","link":"https:\/\/soydeaqui.ddns.net\/pachuca\/index.php\/producto\/elemento-dpm-de-400-960-mhz-en-sensor-5010-5014-con-potencia-de-salida-de-1-25-50-w\/","title":{"rendered":"Elemento DPM de 400-960 MHz en Sensor 5010 \/ 5014, con potencia de Salida de 1.25-50 W."},"content":{"rendered":"<div style='width: 100%; max-width: 1200px; margin: 0 auto; font-family: sans-serif; line-height: 1.6; color: inherit; background-color: transparent;'> <!-- T\u00edtulo (oculto por instrucci\u00f3n) --> <\/p>\n<div style='display: none;'>\n<h1 style='font-size: 24px; margin: 0; padding: 0; color: inherit;'>Elemento DPM de 400-960 MHz en Sensor 5010 \/ 5014&comma; con potencia de Salida de 1.25-50 W<\/h1>\n<p style='margin: 5px 0; font-size: 16px; color: inherit;'>Modelo: DPM50E &#8211; BIRD TECHNOLOGIES<\/p>\n<\/p><\/div>\n<p> <!-- Descripci\u00f3n principal --> <\/p>\n<div style='margin-bottom: 30px;'>\n<p style='margin-top: 0; color: inherit; font-size: 16px; font-weight: bold;'> Elemento DPM de 400-960 MHz en Sensor 5014&comma; con potencia de Salida de 1.25-50 W. <\/p>\n<ul style='padding-left: 20px; margin: 15px 0; color: inherit; font-size: 15px;'>\n<li style='margin-bottom: 8px;'>Los elementos DPM est\u00e1n dise\u00f1ados para utilizarse con los sensores digitales de potencia de la serie 5010 \/ 5014.<\/li>\n<li style='margin-bottom: 8px;'>Usando el dise\u00f1o familiar de elementos de forma&comma; el Elemento DPM puede medir con precisi\u00f3n la potencia promedio real.<\/li>\n<li style='margin-bottom: 8px;'>Todos los elementos ensamblables est\u00e1n calibrados de acuerdo a los minuciosos procedimientos de calibraci\u00f3n BIRD&comma; avalados por un largo historial de valores de desviaci\u00f3n media para asegurar la certificaci\u00f3n a las especificaciones estipuladas de los instrumentos actuales&comma; as\u00ed como la intercambiabilidad en campo con equipos comprados desde su inicio.<\/li>\n<\/ul><\/div>\n<p> <!-- Tabla de especificaciones --> <\/p>\n<div style='overflow-x: auto; margin-bottom: 30px; border: 1px solid rgba(150&comma;150&comma;150&comma;0.3); border-radius: 8px;'>\n<table style='width: 100%; border-collapse: collapse; color: inherit; font-size: 14px;'>\n<thead>\n<tr style='background-color: rgba(0&comma;0&comma;0&comma;0.05);'>\n<th style='padding: 12px; text-align: left; border-bottom: 2px solid rgba(150&comma;150&comma;150&comma;0.3); color: inherit; width: 82px;'>Model<\/th>\n<th style='padding: 12px; text-align: left; border-bottom: 2px solid rgba(150&comma;150&comma;150&comma;0.3); color: inherit; width: 85px;'>Freq. Range (MHz)<\/th>\n<th style='padding: 12px; text-align: left; border-bottom: 2px solid rgba(150&comma;150&comma;150&comma;0.3); color: inherit; width: 113px;'>FWD Power<\/th>\n<th style='padding: 12px; text-align: left; border-bottom: 2px solid rgba(150&comma;150&comma;150&comma;0.3); color: inherit; width: 132px;'>RFL Power<\/th>\n<th style='padding: 12px; text-align: left; border-bottom: 2px solid rgba(150&comma;150&comma;150&comma;0.3); color: inherit; width: 104px;'>FWD Element<\/th>\n<th style='padding: 12px; text-align: left; border-bottom: 2px solid rgba(150&comma;150&comma;150&comma;0.3); color: inherit; width: 94px;'>RFL Element<\/th>\n<\/tr>\n<\/thead>\n<tbody>\n<tr>\n<td style='padding: 10px; border-bottom: 1px solid rgba(150&comma;150&comma;150&comma;0.2);'>DPM-50H<\/td>\n<td style='padding: 10px; border-bottom: 1px solid rgba(150&comma;150&comma;150&comma;0.2);'>2-30<\/td>\n<td style='padding: 10px; border-bottom: 1px solid rgba(150&comma;150&comma;150&comma;0.2);'>1.25 W to 50 W<\/td>\n<td style='padding: 10px; border-bottom: 1px solid rgba(150&comma;150&comma;150&comma;0.2);'>125 mW to 5 W<\/td>\n<td style='padding: 10px; border-bottom: 1px solid rgba(150&comma;150&comma;150&comma;0.2);'>DPM-50H<\/td>\n<td style='padding: 10px; border-bottom: 1px solid rgba(150&comma;150&comma;150&comma;0.2);'>DPM-5H<\/td>\n<\/tr>\n<tr>\n<td style='padding: 10px; border-bottom: 1px solid rgba(150&comma;150&comma;150&comma;0.2);'>DPM-500H<\/td>\n<td style='padding: 10px; border-bottom: 1px solid rgba(150&comma;150&comma;150&comma;0.2);'>2-30<\/td>\n<td style='padding: 10px; border-bottom: 1px solid rgba(150&comma;150&comma;150&comma;0.2);'>12.5 W to 500 W<\/td>\n<td style='padding: 10px; border-bottom: 1px solid rgba(150&comma;150&comma;150&comma;0.2);'>1.25 W to 50 W<\/td>\n<td style='padding: 10px; border-bottom: 1px solid rgba(150&comma;150&comma;150&comma;0.2);'>DPM-500H<\/td>\n<td style='padding: 10px; border-bottom: 1px solid rgba(150&comma;150&comma;150&comma;0.2);'>DPM-50H<\/td>\n<\/tr>\n<tr>\n<td style='padding: 10px; border-bottom: 1px solid rgba(150&comma;150&comma;150&comma;0.2);'>DPM-50A<\/td>\n<td style='padding: 10px; border-bottom: 1px solid rgba(150&comma;150&comma;150&comma;0.2);'>25-60<\/td>\n<td style='padding: 10px; border-bottom: 1px solid rgba(150&comma;150&comma;150&comma;0.2);'>1.25 W to 50 W<\/td>\n<td style='padding: 10px; border-bottom: 1px solid rgba(150&comma;150&comma;150&comma;0.2);'>125 mW to 5 W<\/td>\n<td style='padding: 10px; border-bottom: 1px solid rgba(150&comma;150&comma;150&comma;0.2);'>DPM-50A<\/td>\n<td style='padding: 10px; border-bottom: 1px solid rgba(150&comma;150&comma;150&comma;0.2);'>DPM-5A<\/td>\n<\/tr>\n<tr>\n<td style='padding: 10px; border-bottom: 1px solid rgba(150&comma;150&comma;150&comma;0.2);'>DPM-500A<\/td>\n<td style='padding: 10px; border-bottom: 1px solid rgba(150&comma;150&comma;150&comma;0.2);'>25-60<\/td>\n<td style='padding: 10px; border-bottom: 1px solid rgba(150&comma;150&comma;150&comma;0.2);'>12.5 W to 500 W<\/td>\n<td style='padding: 10px; border-bottom: 1px solid rgba(150&comma;150&comma;150&comma;0.2);'>1.25 W to 50 W<\/td>\n<td style='padding: 10px; border-bottom: 1px solid rgba(150&comma;150&comma;150&comma;0.2);'>DPM-500A<\/td>\n<td style='padding: 10px; border-bottom: 1px solid rgba(150&comma;150&comma;150&comma;0.2);'>DPM-50A<\/td>\n<\/tr>\n<tr>\n<td style='padding: 10px; border-bottom: 1px solid rgba(150&comma;150&comma;150&comma;0.2);'>DPM50B<\/td>\n<td style='padding: 10px; border-bottom: 1px solid rgba(150&comma;150&comma;150&comma;0.2);'>50-125<\/td>\n<td style='padding: 10px; border-bottom: 1px solid rgba(150&comma;150&comma;150&comma;0.2);'>1.25 W to 50 W<\/td>\n<td style='padding: 10px; border-bottom: 1px solid rgba(150&comma;150&comma;150&comma;0.2);'>125 mW to 5 W<\/td>\n<td style='padding: 10px; border-bottom: 1px solid rgba(150&comma;150&comma;150&comma;0.2);'>DPM-50B<\/td>\n<td style='padding: 10px; border-bottom: 1px solid rgba(150&comma;150&comma;150&comma;0.2);'>DPM-5B<\/td>\n<\/tr>\n<tr>\n<td style='padding: 10px; border-bottom: 1px solid rgba(150&comma;150&comma;150&comma;0.2);'>DPM-500B<\/td>\n<td style='padding: 10px; border-bottom: 1px solid rgba(150&comma;150&comma;150&comma;0.2);'>50-125<\/td>\n<td style='padding: 10px; border-bottom: 1px solid rgba(150&comma;150&comma;150&comma;0.2);'>12.5 W to 500 W<\/td>\n<td style='padding: 10px; border-bottom: 1px solid rgba(150&comma;150&comma;150&comma;0.2);'>1.25 W to 50 W<\/td>\n<td style='padding: 10px; border-bottom: 1px solid rgba(150&comma;150&comma;150&comma;0.2);'>DPM-500B<\/td>\n<td style='padding: 10px; border-bottom: 1px solid rgba(150&comma;150&comma;150&comma;0.2);'>DPM-50B<\/td>\n<\/tr>\n<tr>\n<td style='padding: 10px; border-bottom: 1px solid rgba(150&comma;150&comma;150&comma;0.2);'>DPM-1000B<\/td>\n<td style='padding: 10px; border-bottom: 1px solid rgba(150&comma;150&comma;150&comma;0.2);'>50-125<\/td>\n<td style='padding: 10px; border-bottom: 1px solid rgba(150&comma;150&comma;150&comma;0.2);'>25 W to 1.0 kW<\/td>\n<td style='padding: 10px; border-bottom: 1px solid rgba(150&comma;150&comma;150&comma;0.2);'>2.5 W to 100 W<\/td>\n<td style='padding: 10px; border-bottom: 1px solid rgba(150&comma;150&comma;150&comma;0.2);'>DPM-1000B<\/td>\n<td style='padding: 10px; border-bottom: 1px solid rgba(150&comma;150&comma;150&comma;0.2);'>DPM-100B<\/td>\n<\/tr>\n<tr>\n<td style='padding: 10px; border-bottom: 1px solid rgba(150&comma;150&comma;150&comma;0.2);'>DPM-50C<\/td>\n<td style='padding: 10px; border-bottom: 1px solid rgba(150&comma;150&comma;150&comma;0.2);'>100-250<\/td>\n<td style='padding: 10px; border-bottom: 1px solid rgba(150&comma;150&comma;150&comma;0.2);'>1.25 W to 50 W<\/td>\n<td style='padding: 10px; border-bottom: 1px solid rgba(150&comma;150&comma;150&comma;0.2);'>125 mW to 5 W<\/td>\n<td style='padding: 10px; border-bottom: 1px solid rgba(150&comma;150&comma;150&comma;0.2);'>DPM-50C<\/td>\n<td style='padding: 10px; border-bottom: 1px solid rgba(150&comma;150&comma;150&comma;0.2);'>DPM-5C<\/td>\n<\/tr>\n<tr>\n<td style='padding: 10px; border-bottom: 1px solid rgba(150&comma;150&comma;150&comma;0.2);'>DPM-500C<\/td>\n<td style='padding: 10px; border-bottom: 1px solid rgba(150&comma;150&comma;150&comma;0.2);'>100-250<\/td>\n<td style='padding: 10px; border-bottom: 1px solid rgba(150&comma;150&comma;150&comma;0.2);'>12.5 W to 500 W<\/td>\n<td style='padding: 10px; border-bottom: 1px solid rgba(150&comma;150&comma;150&comma;0.2);'>1.25 W to 50 W<\/td>\n<td style='padding: 10px; border-bottom: 1px solid rgba(150&comma;150&comma;150&comma;0.2);'>DPM-500C<\/td>\n<td style='padding: 10px; border-bottom: 1px solid rgba(150&comma;150&comma;150&comma;0.2);'>DPM-50C<\/td>\n<\/tr>\n<tr>\n<td style='padding: 10px; border-bottom: 1px solid rgba(150&comma;150&comma;150&comma;0.2);'>DPM-2500C<\/td>\n<td style='padding: 10px; border-bottom: 1px solid rgba(150&comma;150&comma;150&comma;0.2);'>100-250<\/td>\n<td style='padding: 10px; border-bottom: 1px solid rgba(150&comma;150&comma;150&comma;0.2);'>62.5 W to 2.5 kW<\/td>\n<td style='padding: 10px; border-bottom: 1px solid rgba(150&comma;150&comma;150&comma;0.2);'>6.25 W to 250 W<\/td>\n<td style='padding: 10px; border-bottom: 1px solid rgba(150&comma;150&comma;150&comma;0.2);'>DPM-2500C<\/td>\n<td style='padding: 10px; border-bottom: 1px solid rgba(150&comma;150&comma;150&comma;0.2);'>DPM-250C<\/td>\n<\/tr>\n<tr>\n<td style='padding: 10px; border-bottom: 1px solid rgba(150&comma;150&comma;150&comma;0.2);'>DPM-5D<\/td>\n<td style='padding: 10px; border-bottom: 1px solid rgba(150&comma;150&comma;150&comma;0.2);'>200-500<\/td>\n<td style='padding: 10px; border-bottom: 1px solid rgba(150&comma;150&comma;150&comma;0.2);'>125 mW to 5 W<\/td>\n<td style='padding: 10px; border-bottom: 1px solid rgba(150&comma;150&comma;150&comma;0.2);'>12.5 mW to 500 mW<\/td>\n<td style='padding: 10px; border-bottom: 1px solid rgba(150&comma;150&comma;150&comma;0.2);'>DPM-5D<\/td>\n<td style='padding: 10px; border-bottom: 1px solid rgba(150&comma;150&comma;150&comma;0.2);'>DPM-.5D<\/td>\n<\/tr>\n<tr>\n<td style='padding: 10px; border-bottom: 1px solid rgba(150&comma;150&comma;150&comma;0.2);'>DPM-50D<\/td>\n<td style='padding: 10px; border-bottom: 1px solid rgba(150&comma;150&comma;150&comma;0.2);'>200-500<\/td>\n<td style='padding: 10px; border-bottom: 1px solid rgba(150&comma;150&comma;150&comma;0.2);'>1.25 W to 50 W<\/td>\n<td style='padding: 10px; border-bottom: 1px solid rgba(150&comma;150&comma;150&comma;0.2);'>125 mW to 5 W<\/td>\n<td style='padding: 10px; border-bottom: 1px solid rgba(150&comma;150&comma;150&comma;0.2);'>DPM-50D<\/td>\n<td style='padding: 10px; border-bottom: 1px solid rgba(150&comma;150&comma;150&comma;0.2);'>DPM-5D<\/td>\n<\/tr>\n<tr>\n<td style='padding: 10px; border-bottom: 1px solid rgba(150&comma;150&comma;150&comma;0.2);'>DPM-500D<\/td>\n<td style='padding: 10px; border-bottom: 1px solid rgba(150&comma;150&comma;150&comma;0.2);'>200-500<\/td>\n<td style='padding: 10px; border-bottom: 1px solid rgba(150&comma;150&comma;150&comma;0.2);'>12.5 W to 500 W<\/td>\n<td style='padding: 10px; border-bottom: 1px solid rgba(150&comma;150&comma;150&comma;0.2);'>1.25 W to 50 W<\/td>\n<td style='padding: 10px; border-bottom: 1px solid rgba(150&comma;150&comma;150&comma;0.2);'>DPM-500D<\/td>\n<td style='padding: 10px; border-bottom: 1px solid rgba(150&comma;150&comma;150&comma;0.2);'>DPM-50D<\/td>\n<\/tr>\n<tr>\n<td style='padding: 10px; border-bottom: 1px solid rgba(150&comma;150&comma;150&comma;0.2);'>DPM-5E<\/td>\n<td style='padding: 10px; border-bottom: 1px solid rgba(150&comma;150&comma;150&comma;0.2);'>400-960<\/td>\n<td style='padding: 10px; border-bottom: 1px solid rgba(150&comma;150&comma;150&comma;0.2);'>125 mW to 5 W<\/td>\n<td style='padding: 10px; border-bottom: 1px solid rgba(150&comma;150&comma;150&comma;0.2);'>12.5 mW to 500 mW<\/td>\n<td style='padding: 10px; border-bottom: 1px solid rgba(150&comma;150&comma;150&comma;0.2);'>DPM-5E<\/td>\n<td style='padding: 10px; border-bottom: 1px solid rgba(150&comma;150&comma;150&comma;0.2);'>DPM-.5E<\/td>\n<\/tr>\n<tr>\n<td style='padding: 10px; border-bottom: 1px solid rgba(150&comma;150&comma;150&comma;0.2); background-color: rgba(0&comma;0&comma;0&comma;0.05); font-weight: bold;'>DPM-50E<\/td>\n<td style='padding: 10px; border-bottom: 1px solid rgba(150&comma;150&comma;150&comma;0.2); background-color: rgba(0&comma;0&comma;0&comma;0.05); font-weight: bold;'>400-960<\/td>\n<td style='padding: 10px; border-bottom: 1px solid rgba(150&comma;150&comma;150&comma;0.2); background-color: rgba(0&comma;0&comma;0&comma;0.05); font-weight: bold;'>1.25 W to 50 W<\/td>\n<td style='padding: 10px; border-bottom: 1px solid rgba(150&comma;150&comma;150&comma;0.2);'>125 mW to 5 W<\/td>\n<td style='padding: 10px; border-bottom: 1px solid rgba(150&comma;150&comma;150&comma;0.2); background-color: rgba(0&comma;0&comma;0&comma;0.05); font-weight: bold;'>DPM-50E<\/td>\n<td style='padding: 10px; border-bottom: 1px solid rgba(150&comma;150&comma;150&comma;0.2);'>DPM-5E<\/td>\n<\/tr>\n<tr>\n<td style='padding: 10px; border-bottom: 1px solid rgba(150&comma;150&comma;150&comma;0.2);'>DPM-100E<\/td>\n<td style='padding: 10px; border-bottom: 1px solid rgba(150&comma;150&comma;150&comma;0.2);'>400-960<\/td>\n<td style='padding: 10px; border-bottom: 1px solid rgba(150&comma;150&comma;150&comma;0.2);'>2.5 W to 100 W<\/td>\n<td style='padding: 10px; border-bottom: 1px solid rgba(150&comma;150&comma;150&comma;0.2);'>250 mW to 10 W<\/td>\n<td style='padding: 10px; border-bottom: 1px solid rgba(150&comma;150&comma;150&comma;0.2);'>DPM-100E<\/td>\n<td style='padding: 10px; border-bottom: 1px solid rgba(150&comma;150&comma;150&comma;0.2);'>DPM-10E<\/td>\n<\/tr>\n<tr>\n<td style='padding: 10px; border-bottom: 1px solid rgba(150&comma;150&comma;150&comma;0.2);'>DPM-500E<\/td>\n<td style='padding: 10px; border-bottom: 1px solid rgba(150&comma;150&comma;150&comma;0.2);'>400-960<\/td>\n<td style='padding: 10px; border-bottom: 1px solid rgba(150&comma;150&comma;150&comma;0.2);'>12.5 W to 500 W<\/td>\n<td style='padding: 10px; border-bottom: 1px solid rgba(150&comma;150&comma;150&comma;0.2);'>1.25 W to 50 W<\/td>\n<td style='padding: 10px; border-bottom: 1px solid rgba(150&comma;150&comma;150&comma;0.2);'>DPM-500E<\/td>\n<td style='padding: 10px; border-bottom: 1px solid rgba(150&comma;150&comma;150&comma;0.2);'>DPM-50E<\/td>\n<\/tr>\n<tr>\n<td style='padding: 10px; border-bottom: 1px solid rgba(150&comma;150&comma;150&comma;0.2);'>DPM-1000E<\/td>\n<td style='padding: 10px; border-bottom: 1px solid rgba(150&comma;150&comma;150&comma;0.2);'>400-960<\/td>\n<td style='padding: 10px; border-bottom: 1px solid rgba(150&comma;150&comma;150&comma;0.2);'>25 W to 1.0 kW<\/td>\n<td style='padding: 10px; border-bottom: 1px solid rgba(150&comma;150&comma;150&comma;0.2);'>2.5 W to 100 W<\/td>\n<td style='padding: 10px; border-bottom: 1px solid rgba(150&comma;150&comma;150&comma;0.2);'>DPM-1000E<\/td>\n<td style='padding: 10px; border-bottom: 1px solid rgba(150&comma;150&comma;150&comma;0.2);'>DPM-100E<\/td>\n<\/tr>\n<tr>\n<td style='padding: 10px; border-bottom: 1px solid rgba(150&comma;150&comma;150&comma;0.2);'>DPM-5J<\/td>\n<td style='padding: 10px; border-bottom: 1px solid rgba(150&comma;150&comma;150&comma;0.2);'>950-1260<\/td>\n<td style='padding: 10px; border-bottom: 1px solid rgba(150&comma;150&comma;150&comma;0.2);'>125 mW to 5 W<\/td>\n<td style='padding: 10px; border-bottom: 1px solid rgba(150&comma;150&comma;150&comma;0.2);'>12.5 mW to 500 mW<\/td>\n<td style='padding: 10px; border-bottom: 1px solid rgba(150&comma;150&comma;150&comma;0.2);'>DPM-5J<\/td>\n<td style='padding: 10px; border-bottom: 1px solid rgba(150&comma;150&comma;150&comma;0.2);'>DPM-.5J<\/td>\n<\/tr>\n<tr>\n<td style='padding: 10px; border-bottom: 1px solid rgba(150&comma;150&comma;150&comma;0.2);'>DPM-50J<\/td>\n<td style='padding: 10px; border-bottom: 1px solid rgba(150&comma;150&comma;150&comma;0.2);'>950-1260<\/td>\n<td style='padding: 10px; border-bottom: 1px solid rgba(150&comma;150&comma;150&comma;0.2);'>1.25 W to 50 W<\/td>\n<td style='padding: 10px; border-bottom: 1px solid rgba(150&comma;150&comma;150&comma;0.2);'>125 mW to 5 W<\/td>\n<td style='padding: 10px; border-bottom: 1px solid rgba(150&comma;150&comma;150&comma;0.2);'>DPM-50J<\/td>\n<td style='padding: 10px; border-bottom: 1px solid rgba(150&comma;150&comma;150&comma;0.2);'>DPM-5J<\/td>\n<\/tr>\n<tr>\n<td style='padding: 10px; border-bottom: 1px solid rgba(150&comma;150&comma;150&comma;0.2);'>DPM-5K<\/td>\n<td style='padding: 10px; border-bottom: 1px solid rgba(150&comma;150&comma;150&comma;0.2);'>1100-1800<\/td>\n<td style='padding: 10px; border-bottom: 1px solid rgba(150&comma;150&comma;150&comma;0.2);'>125 mW to 5 W<\/td>\n<td style='padding: 10px; border-bottom: 1px solid rgba(150&comma;150&comma;150&comma;0.2);'>12.5 mW to 500 mW<\/td>\n<td style='padding: 10px; border-bottom: 1px solid rgba(150&comma;150&comma;150&comma;0.2);'>DPM-5K<\/td>\n<td style='padding: 10px; border-bottom: 1px solid rgba(150&comma;150&comma;150&comma;0.2);'>DPM-.5K<\/td>\n<\/tr>\n<tr>\n<td style='padding: 10px; border-bottom: 1px solid rgba(150&comma;150&comma;150&comma;0.2);'>DPM-50K<\/td>\n<td style='padding: 10px; border-bottom: 1px solid rgba(150&comma;150&comma;150&comma;0.2);'>1100-1800<\/td>\n<td style='padding: 10px; border-bottom: 1px solid rgba(150&comma;150&comma;150&comma;0.2);'>1.25 W to 50 W<\/td>\n<td style='padding: 10px; border-bottom: 1px solid rgba(150&comma;150&comma;150&comma;0.2);'>125 mW to 5 W<\/td>\n<td style='padding: 10px; border-bottom: 1px solid rgba(150&comma;150&comma;150&comma;0.2);'>DPM-50K<\/td>\n<td style='padding: 10px; border-bottom: 1px solid rgba(150&comma;150&comma;150&comma;0.2);'>DPM-5K<\/td>\n<\/tr>\n<tr>\n<td style='padding: 10px; border-bottom: 1px solid rgba(150&comma;150&comma;150&comma;0.2);'>DPM-5L1<\/td>\n<td style='padding: 10px; border-bottom: 1px solid rgba(150&comma;150&comma;150&comma;0.2);'>1700-1990<\/td>\n<td style='padding: 10px; border-bottom: 1px solid rgba(150&comma;150&comma;150&comma;0.2);'>125 mW to 5 W<\/td>\n<td style='padding: 10px; border-bottom: 1px solid rgba(150&comma;150&comma;150&comma;0.2);'>12.5 mW to 500 mW<\/td>\n<td style='padding: 10px; border-bottom: 1px solid rgba(150&comma;150&comma;150&comma;0.2);'>DPM-5L1<\/td>\n<td style='padding: 10px; border-bottom: 1px solid rgba(150&comma;150&comma;150&comma;0.2);'>DPM-.5L1<\/td>\n<\/tr>\n<tr>\n<td style='padding: 10px; border-bottom: 1px solid rgba(150&comma;150&comma;150&comma;0.2);'>DPM-50L1<\/td>\n<td style='padding: 10px; border-bottom: 1px solid rgba(150&comma;150&comma;150&comma;0.2);'>1700-1990<\/td>\n<td style='padding: 10px; border-bottom: 1px solid rgba(150&comma;150&comma;150&comma;0.2);'>1.25 W to 50 W<\/td>\n<td style='padding: 10px; border-bottom: 1px solid rgba(150&comma;150&comma;150&comma;0.2);'>125 mW to 5 W<\/td>\n<td style='padding: 10px; border-bottom: 1px solid rgba(150&comma;150&comma;150&comma;0.2);'>DPM-50L1<\/td>\n<td style='padding: 10px; border-bottom: 1px solid rgba(150&comma;150&comma;150&comma;0.2);'>DPM-5L1<\/td>\n<\/tr>\n<tr>\n<td style='padding: 10px; border-bottom: 1px solid rgba(150&comma;150&comma;150&comma;0.2);'>DPM-500L1<\/td>\n<td style='padding: 10px; border-bottom: 1px solid rgba(150&comma;150&comma;150&comma;0.2);'>1700-1990<\/td>\n<td style='padding: 10px; border-bottom: 1px solid rgba(150&comma;150&comma;150&comma;0.2);'>12.5 W to 500 W<\/td>\n<td style='padding: 10px; border-bottom: 1px solid rgba(150&comma;150&comma;150&comma;0.2);'>1.25 W to 50 W<\/td>\n<td style='padding: 10px; border-bottom: 1px solid rgba(150&comma;150&comma;150&comma;0.2);'>DPM-500L1<\/td>\n<td style='padding: 10px; border-bottom: 1px solid rgba(150&comma;150&comma;150&comma;0.2);'>DPM-50L1<\/td>\n<\/tr>\n<tr>\n<td style='padding: 10px; border-bottom: 1px solid rgba(150&comma;150&comma;150&comma;0.2);'>DPM-5L2<\/td>\n<td style='padding: 10px; border-bottom: 1px solid rgba(150&comma;150&comma;150&comma;0.2);'>1990-2200<\/td>\n<td style='padding: 10px; border-bottom: 1px solid rgba(150&comma;150&comma;150&comma;0.2);'>125 mW to 5 W<\/td>\n<td style='padding: 10px; border-bottom: 1px solid rgba(150&comma;150&comma;150&comma;0.2);'>12.5 mW to 500 mW<\/td>\n<td style='padding: 10px; border-bottom: 1px solid rgba(150&comma;150&comma;150&comma;0.2);'>DPM-5L2<\/td>\n<td style='padding: 10px; border-bottom: 1px solid rgba(150&comma;150&comma;150&comma;0.2);'>DPM-.5L2<\/td>\n<\/tr>\n<tr>\n<td style='padding: 10px; border-bottom: 1px solid rgba(150&comma;150&comma;150&comma;0.2);'>DPM-50L2<\/td>\n<td style='padding: 10px; border-bottom: 1px solid rgba(150&comma;150&comma;150&comma;0.2);'>1990-2200<\/td>\n<td style='padding: 10px; border-bottom: 1px solid rgba(150&comma;150&comma;150&comma;0.2);'>1.25 W to 50 W<\/td>\n<td style='padding: 10px; border-bottom: 1px solid rgba(150&comma;150&comma;150&comma;0.2);'>125 mW to 5 W<\/td>\n<td style='padding: 10px; border-bottom: 1px solid rgba(150&comma;150&comma;150&comma;0.2);'>DPM-50L2<\/td>\n<td style='padding: 10px; border-bottom: 1px solid rgba(150&comma;150&comma;150&comma;0.2);'>DPM-5L2<\/td>\n<\/tr>\n<tr>\n<td style='padding: 10px; border-bottom: 1px solid rgba(150&comma;150&comma;150&comma;0.2);'>DPM-5M<\/td>\n<td style='padding: 10px; border-bottom: 1px solid rgba(150&comma;150&comma;150&comma;0.2);'>2200-2300<\/td>\n<td style='padding: 10px; border-bottom: 1px solid rgba(150&comma;150&comma;150&comma;0.2);'>125 mW to 5 W<\/td>\n<td style='padding: 10px; border-bottom: 1px solid rgba(150&comma;150&comma;150&comma;0.2);'>12.5 mW to 500 mW<\/td>\n<td style='padding: 10px; border-bottom: 1px solid rgba(150&comma;150&comma;150&comma;0.2);'>DPM-5M<\/td>\n<td style='padding: 10px; border-bottom: 1px solid rgba(150&comma;150&comma;150&comma;0.2);'>DPM-.5M<\/td>\n<\/tr>\n<tr>\n<td style='padding: 10px; border-bottom: 1px solid rgba(150&comma;150&comma;150&comma;0.2);'>DPM-25M<\/td>\n<td style='padding: 10px; border-bottom: 1px solid rgba(150&comma;150&comma;150&comma;0.2);'>2200-2300<\/td>\n<td style='padding: 10px; border-bottom: 1px solid rgba(150&comma;150&comma;150&comma;0.2);'>625 mW to 25 W<\/td>\n<td style='padding: 10px; border-bottom: 1px solid rgba(150&comma;150&comma;150&comma;0.2);'>62.5 mW to 2.5 W<\/td>\n<td style='padding: 10px; border-bottom: 1px solid rgba(150&comma;150&comma;150&comma;0.2);'>DPM-25M<\/td>\n<td style='padding: 10px; border-bottom: 1px solid rgba(150&comma;150&comma;150&comma;0.2);'>DPM-2.5M<\/td>\n<\/tr>\n<tr>\n<td style='padding: 10px; border-bottom: 1px solid rgba(150&comma;150&comma;150&comma;0.2);'>DPM-5N<\/td>\n<td style='padding: 10px; border-bottom: 1px solid rgba(150&comma;150&comma;150&comma;0.2);'>2300-2500<\/td>\n<td style='padding: 10px; border-bottom: 1px solid rgba(150&comma;150&comma;150&comma;0.2);'>125 mW to 5 W<\/td>\n<td style='padding: 10px; border-bottom: 1px solid rgba(150&comma;150&comma;150&comma;0.2);'>12.5 mW to 500 mW<\/td>\n<td style='padding: 10px; border-bottom: 1px solid rgba(150&comma;150&comma;150&comma;0.2);'>DPM-5N<\/td>\n<td style='padding: 10px; border-bottom: 1px solid rgba(150&comma;150&comma;150&comma;0.2);'>DPM-.5N<\/td>\n<\/tr>\n<tr>\n<td style='padding: 10px; border-bottom: 1px solid rgba(150&comma;150&comma;150&comma;0.2);'>DPM-5R<\/td>\n<td style='padding: 10px; border-bottom: 1px solid rgba(150&comma;150&comma;150&comma;0.2);'>2500-2700<\/td>\n<td style='padding: 10px; border-bottom: 1px solid rgba(150&comma;150&comma;150&comma;0.2);'>125 mW to 5 W<\/td>\n<td style='padding: 10px; border-bottom: 1px solid rgba(150&comma;150&comma;150&comma;0.2);'>12.5 mW to 500 mW<\/td>\n<td style='padding: 10px; border-bottom: 1px solid rgba(150&comma;150&comma;150&comma;0.2);'>DPM-5R<\/td>\n<td style='padding: 10px; border-bottom: 1px solid rgba(150&comma;150&comma;150&comma;0.2);'>DPM-.5R<\/td>\n<\/tr>\n<\/tbody>\n<\/table><\/div>\n<p> <!-- Nota final --> <\/p>\n<div style='margin-top: 15px; color: inherit; font-size: 14px;'>\n<p style='margin: 0; color: inherit;'><strong>*Pregunte por tiempo de entrega.<\/strong><\/p>\n<\/p><\/div>\n<\/p><\/div>\n","protected":false},"excerpt":{"rendered":"<p>Elemento DPM de 400-960 MHz en Sensor 5010 \/ 5014, con potencia de Salida de 1.25-50 W.<\/p>\n","protected":false},"featured_media":63111,"comment_status":"open","ping_status":"closed","template":"","meta":[],"product_brand":[],"product_cat":[1639],"product_tag":[1641,931,1640],"class_list":{"0":"post-63112","1":"product","2":"type-product","3":"status-publish","4":"has-post-thumbnail","6":"product_cat-wattmetros-y-elementos","7":"product_tag-bird-technologies","8":"product_tag-equipo-de-laboratorio","9":"product_tag-wattmetros-y-elementos","11":"first","12":"instock","13":"sale","14":"shipping-taxable","15":"purchasable","16":"product-type-simple"},"_links":{"self":[{"href":"https:\/\/soydeaqui.ddns.net\/pachuca\/index.php\/wp-json\/wp\/v2\/product\/63112","targetHints":{"allow":["GET"]}}],"collection":[{"href":"https:\/\/soydeaqui.ddns.net\/pachuca\/index.php\/wp-json\/wp\/v2\/product"}],"about":[{"href":"https:\/\/soydeaqui.ddns.net\/pachuca\/index.php\/wp-json\/wp\/v2\/types\/product"}],"replies":[{"embeddable":true,"href":"https:\/\/soydeaqui.ddns.net\/pachuca\/index.php\/wp-json\/wp\/v2\/comments?post=63112"}],"wp:featuredmedia":[{"embeddable":true,"href":"https:\/\/soydeaqui.ddns.net\/pachuca\/index.php\/wp-json\/wp\/v2\/media\/63111"}],"wp:attachment":[{"href":"https:\/\/soydeaqui.ddns.net\/pachuca\/index.php\/wp-json\/wp\/v2\/media?parent=63112"}],"wp:term":[{"taxonomy":"product_brand","embeddable":true,"href":"https:\/\/soydeaqui.ddns.net\/pachuca\/index.php\/wp-json\/wp\/v2\/product_brand?post=63112"},{"taxonomy":"product_cat","embeddable":true,"href":"https:\/\/soydeaqui.ddns.net\/pachuca\/index.php\/wp-json\/wp\/v2\/product_cat?post=63112"},{"taxonomy":"product_tag","embeddable":true,"href":"https:\/\/soydeaqui.ddns.net\/pachuca\/index.php\/wp-json\/wp\/v2\/product_tag?post=63112"}],"curies":[{"name":"wp","href":"https:\/\/api.w.org\/{rel}","templated":true}]}}