{"id":63106,"date":"2026-03-19T07:03:29","date_gmt":"2026-03-19T07:03:29","guid":{"rendered":"https:\/\/soydeaqui.ddns.net\/pachuca\/index.php\/producto\/elemento-dpm-de-400-960-mhz-en-sensor-5010-5014-con-potencia-reflejada-de-125-mw-5-w\/"},"modified":"2026-03-19T07:03:30","modified_gmt":"2026-03-19T07:03:30","slug":"elemento-dpm-de-400-960-mhz-en-sensor-5010-5014-con-potencia-reflejada-de-125-mw-5-w","status":"publish","type":"product","link":"https:\/\/soydeaqui.ddns.net\/pachuca\/index.php\/producto\/elemento-dpm-de-400-960-mhz-en-sensor-5010-5014-con-potencia-reflejada-de-125-mw-5-w\/","title":{"rendered":"Elemento DPM de 400-960 MHz en Sensor 5010 \/ 5014, con potencia reflejada de 125 mW-5 W."},"content":{"rendered":"<div style='width: 100%; max-width: 1200px; margin: 0 auto; font-family: sans-serif; line-height: 1.6; color: inherit; background-color: transparent;'>\n<div style='display: flex; flex-wrap: wrap; gap: 30px; margin-bottom: 30px;'>\n<div style='flex: 1 1 300px; min-width: 280px;'>\n<h3 style='font-size: 22px; border-bottom: 2px solid currentColor; padding-bottom: 5px; margin-top: 0; color: inherit; opacity: 0.8;'>Caracter\u00edsticas principales<\/h3>\n<ul style='padding-left: 20px; font-size: 15px; color: inherit;'>\n<li style='margin-bottom: 5px;'>Los elementos DPM est\u00e1n dise\u00f1ados para utilizarse con los sensores digitales de potencia de la serie 5010 \/ 5014.<\/li>\n<li style='margin-bottom: 5px;'>Usando el dise\u00f1o familiar de elementos de forma&comma; el Elemento DPM puede medir con precisi\u00f3n la potencia promedio real.<\/li>\n<li style='margin-bottom: 5px;'>Todos los elementos ensamblables est\u00e1n calibrados de acuerdo a los minuciosos procedimientos de calibraci\u00f3n BIRD&comma; avalados por un largo historial de valores de desviaci\u00f3n media para asegurar la certificaci\u00f3n a las especificaciones estipuladas de los instrumentos actuales&comma; as\u00ed como la intercambiabilidad en campo con equipos comprados desde su inicio.<\/li>\n<\/ul><\/div>\n<\/p><\/div>\n<div style='display: flex; flex-wrap: wrap; gap: 20px; margin-bottom: 30px;'>\n<div style='flex: 1 1 250px; border: 1px solid rgba(150&comma; 150&comma; 150&comma; 0.4); border-radius: 8px; overflow: hidden; display: flex; flex-direction: column;'>\n<div style='padding: 15px; border-bottom: 1px solid rgba(150&comma; 150&comma; 150&comma; 0.2); font-weight: bold; font-size: 18px; color: inherit;'>Especificaciones t\u00e9cnicas<\/div>\n<div style='padding: 15px; color: inherit;'>\n<table style='width: 100%; border-collapse: collapse; font-size: 14px;'>\n<thead>\n<tr style='border-bottom: 2px solid rgba(150&comma;150&comma;150&comma;0.3);'>\n<th style='padding: 10px; text-align: left;'>Model<\/th>\n<th style='padding: 10px; text-align: left;'>Freq. Range (MHz)<\/th>\n<th style='padding: 10px; text-align: left;'>FWD Power<\/th>\n<th style='padding: 10px; text-align: left;'>RFL Power<\/th>\n<th style='padding: 10px; text-align: left;'>FWD Element<\/th>\n<th style='padding: 10px; text-align: left;'>RFL Element<\/th>\n<\/tr>\n<\/thead>\n<tbody>\n<tr style='border-bottom: 1px solid rgba(150&comma;150&comma;150&comma;0.2);'>\n<td style='padding: 10px;'>DPM-50H<\/td>\n<td style='padding: 10px;'>2-30<\/td>\n<td style='padding: 10px;'>1.25 W to 50 W<\/td>\n<td style='padding: 10px;'>125 mW to 5 W<\/td>\n<td style='padding: 10px;'>DPM-50H<\/td>\n<td style='padding: 10px;'>DPM-5H<\/td>\n<\/tr>\n<tr style='border-bottom: 1px solid rgba(150&comma;150&comma;150&comma;0.2);'>\n<td style='padding: 10px;'>DPM-500H<\/td>\n<td style='padding: 10px;'>2-30<\/td>\n<td style='padding: 10px;'>12.5 W to 500 W<\/td>\n<td style='padding: 10px;'>1.25 W to 50 W<\/td>\n<td style='padding: 10px;'>DPM-500H<\/td>\n<td style='padding: 10px;'>DPM-50H<\/td>\n<\/tr>\n<tr style='border-bottom: 1px solid rgba(150&comma;150&comma;150&comma;0.2);'>\n<td style='padding: 10px;'>DPM-50A<\/td>\n<td style='padding: 10px;'>25-60<\/td>\n<td style='padding: 10px;'>1.25 W to 50 W<\/td>\n<td style='padding: 10px;'>125 mW to 5 W<\/td>\n<td style='padding: 10px;'>DPM-50A<\/td>\n<td style='padding: 10px;'>DPM-5A<\/td>\n<\/tr>\n<tr style='border-bottom: 1px solid rgba(150&comma;150&comma;150&comma;0.2);'>\n<td style='padding: 10px;'>DPM-500A<\/td>\n<td style='padding: 10px;'>25-60<\/td>\n<td style='padding: 10px;'>12.5 W to 500 W<\/td>\n<td style='padding: 10px;'>1.25 W to 50 W<\/td>\n<td style='padding: 10px;'>DPM-500A<\/td>\n<td style='padding: 10px;'>DPM-50A<\/td>\n<\/tr>\n<tr style='border-bottom: 1px solid rgba(150&comma;150&comma;150&comma;0.2);'>\n<td style='padding: 10px;'>DPM50B<\/td>\n<td style='padding: 10px;'>50-125<\/td>\n<td style='padding: 10px;'>1.25 W to 50 W<\/td>\n<td style='padding: 10px;'>125 mW to 5 W<\/td>\n<td style='padding: 10px;'>DPM-50B<\/td>\n<td style='padding: 10px;'>DPM-5B<\/td>\n<\/tr>\n<tr style='border-bottom: 1px solid rgba(150&comma;150&comma;150&comma;0.2);'>\n<td style='padding: 10px;'>DPM-500B<\/td>\n<td style='padding: 10px;'>50-125<\/td>\n<td style='padding: 10px;'>12.5 W to 500 W<\/td>\n<td style='padding: 10px;'>1.25 W to 50 W<\/td>\n<td style='padding: 10px;'>DPM-500B<\/td>\n<td style='padding: 10px;'>DPM-50B<\/td>\n<\/tr>\n<tr style='border-bottom: 1px solid rgba(150&comma;150&comma;150&comma;0.2);'>\n<td style='padding: 10px;'>DPM-1000B<\/td>\n<td style='padding: 10px;'>50-125<\/td>\n<td style='padding: 10px;'>25 W to 1.0 kW<\/td>\n<td style='padding: 10px;'>2.5 W to 100 W<\/td>\n<td style='padding: 10px;'>DPM-1000B<\/td>\n<td style='padding: 10px;'>DPM-100B<\/td>\n<\/tr>\n<tr style='border-bottom: 1px solid rgba(150&comma;150&comma;150&comma;0.2);'>\n<td style='padding: 10px;'>DPM-50C<\/td>\n<td style='padding: 10px;'>100-250<\/td>\n<td style='padding: 10px;'>1.25 W to 50 W<\/td>\n<td style='padding: 10px;'>125 mW to 5 W<\/td>\n<td style='padding: 10px;'>DPM-50C<\/td>\n<td style='padding: 10px;'>DPM-5C<\/td>\n<\/tr>\n<tr style='border-bottom: 1px solid rgba(150&comma;150&comma;150&comma;0.2);'>\n<td style='padding: 10px;'>DPM-500C<\/td>\n<td style='padding: 10px;'>100-250<\/td>\n<td style='padding: 10px;'>12.5 W to 500 W<\/td>\n<td style='padding: 10px;'>1.25 W to 50 W<\/td>\n<td style='padding: 10px;'>DPM-500C<\/td>\n<td style='padding: 10px;'>DPM-50C<\/td>\n<\/tr>\n<tr style='border-bottom: 1px solid rgba(150&comma;150&comma;150&comma;0.2);'>\n<td style='padding: 10px;'>DPM-2500C<\/td>\n<td style='padding: 10px;'>100-250<\/td>\n<td style='padding: 10px;'>62.5 W to 2.5 kW<\/td>\n<td style='padding: 10px;'>6.25 W to 250 W<\/td>\n<td style='padding: 10px;'>DPM-2500C<\/td>\n<td style='padding: 10px;'>DPM-250C<\/td>\n<\/tr>\n<tr style='border-bottom: 1px solid rgba(150&comma;150&comma;150&comma;0.2);'>\n<td style='padding: 10px;'>DPM-5D<\/td>\n<td style='padding: 10px;'>200-500<\/td>\n<td style='padding: 10px;'>125 mW to 5 W<\/td>\n<td style='padding: 10px;'>12.5 mW to 500 mW<\/td>\n<td style='padding: 10px;'>DPM-5D<\/td>\n<td style='padding: 10px;'>DPM-.5D<\/td>\n<\/tr>\n<tr style='border-bottom: 1px solid rgba(150&comma;150&comma;150&comma;0.2);'>\n<td style='padding: 10px;'>DPM-50D<\/td>\n<td style='padding: 10px;'>200-500<\/td>\n<td style='padding: 10px;'>1.25 W to 50 W<\/td>\n<td style='padding: 10px;'>125 mW to 5 W<\/td>\n<td style='padding: 10px;'>DPM-50D<\/td>\n<td style='padding: 10px;'>DPM-5D<\/td>\n<\/tr>\n<tr style='border-bottom: 1px solid rgba(150&comma;150&comma;150&comma;0.2);'>\n<td style='padding: 10px;'>DPM-500D<\/td>\n<td style='padding: 10px;'>200-500<\/td>\n<td style='padding: 10px;'>12.5 W to 500 W<\/td>\n<td style='padding: 10px;'>1.25 W to 50 W<\/td>\n<td style='padding: 10px;'>DPM-500D<\/td>\n<td style='padding: 10px;'>DPM-50D<\/td>\n<\/tr>\n<tr style='border-bottom: 1px solid rgba(150&comma;150&comma;150&comma;0.2);'>\n<td style='padding: 10px;'><strong>DPM-5E<\/strong><\/td>\n<td style='padding: 10px;'><strong>400-960<\/strong><\/td>\n<td style='padding: 10px;'><strong>125 mW to 5 W<\/strong><\/td>\n<td style='padding: 10px;'>12.5 mW to 500 mW<\/td>\n<td style='padding: 10px;'><strong>DPM-5E<\/strong><\/td>\n<td style='padding: 10px;'>DPM-.5E<\/td>\n<\/tr>\n<tr style='border-bottom: 1px solid rgba(150&comma;150&comma;150&comma;0.2);'>\n<td style='padding: 10px;'>DPM-50E<\/td>\n<td style='padding: 10px;'>400-960<\/td>\n<td style='padding: 10px;'>1.25 W to 50 W<\/td>\n<td style='padding: 10px;'>125 mW to 5 W<\/td>\n<td style='padding: 10px;'>DPM-50E<\/td>\n<td style='padding: 10px;'>DPM-5E<\/td>\n<\/tr>\n<tr style='border-bottom: 1px solid rgba(150&comma;150&comma;150&comma;0.2);'>\n<td style='padding: 10px;'>DPM-100E<\/td>\n<td style='padding: 10px;'>400-960<\/td>\n<td style='padding: 10px;'>2.5 W to 100 W<\/td>\n<td style='padding: 10px;'>250 mW to 10 W<\/td>\n<td style='padding: 10px;'>DPM-100E<\/td>\n<td style='padding: 10px;'>DPM-10E<\/td>\n<\/tr>\n<tr style='border-bottom: 1px solid rgba(150&comma;150&comma;150&comma;0.2);'>\n<td style='padding: 10px;'>DPM-500E<\/td>\n<td style='padding: 10px;'>400-960<\/td>\n<td style='padding: 10px;'>12.5 W to 500 W<\/td>\n<td style='padding: 10px;'>1.25 W to 50 W<\/td>\n<td style='padding: 10px;'>DPM-500E<\/td>\n<td style='padding: 10px;'>DPM-50E<\/td>\n<\/tr>\n<tr style='border-bottom: 1px solid rgba(150&comma;150&comma;150&comma;0.2);'>\n<td style='padding: 10px;'>DPM-1000E<\/td>\n<td style='padding: 10px;'>400-960<\/td>\n<td style='padding: 10px;'>25 W to 1.0 kW<\/td>\n<td style='padding: 10px;'>2.5 W to 100 W<\/td>\n<td style='padding: 10px;'>DPM-1000E<\/td>\n<td style='padding: 10px;'>DPM-100E<\/td>\n<\/tr>\n<tr style='border-bottom: 1px solid rgba(150&comma;150&comma;150&comma;0.2);'>\n<td style='padding: 10px;'>DPM-5J<\/td>\n<td style='padding: 10px;'>950-1260<\/td>\n<td style='padding: 10px;'>125 mW to 5 W<\/td>\n<td style='padding: 10px;'>12.5 mW to 500 mW<\/td>\n<td style='padding: 10px;'>DPM-5J<\/td>\n<td style='padding: 10px;'>DPM-.5J<\/td>\n<\/tr>\n<tr style='border-bottom: 1px solid rgba(150&comma;150&comma;150&comma;0.2);'>\n<td style='padding: 10px;'>DPM-50J<\/td>\n<td style='padding: 10px;'>950-1260<\/td>\n<td style='padding: 10px;'>1.25 W to 50 W<\/td>\n<td style='padding: 10px;'>125 mW to 5 W<\/td>\n<td style='padding: 10px;'>DPM-50J<\/td>\n<td style='padding: 10px;'>DPM-5J<\/td>\n<\/tr>\n<tr style='border-bottom: 1px solid rgba(150&comma;150&comma;150&comma;0.2);'>\n<td style='padding: 10px;'>DPM-5K<\/td>\n<td style='padding: 10px;'>1100-1800<\/td>\n<td style='padding: 10px;'>125 mW to 5 W<\/td>\n<td style='padding: 10px;'>12.5 mW to 500 mW<\/td>\n<td style='padding: 10px;'>DPM-5K<\/td>\n<td style='padding: 10px;'>DPM-.5K<\/td>\n<\/tr>\n<tr style='border-bottom: 1px solid rgba(150&comma;150&comma;150&comma;0.2);'>\n<td style='padding: 10px;'>DPM-50K<\/td>\n<td style='padding: 10px;'>1100-1800<\/td>\n<td style='padding: 10px;'>1.25 W to 50 W<\/td>\n<td style='padding: 10px;'>125 mW to 5 W<\/td>\n<td style='padding: 10px;'>DPM-50K<\/td>\n<td style='padding: 10px;'>DPM-5K<\/td>\n<\/tr>\n<tr style='border-bottom: 1px solid rgba(150&comma;150&comma;150&comma;0.2);'>\n<td style='padding: 10px;'>DPM-5L1<\/td>\n<td style='padding: 10px;'>1700-1990<\/td>\n<td style='padding: 10px;'>125 mW to 5 W<\/td>\n<td style='padding: 10px;'>12.5 mW to 500 mW<\/td>\n<td style='padding: 10px;'>DPM-5L1<\/td>\n<td style='padding: 10px;'>DPM-.5L1<\/td>\n<\/tr>\n<tr style='border-bottom: 1px solid rgba(150&comma;150&comma;150&comma;0.2);'>\n<td style='padding: 10px;'>DPM-50L1<\/td>\n<td style='padding: 10px;'>1700-1990<\/td>\n<td style='padding: 10px;'>1.25 W to 50 W<\/td>\n<td style='padding: 10px;'>125 mW to 5 W<\/td>\n<td style='padding: 10px;'>DPM-50L1<\/td>\n<td style='padding: 10px;'>DPM-5L1<\/td>\n<\/tr>\n<tr style='border-bottom: 1px solid rgba(150&comma;150&comma;150&comma;0.2);'>\n<td style='padding: 10px;'>DPM-500L1<\/td>\n<td style='padding: 10px;'>1700-1990<\/td>\n<td style='padding: 10px;'>12.5 W to 500 W<\/td>\n<td style='padding: 10px;'>1.25 W to 50 W<\/td>\n<td style='padding: 10px;'>DPM-500L1<\/td>\n<td style='padding: 10px;'>DPM-50L1<\/td>\n<\/tr>\n<tr style='border-bottom: 1px solid rgba(150&comma;150&comma;150&comma;0.2);'>\n<td style='padding: 10px;'>DPM-5L2<\/td>\n<td style='padding: 10px;'>1990-2200<\/td>\n<td style='padding: 10px;'>125 mW to 5 W<\/td>\n<td style='padding: 10px;'>12.5 mW to 500 mW<\/td>\n<td style='padding: 10px;'>DPM-5L2<\/td>\n<td style='padding: 10px;'>DPM-.5L2<\/td>\n<\/tr>\n<tr style='border-bottom: 1px solid rgba(150&comma;150&comma;150&comma;0.2);'>\n<td style='padding: 10px;'>DPM-50L2<\/td>\n<td style='padding: 10px;'>1990-2200<\/td>\n<td style='padding: 10px;'>1.25 W to 50 W<\/td>\n<td style='padding: 10px;'>125 mW to 5 W<\/td>\n<td style='padding: 10px;'>DPM-50L2<\/td>\n<td style='padding: 10px;'>DPM-5L2<\/td>\n<\/tr>\n<tr style='border-bottom: 1px solid rgba(150&comma;150&comma;150&comma;0.2);'>\n<td style='padding: 10px;'>DPM-5M<\/td>\n<td style='padding: 10px;'>2200-2300<\/td>\n<td style='padding: 10px;'>125 mW to 5 W<\/td>\n<td style='padding: 10px;'>12.5 mW to 500 mW<\/td>\n<td style='padding: 10px;'>DPM-5M<\/td>\n<td style='padding: 10px;'>DPM-.5M<\/td>\n<\/tr>\n<tr style='border-bottom: 1px solid rgba(150&comma;150&comma;150&comma;0.2);'>\n<td style='padding: 10px;'>DPM-25M<\/td>\n<td style='padding: 10px;'>2200-2300<\/td>\n<td style='padding: 10px;'>625 mW to 25 W<\/td>\n<td style='padding: 10px;'>62.5 mW to 2.5 W<\/td>\n<td style='padding: 10px;'>DPM-25M<\/td>\n<td style='padding: 10px;'>DPM-2.5M<\/td>\n<\/tr>\n<tr style='border-bottom: 1px solid rgba(150&comma;150&comma;150&comma;0.2);'>\n<td style='padding: 10px;'>DPM-5N<\/td>\n<td style='padding: 10px;'>2300-2500<\/td>\n<td style='padding: 10px;'>125 mW to 5 W<\/td>\n<td style='padding: 10px;'>12.5 mW to 500 mW<\/td>\n<td style='padding: 10px;'>DPM-5N<\/td>\n<td style='padding: 10px;'>DPM-.5N<\/td>\n<\/tr>\n<tr style='border-bottom: 1px solid rgba(150&comma;150&comma;150&comma;0.2);'>\n<td style='padding: 10px;'>DPM-5R<\/td>\n<td style='padding: 10px;'>2500-2700<\/td>\n<td style='padding: 10px;'>125 mW to 5 W<\/td>\n<td style='padding: 10px;'>12.5 mW to 500 mW<\/td>\n<td style='padding: 10px;'>DPM-5R<\/td>\n<td style='padding: 10px;'>DPM-.5R<\/td>\n<\/tr>\n<\/tbody>\n<\/table><\/div>\n<\/p><\/div>\n<\/p><\/div>\n<div style='margin-bottom: 30px; font-size: 15px; color: inherit;'> <strong>*Pregunte por tiempo de entrega.<\/strong> <\/div>\n<\/p><\/div>\n","protected":false},"excerpt":{"rendered":"<p>Elemento DPM de 400-960 MHz en Sensor 5010 \/ 5014, con potencia reflejada de 125 mW-5 W.<\/p>\n","protected":false},"featured_media":63105,"comment_status":"open","ping_status":"closed","template":"","meta":[],"product_brand":[],"product_cat":[1639],"product_tag":[1641,931,1640],"class_list":{"0":"post-63106","1":"product","2":"type-product","3":"status-publish","4":"has-post-thumbnail","6":"product_cat-wattmetros-y-elementos","7":"product_tag-bird-technologies","8":"product_tag-equipo-de-laboratorio","9":"product_tag-wattmetros-y-elementos","11":"first","12":"outofstock","13":"sale","14":"shipping-taxable","15":"purchasable","16":"product-type-simple"},"_links":{"self":[{"href":"https:\/\/soydeaqui.ddns.net\/pachuca\/index.php\/wp-json\/wp\/v2\/product\/63106","targetHints":{"allow":["GET"]}}],"collection":[{"href":"https:\/\/soydeaqui.ddns.net\/pachuca\/index.php\/wp-json\/wp\/v2\/product"}],"about":[{"href":"https:\/\/soydeaqui.ddns.net\/pachuca\/index.php\/wp-json\/wp\/v2\/types\/product"}],"replies":[{"embeddable":true,"href":"https:\/\/soydeaqui.ddns.net\/pachuca\/index.php\/wp-json\/wp\/v2\/comments?post=63106"}],"wp:featuredmedia":[{"embeddable":true,"href":"https:\/\/soydeaqui.ddns.net\/pachuca\/index.php\/wp-json\/wp\/v2\/media\/63105"}],"wp:attachment":[{"href":"https:\/\/soydeaqui.ddns.net\/pachuca\/index.php\/wp-json\/wp\/v2\/media?parent=63106"}],"wp:term":[{"taxonomy":"product_brand","embeddable":true,"href":"https:\/\/soydeaqui.ddns.net\/pachuca\/index.php\/wp-json\/wp\/v2\/product_brand?post=63106"},{"taxonomy":"product_cat","embeddable":true,"href":"https:\/\/soydeaqui.ddns.net\/pachuca\/index.php\/wp-json\/wp\/v2\/product_cat?post=63106"},{"taxonomy":"product_tag","embeddable":true,"href":"https:\/\/soydeaqui.ddns.net\/pachuca\/index.php\/wp-json\/wp\/v2\/product_tag?post=63106"}],"curies":[{"name":"wp","href":"https:\/\/api.w.org\/{rel}","templated":true}]}}