{"id":6310,"date":"2026-03-18T06:41:40","date_gmt":"2026-03-18T06:41:40","guid":{"rendered":"https:\/\/soydeaqui.ddns.net\/pachuca\/index.php\/producto\/sensor-de-ultra-baja-temperatura-compatible-unicamente-con-eaprogtwy\/"},"modified":"2026-03-18T06:41:40","modified_gmt":"2026-03-18T06:41:40","slug":"sensor-de-ultra-baja-temperatura-compatible-unicamente-con-eaprogtwy","status":"publish","type":"product","link":"https:\/\/soydeaqui.ddns.net\/pachuca\/index.php\/producto\/sensor-de-ultra-baja-temperatura-compatible-unicamente-con-eaprogtwy\/","title":{"rendered":"Sensor de Ultra baja Temperatura, compatible  \u00fanicamente con EAProGTWY"},"content":{"rendered":"<div style='width: 100%; max-width: 1200px; margin: 0 auto; font-family: sans-serif; line-height: 1.6; color: inherit; background-color: transparent;'> <!-- Secci\u00f3n de caracter\u00edsticas principales --> <\/p>\n<div style='display: flex; flex-wrap: wrap; gap: 30px; margin-bottom: 30px;'>\n<div style='flex: 1 1 300px; min-width: 280px;'>\n<h3 style='font-size: 22px; border-bottom: 2px solid currentColor; padding-bottom: 5px; margin-top: 0; color: inherit; opacity: 0.8;'>Caracter\u00edsticas Principales<\/h3>\n<ul style='padding-left: 20px; font-size: 15px; color: inherit;'>\n<li style='margin-bottom: 5px;'>Sonda de temperatura ultra baja de acero inoxidable (blanca)<\/li>\n<li style='margin-bottom: 5px;'>Rango de temperatura: -112\u00b0F a 32\u00b0F (-80\u00b0C a 0\u00b0C)<\/li>\n<li style='margin-bottom: 5px;'>Compatibilidad: Solo EA800-iP y EAProGTWY<\/li>\n<li style='margin-bottom: 5px;'>Cable de par trenzado de 22 AWG con longitud m\u00e1xima de 1&comma;000&#8242; (305 m)<\/li>\n<li style='margin-bottom: 5px;'>Robusta carcasa de acero inoxidable<\/li>\n<li style='margin-bottom: 5px;'>No debe colocarse en congeladores o refrigeradores<\/li>\n<\/ul><\/div>\n<p> <!-- Especificaciones f\u00edsicas --> <\/p>\n<div style='flex: 1 1 300px; min-width: 280px;'>\n<h3 style='font-size: 22px; border-bottom: 2px solid currentColor; padding-bottom: 5px; margin-top: 0; color: inherit; opacity: 0.8;'>Especificaciones F\u00edsicas<\/h3>\n<ul style='padding-left: 20px; font-size: 15px; color: inherit;'>\n<li style='margin-bottom: 5px;'><strong>Longitud del sensor:<\/strong> 3.35&#8242; (9.71 mm)<\/li>\n<li style='margin-bottom: 5px;'><strong>Di\u00e1metro del sensor:<\/strong> 0.25&#8242; (6.35 mm)<\/li>\n<li style='margin-bottom: 5px;'><strong>Longitud del cable:<\/strong> 23&#8242; (0.58 m) (se extiende hasta 1&comma;000&#8242; (305 m) con cable de extensi\u00f3n)<\/li>\n<li style='margin-bottom: 5px;'><strong>Peso:<\/strong> 0.80 oz (22.68 g)<\/li>\n<\/ul><\/div>\n<\/p><\/div>\n<p> <!-- Secci\u00f3n de consumo y accesorios --> <\/p>\n<div style='display: flex; flex-wrap: wrap; gap: 20px; margin-bottom: 30px;'>\n<div style='flex: 1 1 250px; border: 1px solid rgba(150&comma; 150&comma; 150&comma; 0.4); border-radius: 8px; overflow: hidden; display: flex; flex-direction: column;'>\n<div style='padding: 15px; border-bottom: 1px solid rgba(150&comma; 150&comma; 150&comma; 0.2); font-weight: bold; font-size: 18px; color: inherit;'>Consumo El\u00e9ctrico<\/div>\n<div style='padding: 15px; color: inherit;'>\n<ul style='padding-left: 20px; margin: 0; font-size: 14px; list-style-type: disc;'>\n<li style='margin-bottom: 5px;'><strong>Panel monitor conectado a 12VCD:<\/strong> 35mA<\/li>\n<li style='margin-bottom: 5px;'><strong>Panel monitor conectado a 24VCD:<\/strong> 100mA<\/li>\n<\/ul><\/div>\n<\/p><\/div>\n<div style='flex: 1 1 250px; border: 1px solid rgba(150&comma; 150&comma; 150&comma; 0.4); border-radius: 8px; overflow: hidden; display: flex; flex-direction: column;'>\n<div style='padding: 15px; border-bottom: 1px solid rgba(150&comma; 150&comma; 150&comma; 0.2); font-weight: bold; font-size: 18px; color: inherit;'>Compatibilidad<\/div>\n<div style='padding: 15px; color: inherit;'>\n<ul style='padding-left: 20px; margin: 0; font-size: 14px; list-style-type: disc;'>\n<li style='margin-bottom: 5px;'>EnviroAlert EA800<\/li>\n<li style='margin-bottom: 5px;'>EnviroAlert EA800-iP<\/li>\n<li style='margin-bottom: 5px;'>EA-WMFS<\/li>\n<\/ul><\/div>\n<\/p><\/div>\n<\/p><\/div>\n<p> <!-- Diagrama --> <\/p>\n<div style='margin-bottom: 30px;'>\n<h3 style='font-size: 22px; border-bottom: 2px solid currentColor; padding-bottom: 5px; margin-top: 0; color: inherit; opacity: 0.8;'>Diagrama de Conexi\u00f3n<\/h3>\n<p> <img style='width: 100%; height: auto; border: 1px solid rgba(150&comma;150&comma;150&comma;0.3); border-radius: 8px;' src='https:\/\/ftp3.syscom.mx\/usuarios\/fotos\/EA800IP\/77672-diagramaea800ip.png' alt='Diagrama de conexi\u00f3n del sensor TEMPULS' \/> <\/div>\n<p> <!-- Nota importante --> <\/p>\n<div style='margin-bottom: 30px;'>\n<h3 style='font-size: 22px; border-bottom: 2px solid currentColor; padding-bottom: 5px; margin-top: 0; color: inherit; opacity: 0.8;'>Notas de Instalaci\u00f3n<\/h3>\n<p style='font-size: 15px; color: inherit; margin-bottom: 15px;'>Este sensor debe utilizarse exclusivamente con los dispositivos especificados. No se recomienda su uso en entornos extremos como congeladores o refrigeradores. La instalaci\u00f3n debe realizarse con cable de extensi\u00f3n 22 AWG par trenzado para mantener la integridad de la se\u00f1al a largas distancias.<\/p>\n<\/p><\/div>\n<p> <!-- Separador --> <\/p>\n<hr style='border: 0; border-top: 1px solid rgba(150&comma; 150&comma; 150&comma; 0.3); margin: 30px 0;'> <\/div>\n","protected":false},"excerpt":{"rendered":"<p>Sensor de Ultra baja Temperatura, compatible  \u00fanicamente con EAProGTWY<\/p>\n","protected":false},"featured_media":6309,"comment_status":"open","ping_status":"closed","template":"","meta":[],"product_brand":[],"product_cat":[32],"product_tag":[19,33,431],"class_list":{"0":"post-6310","1":"product","2":"type-product","3":"status-publish","4":"has-post-thumbnail","6":"product_cat-temperatura","7":"product_tag-detectores-sensores","8":"product_tag-temperatura","9":"product_tag-winland-electronics","11":"first","12":"outofstock","13":"sale","14":"shipping-taxable","15":"purchasable","16":"product-type-simple"},"_links":{"self":[{"href":"https:\/\/soydeaqui.ddns.net\/pachuca\/index.php\/wp-json\/wp\/v2\/product\/6310","targetHints":{"allow":["GET"]}}],"collection":[{"href":"https:\/\/soydeaqui.ddns.net\/pachuca\/index.php\/wp-json\/wp\/v2\/product"}],"about":[{"href":"https:\/\/soydeaqui.ddns.net\/pachuca\/index.php\/wp-json\/wp\/v2\/types\/product"}],"replies":[{"embeddable":true,"href":"https:\/\/soydeaqui.ddns.net\/pachuca\/index.php\/wp-json\/wp\/v2\/comments?post=6310"}],"wp:featuredmedia":[{"embeddable":true,"href":"https:\/\/soydeaqui.ddns.net\/pachuca\/index.php\/wp-json\/wp\/v2\/media\/6309"}],"wp:attachment":[{"href":"https:\/\/soydeaqui.ddns.net\/pachuca\/index.php\/wp-json\/wp\/v2\/media?parent=6310"}],"wp:term":[{"taxonomy":"product_brand","embeddable":true,"href":"https:\/\/soydeaqui.ddns.net\/pachuca\/index.php\/wp-json\/wp\/v2\/product_brand?post=6310"},{"taxonomy":"product_cat","embeddable":true,"href":"https:\/\/soydeaqui.ddns.net\/pachuca\/index.php\/wp-json\/wp\/v2\/product_cat?post=6310"},{"taxonomy":"product_tag","embeddable":true,"href":"https:\/\/soydeaqui.ddns.net\/pachuca\/index.php\/wp-json\/wp\/v2\/product_tag?post=6310"}],"curies":[{"name":"wp","href":"https:\/\/api.w.org\/{rel}","templated":true}]}}