{"id":63093,"date":"2026-03-19T07:03:05","date_gmt":"2026-03-19T07:03:05","guid":{"rendered":"https:\/\/soydeaqui.ddns.net\/pachuca\/index.php\/producto\/microfono-audifono-de-1-cable-con-tubo-acustico-para-radios-dep450-ep450-magone-y-tc500-600-700-pd506\/"},"modified":"2026-03-19T07:03:12","modified_gmt":"2026-03-19T07:03:12","slug":"microfono-audifono-de-1-cable-con-tubo-acustico-para-radios-dep450-ep450-magone-y-tc500-600-700-pd506","status":"publish","type":"product","link":"https:\/\/soydeaqui.ddns.net\/pachuca\/index.php\/producto\/microfono-audifono-de-1-cable-con-tubo-acustico-para-radios-dep450-ep450-magone-y-tc500-600-700-pd506\/","title":{"rendered":"Micr\u00f3fono-Aud\u00edfono de 1 cable con tubo ac\u00fastico para radios DEP450, EP450, MAGONE y TC500\/600\/700, PD506"},"content":{"rendered":"<div style='width: 100%; max-width: 1200px; margin: 0 auto; font-family: sans-serif; line-height: 1.6; color: inherit; background-color: transparent;'> <!-- Secci\u00f3n de contenido con flex\/grid --> <\/p>\n<div style='display: flex; flex-wrap: wrap; gap: 30px; margin-bottom: 30px;'>\n<div style='flex: 1 1 300px; min-width: 280px;'>\n<h3 style='font-size: 22px; border-bottom: 2px solid currentColor; padding-bottom: 5px; margin-top: 0; color: inherit; opacity: 0.8;'>Caracter\u00edsticas principales<\/h3>\n<ul style='padding-left: 20px; font-size: 15px; color: inherit;'>\n<li style='margin-bottom: 5px;'>Tubo ac\u00fastico de desconexi\u00f3n r\u00e1pida para compartir el equipo durante m\u00faltiples turnos de trabajo manteniendo un ambiente higi\u00e9nico<\/li>\n<li style='margin-bottom: 5px;'>Kit de solapa de 1 cable<\/li>\n<li style='margin-bottom: 5px;'>Tubo ac\u00fastico transparente y flexible de bajo perfil que proporciona una excelente calidad de audio teniendo una comunicaci\u00f3n discreta<\/li>\n<li style='margin-bottom: 5px;'>Clip de alta durabilidad<\/li>\n<li style='margin-bottom: 5px;'>Mini PTT con micr\u00f3fono<\/li>\n<li style='margin-bottom: 5px;'>Partes reemplazables<\/li>\n<li style='margin-bottom: 5px;'>Inserto de o\u00eddo de alta calidad<\/li>\n<\/ul><\/div>\n<div style='flex: 1 1 300px; min-width: 280px;'>\n<h3 style='font-size: 22px; border-bottom: 2px solid currentColor; padding-bottom: 5px; margin-top: 0; color: inherit; opacity: 0.8;'>Compatibilidad<\/h3>\n<ul style='padding-left: 20px; font-size: 15px; color: inherit;'>\n<li style='margin-bottom: 5px;'>Radios EP350\/450\/450S<\/li>\n<li style='margin-bottom: 5px;'>Radios MAGONE<\/li>\n<li style='margin-bottom: 5px;'>Radios DEP450<\/li>\n<li style='margin-bottom: 5px;'>Radios XPR3000<\/li>\n<li style='margin-bottom: 5px;'>Radios TC500\/508\/518\/580\/600\/610\/700<\/li>\n<\/ul><\/div>\n<\/p><\/div>\n<p> <!-- Secci\u00f3n de cards con especificaciones --> <\/p>\n<div style='display: flex; flex-wrap: wrap; gap: 20px; margin-bottom: 30px;'>\n<div style='flex: 1 1 250px; border: 1px solid rgba(150&comma; 150&comma; 150&comma; 0.4); border-radius: 8px; overflow: hidden; display: flex; flex-direction: column;'>\n<div style='padding: 15px; border-bottom: 1px solid rgba(150&comma; 150&comma; 150&comma; 0.2); font-weight: bold; font-size: 18px; color: inherit;'>Especificaciones Mec\u00e1nicas<\/div>\n<div style='padding: 15px; color: inherit;'>\n<ul style='padding-left: 20px; margin: 0; font-size: 14px; list-style-type: disc;'>\n<li style='margin-bottom: 5px;'><strong>Cable pull desde el aud\u00edfono&comma; axial:<\/strong> 10 lbs<\/li>\n<li style='margin-bottom: 5px;'><strong>Cable pull desde UDC&comma; axial:<\/strong> 40 lbs<\/li>\n<li style='margin-bottom: 5px;'><strong>Cable flex en el aud\u00edfono:<\/strong> 2&comma;000 ciclos<\/li>\n<li style='margin-bottom: 5px;'><strong>Cable flex en UDC:<\/strong> 25&comma;000 ciclos<\/li>\n<\/ul><\/div>\n<\/p><\/div>\n<div style='flex: 1 1 250px; border: 1px solid rgba(150&comma; 150&comma; 150&comma; 0.4); border-radius: 8px; overflow: hidden; display: flex; flex-direction: column;'>\n<div style='padding: 15px; border-bottom: 1px solid rgba(150&comma; 150&comma; 150&comma; 0.2); font-weight: bold; font-size: 18px; color: inherit;'>Especificaciones Ambientales<\/div>\n<div style='padding: 15px; color: inherit;'>\n<ul style='padding-left: 20px; margin: 0; font-size: 14px; list-style-type: disc;'>\n<li style='margin-bottom: 5px;'><strong>Temperatura de operaci\u00f3n:<\/strong> -20\u00b0 C a +60\u00b0 C<\/li>\n<li style='margin-bottom: 5px;'><strong>Temperatura de almacenamiento:<\/strong> -40\u00b0 C a +80\u00b0 C<\/li>\n<li style='margin-bottom: 5px;'><strong>Garant\u00eda del fabricante:<\/strong> 24 meses<\/li>\n<\/ul><\/div>\n<\/p><\/div>\n<\/p><\/div>\n<p> <!-- Separador --> <\/p>\n<hr style='border: 0; border-top: 1px solid rgba(150&comma; 150&comma; 150&comma; 0.3); margin: 30px 0;'> <!-- Secci\u00f3n de aplicaciones --> <\/p>\n<div style='margin-bottom: 30px;'>\n<h3 style='font-size: 22px; border-bottom: 2px solid currentColor; padding-bottom: 5px; margin-top: 0; color: inherit; opacity: 0.8;'>Aplicaciones<\/h3>\n<p style='font-size: 15px; color: inherit; margin-bottom: 15px;'>Ideal para control de multitudes&comma; personal de hoteles y restaurantes&comma; empleados de retail y otros que trabajan en entornos que requieren comunicaciones discretas. El Kit de Monitoreo de Un Solo Cable es liviano&comma; duradero y funciona en situaciones que van desde rutinarias hasta exigentes.<\/p>\n<\/p><\/div>\n<p> <!-- Imagen original --> <\/p>\n<div style='margin-bottom: 30px;'> <img style='width: 100%; height: auto; border: 1px solid rgba(150&comma;150&comma;150&comma;0.3); border-radius: 8px;' src='http:\/\/ftp3.syscom.mx\/usuarios\/fotos\/E2RE2KB5111\/87816-otto.png' alt='Micr\u00f3fono-Aud\u00edfono de 1 cable con tubo ac\u00fastico'> <\/div>\n<\/p><\/div>\n","protected":false},"excerpt":{"rendered":"<p>Micr\u00f3fono-Aud\u00edfono de 1 cable con tubo ac\u00fastico para radios DEP450, EP450, MAGONE y TC500\/600\/700, PD506<\/p>\n","protected":false},"featured_media":63092,"comment_status":"open","ping_status":"closed","template":"","meta":[],"product_brand":[],"product_cat":[1888],"product_tag":[1583,1518,1585],"class_list":{"0":"post-63093","1":"product","2":"type-product","3":"status-publish","4":"has-post-thumbnail","6":"product_cat-microfono-audifono-accesorios-para-hytera-hyt","7":"product_tag-accesorios-para-hytera-hyt","8":"product_tag-microfono-audifono","9":"product_tag-otto","11":"first","12":"instock","13":"sale","14":"shipping-taxable","15":"purchasable","16":"product-type-simple"},"_links":{"self":[{"href":"https:\/\/soydeaqui.ddns.net\/pachuca\/index.php\/wp-json\/wp\/v2\/product\/63093","targetHints":{"allow":["GET"]}}],"collection":[{"href":"https:\/\/soydeaqui.ddns.net\/pachuca\/index.php\/wp-json\/wp\/v2\/product"}],"about":[{"href":"https:\/\/soydeaqui.ddns.net\/pachuca\/index.php\/wp-json\/wp\/v2\/types\/product"}],"replies":[{"embeddable":true,"href":"https:\/\/soydeaqui.ddns.net\/pachuca\/index.php\/wp-json\/wp\/v2\/comments?post=63093"}],"wp:featuredmedia":[{"embeddable":true,"href":"https:\/\/soydeaqui.ddns.net\/pachuca\/index.php\/wp-json\/wp\/v2\/media\/63092"}],"wp:attachment":[{"href":"https:\/\/soydeaqui.ddns.net\/pachuca\/index.php\/wp-json\/wp\/v2\/media?parent=63093"}],"wp:term":[{"taxonomy":"product_brand","embeddable":true,"href":"https:\/\/soydeaqui.ddns.net\/pachuca\/index.php\/wp-json\/wp\/v2\/product_brand?post=63093"},{"taxonomy":"product_cat","embeddable":true,"href":"https:\/\/soydeaqui.ddns.net\/pachuca\/index.php\/wp-json\/wp\/v2\/product_cat?post=63093"},{"taxonomy":"product_tag","embeddable":true,"href":"https:\/\/soydeaqui.ddns.net\/pachuca\/index.php\/wp-json\/wp\/v2\/product_tag?post=63093"}],"curies":[{"name":"wp","href":"https:\/\/api.w.org\/{rel}","templated":true}]}}