{"id":63015,"date":"2026-03-19T07:00:33","date_gmt":"2026-03-19T07:00:33","guid":{"rendered":"https:\/\/soydeaqui.ddns.net\/pachuca\/index.php\/producto\/cable-coaxial-90-de-blindaje-certificacin-rohs-conductor-de-cobre-revestido-de-aluminio-50-ohms\/"},"modified":"2026-03-19T07:00:33","modified_gmt":"2026-03-19T07:00:33","slug":"cable-coaxial-90-de-blindaje-certificacin-rohs-conductor-de-cobre-revestido-de-aluminio-50-ohms","status":"publish","type":"product","link":"https:\/\/soydeaqui.ddns.net\/pachuca\/index.php\/producto\/cable-coaxial-90-de-blindaje-certificacin-rohs-conductor-de-cobre-revestido-de-aluminio-50-ohms\/","title":{"rendered":"Cable Coaxial 90% de Blindaje, Certificaci?n RoHS, Conductor de Cobre Revestido de Aluminio, 50 Ohms"},"content":{"rendered":"<div style='width: 100%; max-width: 1200px; margin: 0 auto; font-family: sans-serif; line-height: 1.6; color: inherit; background-color: transparent;'>\n<div style='margin-bottom: 30px;'>\n<h2 style='font-size: 24px; margin: 0 0 15px; color: inherit; text-align: center;'>Coaxial Cable &#8211; Alta Eficiencia y Desempe\u00f1o Superior<\/h2>\n<p style='font-size: 14px; margin: 0; text-align: center; color: inherit;'><strong>Modelo:<\/strong> CNT400<\/p>\n<\/p><\/div>\n<div style='margin-bottom: 30px;'>\n<h3 style='font-size: 20px; border-bottom: 2px solid currentColor; padding-bottom: 5px; margin-top: 0; color: inherit; opacity: 0.8;'>Introducci\u00f3n<\/h3>\n<p style='font-size: 14px; margin: 15px 0 0; color: inherit; text-align: justify;'>El CNT-400 de CommScope es un cable coaxial de alto rendimiento dise\u00f1ado para aplicaciones que requieren un balance perfecto entre flexibilidad&comma; baja p\u00e9rdida y alta durabilidad. Ideal para una amplia gama de usos en comunicaciones RF&comma; el CNT-400 ofrece caracter\u00edsticas t\u00e9cnicas avanzadas que lo convierten en la mejor opci\u00f3n del mercado. Con certificaciones de calidad y cumplimiento con normativas internacionales&comma; este cable es sin\u00f3nimo de confiabilidad y eficiencia.<\/p>\n<p style='font-size: 16px; margin: 20px 0 0; text-align: center; color: inherit;'><strong>******Venta por metro******<\/strong><\/p>\n<\/p><\/div>\n<div style='display: flex; flex-wrap: wrap; gap: 20px; margin-bottom: 30px;'>\n<div style='flex: 1 1 250px; border: 1px solid rgba(150&comma; 150&comma; 150&comma; 0.4); border-radius: 8px; overflow: hidden; display: flex; flex-direction: column;'>\n<div style='padding: 15px; border-bottom: 1px solid rgba(150&comma; 150&comma; 150&comma; 0.2); font-weight: bold; font-size: 16px; color: inherit;'>Clasificaci\u00f3n del Producto<\/div>\n<div style='padding: 15px; color: inherit;'>\n<ul style='padding-left: 20px; margin: 0; font-size: 14px; list-style-type: disc;'>\n<li style='margin-bottom: 5px;'><strong>Tipo de Producto:<\/strong> Cable coaxial trenzado<\/li>\n<li style='margin-bottom: 5px;'><strong>Marca:<\/strong> CNT\u00ae<\/li>\n<li style='margin-bottom: 5px;'><strong>Serie:<\/strong> CNT-400<\/li>\n<\/ul><\/div>\n<\/p><\/div>\n<div style='flex: 1 1 250px; border: 1px solid rgba(150&comma; 150&comma; 150&comma; 0.4); border-radius: 8px; overflow: hidden; display: flex; flex-direction: column;'>\n<div style='padding: 15px; border-bottom: 1px solid rgba(150&comma; 150&comma; 150&comma; 0.2); font-weight: bold; font-size: 16px; color: inherit;'>Especificaciones Generales<\/div>\n<div style='padding: 15px; color: inherit;'>\n<ul style='padding-left: 20px; margin: 0; font-size: 14px; list-style-type: disc;'>\n<li style='margin-bottom: 5px;'><strong>Cobertura de Trenzado:<\/strong> 90%<\/li>\n<li style='margin-bottom: 5px;'><strong>Color del Recubrimiento:<\/strong> Negro<\/li>\n<\/ul><\/div>\n<\/p><\/div>\n<div style='flex: 1 1 250px; border: 1px solid rgba(150&comma; 150&comma; 150&comma; 0.4); border-radius: 8px; overflow: hidden; display: flex; flex-direction: column;'>\n<div style='padding: 15px; border-bottom: 1px solid rgba(150&comma; 150&comma; 150&comma; 0.2); font-weight: bold; font-size: 16px; color: inherit;'>Especificaciones El\u00e9ctricas<\/div>\n<div style='padding: 15px; color: inherit;'>\n<ul style='padding-left: 20px; margin: 0; font-size: 14px; list-style-type: disc;'>\n<li style='margin-bottom: 5px;'><strong>Impedancia:<\/strong> 50 ohm<\/li>\n<li style='margin-bottom: 5px;'><strong>Capacitancia:<\/strong> 78 pF\/m | 23.774 pF\/ft<\/li>\n<li style='margin-bottom: 5px;'><strong>Resistencia DC del Conductor Interno:<\/strong> 4.69 ohms\/km | 1.43 ohms\/kft<\/li>\n<li style='margin-bottom: 5px;'><strong>Resistencia DC del Conductor Externo:<\/strong> 5.61 ohms\/km | 1.71 ohms\/kft<\/li>\n<li style='margin-bottom: 5px;'><strong>Voltaje de Prueba DC:<\/strong> 2500 V<\/li>\n<li style='margin-bottom: 5px;'><strong>Voltaje de Prueba del Recubrimiento (rms):<\/strong> 4000 V<\/li>\n<li style='margin-bottom: 5px;'><strong>Frecuencia M\u00e1xima:<\/strong> 16.2 GHz<\/li>\n<li style='margin-bottom: 5px;'><strong>Banda de Frecuencia Operativa:<\/strong> 30 \u2013 6000 MHz<\/li>\n<li style='margin-bottom: 5px;'><strong>Potencia Pico:<\/strong> 16 kW<\/li>\n<li style='margin-bottom: 5px;'><strong>Efectividad del Blindaje:<\/strong> 90 dB<\/li>\n<li style='margin-bottom: 5px;'><strong>Velocidad:<\/strong> 85%<\/li>\n<\/ul><\/div>\n<\/p><\/div>\n<div style='flex: 1 1 250px; border: 1px solid rgba(150&comma; 150&comma; 150&comma; 0.4); border-radius: 8px; overflow: hidden; display: flex; flex-direction: column;'>\n<div style='padding: 15px; border-bottom: 1px solid rgba(150&comma; 150&comma; 150&comma; 0.2); font-weight: bold; font-size: 16px; color: inherit;'>Dimensiones<\/div>\n<div style='padding: 15px; color: inherit;'>\n<ul style='padding-left: 20px; margin: 0; font-size: 14px; list-style-type: disc;'>\n<li style='margin-bottom: 5px;'><strong>Di\u00e1metro del Dielectrico:<\/strong> 7.24 mm | 0.285 in<\/li>\n<li style='margin-bottom: 5px;'><strong>Di\u00e1metro del Recubrimiento:<\/strong> 10.29 mm | 0.405 in<\/li>\n<li style='margin-bottom: 5px;'><strong>Di\u00e1metro Sobre Cinta:<\/strong> 7.391 mm | 0.291 in<\/li>\n<li style='margin-bottom: 5px;'><strong>Di\u00e1metro del Conductor Interno:<\/strong> 2.74 mm | 0.108 in<\/li>\n<li style='margin-bottom: 5px;'><strong>Di\u00e1metro del Conductor Externo:<\/strong> 8.08 mm | 0.318 in<\/li>\n<li style='margin-bottom: 5px;'><strong>Tama\u00f1o Nominal:<\/strong> 0.400 in<\/li>\n<\/ul><\/div>\n<\/p><\/div>\n<div style='flex: 1 1 250px; border: 1px solid rgba(150&comma; 150&comma; 150&comma; 0.4); border-radius: 8px; overflow: hidden; display: flex; flex-direction: column;'>\n<div style='padding: 15px; border-bottom: 1px solid rgba(150&comma; 150&comma; 150&comma; 0.2); font-weight: bold; font-size: 16px; color: inherit;'>Materiales<\/div>\n<div style='padding: 15px; color: inherit;'>\n<ul style='padding-left: 20px; margin: 0; font-size: 14px; list-style-type: disc;'>\n<li style='margin-bottom: 5px;'><strong>Material de la Trenza:<\/strong> Cobre esta\u00f1ado<\/li>\n<li style='margin-bottom: 5px;'><strong>Material del Dielectrico:<\/strong> Polietileno espumado<\/li>\n<li style='margin-bottom: 5px;'><strong>Material del Recubrimiento:<\/strong> Polietileno no halogenado<\/li>\n<li style='margin-bottom: 5px;'><strong>Material del Conductor Interno:<\/strong> Alambre de cobre recubierto de aluminio<\/li>\n<li style='margin-bottom: 5px;'><strong>Material de la Cinta del Blindaje:<\/strong> Aluminio<\/li>\n<\/ul><\/div>\n<\/p><\/div>\n<div style='flex: 1 1 250px; border: 1px solid rgba(150&comma; 150&comma; 150&comma; 0.4); border-radius: 8px; overflow: hidden; display: flex; flex-direction: column;'>\n<div style='padding: 15px; border-bottom: 1px solid rgba(150&comma; 150&comma; 150&comma; 0.2); font-weight: bold; font-size: 16px; color: inherit;'>Especificaciones Mec\u00e1nicas<\/div>\n<div style='padding: 15px; color: inherit;'>\n<ul style='padding-left: 20px; margin: 0; font-size: 14px; list-style-type: disc;'>\n<li style='margin-bottom: 5px;'><strong>Radio M\u00ednimo de Doblado:<\/strong> 25.4 mm | 1 in<\/li>\n<li style='margin-bottom: 5px;'><strong>Resistencia a la Tracci\u00f3n:<\/strong> 73 kg | 160.937 lb<\/li>\n<li style='margin-bottom: 5px;'><strong>Momento de Flexi\u00f3n:<\/strong> 0.7 N-m | 6.196 in lb<\/li>\n<li style='margin-bottom: 5px;'><strong>Resistencia al Aplastamiento con Placa:<\/strong> 0.7 kg\/mm | 39.198 lb\/in<\/li>\n<\/ul><\/div>\n<\/p><\/div>\n<div style='flex: 1 1 250px; border: 1px solid rgba(150&comma; 150&comma; 150&comma; 0.4); border-radius: 8px; overflow: hidden; display: flex; flex-direction: column;'>\n<div style='padding: 15px; border-bottom: 1px solid rgba(150&comma; 150&comma; 150&comma; 0.2); font-weight: bold; font-size: 16px; color: inherit;'>Especificaciones Ambientales<\/div>\n<div style='padding: 15px; color: inherit;'>\n<ul style='padding-left: 20px; margin: 0; font-size: 14px; list-style-type: disc;'>\n<li style='margin-bottom: 5px;'><strong>Temperatura de Instalaci\u00f3n:<\/strong> -40 \u00b0C a +85 \u00b0C (-40 \u00b0F a +185 \u00b0F)<\/li>\n<li style='margin-bottom: 5px;'><strong>Temperatura de Operaci\u00f3n:<\/strong> -40 \u00b0C a +85 \u00b0C (-40 \u00b0F a +185 \u00b0F)<\/li>\n<li style='margin-bottom: 5px;'><strong>Temperatura de Almacenamiento:<\/strong> -70 \u00b0C a +85 \u00b0C (-94 \u00b0F a +185 \u00b0F)<\/li>\n<\/ul><\/div>\n<\/p><\/div>\n<div style='flex: 1 1 250px; border: 1px solid rgba(150&comma; 150&comma; 150&comma; 0.4); border-radius: 8px; overflow: hidden; display: flex; flex-direction: column;'>\n<div style='padding: 15px; border-bottom: 1px solid rgba(150&comma; 150&comma; 150&comma; 0.2); font-weight: bold; font-size: 16px; color: inherit;'>Empaque y Pesos<\/div>\n<div style='padding: 15px; color: inherit;'>\n<ul style='padding-left: 20px; margin: 0; font-size: 14px; list-style-type: disc;'>\n<li style='margin-bottom: 5px;'><strong>Peso del Cable:<\/strong> 0.1 kg\/m | 0.067 lb\/ft<\/li>\n<\/ul><\/div>\n<\/p><\/div>\n<div style='flex: 1 1 250px; border: 1px solid rgba(150&comma; 150&comma; 150&comma; 0.4); border-radius: 8px; overflow: hidden; display: flex; flex-direction: column;'>\n<div style='padding: 15px; border-bottom: 1px solid rgba(150&comma; 150&comma; 150&comma; 0.2); font-weight: bold; font-size: 16px; color: inherit;'>Cumplimiento Normativo\/Certificaciones<\/div>\n<div style='padding: 15px; color: inherit;'>\n<ul style='padding-left: 20px; margin: 0; font-size: 14px; list-style-type: disc;'>\n<li style='margin-bottom: 5px;'><strong>CHINA-ROHS:<\/strong> Debajo del valor m\u00e1ximo de concentraci\u00f3n<\/li>\n<li style='margin-bottom: 5px;'><strong>ISO 9001:2015:<\/strong> Dise\u00f1ado&comma; fabricado y\/o distribuido bajo este sistema de gesti\u00f3n de calidad<\/li>\n<li style='margin-bottom: 5px;'><strong>REACH-SVHC:<\/strong> Cumple con la revisi\u00f3n SVHC que se encuentra en <a href='https:\/\/www.commscope.com\/ProductCompliance' style='color: inherit; text-decoration: underline;'>https:\/\/www.commscope.com\/ProductCompliance<\/a><\/li>\n<li style='margin-bottom: 5px;'><strong>ROHS:<\/strong> Cumple<\/li>\n<li style='margin-bottom: 5px;'><strong>UK-ROHS:<\/strong> Cumple<\/li>\n<\/ul><\/div>\n<\/p><\/div>\n<\/p><\/div>\n<hr style='border: 0; border-top: 1px solid rgba(150&comma; 150&comma; 150&comma; 0.3); margin: 30px 0;'> <\/div>\n","protected":false},"excerpt":{"rendered":"<p>Cable Coaxial 90% de Blindaje, Certificaci?n RoHS, Conductor de Cobre Revestido de Aluminio, 50 Ohms<\/p>\n","protected":false},"featured_media":63014,"comment_status":"open","ping_status":"closed","template":"","meta":[],"product_brand":[],"product_cat":[1558],"product_tag":[1330,138,1559],"class_list":{"0":"post-63015","1":"product","2":"type-product","3":"status-publish","4":"has-post-thumbnail","6":"product_cat-coaxiales","7":"product_tag-andrew-commscope","8":"product_tag-cables","9":"product_tag-coaxiales","11":"first","12":"instock","13":"sale","14":"shipping-taxable","15":"purchasable","16":"product-type-simple"},"_links":{"self":[{"href":"https:\/\/soydeaqui.ddns.net\/pachuca\/index.php\/wp-json\/wp\/v2\/product\/63015","targetHints":{"allow":["GET"]}}],"collection":[{"href":"https:\/\/soydeaqui.ddns.net\/pachuca\/index.php\/wp-json\/wp\/v2\/product"}],"about":[{"href":"https:\/\/soydeaqui.ddns.net\/pachuca\/index.php\/wp-json\/wp\/v2\/types\/product"}],"replies":[{"embeddable":true,"href":"https:\/\/soydeaqui.ddns.net\/pachuca\/index.php\/wp-json\/wp\/v2\/comments?post=63015"}],"wp:featuredmedia":[{"embeddable":true,"href":"https:\/\/soydeaqui.ddns.net\/pachuca\/index.php\/wp-json\/wp\/v2\/media\/63014"}],"wp:attachment":[{"href":"https:\/\/soydeaqui.ddns.net\/pachuca\/index.php\/wp-json\/wp\/v2\/media?parent=63015"}],"wp:term":[{"taxonomy":"product_brand","embeddable":true,"href":"https:\/\/soydeaqui.ddns.net\/pachuca\/index.php\/wp-json\/wp\/v2\/product_brand?post=63015"},{"taxonomy":"product_cat","embeddable":true,"href":"https:\/\/soydeaqui.ddns.net\/pachuca\/index.php\/wp-json\/wp\/v2\/product_cat?post=63015"},{"taxonomy":"product_tag","embeddable":true,"href":"https:\/\/soydeaqui.ddns.net\/pachuca\/index.php\/wp-json\/wp\/v2\/product_tag?post=63015"}],"curies":[{"name":"wp","href":"https:\/\/api.w.org\/{rel}","templated":true}]}}