{"id":63008,"date":"2026-03-19T07:00:19","date_gmt":"2026-03-19T07:00:19","guid":{"rendered":"https:\/\/soydeaqui.ddns.net\/pachuca\/index.php\/producto\/regulador-de-voltaje-positivo-5v-100-ma\/"},"modified":"2026-03-19T07:00:20","modified_gmt":"2026-03-19T07:00:20","slug":"regulador-de-voltaje-positivo-5v-100-ma","status":"publish","type":"product","link":"https:\/\/soydeaqui.ddns.net\/pachuca\/index.php\/producto\/regulador-de-voltaje-positivo-5v-100-ma\/","title":{"rendered":"Regulador de Voltaje Positivo 5V 100 mA"},"content":{"rendered":"<p style='text-align: center;'><img src='data:image\/png;base64&comma;iVBORw0KGgoAAAANSUhEUgAAAIMAAAA\/CAYAAADDlXtoAAAAAXNSR0IArs4c6QAAAARnQU1BAACxjwv8YQUAAAAJcEhZcwAADsMAAA7DAcdvqGQAABCQSURBVHhe7Zp7cFRVnse\/595+prtDniQkASe8EgTCRBQChOADIgPxMdYgsrojWIi6O2p0Vh3dlZ3BGXlMqTszzqw44yJBGcsZQCKUPIMC8pCgeYgGBBJCAiTphDy77+3H\/e0f3X3St7uTbqypIlVzP1W\/VOWc3\/md37332+f8+txmsstN0NAAIIQ2aPzzoolBg6OJQYOjiUGDo4lBg6OJQYOjiUGDo4lBg6OJQYOjiUGDo4lBg6OJQYOjiUGDo4lBg6OJQYPDrvX3DEQEotiGMMb6\/yFC8CjGGHzdQT5+QucIxAmOF+oTDd980ecaDEEI\/+xcy\/h\/RA7RCJ0jEDfSvKHEJAYigqIo6OjoQEVFBS41N0P9aCOTkpKKJUuW4NSpUzhwoEJ1wXFxcVi8+AEkJibyNiJCT08P3n33XXg8bgAAA4NOr8O99\/4YI0eOhKIocLlcOH7sGL4+dQqyLPHxAyEwAfOKizFx4kQg6HrsdjsOVFTg8pXLUR+G1WLFA0uWID4+HgCgKApkWcb+fftw9txZKIoSOiSM9PQRKCkpgc1m4w\/H7XajbONGdHV3hbp\/LzIzM\/GjHy2AzWaD0+lE+fbt+EF2NqZPnx5dELLLTYOZJLuotc1O\/\/O739GwYcNIEARijEU1URTp+edfIIdTon37K0in06n6DQYD7d69hyTZxedps7fTv\/70p6o5TCYTPbpiBXV2dVOfw0lHjh6jGTNmxpwHY4xGjBhB587X83ns9nZas3YtxcfHxxRHEAS6f\/Fi6uruIUl2UW+fg957\/30aPnx4TOOD4+Tm5tL5+gaeS3V1DaWkpIT5fl8TBIFuvuUWamltpRd+8Qt6eeVKeu211+mrqqqwZxtqUcXQZm+n++67j3Q6HQGI2SZPnkxXWlpJdrmpu6eXMjIyiDGm8lm6dBk5nBJJsosaLzZRUVERiaLI+41GI\/3m1Vf5Q3h\/82ZKTEwKm2swM5vNdOjwYS66jqudtGDBQtLr9WG+kYwxRhkZmVTfcIFfy+OPP0FmsznMNxYTBIHKyjaR7BfD22\/\/+ZrvbTQTBIHeems9Pfvzn9Padeuo\/OMd9OlnB\/k9GMiibhOHDh3E66+9Bo\/X65sqBkRRxCu\/\/jUmTZrEl6YNG\/4P27ZuRfBqbLVaUbZpE3Q6Hf745pvYu3cPFCLfPAyYPXs2SkufgcFggCRJeGzFo7h69aoqxqAwYPr06Xjppf+EIAggImzZsgWbyjb2zxMFJjA88cS\/Yf78+WCMoaqqCq+sWgWX2xXT+Ej8+89+hvnz54OIsG7dWnx++HDs1xQDjAEPP7wUk\/PyUFFRAZ0oYumyZdDpdKGuKqKKwe12w+v1hjYPSKCA0ev1qj3K6\/XC4\/Go9uZgP5fLBSJSFZV6vZ4XbYFaIVYCcURR5DeBiODxeFTXE20fZYxBp9NxMQWuI7h\/MEJrkUA8URRBRHC73ap6IzRe6HjE4BOcc3BbNAYVQ2trK+rqvvVNNqBXP3qDHuPHj0dyckrEyc+cOYPLly9joI8BYwypw4djwoQJqna3242qqio4HA7fShh5eD+MIS1tOMaOHacSQl1dHVpbWribyWTCD\/PzYTQagwYPTGPjBdTXN\/D8mSBg0qRJSEpKCnUFADidTpw8WQmvxy8+BiQkJCIvLw9EhJrqal\/h6F8JGRNQUFAAg8EA+K+7uroafX29fh+GOLMZt0ybxudwu92oPHGi\/4PCGDIzMzF27FjuEzOh+0bAJNlFR48dp7g4C5lMJjIajWQ0GslgMAxoJpOJ0tLS6IsvTkTcn9at+y2ZTKawcQGzWCy0f39F2LjOrm6aM2cOmc1mnke0XCwWK61c+d88j94+B40ePVrlM23aNGpts4fNN5Ddc889qnltNhtVVVWH+cn++7d37z6y2Wzc32g00ssvrySnJFPzpcuUl5fH4xmNRsrOzianJPMY5+sb6IYbbuA+JpOJHnvsMdUc39adpri4OD6H2WymTZvei3j\/o9mAYpD9k9V+fYrKNr1Hv\/zlr2j58kdpwYKFlJ+fT6mpqSSKIq+mg4uXBQsXUld3T1i8mtpaMhqN3DdgjDHKycmhgwcPRbwISXZRa2sbfbxjJ732+hv0dGkpLVp0P80qLKTs7GwymUxheTDGSKfT0RcnKkmSXbR7z15VcSoIApWWPhNxvkj23dlzlJmZpcp75syZ1NvnCPOVXW5ySjK9+OJLJAgCz8dqtdL5+gaSZBd9dvAQWSwWHksURXpr\/XrVNW8sK+PjAZDFYqGjx45zH4dTomWPPKLKKSMjg+pOnwnLJxYbVAyyPylJdpFTkskpyeRwStTncFJvn4PqTp+hFSseC3sI0wsKyG5vD4vlcEo0d+5cVfKCIFBycjJV19RGfTDBuQTy6HM4qa3NTmWbNlFGRoYqtiiKtG3bR+SUZHrm2WdVeer1+gE\/1aEmyS7asnUb6fUG1XV+smv3gDn3OZyUm5vL52SMUUlJCb+PT5eWqnJNT0+n9o6rqvH5+fkqn\/z8m1QrWePFprCcbr3tNurp7QvLJxYLP1JD\/6GMoiigCKeBgiBAFEWMGjUKy5cvD6sPRmaNhMlsVrXBP3bu3HmqtrS0NOzavQc5OTlhcTBILoE8BEGA1WbD3XffgxsnTlTFEAQBubm5UBQFn336meo6pt58M8aOG8djR7Jg\/79u3swPwgAgKysLhYWFqvwC5vV6sXfvXpw+fZrHEEURJSV3gTGGzs5ObH7\/fR6LMYYZM2bCZDLxtpOVlaitrVX5zCqcBZvNxtt27doFr7e\/mBUEAUuWLOE1x7US8bvGhYYGfPPtNz69DYJXUfDmH36vumlGoxGPrlgR8WuM1+vFli1\/V7Xl5U0ZUAiSJOH4sWPo6+sL7VJBAGpranDk889VN\/\/BBx9C9ujRaG9vR21tjWpM\/fnz2LZtK6wWq6qdw4AJE25EdnY2XC4Xduz4WHWdHR0d+NuHHyIhMTHsQN1ut+Pll\/9LJdykpCQU33knAKC8vBzt7e3cnzGGecXzVMXuRx9tU33r0el0WLz4AdW3q\/379kEJ+iaSmJiIRYvu5\/9fM6FLRZ\/DSbfdfjsJghDVAqdegWXKZDLR6jVrVEVQsB3+\/IjqgEUQBPrDm38M85P9S\/P69W+T2WwOmzeShW1V06dTU\/Mlkl1u+rbudNjBTiD30DgBM5vN9PGOnST7D96C643gGKHjArkE55OamkoVFQdIdrmpp6eXSkpKVP0Wi4UuNF7k197Z1U3Tpk1TzVVQUKCqTzq7uik9PV3l8+RTTw1472MxlRickkxr1\/2WRFHkFxSLiaJImZmZ9KtVqwbcryTZxQuqwLiEhARqvnQ5om9NbS1ZrVaVfzQTBIEsFgvNnTuPzp2v5\/u5wynRlClTrilWVlYWNV5s4vksLCkJO1KPZnq9gXJycmj79nL+kOobLtDIkaNUfsuXP6p6iLW1X5PZbOb9oijSX955R1Wf\/OlP\/6t6TnFxcbR3374Ba5hYTHXO0NTUhOef+w9IkjTQUUAYVpsVBQUFmDevGGPGjIEoiqEugH+LeGXVKlRXV\/O2wtmFeOaZZ8PeBnq9Xqx\/6y3s27dPtTQPhiAKGDduHEpK7kJ+fj7i4uL41kNEOHPmNDZs2IDvvvsOijf6S6WioiI8XVrKD5taWlpQVrYRlScq4Xb31w6RYIwhOSUZxcXFmD27CGlpaTyXyspKrFm9mm8BgsDw6uo1GD9+PPfZuPFdlG\/fDkXxXbvNZsOrq1cjKysL8F\/PU08+iebmJv6cUlKSsWbtOiQnJ\/savgdhh07Be1CssAFezYYSXAAiyrhQ31gYLB6uMWakWNcyHtfwyjt0ru\/jE9r\/fQgTg8Y\/L0NSDKQokM5dgOKM\/lsFANCnpUCflACpoSmmMbqkBHiudg14LK5CJ0LQ62OKCwDMoAfT6aA4nKFdKkSbFcZRGWADbKvXgyEpBm9PH76ccTfcbR2hXWEwgSH7lefQtvUT9H75ddjyGom0h36Mlve2hTZHxDA8BYLZCOlCc2hXRJKKi9B97Et4untDu4IgCHoDxryxEqk\/WQj\/W7XrztATAxFaPyjHmRUv+P6PdKOCHrgQZ4Z1yo3oPv4l4C+4gKBxweJgDLab8+C63Aq5+YqvLzR+BH\/n+UZ42q\/yNhXB+7Zeh6T5t6J9ZwUQqL0G8mcM5vHZmHpiZ7jPdWLIiUFxu\/Hl1IWQ6hsBAIYRqch88hGACOT14krZFkjnLvCbapmYA09PD+TGSzwGE0UMu30meo6chLfPwdshCEgqLkLH7s8AIjCDAZlPLoU+KQEA0Fv9Ddr+tpPHZqKI4f9yL1o2beEhEu+YhYS5swHGQLILF1\/\/M7xd3QAAw4jhYAYD5MZmX3ydiOS7i2G7aRKIMcj1F3H5nQ+4CBNunYFJ298ZMmIIL3evM70nanw300\/ag\/eh88ARtP51O\/pqvkXS\/Dm8jxn0SLyzCK7m\/tfSgtGIjMcfQsrd86BPVb9aFq0WeDr7f2toHnMDlD4HWjd\/hNYPymGZlKuqyG3TpqD3q6\/5\/wDgqDsHEKGv6hRaPyiH0uPfDhiD6QcjQZLMH3bSgtshGPSwl++Bfesn6Nj9KY\/DdCLSly7qDzwEGFpiIMLV\/YdB\/iVWtMRBtFpAHg8sE3NgHjcabR\/u9PkyhqR5RYDAuD\/T6ZB811w4zjag50QN4mfd0h+bMQx\/4C4IgXcmjCEudwwcdWehT0uFZVIOpPpGXnMwgx6pi0rgCqlb3B2dsE2dDPu2XXDUne2f26BHZulyeCWZ+0rnLiB+1i0YsewBjF79IvQpSXzVMaSlwnrT5CGzKmCoiYEUBZ0HjvAbph+egp6vTsHd2g7nd\/W4suFDuNvaeb+npxdNr\/+FL8npy+6H52oXXM1XoDidSLyjsD84YwABXYe+4J\/c+BlTIV9qBRQFI597HB27PuWxBb0eLZu2wN1m748BwDJxPFo2fwRFdqn3\/+yRaPzN7+Ht7vGNN5uQWDwHcv1FOM81QKpvhHzxMvePu3E8jJnpQZGvP0OqZnDbO\/BFzhyQy3fCp0uMB3kVeCNV5owhfuZUdB85CRBBMBigT0uB3OT7JRUzGBA3YRz6qk8BAIyjMmCbmgf7tl2+4XodjKMyffUHAHPuGHjaOuD2F4rGrBEQjAY4\/f0B9ClJ8PT0guSgn+AJApIW3o6OHfu5QHTxVlgm5QL+Oqi36hTI7XvDyEQBOe++gZR7fS+uhgpDamUQ4swQbf1vET1XuyMLAYBuWLzqu7\/icnEhAAC5XOir+Yb3J915K0yjR\/FlmdweLgQAcJ4+z4UAAAlzCyEFFaUB3PYOtRAYgy5xmK9WCMLT3YuuoyfRdfQkeiprQIGfvgEwjspEUnGRyn8oMKRWBigK7OV70fb3\/oo+Mr5KvPvoSd9yjcF8AYAh4\/GHYP3hRDSufhPShaZQBxVMr8OwmTej8+DxKHn49v60h3+C9u174Dh9PoZcgMQ7Cn3FY4Tj6uvJ0BIDfEUkRftZPgvUADH8OBY+fyaIAANIIYCUwcexwJ8Y4osCGBiIlNjzEQWwISYEDEkxaFw3hp48Na4bmhg0OJoYNDiaGDQ4mhg0OJoYNDiaGDQ4mhg0OJoYNDiaGDQ4mhg0OJoYNDiaGDQ4mhg0OJoYNDiaGDQ4mhg0OJoYNDj\/D5JCsCt2nZGKAAAAAElFTkSuQmCC' alt='' class='fr-fic fr-dii'><\/p>\n<p><strong><span style='font-family: helvetica&comma; arial&comma; sans-serif;'>Descripci\u00f3n:<\/span><\/strong><\/p>\n<p><span style='font-family: helvetica&comma; arial&comma; sans-serif;'>La serie L78L de reguladores positivos de tres terminales emplea limitaci\u00f3n de corriente interna y apagado t\u00e9rmico&comma; lo que los hace esencialmente indestructibles. Si se proporciona un disipador de calor adecuado&comma; pueden suministrar hasta 100 mA de corriente de salida.<\/span><\/p>\n<p><span style='font-family: helvetica&comma; arial&comma; sans-serif;'>Est\u00e1n dise\u00f1ados como reguladores de voltaje fijo en una amplia gama de aplicaciones&comma; incluida la regulaci\u00f3n local o en tarjeta para eliminar el ruido y los problemas de distribuci\u00f3n asociados con la regulaci\u00f3n de un solo punto. Adem\u00e1s&comma; se pueden utilizar con elementos de paso de potencia para fabricar reguladores de voltaje de alta corriente.<\/span><\/p>\n<p><span style='font-family: helvetica&comma; arial&comma; sans-serif;'>La serie L78L&comma; utilizada como sustituto de la combinaci\u00f3n de diodo Zener y resistencia&comma; ofrece una mejora junto con una menor corriente de reposo y un menor ruido.<\/span><\/p>\n<p><strong><span style='font-family: helvetica&comma; arial&comma; sans-serif;'>Caracter\u00edsticas:<\/span><\/strong><\/p>\n<ul>\n<li><span style='font-family: helvetica&comma; arial&comma; sans-serif;'>Corriente de salida de hasta 100 mA. <\/span><\/li>\n<li><span style='font-family: helvetica&comma; arial&comma; sans-serif;'>Tensiones de salida de 5V<\/span><\/li>\n<li><span style='font-family: helvetica&comma; arial&comma; sans-serif;'> Protecci\u00f3n t\u00e9rmica contra sobrecargas. <\/span><\/li>\n<li><span style='font-family: helvetica&comma; arial&comma; sans-serif;'>Protecci\u00f3n contra cortocircuitos. <\/span><\/li>\n<li><span style='font-family: helvetica&comma; arial&comma; sans-serif;'>Disponible en \u00b1 4 % (A) o \u00b1 8 % (C). <\/span><\/li>\n<\/ul>\n","protected":false},"excerpt":{"rendered":"<p>Regulador de Voltaje Positivo 5V 100 mA<\/p>\n","protected":false},"featured_media":63007,"comment_status":"open","ping_status":"closed","template":"","meta":[],"product_brand":[],"product_cat":[1501],"product_tag":[1502,751,547],"class_list":{"0":"post-63008","1":"product","2":"type-product","3":"status-publish","4":"has-post-thumbnail","6":"product_cat-miscelaneo","7":"product_tag-miscelaneo","8":"product_tag-refacciones","9":"product_tag-syscom-parts","11":"first","12":"instock","13":"sale","14":"shipping-taxable","15":"purchasable","16":"product-type-simple"},"_links":{"self":[{"href":"https:\/\/soydeaqui.ddns.net\/pachuca\/index.php\/wp-json\/wp\/v2\/product\/63008","targetHints":{"allow":["GET"]}}],"collection":[{"href":"https:\/\/soydeaqui.ddns.net\/pachuca\/index.php\/wp-json\/wp\/v2\/product"}],"about":[{"href":"https:\/\/soydeaqui.ddns.net\/pachuca\/index.php\/wp-json\/wp\/v2\/types\/product"}],"replies":[{"embeddable":true,"href":"https:\/\/soydeaqui.ddns.net\/pachuca\/index.php\/wp-json\/wp\/v2\/comments?post=63008"}],"wp:featuredmedia":[{"embeddable":true,"href":"https:\/\/soydeaqui.ddns.net\/pachuca\/index.php\/wp-json\/wp\/v2\/media\/63007"}],"wp:attachment":[{"href":"https:\/\/soydeaqui.ddns.net\/pachuca\/index.php\/wp-json\/wp\/v2\/media?parent=63008"}],"wp:term":[{"taxonomy":"product_brand","embeddable":true,"href":"https:\/\/soydeaqui.ddns.net\/pachuca\/index.php\/wp-json\/wp\/v2\/product_brand?post=63008"},{"taxonomy":"product_cat","embeddable":true,"href":"https:\/\/soydeaqui.ddns.net\/pachuca\/index.php\/wp-json\/wp\/v2\/product_cat?post=63008"},{"taxonomy":"product_tag","embeddable":true,"href":"https:\/\/soydeaqui.ddns.net\/pachuca\/index.php\/wp-json\/wp\/v2\/product_tag?post=63008"}],"curies":[{"name":"wp","href":"https:\/\/api.w.org\/{rel}","templated":true}]}}