{"id":63004,"date":"2026-03-19T07:00:11","date_gmt":"2026-03-19T07:00:11","guid":{"rendered":"https:\/\/soydeaqui.ddns.net\/pachuca\/index.php\/producto\/conector-n-macho-para-cable-fxl-780-ava5-50-lp550-y-ava5-50fx\/"},"modified":"2026-03-19T07:00:16","modified_gmt":"2026-03-19T07:00:16","slug":"conector-n-macho-para-cable-fxl-780-ava5-50-lp550-y-ava5-50fx","status":"publish","type":"product","link":"https:\/\/soydeaqui.ddns.net\/pachuca\/index.php\/producto\/conector-n-macho-para-cable-fxl-780-ava5-50-lp550-y-ava5-50fx\/","title":{"rendered":"Conector N Macho para cable FXL-780, AVA5-50, LP550 Y AVA5-50FX"},"content":{"rendered":"<div style='width: 100%; max-width: 1200px; margin: 0 auto; font-family: sans-serif; line-height: 1.6; color: inherit; background-color: transparent;'>\n<h3 style='font-size: 22px; border-bottom: 2px solid currentColor; padding-bottom: 5px; margin-top: 0; color: inherit; opacity: 0.8; text-align: center;'>Conector N Macho EZfit\u00ae para Cable FXL-780 y AVA5-50<\/h3>\n<div style='display: flex; flex-wrap: wrap; gap: 30px; margin-bottom: 30px;'>\n<div style='flex: 1 1 300px; min-width: 280px;'>\n<h4 style='font-size: 18px; border-bottom: 2px solid currentColor; padding-bottom: 5px; margin-top: 0; color: inherit; opacity: 0.8;'>Introducci\u00f3n<\/h4>\n<p style='margin-bottom: 1rem; color: inherit; font-size: 14.4px; text-align: justify;'>El conector N macho EZfit\u00ae modelo 78EZNM de Andrew \/ CommScope est\u00e1 dise\u00f1ado para ofrecer la m\u00e1xima eficiencia y rendimiento en aplicaciones RF con cables FXL-780 y AVA5-50. Este conector es ideal para proyectos de comunicaci\u00f3n que requieren una conexi\u00f3n robusta&comma; duradera y altamente eficiente. Con una construcci\u00f3n de alta calidad y especificaciones t\u00e9cnicas que superan los est\u00e1ndares de la industria&comma; este conector asegura una transmisi\u00f3n de se\u00f1al \u00f3ptima y confiable.<\/p>\n<\/p><\/div>\n<\/p><\/div>\n<hr style='border: 0; border-top: 1px solid rgba(150&comma; 150&comma; 150&comma; 0.3); margin: 30px 0;'>\n<div style='display: flex; flex-wrap: wrap; gap: 20px; margin-bottom: 30px;'>\n<div style='flex: 1 1 250px; border: 1px solid rgba(150&comma; 150&comma; 150&comma; 0.4); border-radius: 8px; overflow: hidden; display: flex; flex-direction: column;'>\n<div style='padding: 15px; border-bottom: 1px solid rgba(150&comma; 150&comma; 150&comma; 0.2); font-weight: bold; font-size: 18px; color: inherit;'>Generales<\/div>\n<div style='padding: 15px; color: inherit;'>\n<ul style='padding-left: 20px; margin: 0; font-size: 14px; list-style-type: disc;'>\n<li style='margin-bottom: 5px;'><strong>Marca:<\/strong> EZfit\u00ae<\/li>\n<li style='margin-bottom: 5px;'><strong>C\u00f3digo del Sistema Armonizado [HS]:<\/strong> 854420 (Cable coaxial y otros conductores el\u00e9ctricos coaxiales)<\/li>\n<li style='margin-bottom: 5px;'><strong>\u00c1ngulo de Montaje:<\/strong> Recto<\/li>\n<li style='margin-bottom: 5px;'><strong>Nota de Pedido:<\/strong> Producto est\u00e1ndar CommScope\u00ae (Global)<\/li>\n<\/ul><\/div>\n<\/p><\/div>\n<div style='flex: 1 1 250px; border: 1px solid rgba(150&comma; 150&comma; 150&comma; 0.4); border-radius: 8px; overflow: hidden; display: flex; flex-direction: column;'>\n<div style='padding: 15px; border-bottom: 1px solid rgba(150&comma; 150&comma; 150&comma; 0.2); font-weight: bold; font-size: 18px; color: inherit;'>El\u00e9ctricas<\/div>\n<div style='padding: 15px; color: inherit;'>\n<ul style='padding-left: 20px; margin: 0; font-size: 14px; list-style-type: disc;'>\n<li style='margin-bottom: 5px;'><strong>Impedancia del Conector:<\/strong> 50 ohms<\/li>\n<li style='margin-bottom: 5px;'><strong>Banda de Frecuencia de Operaci\u00f3n:<\/strong> 0 \u2013 5000 MHz<\/li>\n<li style='margin-bottom: 5px;'><strong>Impedancia del Cable:<\/strong> 50 ohms<\/li>\n<li style='margin-bottom: 5px;'><strong>IMD de Tercer Orden&comma; T\u00edpico:<\/strong> -116 dBm a 1800 MHz<\/li>\n<li style='margin-bottom: 5px;'><strong>M\u00e9todo de Prueba IMD de Tercer Orden:<\/strong> Dos portadoras de +43 dBm<\/li>\n<li style='margin-bottom: 5px;'><strong>Voltaje de Operaci\u00f3n RF&comma; M\u00e1ximo [V RMS]:<\/strong> 707.00 V<\/li>\n<li style='margin-bottom: 5px;'><strong>Voltaje de Prueba:<\/strong> 2000 V<\/li>\n<li style='margin-bottom: 5px;'><strong>Resistencia de Contacto Externo&comma; M\u00e1ximo:<\/strong> 0.30 mOhm<\/li>\n<li style='margin-bottom: 5px;'><strong>Resistencia de Contacto Interno&comma; M\u00e1ximo:<\/strong> 2.00 mOhm<\/li>\n<li style='margin-bottom: 5px;'><strong>Resistencia de Aislamiento&comma; M\u00ednimo:<\/strong> 5000 MOhm<\/li>\n<li style='margin-bottom: 5px;'><strong>Potencia M\u00e1xima de Pico:<\/strong> 10.00 kW<\/li>\n<li style='margin-bottom: 5px;'><strong>P\u00e9rdida de Inserci\u00f3n&comma; T\u00edpica:<\/strong> 0.05 dB<\/li>\n<\/ul><\/div>\n<\/p><\/div>\n<div style='flex: 1 1 250px; border: 1px solid rgba(150&comma; 150&comma; 150&comma; 0.4); border-radius: 8px; overflow: hidden; display: flex; flex-direction: column;'>\n<div style='padding: 15px; border-bottom: 1px solid rgba(150&comma; 150&comma; 150&comma; 0.2); font-weight: bold; font-size: 18px; color: inherit;'>Mec\u00e1nicas<\/div>\n<div style='padding: 15px; color: inherit;'>\n<ul style='padding-left: 20px; margin: 0; font-size: 14px; list-style-type: disc;'>\n<li style='margin-bottom: 5px;'><strong>M\u00e9todo de Fijaci\u00f3n del Contacto Externo:<\/strong> Abrazadera<\/li>\n<li style='margin-bottom: 5px;'><strong>M\u00e9todo de Fijaci\u00f3n del Contacto Interno:<\/strong> Cautivo<\/li>\n<li style='margin-bottom: 5px;'><strong>Recubrimiento del Contacto Externo:<\/strong> Trimetal<\/li>\n<li style='margin-bottom: 5px;'><strong>Recubrimiento del Contacto Interno:<\/strong> Plata<\/li>\n<li style='margin-bottom: 5px;'><strong>Durabilidad del Acoplamiento:<\/strong> 500 ciclos (M\u00e9todo IEC 61169\u00ac16:9.5)<\/li>\n<li style='margin-bottom: 5px;'><strong>Fuerza de Retenci\u00f3n del Conector:<\/strong> 1334 N | 300 lbf<\/li>\n<li style='margin-bottom: 5px;'><strong>Torque de Retenci\u00f3n del Conector:<\/strong> 8.13 N\u00acm | 72.00 in lb<\/li>\n<li style='margin-bottom: 5px;'><strong>Fuerza de Inserci\u00f3n:<\/strong> 66.72 N | 15.00 lbf (M\u00e9todo MIL\u00acC\u00ac39012C\u00ac3.12&comma; 4.6.9)<\/li>\n<li style='margin-bottom: 5px;'><strong>Presurizable:<\/strong> No<\/li>\n<li style='margin-bottom: 5px;'><strong>Torque de Prueba de la Tuerca de Acoplamiento:<\/strong> 4.52 N\u00acm | 40.00 in lb<\/li>\n<li style='margin-bottom: 5px;'><strong>Fuerza de Retenci\u00f3n de la Tuerca de Acoplamiento:<\/strong> 444.82 N | 100.00 lbf (M\u00e9todo MIL\u00acC-39012C\u00ac3.25&comma; 4.6.22)<\/li>\n<\/ul><\/div>\n<\/p><\/div>\n<div style='flex: 1 1 250px; border: 1px solid rgba(150&comma; 150&comma; 150&comma; 0.4); border-radius: 8px; overflow: hidden; display: flex; flex-direction: column;'>\n<div style='padding: 15px; border-bottom: 1px solid rgba(150&comma; 150&comma; 150&comma; 0.2); font-weight: bold; font-size: 18px; color: inherit;'>Dimensiones<\/div>\n<div style='padding: 15px; color: inherit;'>\n<ul style='padding-left: 20px; margin: 0; font-size: 14px; list-style-type: disc;'>\n<li style='margin-bottom: 5px;'><strong>Tama\u00f1o Nominal:<\/strong> 7\/8 in<\/li>\n<li style='margin-bottom: 5px;'><strong>Di\u00e1metro:<\/strong> 37.21 mm | 1.47 in<\/li>\n<li style='margin-bottom: 5px;'><strong>Longitud:<\/strong> 58.00 mm | 2.28 in<\/li>\n<li style='margin-bottom: 5px;'><strong>Peso:<\/strong> 137.08 g | 0.30 lb<\/li>\n<\/ul><\/div>\n<\/p><\/div>\n<div style='flex: 1 1 250px; border: 1px solid rgba(150&comma; 150&comma; 150&comma; 0.4); border-radius: 8px; overflow: hidden; display: flex; flex-direction: column;'>\n<div style='padding: 15px; border-bottom: 1px solid rgba(150&comma; 150&comma; 150&comma; 0.2); font-weight: bold; font-size: 18px; color: inherit;'>Ambientales<\/div>\n<div style='padding: 15px; color: inherit;'>\n<ul style='padding-left: 20px; margin: 0; font-size: 14px; list-style-type: disc;'>\n<li style='margin-bottom: 5px;'><strong>Temperatura de Operaci\u00f3n:<\/strong> -40 \u00b0C a +85 \u00b0C [\u00ac40 \u00b0F a +185 \u00b0F]<\/li>\n<li style='margin-bottom: 5px;'><strong>Temperatura de Almacenamiento:<\/strong> \u00ac55 \u00b0C a +85 \u00b0C [\u00ac67 \u00b0F a +185 \u00b0F]<\/li>\n<li style='margin-bottom: 5px;'><strong>Profundidad de Inmersi\u00f3n:<\/strong> 1 m (Prueba de Inmersi\u00f3n IEC 60529:2001&comma; IP68)<\/li>\n<li style='margin-bottom: 5px;'><strong>Prueba de Chorro de Agua:<\/strong> Mated (M\u00e9todo IEC 60529:2001&comma; IP66)<\/li>\n<li style='margin-bottom: 5px;'><strong>Resistencia a la Humedad:<\/strong> M\u00e9todo MIL\u00acSTD-202F&comma; M\u00e9todo 106F<\/li>\n<li style='margin-bottom: 5px;'><strong>Prueba de Choque Mec\u00e1nico:<\/strong> M\u00e9todo MIL\u00acSTD\u00ac202F&comma; M\u00e9todo 213B&comma; Condici\u00f3n de Prueba C<\/li>\n<li style='margin-bottom: 5px;'><strong>Prueba de Vibraci\u00f3n:<\/strong> M\u00e9todo IEC 60068\u00ac2\u00ac6<\/li>\n<li style='margin-bottom: 5px;'><strong>Prueba de Corrosi\u00f3n:<\/strong> M\u00e9todo MIL\u00acSTD-1344A&comma; M\u00e9todo 1001.1&comma; Condici\u00f3n de Prueba A<\/li>\n<\/ul><\/div>\n<\/p><\/div>\n<div style='flex: 1 1 250px; border: 1px solid rgba(150&comma; 150&comma; 150&comma; 0.4); border-radius: 8px; overflow: hidden; display: flex; flex-direction: column;'>\n<div style='padding: 15px; border-bottom: 1px solid rgba(150&comma; 150&comma; 150&comma; 0.2); font-weight: bold; font-size: 18px; color: inherit;'>Rendimiento de Retorno de P\u00e9rdida\/VSWR<\/div>\n<div style='padding: 15px; color: inherit;'>\n<ul style='padding-left: 20px; margin: 0; font-size: 14px; list-style-type: disc;'>\n<li style='margin-bottom: 5px;'><strong>50\u20131000 MHz:<\/strong> VSWR 1.02&comma; Return Loss 40.00 dB<\/li>\n<li style='margin-bottom: 5px;'><strong>1000\u20131900 MHz:<\/strong> VSWR 1.03&comma; Return Loss 38.00 dB<\/li>\n<li style='margin-bottom: 5px;'><strong>1900\u20132200 MHz:<\/strong> VSWR 1.04&comma; Return Loss 35.00 dB<\/li>\n<li style='margin-bottom: 5px;'><strong>2200\u20132700 MHz:<\/strong> VSWR 1.05&comma; Return Loss 32.00 dB<\/li>\n<li style='margin-bottom: 5px;'><strong>2700\u20133600 MHz:<\/strong> VSWR 1.07&comma; Return Loss 30.00 dB<\/li>\n<li style='margin-bottom: 5px;'><strong>3600\u20135000 MHz:<\/strong> VSWR 1.11&comma; Return Loss 26.00 dB<\/li>\n<\/ul><\/div>\n<\/p><\/div>\n<div style='flex: 1 1 250px; border: 1px solid rgba(150&comma; 150&comma; 150&comma; 0.4); border-radius: 8px; overflow: hidden; display: flex; flex-direction: column;'>\n<div style='padding: 15px; border-bottom: 1px solid rgba(150&comma; 150&comma; 150&comma; 0.2); font-weight: bold; font-size: 18px; color: inherit;'>Cumplimiento Normativo\/Certificaciones<\/div>\n<div style='padding: 15px; color: inherit;'>\n<ul style='padding-left: 20px; margin: 0; font-size: 14px; list-style-type: disc;'>\n<li style='margin-bottom: 5px;'><strong>RoHS 2011\/65\/EU:<\/strong> Cumple por Excepci\u00f3n<\/li>\n<li style='margin-bottom: 5px;'><strong>China RoHS SJ\/T 11364\u00ac2006:<\/strong> Por Encima del Valor de Concentraci\u00f3n M\u00e1ximo [MCV]<\/li>\n<li style='margin-bottom: 5px;'><strong>ISO 9001:2008:<\/strong> Dise\u00f1ado&comma; fabricado y\/o distribuido bajo este sistema de gesti\u00f3n de calidad.<\/li>\n<\/ul><\/div>\n<\/p><\/div>\n<\/p><\/div>\n<\/p><\/div>\n","protected":false},"excerpt":{"rendered":"<p>Conector N Macho para cable FXL-780, AVA5-50, LP550 Y AVA5-50FX<\/p>\n","protected":false},"featured_media":63003,"comment_status":"open","ping_status":"closed","template":"","meta":[],"product_brand":[],"product_cat":[1708],"product_tag":[1330,616,1709],"class_list":{"0":"post-63004","1":"product","2":"type-product","3":"status-publish","4":"has-post-thumbnail","6":"product_cat-heliax","7":"product_tag-andrew-commscope","8":"product_tag-conectores","9":"product_tag-heliax","11":"first","12":"instock","13":"sale","14":"shipping-taxable","15":"purchasable","16":"product-type-simple"},"_links":{"self":[{"href":"https:\/\/soydeaqui.ddns.net\/pachuca\/index.php\/wp-json\/wp\/v2\/product\/63004","targetHints":{"allow":["GET"]}}],"collection":[{"href":"https:\/\/soydeaqui.ddns.net\/pachuca\/index.php\/wp-json\/wp\/v2\/product"}],"about":[{"href":"https:\/\/soydeaqui.ddns.net\/pachuca\/index.php\/wp-json\/wp\/v2\/types\/product"}],"replies":[{"embeddable":true,"href":"https:\/\/soydeaqui.ddns.net\/pachuca\/index.php\/wp-json\/wp\/v2\/comments?post=63004"}],"wp:featuredmedia":[{"embeddable":true,"href":"https:\/\/soydeaqui.ddns.net\/pachuca\/index.php\/wp-json\/wp\/v2\/media\/63003"}],"wp:attachment":[{"href":"https:\/\/soydeaqui.ddns.net\/pachuca\/index.php\/wp-json\/wp\/v2\/media?parent=63004"}],"wp:term":[{"taxonomy":"product_brand","embeddable":true,"href":"https:\/\/soydeaqui.ddns.net\/pachuca\/index.php\/wp-json\/wp\/v2\/product_brand?post=63004"},{"taxonomy":"product_cat","embeddable":true,"href":"https:\/\/soydeaqui.ddns.net\/pachuca\/index.php\/wp-json\/wp\/v2\/product_cat?post=63004"},{"taxonomy":"product_tag","embeddable":true,"href":"https:\/\/soydeaqui.ddns.net\/pachuca\/index.php\/wp-json\/wp\/v2\/product_tag?post=63004"}],"curies":[{"name":"wp","href":"https:\/\/api.w.org\/{rel}","templated":true}]}}