{"id":62963,"date":"2026-03-19T06:58:51","date_gmt":"2026-03-19T06:58:51","guid":{"rendered":"https:\/\/soydeaqui.ddns.net\/pachuca\/index.php\/producto\/modelo-459-controlador-troncal-ltr-con-interconectador-telefonico-full-duplex-en-configuracion-end-end-compatible-con-modelo-452\/"},"modified":"2026-03-19T06:58:52","modified_gmt":"2026-03-19T06:58:52","slug":"modelo-459-controlador-troncal-ltr-con-interconectador-telefonico-full-duplex-en-configuracion-end-end-compatible-con-modelo-452","status":"publish","type":"product","link":"https:\/\/soydeaqui.ddns.net\/pachuca\/index.php\/producto\/modelo-459-controlador-troncal-ltr-con-interconectador-telefonico-full-duplex-en-configuracion-end-end-compatible-con-modelo-452\/","title":{"rendered":"Modelo 459, Controlador Troncal LTR, con Interconectador Telef\u00f3nico Full-d\u00faplex en Configuraci\u00f3n End-End, Compatible con Modelo 452."},"content":{"rendered":"<div style='width: 100%; max-width: 1200px; margin: 0 auto; font-family: sans-serif; line-height: 1.6; color: inherit; background-color: transparent;'>\n<div style='display: flex; flex-wrap: wrap; gap: 30px; margin-bottom: 30px;'>\n<div style='flex: 1 1 300px; min-width: 280px;'>\n<h3 style='font-size: 22px; border-bottom: 2px solid currentColor; padding-bottom: 5px; margin-top: 0; color: inherit; opacity: 0.8;'>Descripci\u00f3n<\/h3>\n<p style='font-size: 15px; color: inherit; margin-top: 0;'> El modelo 459 es un controlador que convierte cualquier repetidor en un eficiente canal de LTR troncalizado. Usa un circuito de dise\u00f1o avanzado que con su software combina las funciones de una unidad l\u00f3gica&comma; interconectador&comma; validador&comma; acumulador&comma; memorizador de llamadas y m\u00f3dem en un paquete. Ideal para expandir sistemas troncales&comma; adicionando nuevos canales y\/o nuevos sitios de repetici\u00f3n. <\/p>\n<\/p><\/div>\n<\/p><\/div>\n<div style='display: flex; flex-wrap: wrap; gap: 20px; margin-bottom: 30px;'>\n<div style='flex: 1 1 250px; border: 1px solid rgba(150&comma; 150&comma; 150&comma; 0.4); border-radius: 8px; overflow: hidden; display: flex; flex-direction: column;'>\n<div style='padding: 15px; border-bottom: 1px solid rgba(150&comma; 150&comma; 150&comma; 0.2); font-weight: bold; font-size: 18px; color: inherit;'>Caracter\u00edsticas principales<\/div>\n<div style='padding: 15px; color: inherit;'>\n<ul style='padding-left: 20px; margin: 0; font-size: 14px; list-style-type: disc;'>\n<li style='margin-bottom: 5px;'>Convierte repetidores en canales LTR troncalizados<\/li>\n<li style='margin-bottom: 5px;'>6000 registros de llamada por unidad<\/li>\n<li style='margin-bottom: 5px;'>Bus de datos compatible E.F. Johnson \/ Uniden<\/li>\n<li style='margin-bottom: 5px;'>Repetidor fantasma para reasignar IDs<\/li>\n<li style='margin-bottom: 5px;'>Programaci\u00f3n remota v\u00eda PC<\/li>\n<\/ul><\/div>\n<\/p><\/div>\n<div style='flex: 1 1 250px; border: 1px solid rgba(150&comma; 150&comma; 150&comma; 0.4); border-radius: 8px; overflow: hidden; display: flex; flex-direction: column;'>\n<div style='padding: 15px; border-bottom: 1px solid rgba(150&comma; 150&comma; 150&comma; 0.2); font-weight: bold; font-size: 18px; color: inherit;'>Especificaciones<\/div>\n<div style='padding: 15px; color: inherit;'>\n<ul style='padding-left: 20px; margin: 0; font-size: 14px; list-style-type: disc;'>\n<li style='margin-bottom: 5px;'>Bus de datos compatible con E:F. Johnson \/ Uniden<\/li>\n<li style='margin-bottom: 5px;'>Programaci\u00f3n remota v\u00eda PC<\/li>\n<li style='margin-bottom: 5px;'>6000 registros de llamada por unidad<\/li>\n<li style='margin-bottom: 5px;'>Compatible con l\u00edneas telef\u00f3nicas de 4 hilos&comma; E &#038; M&comma; se\u00f1alizaci\u00f3n MF&comma; tipo I<\/li>\n<li style='margin-bottom: 5px;'>Enlace &#8216;AutoNet&#8217; entre sistemas sin requerir un switch central<\/li>\n<li style='margin-bottom: 5px;'>Repetidor Fantasma dobla la cantidad de IDs a reasignar IDs desde canales inactivos<\/li>\n<li style='margin-bottom: 5px;'>Pueden grabar 6 diferentes mensajes para instrucciones<\/li>\n<\/ul><\/div>\n<\/p><\/div>\n<div style='flex: 1 1 250px; border: 1px solid rgba(150&comma; 150&comma; 150&comma; 0.4); border-radius: 8px; overflow: hidden; display: flex; flex-direction: column;'>\n<div style='padding: 15px; border-bottom: 1px solid rgba(150&comma; 150&comma; 150&comma; 0.2); font-weight: bold; font-size: 18px; color: inherit;'>Garant\u00eda<\/div>\n<div style='padding: 15px; color: inherit;'>\n<ul style='padding-left: 20px; margin: 0; font-size: 14px; list-style-type: disc;'>\n<li style='margin-bottom: 5px;'>3 A\u00f1os de Garant\u00eda<\/li>\n<\/ul><\/div>\n<\/p><\/div>\n<\/p><\/div>\n<hr style='border: 0; border-top: 1px solid rgba(150&comma; 150&comma; 150&comma; 0.3); margin: 30px 0;'>\n<div style='display: flex; flex-wrap: wrap; gap: 30px;'>\n<div style='flex: 1 1 300px; min-width: 280px;'>\n<h3 style='font-size: 22px; border-bottom: 2px solid currentColor; padding-bottom: 5px; margin-top: 0; color: inherit; opacity: 0.8;'>Notas<\/h3>\n<ul style='padding-left: 20px; font-size: 15px; color: inherit;'>\n<li style='margin-bottom: 5px;'><strong>*Pregunte por disponibilidad.<\/strong><\/li>\n<\/ul><\/div>\n<\/p><\/div>\n<\/p><\/div>\n","protected":false},"excerpt":{"rendered":"<p>Modelo 459, Controlador Troncal LTR, con Interconectador Telef\u00f3nico Full-d\u00faplex en Configuraci\u00f3n End-End, Compatible con Modelo 452.<\/p>\n","protected":false},"featured_media":62962,"comment_status":"open","ping_status":"closed","template":"","meta":[],"product_brand":[],"product_cat":[1835],"product_tag":[1546,1419,1657],"class_list":{"0":"post-62963","1":"product","2":"type-product","3":"status-publish","4":"has-post-thumbnail","6":"product_cat-controladores-aplicaciones-y-soluciones","7":"product_tag-aplicaciones-y-soluciones","8":"product_tag-controladores","9":"product_tag-zetron","11":"first","12":"outofstock","13":"sale","14":"shipping-taxable","15":"purchasable","16":"product-type-simple"},"_links":{"self":[{"href":"https:\/\/soydeaqui.ddns.net\/pachuca\/index.php\/wp-json\/wp\/v2\/product\/62963","targetHints":{"allow":["GET"]}}],"collection":[{"href":"https:\/\/soydeaqui.ddns.net\/pachuca\/index.php\/wp-json\/wp\/v2\/product"}],"about":[{"href":"https:\/\/soydeaqui.ddns.net\/pachuca\/index.php\/wp-json\/wp\/v2\/types\/product"}],"replies":[{"embeddable":true,"href":"https:\/\/soydeaqui.ddns.net\/pachuca\/index.php\/wp-json\/wp\/v2\/comments?post=62963"}],"wp:featuredmedia":[{"embeddable":true,"href":"https:\/\/soydeaqui.ddns.net\/pachuca\/index.php\/wp-json\/wp\/v2\/media\/62962"}],"wp:attachment":[{"href":"https:\/\/soydeaqui.ddns.net\/pachuca\/index.php\/wp-json\/wp\/v2\/media?parent=62963"}],"wp:term":[{"taxonomy":"product_brand","embeddable":true,"href":"https:\/\/soydeaqui.ddns.net\/pachuca\/index.php\/wp-json\/wp\/v2\/product_brand?post=62963"},{"taxonomy":"product_cat","embeddable":true,"href":"https:\/\/soydeaqui.ddns.net\/pachuca\/index.php\/wp-json\/wp\/v2\/product_cat?post=62963"},{"taxonomy":"product_tag","embeddable":true,"href":"https:\/\/soydeaqui.ddns.net\/pachuca\/index.php\/wp-json\/wp\/v2\/product_tag?post=62963"}],"curies":[{"name":"wp","href":"https:\/\/api.w.org\/{rel}","templated":true}]}}