{"id":62960,"date":"2026-03-19T06:58:46","date_gmt":"2026-03-19T06:58:46","guid":{"rendered":"https:\/\/soydeaqui.ddns.net\/pachuca\/index.php\/producto\/modelo-452-controlador-troncal-ltr-configurable-con-sistemas-de-modelo-459\/"},"modified":"2026-03-19T06:58:47","modified_gmt":"2026-03-19T06:58:47","slug":"modelo-452-controlador-troncal-ltr-configurable-con-sistemas-de-modelo-459","status":"publish","type":"product","link":"https:\/\/soydeaqui.ddns.net\/pachuca\/index.php\/producto\/modelo-452-controlador-troncal-ltr-configurable-con-sistemas-de-modelo-459\/","title":{"rendered":"Modelo 452, Controlador Troncal LTR, Configurable con Sistemas de Modelo 459."},"content":{"rendered":"<div style='width: 100%; max-width: 1200px; margin: 0 auto; font-family: sans-serif; line-height: 1.6; color: inherit; background-color: transparent;'> <!-- Secci\u00f3n de contenido con flex\/grid --> <\/p>\n<div style='display: flex; flex-wrap: wrap; gap: 30px; margin-bottom: 30px;'>\n<div style='flex: 1 1 300px; min-width: 280px;'>\n<h3 style='font-size: 22px; border-bottom: 2px solid currentColor; padding-bottom: 5px; margin-top: 0; color: inherit; opacity: 0.8;'>Descripci\u00f3n General<\/h3>\n<p style='font-size: 15px; color: inherit; margin-bottom: 15px;'>El modelo 452 es un controlador de LTR con la funci\u00f3n de despacho \u00fanicamente. Requiere 1 3\/4&#8242; de rack 19&#8242;.<\/p>\n<h4 style='font-size: 18px; color: inherit; margin-top: 20px; margin-bottom: 10px;'>Caracter\u00edsticas Principales:<\/h4>\n<ul style='padding-left: 20px; font-size: 15px; color: inherit;'>\n<li style='margin-bottom: 5px;'>Bus de datos compatible con E.F. Johnson \/ Uniden<\/li>\n<li style='margin-bottom: 5px;'>Validaci\u00f3n de suscriptor y acumulaci\u00f3n de tiempo<\/li>\n<li style='margin-bottom: 5px;'>Programable remotamente v\u00eda PC<\/li>\n<li style='margin-bottom: 5px;'>Funciones similares a los del modelo 459<\/li>\n<li style='margin-bottom: 5px;'>Permite programar y descargar informaci\u00f3n v\u00eda m\u00f3dem<\/li>\n<\/ul>\n<h4 style='font-size: 18px; color: inherit; margin-top: 20px; margin-bottom: 10px;'>Garant\u00eda:<\/h4>\n<p style='font-size: 15px; color: inherit; margin-bottom: 5px;'>3 A\u00f1os de Garant\u00eda<\/p>\n<p style='font-size: 15px; color: inherit; margin-top: 15px; font-weight: bold;'>*Pregunte por Disponibilidad<\/p>\n<\/p><\/div>\n<\/p><\/div>\n<p> <!-- Separador --> <\/p>\n<hr style='border: 0; border-top: 1px solid rgba(150&comma; 150&comma; 150&comma; 0.3); margin: 30px 0;'> <\/div>\n","protected":false},"excerpt":{"rendered":"<p>Modelo 452, Controlador Troncal LTR, Configurable con Sistemas de Modelo 459.<\/p>\n","protected":false},"featured_media":62959,"comment_status":"open","ping_status":"closed","template":"","meta":[],"product_brand":[],"product_cat":[1835],"product_tag":[1546,1419,1657],"class_list":{"0":"post-62960","1":"product","2":"type-product","3":"status-publish","4":"has-post-thumbnail","6":"product_cat-controladores-aplicaciones-y-soluciones","7":"product_tag-aplicaciones-y-soluciones","8":"product_tag-controladores","9":"product_tag-zetron","11":"first","12":"outofstock","13":"sale","14":"shipping-taxable","15":"purchasable","16":"product-type-simple"},"_links":{"self":[{"href":"https:\/\/soydeaqui.ddns.net\/pachuca\/index.php\/wp-json\/wp\/v2\/product\/62960","targetHints":{"allow":["GET"]}}],"collection":[{"href":"https:\/\/soydeaqui.ddns.net\/pachuca\/index.php\/wp-json\/wp\/v2\/product"}],"about":[{"href":"https:\/\/soydeaqui.ddns.net\/pachuca\/index.php\/wp-json\/wp\/v2\/types\/product"}],"replies":[{"embeddable":true,"href":"https:\/\/soydeaqui.ddns.net\/pachuca\/index.php\/wp-json\/wp\/v2\/comments?post=62960"}],"wp:featuredmedia":[{"embeddable":true,"href":"https:\/\/soydeaqui.ddns.net\/pachuca\/index.php\/wp-json\/wp\/v2\/media\/62959"}],"wp:attachment":[{"href":"https:\/\/soydeaqui.ddns.net\/pachuca\/index.php\/wp-json\/wp\/v2\/media?parent=62960"}],"wp:term":[{"taxonomy":"product_brand","embeddable":true,"href":"https:\/\/soydeaqui.ddns.net\/pachuca\/index.php\/wp-json\/wp\/v2\/product_brand?post=62960"},{"taxonomy":"product_cat","embeddable":true,"href":"https:\/\/soydeaqui.ddns.net\/pachuca\/index.php\/wp-json\/wp\/v2\/product_cat?post=62960"},{"taxonomy":"product_tag","embeddable":true,"href":"https:\/\/soydeaqui.ddns.net\/pachuca\/index.php\/wp-json\/wp\/v2\/product_tag?post=62960"}],"curies":[{"name":"wp","href":"https:\/\/api.w.org\/{rel}","templated":true}]}}