{"id":62958,"date":"2026-03-19T06:58:43","date_gmt":"2026-03-19T06:58:43","guid":{"rendered":"https:\/\/soydeaqui.ddns.net\/pachuca\/index.php\/producto\/sentrimax-procesador-de-alarmas-industriales-via-radio-y-telefono\/"},"modified":"2026-03-19T06:58:44","modified_gmt":"2026-03-19T06:58:44","slug":"sentrimax-procesador-de-alarmas-industriales-via-radio-y-telefono","status":"publish","type":"product","link":"https:\/\/soydeaqui.ddns.net\/pachuca\/index.php\/producto\/sentrimax-procesador-de-alarmas-industriales-via-radio-y-telefono\/","title":{"rendered":"SENTRIMAX Procesador de Alarmas Industriales v\u00eda Radio y Tel\u00e9fono"},"content":{"rendered":"<div style='width: 100%; max-width: 1200px; margin: 0 auto; font-family: sans-serif; line-height: 1.6; color: inherit; background-color: transparent;'>\n<div style='display: flex; flex-wrap: wrap; gap: 30px; margin-bottom: 30px;'>\n<div style='flex: 1 1 300px; min-width: 280px;'>\n<h3 style='font-size: 22px; border-bottom: 2px solid currentColor; padding-bottom: 5px; margin-top: 0; color: inherit; opacity: 0.8;'>Descripci\u00f3n<\/h3>\n<p style='font-size: 15px; color: inherit; margin-bottom: 15px;'> SentriMax es un sistema procesador de alarmas industrial que permite controlar y monitorear v\u00eda radio o tel\u00e9fono hasta 64 entradas\/ salidas digitales y 8 entradas an\u00e1logas. <\/p>\n<p style='font-size: 15px; color: inherit; margin-bottom: 15px;'> De forma autom\u00e1tica&comma; notifica mediante mensajes de voz programables el estatus de una condici\u00f3n de alarma utilizando una lista de recursos disponibles&comma; ya sean contactos telef\u00f3nicos o v\u00eda radio. <\/p>\n<p style='font-size: 15px; color: inherit; margin-bottom: 15px;'> Sentrimax es una de las alternativas m\u00e1s confiables y f\u00e1ciles de usar en el mercado. <\/p>\n<\/p><\/div>\n<\/p><\/div>\n<div style='display: flex; flex-wrap: wrap; gap: 20px; margin-bottom: 30px;'>\n<div style='flex: 1 1 250px; border: 1px solid rgba(150&comma; 150&comma; 150&comma; 0.4); border-radius: 8px; overflow: hidden; display: flex; flex-direction: column;'>\n<div style='padding: 15px; border-bottom: 1px solid rgba(150&comma; 150&comma; 150&comma; 0.2); font-weight: bold; font-size: 18px; color: inherit;'>Caracter\u00edsticas Generales<\/div>\n<div style='padding: 15px; color: inherit;'>\n<ul style='padding-left: 20px; margin: 0; font-size: 14px; list-style-type: disc;'>\n<li style='margin-bottom: 5px;'>16 entradas y salidas con opci\u00f3n de hasta 72 entradas y salidas.<\/li>\n<li style='margin-bottom: 5px;'>Puede monitorear funciones anal\u00f3gicas como temperatura o presi\u00f3n (no incluye el transductor).<\/li>\n<li style='margin-bottom: 5px;'>Viene con gabinete NEMA 4X con capacidad para instalar el radio dentro.<\/li>\n<li style='margin-bottom: 5px;'>Puede hacer llamadas telef\u00f3nicas&comma; llamadas por radio o a pagers (si se tienen las opciones) en varios formatos&comma; indicando la condici\u00f3n de alarma.<\/li>\n<\/ul><\/div>\n<\/p><\/div>\n<div style='flex: 1 1 250px; border: 1px solid rgba(150&comma; 150&comma; 150&comma; 0.4); border-radius: 8px; overflow: hidden; display: flex; flex-direction: column;'>\n<div style='padding: 15px; border-bottom: 1px solid rgba(150&comma; 150&comma; 150&comma; 0.2); font-weight: bold; font-size: 18px; color: inherit;'>Aplicaciones<\/div>\n<div style='padding: 15px; color: inherit;'>\n<p style='font-size: 14px; margin: 0; color: inherit;'> Monitoreo de sitios remotos&comma; Industria el\u00e9ctrica&comma; gas y petr\u00f3leo&comma; plantas tratadoras de agua&comma; pozos&comma; control de riego&comma; telemetr\u00eda&comma; control de niveles&comma; v\u00e1lvulas&comma; invernaderos&comma; etc. <\/p>\n<\/p><\/div>\n<\/p><\/div>\n<\/p><\/div>\n<div style='display: flex; flex-wrap: wrap; gap: 30px; margin-bottom: 30px;'>\n<div style='flex: 1 1 300px; min-width: 280px;'>\n<div style='margin-bottom: 20px;'> <img style='width: 100%; height: auto; border: 1px solid rgba(150&comma;150&comma;150&comma;0.3); border-radius: 8px;' src='https:\/\/ftp3.syscom.mx\/usuarios\/fotos\/9019385\/8938-diagrama_sentrimax1.jpg' alt='Diagrama de SentriMax'> <\/div>\n<p style='font-size: 14px; color: inherit; margin-top: 15px;'> *Producto sobre pedido. <\/p>\n<\/p><\/div>\n<\/p><\/div>\n<hr style='border: 0; border-top: 1px solid rgba(150&comma; 150&comma; 150&comma; 0.3); margin: 30px 0;'> <\/div>\n","protected":false},"excerpt":{"rendered":"<p>SENTRIMAX Procesador de Alarmas Industriales v\u00eda Radio y Tel\u00e9fono<\/p>\n","protected":false},"featured_media":62957,"comment_status":"open","ping_status":"closed","template":"","meta":[],"product_brand":[],"product_cat":[1620],"product_tag":[1546,1621,1657],"class_list":{"0":"post-62958","1":"product","2":"type-product","3":"status-publish","4":"has-post-thumbnail","6":"product_cat-telemetria-y-transmision-de-datos","7":"product_tag-aplicaciones-y-soluciones","8":"product_tag-telemetria-y-transmision-de-datos","9":"product_tag-zetron","11":"first","12":"outofstock","13":"sale","14":"shipping-taxable","15":"purchasable","16":"product-type-simple"},"_links":{"self":[{"href":"https:\/\/soydeaqui.ddns.net\/pachuca\/index.php\/wp-json\/wp\/v2\/product\/62958","targetHints":{"allow":["GET"]}}],"collection":[{"href":"https:\/\/soydeaqui.ddns.net\/pachuca\/index.php\/wp-json\/wp\/v2\/product"}],"about":[{"href":"https:\/\/soydeaqui.ddns.net\/pachuca\/index.php\/wp-json\/wp\/v2\/types\/product"}],"replies":[{"embeddable":true,"href":"https:\/\/soydeaqui.ddns.net\/pachuca\/index.php\/wp-json\/wp\/v2\/comments?post=62958"}],"wp:featuredmedia":[{"embeddable":true,"href":"https:\/\/soydeaqui.ddns.net\/pachuca\/index.php\/wp-json\/wp\/v2\/media\/62957"}],"wp:attachment":[{"href":"https:\/\/soydeaqui.ddns.net\/pachuca\/index.php\/wp-json\/wp\/v2\/media?parent=62958"}],"wp:term":[{"taxonomy":"product_brand","embeddable":true,"href":"https:\/\/soydeaqui.ddns.net\/pachuca\/index.php\/wp-json\/wp\/v2\/product_brand?post=62958"},{"taxonomy":"product_cat","embeddable":true,"href":"https:\/\/soydeaqui.ddns.net\/pachuca\/index.php\/wp-json\/wp\/v2\/product_cat?post=62958"},{"taxonomy":"product_tag","embeddable":true,"href":"https:\/\/soydeaqui.ddns.net\/pachuca\/index.php\/wp-json\/wp\/v2\/product_tag?post=62958"}],"curies":[{"name":"wp","href":"https:\/\/api.w.org\/{rel}","templated":true}]}}