{"id":62952,"date":"2026-03-19T06:58:31","date_gmt":"2026-03-19T06:58:31","guid":{"rendered":"https:\/\/soydeaqui.ddns.net\/pachuca\/index.php\/producto\/utr-modelo-1708-con-8-entradas-digitales-4-analogas-y-8-salidas-de-control\/"},"modified":"2026-03-19T06:58:32","modified_gmt":"2026-03-19T06:58:32","slug":"utr-modelo-1708-con-8-entradas-digitales-4-analogas-y-8-salidas-de-control","status":"publish","type":"product","link":"https:\/\/soydeaqui.ddns.net\/pachuca\/index.php\/producto\/utr-modelo-1708-con-8-entradas-digitales-4-analogas-y-8-salidas-de-control\/","title":{"rendered":"UTR Modelo 1708 con 8 entradas digitales, 4 an\u00e1logas y 8 salidas de control."},"content":{"rendered":"<div style='width: 100%; max-width: 1200px; margin: 0 auto; font-family: sans-serif; line-height: 1.6; color: inherit; background-color: transparent;'>\n<div style='display: flex; flex-wrap: wrap; gap: 30px; margin-bottom: 30px;'>\n<div style='flex: 1 1 300px; min-width: 280px;'>\n<h3 style='font-size: 22px; border-bottom: 2px solid currentColor; padding-bottom: 5px; margin-top: 0; color: inherit; opacity: 0.8;'>Descripci\u00f3n General<\/h3>\n<p style='font-size: 15px; color: inherit; margin-top: 0; margin-bottom: 15px;'>Ultra es un sistema inal\u00e1mbrico de SCADA y de telemetr\u00eda. Ofrece una manera pr\u00e1ctica y econ\u00f3mica de supervisar mas de 1000 sitios remotos v\u00eda radio.<\/p>\n<p style='font-size: 15px; color: inherit; margin-top: 0; margin-bottom: 15px;'>El sistema ULTRAc comprende: La Unidad de Terminales Remotas (UTR \/ RTU en ingl\u00e9s) modelos 1708 \/ 1716 y el controlador del sistema modelo 1700.<\/p>\n<p style='font-size: 15px; color: inherit; margin-top: 0; margin-bottom: 15px;'>Las UTRs se instalan en los sitios lejanos y tienen conexiones de entrada y salida anal\u00f3gicas (se\u00f1ales variables) y digitales (se\u00f1ales on \/ off). Estas entradas y salidas pueden supervisar y controlar: nivel&comma; presi\u00f3n&comma; temperatura&comma; seguridad&comma; etc. usando traductores o switches.<\/p>\n<p style='font-size: 15px; color: inherit; margin-top: 0; margin-bottom: 15px;'>El modelo 1700 se instala en el sitio central y se conecta a una PC. Este controlador env\u00eda y recibe datos entre la PC central y los sitios remotos. El programa Lookout (no suministrado por SYSCOM) permite al usuario supervisar&comma; controlar&comma; mostrar&comma; guardar&comma; imprimir e interrogar los datos del sistema desde la PC (requiere un operador).<\/p>\n<\/p><\/div>\n<\/p><\/div>\n<div style='display: flex; flex-wrap: wrap; gap: 20px; margin-bottom: 30px;'>\n<div style='flex: 1 1 250px; border: 1px solid rgba(150&comma; 150&comma; 150&comma; 0.4); border-radius: 8px; overflow: hidden; display: flex; flex-direction: column;'>\n<div style='padding: 15px; border-bottom: 1px solid rgba(150&comma; 150&comma; 150&comma; 0.2); font-weight: bold; font-size: 18px; color: inherit;'>Caracter\u00edsticas<\/div>\n<div style='padding: 15px; color: inherit;'>\n<ul style='padding-left: 20px; margin: 0; font-size: 14px; list-style-type: disc;'>\n<li style='margin-bottom: 5px;'>Hasta 44 conexiones de entrada y salida por cada terminal remota (UTR). (Modelos 16)<\/li>\n<li style='margin-bottom: 5px;'>Reporte de alarmas por excepciones<\/li>\n<li style='margin-bottom: 5px;'>Interrogaci\u00f3n de estado programable (polling)<\/li>\n<li style='margin-bottom: 5px;'>Reporte de alarmas usando voz o paging<\/li>\n<li style='margin-bottom: 5px;'>Opera en radios Convencionales&comma; Trunking y de datos<\/li>\n<li style='margin-bottom: 5px;'>Transmisi\u00f3n exacta de datos a alta velocidad<\/li>\n<li style='margin-bottom: 5px;'>Comparte canales de radio de voz existentes<\/li>\n<li style='margin-bottom: 5px;'>Comunicaci\u00f3n con PLC usando protocolo MODBUS (Opcional)<\/li>\n<li style='margin-bottom: 5px;'>Caracter\u00edstica de grabar y repetir (store &#038; forward)<\/li>\n<li style='margin-bottom: 5px;'>Se puede usar con radios para datos de Espectro Extendido (Spread Spectrum)<\/li>\n<li style='margin-bottom: 5px;'>Entradas para conteo y acumulaci\u00f3n de pulsos<\/li>\n<\/ul><\/div>\n<\/p><\/div>\n<div style='flex: 1 1 250px; border: 1px solid rgba(150&comma; 150&comma; 150&comma; 0.4); border-radius: 8px; overflow: hidden; display: flex; flex-direction: column;'>\n<div style='padding: 15px; border-bottom: 1px solid rgba(150&comma; 150&comma; 150&comma; 0.2); font-weight: bold; font-size: 18px; color: inherit;'>Aplicaciones<\/div>\n<div style='padding: 15px; color: inherit;'>\n<ul style='padding-left: 20px; margin: 0; font-size: 14px; list-style-type: disc;'>\n<li style='margin-bottom: 5px;'>Estaciones de bombeo<\/li>\n<li style='margin-bottom: 5px;'>Bodegas refrigeradas<\/li>\n<li style='margin-bottom: 5px;'>Control de nivel&comma; de vac\u00edo&comma; temperatura&comma; peso&comma; presi\u00f3n&comma; fluido&comma; aire&comma; etc.<\/li>\n<li style='margin-bottom: 5px;'>Sistema contra incendios<\/li>\n<li style='margin-bottom: 5px;'>Sistema de seguridad<\/li>\n<li style='margin-bottom: 5px;'>Subestaciones el\u00e9ctricas<\/li>\n<li style='margin-bottom: 5px;'>Camaroneras y criaderos de pescado<\/li>\n<li style='margin-bottom: 5px;'>Compresores<\/li>\n<li style='margin-bottom: 5px;'>Mejoramiento de sitios<\/li>\n<li style='margin-bottom: 5px;'>Vigilancia de pozos<\/li>\n<li style='margin-bottom: 5px;'>Vigilancia agr\u00edcola<\/li>\n<li style='margin-bottom: 5px;'>Pozos petroleros<\/li>\n<li style='margin-bottom: 5px;'>Estaciones de desag\u00fae<\/li>\n<li style='margin-bottom: 5px;'>Detenci\u00f3n de fugas<\/li>\n<li style='margin-bottom: 5px;'>Monitoreo de motores<\/li>\n<li style='margin-bottom: 5px;'>Telemetr\u00eda<\/li>\n<li style='margin-bottom: 5px;'>Sistemas de aire acondicionado<\/li>\n<li style='margin-bottom: 5px;'>Torres celulares y Trunking<\/li>\n<li style='margin-bottom: 5px;'>Criadero de pollos<\/li>\n<li style='margin-bottom: 5px;'>Invernaderos<\/li>\n<li style='margin-bottom: 5px;'>Monitoreo de tanques<\/li>\n<li style='margin-bottom: 5px;'>Monitoreo de \u00e1cidos (pH)<\/li>\n<li style='margin-bottom: 5px;'>Monitoreo de RF<\/li>\n<li style='margin-bottom: 5px;'>Fundidoras<\/li>\n<li style='margin-bottom: 5px;'>Estaciones Hidroel\u00e9ctricas<\/li>\n<li style='margin-bottom: 5px;'>Control de aguas<\/li>\n<li style='margin-bottom: 5px;'>Plantas de procesamiento<\/li>\n<li style='margin-bottom: 5px;'>Advertencia Comunitaria de defensa civil&comma; S\u00edsmicos&comma; etc.<\/li>\n<\/ul><\/div>\n<\/p><\/div>\n<\/p><\/div>\n<div style='display: flex; flex-wrap: wrap; gap: 30px; margin-bottom: 30px;'>\n<div style='flex: 1 1 300px; min-width: 280px;'>\n<div style='font-size: 15px; color: inherit;'>\n<p style='margin-top: 0; margin-bottom: 15px;'><strong>*Producto sobre pedido.<\/strong><\/p>\n<\/p><\/div>\n<\/p><\/div>\n<\/p><\/div>\n<\/p><\/div>\n","protected":false},"excerpt":{"rendered":"<p>UTR Modelo 1708 con 8 entradas digitales, 4 an\u00e1logas y 8 salidas de control.<\/p>\n","protected":false},"featured_media":62951,"comment_status":"open","ping_status":"closed","template":"","meta":[],"product_brand":[],"product_cat":[1620],"product_tag":[1546,1621,1657],"class_list":{"0":"post-62952","1":"product","2":"type-product","3":"status-publish","4":"has-post-thumbnail","6":"product_cat-telemetria-y-transmision-de-datos","7":"product_tag-aplicaciones-y-soluciones","8":"product_tag-telemetria-y-transmision-de-datos","9":"product_tag-zetron","11":"first","12":"outofstock","13":"sale","14":"shipping-taxable","15":"purchasable","16":"product-type-simple"},"_links":{"self":[{"href":"https:\/\/soydeaqui.ddns.net\/pachuca\/index.php\/wp-json\/wp\/v2\/product\/62952","targetHints":{"allow":["GET"]}}],"collection":[{"href":"https:\/\/soydeaqui.ddns.net\/pachuca\/index.php\/wp-json\/wp\/v2\/product"}],"about":[{"href":"https:\/\/soydeaqui.ddns.net\/pachuca\/index.php\/wp-json\/wp\/v2\/types\/product"}],"replies":[{"embeddable":true,"href":"https:\/\/soydeaqui.ddns.net\/pachuca\/index.php\/wp-json\/wp\/v2\/comments?post=62952"}],"wp:featuredmedia":[{"embeddable":true,"href":"https:\/\/soydeaqui.ddns.net\/pachuca\/index.php\/wp-json\/wp\/v2\/media\/62951"}],"wp:attachment":[{"href":"https:\/\/soydeaqui.ddns.net\/pachuca\/index.php\/wp-json\/wp\/v2\/media?parent=62952"}],"wp:term":[{"taxonomy":"product_brand","embeddable":true,"href":"https:\/\/soydeaqui.ddns.net\/pachuca\/index.php\/wp-json\/wp\/v2\/product_brand?post=62952"},{"taxonomy":"product_cat","embeddable":true,"href":"https:\/\/soydeaqui.ddns.net\/pachuca\/index.php\/wp-json\/wp\/v2\/product_cat?post=62952"},{"taxonomy":"product_tag","embeddable":true,"href":"https:\/\/soydeaqui.ddns.net\/pachuca\/index.php\/wp-json\/wp\/v2\/product_tag?post=62952"}],"curies":[{"name":"wp","href":"https:\/\/api.w.org\/{rel}","templated":true}]}}