{"id":62925,"date":"2026-03-19T06:57:31","date_gmt":"2026-03-19T06:57:31","guid":{"rendered":"https:\/\/soydeaqui.ddns.net\/pachuca\/index.php\/producto\/carga-terminal-de-rf-coaxial-250-watt-continuos-enfriada-por-aceite-silicon\/"},"modified":"2026-03-19T06:57:32","modified_gmt":"2026-03-19T06:57:32","slug":"carga-terminal-de-rf-coaxial-250-watt-continuos-enfriada-por-aceite-silicon","status":"publish","type":"product","link":"https:\/\/soydeaqui.ddns.net\/pachuca\/index.php\/producto\/carga-terminal-de-rf-coaxial-250-watt-continuos-enfriada-por-aceite-silicon\/","title":{"rendered":"Carga Terminal de RF Coaxial, 250 Watt Continuos, Enfriada por Aceite Silic\u00f3n."},"content":{"rendered":"<div style='width: 100%; max-width: 1200px; margin: 0 auto; font-family: sans-serif; line-height: 1.6; color: inherit; background-color: transparent;'>\n<div style='display: flex; flex-wrap: wrap; gap: 30px; margin-bottom: 30px;'>\n<div style='flex: 1 1 300px; min-width: 280px;'>\n<h3 style='font-size: 22px; border-bottom: 2px solid currentColor; padding-bottom: 5px; margin-top: 0; color: inherit; opacity: 0.8;'>Caracter\u00edsticas<\/h3>\n<ul style='padding-left: 20px; font-size: 15px; color: inherit;'>\n<li style='margin-bottom: 5px;'>La terminaci\u00f3n enfriada por aceite silic\u00f3n 8141 para 250 Watt&comma; es una terminaci\u00f3n de l\u00ednea de transmisi\u00f3n coaxial port\u00e1til de prop\u00f3sito \u00fanico&comma; 50 ohm&comma; que no requiere fuente de alimentaci\u00f3n externa ni equipo adicional.<\/li>\n<li style='margin-bottom: 5px;'>Proporciona una terminaci\u00f3n precisa&comma; confiable y pr\u00e1cticamente no reflectante para probar y ajustar los transmisores en condiciones de no radiaci\u00f3n.<\/li>\n<li style='margin-bottom: 5px;'>La carga consiste esencialmente en una resistencia de tipo pel\u00edcula cil\u00edndrica sumergida en un refrigerante diel\u00e9ctrico.<\/li>\n<li style='margin-bottom: 5px;'>La resistencia&comma; seleccionada individualmente por su precisi\u00f3n&comma; est\u00e1 encerrada en una carcasa c\u00f3nica especial que proporciona una reducci\u00f3n lineal en la impedancia de sobretensi\u00f3n directamente proporcional a la distancia a lo largo de la resistencia.<\/li>\n<li style='margin-bottom: 5px;'>Esto produce la terminaci\u00f3n de l\u00ednea uniforme&comma; pr\u00e1cticamente sin reflexi\u00f3n&comma; de CC a 2.5 GHz.<\/li>\n<li style='margin-bottom: 5px;'>Carga de banco port\u00e1til resistente para estaciones base de potencia media Prueba de RF de hasta 2&comma;5 GHz.<\/li>\n<li style='margin-bottom: 5px;'>Refrigeraci\u00f3n por convecci\u00f3n asistida por aceite para un funcionamiento seguro y continuo de hasta 250 Watt de potencia nominal completa.<\/li>\n<li style='margin-bottom: 5px;'>Conector de cambio r\u00e1pido (QC) opcional&comma; minimiza la necesidad de adaptadores al realizar mediciones cr\u00edticas.<\/li>\n<li style='margin-bottom: 5px;'>Carcasa de perfil bajo con patas de goma y mango para un funcionamiento sin problemas en los entornos m\u00e1s exigentes.<\/li>\n<\/ul><\/div>\n<\/p><\/div>\n<div style='display: flex; flex-wrap: wrap; gap: 20px; margin-bottom: 30px;'>\n<div style='flex: 1 1 250px; border: 1px solid rgba(150&comma; 150&comma; 150&comma; 0.4); border-radius: 8px; overflow: hidden; display: flex; flex-direction: column;'>\n<div style='padding: 15px; border-bottom: 1px solid rgba(150&comma; 150&comma; 150&comma; 0.2); font-weight: bold; font-size: 18px; color: inherit;'>Especificaciones<\/div>\n<div style='padding: 15px; color: inherit;'>\n<ul style='padding-left: 20px; margin: 0; font-size: 14px; list-style-type: disc;'>\n<li style='margin-bottom: 5px;'><strong>Rango de frecuencia-VSWR:<\/strong> DC-1GHz@1.1 \/ 1-1.8GHz@1.2 \/ 1.8-2.5GHz@1.3 max.<\/li>\n<li style='margin-bottom: 5px;'><strong>Rango de temperatura:<\/strong> -40\u00baC a +45\u00baC<\/li>\n<li style='margin-bottom: 5px;'><strong>Conector:<\/strong> N Hembra<\/li>\n<li style='margin-bottom: 5px;'><strong>Enfriamiento:<\/strong> 1.3 Lts. de Aceite Silic\u00f3n<\/li>\n<li style='margin-bottom: 5px;'><strong>Posici\u00f3n de operaci\u00f3n:<\/strong> Solamente horizontal<\/li>\n<\/ul><\/div>\n<\/p><\/div>\n<\/p><\/div>\n<div style='margin-top: 30px; font-size: 14px; color: inherit;'>\n<p style='margin: 0;'><strong>*Pregunte por tiempo de entrega.<\/strong><\/p>\n<\/p><\/div>\n<\/p><\/div>\n","protected":false},"excerpt":{"rendered":"<p>Carga Terminal de RF Coaxial, 250 Watt Continuos, Enfriada por Aceite Silic\u00f3n.<\/p>\n","protected":false},"featured_media":62924,"comment_status":"open","ping_status":"closed","template":"","meta":[],"product_brand":[],"product_cat":[1635],"product_tag":[1641,1636,931],"class_list":{"0":"post-62925","1":"product","2":"type-product","3":"status-publish","4":"has-post-thumbnail","6":"product_cat-cargas-fantasma","7":"product_tag-bird-technologies","8":"product_tag-cargas-fantasma","9":"product_tag-equipo-de-laboratorio","11":"first","12":"outofstock","13":"sale","14":"shipping-taxable","15":"purchasable","16":"product-type-simple"},"_links":{"self":[{"href":"https:\/\/soydeaqui.ddns.net\/pachuca\/index.php\/wp-json\/wp\/v2\/product\/62925","targetHints":{"allow":["GET"]}}],"collection":[{"href":"https:\/\/soydeaqui.ddns.net\/pachuca\/index.php\/wp-json\/wp\/v2\/product"}],"about":[{"href":"https:\/\/soydeaqui.ddns.net\/pachuca\/index.php\/wp-json\/wp\/v2\/types\/product"}],"replies":[{"embeddable":true,"href":"https:\/\/soydeaqui.ddns.net\/pachuca\/index.php\/wp-json\/wp\/v2\/comments?post=62925"}],"wp:featuredmedia":[{"embeddable":true,"href":"https:\/\/soydeaqui.ddns.net\/pachuca\/index.php\/wp-json\/wp\/v2\/media\/62924"}],"wp:attachment":[{"href":"https:\/\/soydeaqui.ddns.net\/pachuca\/index.php\/wp-json\/wp\/v2\/media?parent=62925"}],"wp:term":[{"taxonomy":"product_brand","embeddable":true,"href":"https:\/\/soydeaqui.ddns.net\/pachuca\/index.php\/wp-json\/wp\/v2\/product_brand?post=62925"},{"taxonomy":"product_cat","embeddable":true,"href":"https:\/\/soydeaqui.ddns.net\/pachuca\/index.php\/wp-json\/wp\/v2\/product_cat?post=62925"},{"taxonomy":"product_tag","embeddable":true,"href":"https:\/\/soydeaqui.ddns.net\/pachuca\/index.php\/wp-json\/wp\/v2\/product_tag?post=62925"}],"curies":[{"name":"wp","href":"https:\/\/api.w.org\/{rel}","templated":true}]}}