{"id":62921,"date":"2026-03-19T06:57:22","date_gmt":"2026-03-19T06:57:22","guid":{"rendered":"https:\/\/soydeaqui.ddns.net\/pachuca\/index.php\/producto\/carga-terminal-portatil-de-500-watt-50-ohm-enfriada-en-aceite-mineral-conector-n-hembra\/"},"modified":"2026-03-19T06:57:23","modified_gmt":"2026-03-19T06:57:23","slug":"carga-terminal-portatil-de-500-watt-50-ohm-enfriada-en-aceite-mineral-conector-n-hembra","status":"publish","type":"product","link":"https:\/\/soydeaqui.ddns.net\/pachuca\/index.php\/producto\/carga-terminal-portatil-de-500-watt-50-ohm-enfriada-en-aceite-mineral-conector-n-hembra\/","title":{"rendered":"Carga Terminal Port\u00e1til de 500 Watt, 50 Ohm, Enfriada en Aceite Mineral, Conector N Hembra."},"content":{"rendered":"<div style='width: 100%; max-width: 1200px; margin: 0 auto; font-family: sans-serif; line-height: 1.6; color: inherit; background-color: transparent;'> <!-- Secci\u00f3n de descripci\u00f3n --> <\/p>\n<div style='margin-bottom: 30px;'>\n<div style='font-size: 18px; margin-bottom: 20px; color: inherit; opacity: 0.9;'> <strong>Carga Terminal Port\u00e1til de 500 Watt&comma; 50 Ohm&comma; Enfriada en Aceite Mineral&comma; Conector N Hembra.<\/strong> <\/div>\n<ul style='padding-left: 20px; font-size: 15px; color: inherit;'>\n<li style='margin-bottom: 10px;'>RF Load es una terminaci\u00f3n de l\u00ednea de transmisi\u00f3n coaxial de 50 ohm port\u00e1til&comma; independiente y de prop\u00f3sito general que no requiere fuente de alimentaci\u00f3n externa ni equipo adicional.<\/li>\n<li style='margin-bottom: 10px;'>Proporciona una terminaci\u00f3n precisa&comma; confiable y pr\u00e1cticamente no reflejante para probar y sintonizar transmisores en condiciones libres de radiaci\u00f3n.<\/li>\n<li style='margin-bottom: 10px;'>La carga consiste esencialmente en una resistencia de tipo pel\u00edcula cil\u00edndrica sumergida en un refrigerante diel\u00e9ctrico.<\/li>\n<li style='margin-bottom: 10px;'>La resistencia&comma; seleccionada individualmente por su precisi\u00f3n&comma; est\u00e1 encerrada en una carcasa c\u00f3nica especial que proporciona una reducci\u00f3n lineal en la impedancia de sobretensi\u00f3n directamente proporcional a la distancia a lo largo de la resistencia.<\/li>\n<li style='margin-bottom: 10px;'>Esto produce una terminaci\u00f3n de l\u00ednea uniforme y pr\u00e1cticamente sin reflejos desde CC hasta 2&comma;5 GHz.<\/li>\n<\/ul><\/div>\n<p> <!-- Secci\u00f3n de caracter\u00edsticas --> <\/p>\n<div style='margin-bottom: 30px;'>\n<h3 style='font-size: 22px; border-bottom: 2px solid currentColor; padding-bottom: 5px; margin-top: 0; margin-bottom: 15px; color: inherit; opacity: 0.8;'>Caracter\u00edsticas<\/h3>\n<ul style='padding-left: 20px; font-size: 15px; color: inherit;'>\n<li style='margin-bottom: 10px;'>Carga de banco port\u00e1til resistente para pruebas de RF de estaci\u00f3n base de potencia media de hasta 2&comma;5 GHz.<\/li>\n<li style='margin-bottom: 10px;'>Refrigeraci\u00f3n por convecci\u00f3n asistida por aceite para un funcionamiento seguro y continuo de hasta 500 W de potencia nominal completa.<\/li>\n<li style='margin-bottom: 10px;'>Conectores de cambio r\u00e1pido (QC) para minimizar la necesidad de adaptadores al realizar mediciones cr\u00edticas.<\/li>\n<li style='margin-bottom: 10px;'>Carcasa de perfil bajo con asa para un funcionamiento sin problemas en los entornos m\u00e1s exigentes.<\/li>\n<\/ul><\/div>\n<p> <!-- Secci\u00f3n de especificaciones --> <\/p>\n<div style='margin-bottom: 30px;'>\n<h3 style='font-size: 22px; border-bottom: 2px solid currentColor; padding-bottom: 5px; margin-top: 0; margin-bottom: 15px; color: inherit; opacity: 0.8;'>Especificaciones<\/h3>\n<ul style='padding-left: 20px; font-size: 15px; color: inherit;'>\n<li style='margin-bottom: 10px;'><strong>Modelo:<\/strong> 8201 (500 vatios&comma; terminaciones RF refrigeradas por aceite)<\/li>\n<li style='margin-bottom: 10px;'><strong>Potencia nominal:<\/strong> 500 Watt continuos<\/li>\n<li style='margin-bottom: 10px;'><strong>Rango de frecuencia y VSWR:<\/strong> CC a 1 GHz @ 1&comma;1 m\u00e1x.&comma; 1 GHz a 2&comma;5 GHz @ 1&comma;25 m\u00e1x.<\/li>\n<li style='margin-bottom: 10px;'><strong>Rango de temperatura:<\/strong> -40 a + 45 \u00b0C<\/li>\n<li style='margin-bottom: 10px;'><strong>Refrigerante:<\/strong> 0.9 gal. (3&comma;42 litros) Aceite Mineral Refinado<\/li>\n<li style='margin-bottom: 10px;'><strong>Tipo de producto:<\/strong> Refrigerado por aceite<\/li>\n<li style='margin-bottom: 10px;'><strong>Posici\u00f3n de funcionamiento:<\/strong> solo horizontal<\/li>\n<li style='margin-bottom: 10px;'><strong>Conectores:<\/strong> N (Hem.)<\/li>\n<li style='margin-bottom: 10px;'><strong>Acabado:<\/strong> capa de polvo gris<\/li>\n<li style='margin-bottom: 10px;'><strong>Dimensiones:<\/strong> 16-13\/16&#8242; x 8-1\/2&#8242; x 5-15\/16&#8242; (LxAxA); 427 x 216 x 151 mm<\/li>\n<li style='margin-bottom: 10px;'><strong>Peso:<\/strong> 21 libras. (9&comma;5 kg)<\/li>\n<\/ul><\/div>\n<p> <!-- Separador --> <\/p>\n<hr style='border: 0; border-top: 1px solid rgba(150&comma; 150&comma; 150&comma; 0.3); margin: 30px 0;'> <\/div>\n","protected":false},"excerpt":{"rendered":"<p>Carga Terminal Port\u00e1til de 500 Watt, 50 Ohm, Enfriada en Aceite Mineral, Conector N Hembra.<\/p>\n","protected":false},"featured_media":62920,"comment_status":"open","ping_status":"closed","template":"","meta":[],"product_brand":[],"product_cat":[1635],"product_tag":[1641,1636,931],"class_list":{"0":"post-62921","1":"product","2":"type-product","3":"status-publish","4":"has-post-thumbnail","6":"product_cat-cargas-fantasma","7":"product_tag-bird-technologies","8":"product_tag-cargas-fantasma","9":"product_tag-equipo-de-laboratorio","11":"first","12":"outofstock","13":"sale","14":"shipping-taxable","15":"purchasable","16":"product-type-simple"},"_links":{"self":[{"href":"https:\/\/soydeaqui.ddns.net\/pachuca\/index.php\/wp-json\/wp\/v2\/product\/62921","targetHints":{"allow":["GET"]}}],"collection":[{"href":"https:\/\/soydeaqui.ddns.net\/pachuca\/index.php\/wp-json\/wp\/v2\/product"}],"about":[{"href":"https:\/\/soydeaqui.ddns.net\/pachuca\/index.php\/wp-json\/wp\/v2\/types\/product"}],"replies":[{"embeddable":true,"href":"https:\/\/soydeaqui.ddns.net\/pachuca\/index.php\/wp-json\/wp\/v2\/comments?post=62921"}],"wp:featuredmedia":[{"embeddable":true,"href":"https:\/\/soydeaqui.ddns.net\/pachuca\/index.php\/wp-json\/wp\/v2\/media\/62920"}],"wp:attachment":[{"href":"https:\/\/soydeaqui.ddns.net\/pachuca\/index.php\/wp-json\/wp\/v2\/media?parent=62921"}],"wp:term":[{"taxonomy":"product_brand","embeddable":true,"href":"https:\/\/soydeaqui.ddns.net\/pachuca\/index.php\/wp-json\/wp\/v2\/product_brand?post=62921"},{"taxonomy":"product_cat","embeddable":true,"href":"https:\/\/soydeaqui.ddns.net\/pachuca\/index.php\/wp-json\/wp\/v2\/product_cat?post=62921"},{"taxonomy":"product_tag","embeddable":true,"href":"https:\/\/soydeaqui.ddns.net\/pachuca\/index.php\/wp-json\/wp\/v2\/product_tag?post=62921"}],"curies":[{"name":"wp","href":"https:\/\/api.w.org\/{rel}","templated":true}]}}