{"id":62909,"date":"2026-03-19T06:56:59","date_gmt":"2026-03-19T06:56:59","guid":{"rendered":"https:\/\/soydeaqui.ddns.net\/pachuca\/index.php\/producto\/fusible-automotriz-de-10-amper\/"},"modified":"2026-03-19T06:57:00","modified_gmt":"2026-03-19T06:57:00","slug":"fusible-automotriz-de-10-amper","status":"publish","type":"product","link":"https:\/\/soydeaqui.ddns.net\/pachuca\/index.php\/producto\/fusible-automotriz-de-10-amper\/","title":{"rendered":"Fusible Automotriz de 10 Amper."},"content":{"rendered":"<p style='text-align: center;'><img src='data:image\/png;base64&comma;iVBORw0KGgoAAAANSUhEUgAAASsAAABwCAYAAABGmlY0AAAAAXNSR0IArs4c6QAAAARnQU1BAACxjwv8YQUAAAAJcEhZcwAADsMAAA7DAcdvqGQAABpTSURBVHhe7Z0JeBVFtsdPEpKwr2ENQXZBGREd0VEcFFxR8VPx+VwQcQdFVOaBPudj3AYVBRUdn4o6irvjjg6O4vJccNwXBEUQlB3CvkOWfvUr7g339q1ObnJveHQ4v+9rQvre7q6qrvrXOadOdzI8gyiKouzhZEZ+Koqi7NEEWlalpaXCR2p4KYqyJ5AgVvwaFSpFUZQ9hQQ3UIVKUZQ9kTixUqFSFGVPJU6sVKgURdlTUbFSFCUUaOqCoiihQMVKUZRQoGKlKEooULFSFCUUqFgpihIKVKwURQkFKlaKooQCFStFUUKBipWiKKFAxUpRlFCgYqUoSihQsVIUJRSoWCmKEgpUrBRFCQUqVoqihAIVK0VRQoGKlaIooUDFSlGUUKBipShKKFCxUhQlFKhYKYoSClSsFEUJBSpWiqKEAhUrRVFCgYqVoiihQMVKUZRQoGKlKEooULFSFCUUqFgpihIKVKwURQkFKlaKooQCFStFUUKBipWiKKEgwzNE\/i\/FxcWR\/ylQWloqO3bssO3C\/1OlVq1akpubK1lZWfa827dvl5jmTyA7O1vq1KkT+c0Nx3MezhdERkaG1KtXTzIz4+cmjqVuRUVFUlJSUm5ZkoHr5OTk2DoGwTW4XvSaqUA70j7+ekXh\/FwnHfePa3A\/qB\/1dEHdtmzZknK9qoqrjJSJvkE78Dmf0Q\/DiIqVAzo2ArBw4UJ57LHH5Ouvv5YNGzak1OHpPO3atZOHHnpImjVrJq+99prcddddsm3btsg34qFjnXDCCTJ27Fg7KF1w6zZu3CgTJkyQadOmOcWG8+Tn58ujjz4qjRs3LuvEdGAG1htvvCGvv\/66LF261NY5FerWrSvXXnutnHrqqZE9u4gOmnXr1smzzz4r77zzjqxZsyalPnfQQQfJvffeK7Vr147s2QliQbvOmjVLnnrqKfnhhx9k06ZNzvZJBtqwQYMGcvjhh8vVV19t25F9fqjboEGDZP369ZE9uw\/uK2U89thj5fLLL5eGDRvaMnKPJ06cKD\/++KOdRK655hrZb7\/9AvvUHo25gWUY9d3rN9PJvdmzZ3sDBw70zCCgd6dl41xTp071tm7daq8zc+ZMr6CgwPldNtP5vBYtWnim4yeUkc0MfG\/VqlXehRde6JnZ0nkO01m9Ll26eGaw2u9HjzPC691xxx1e+\/bt7Xdcx1Z24zynnHKKt3LlyoSyGhG0ZR01apTXpEkTWzfXOSqzGYvK+\/jjj+39ir2WGZze+++\/7\/Xr1y+wXaq6Ucdu3bp5c+fOjbtmdHv33Xc9IxLOY3fnZkTcM5OPvdfjxo3zbrvtNm\/YsGHe+PHj7T3gM1f59\/RNY1YxMCO\/+uqrcuSRR4oRlkCrp7Iw65111ll2Zo6a4G3btpWjjz7a\/t+FmTvEDHwxA8DpVqxdu1ZMB5QpU6Y4XUBmzgMPPFDeeust2XfffcssqsLCQjnzzDPlz3\/+s\/z6669pcW+hTZs2MmbMGDFiFNmzE84\/Z84cMeJhLUDKTd1SgboMHz5cevXqFWchmA4tkyZNkjPOOEPee++9cl3jqkBdfvnlF7n++usje+J55JFHxExGkd\/+\/8ATuPnmm2Xz5s3yySefSKtWrWy\/4\/d99tnH1iGMqFhFwB157rnnZPDgwbJ69eqUB1QsCNOtt95qTfMoxJD69++f4ML4+cc\/\/pHgKi1btkzOO+88efnll51uFB2zT58+1tXE9YyyfPlyMdaPTJ8+3Q7sdEEc5KqrrrJuWSxRoTrppJPEWJKRvamBUCG+CAbXjUI73HLLLXaQ4l5WF7QbEwhhgVhWrFhhXfF0tmsqGKvTtknz5s2tO3jIIYfYcAB9mzBEGFGxMmC5fPvtt3bApbuzEfAkZuDvIAy63r1721mvPIjtxFp4CxYssJaRcXWcFhcD+JhjjpHnn39eWrZsGdkrNh512WWXWdFwHZcKRx11lBVP6hoLooFFuXjx4rSJP\/W77777bHwmlpdeekkefPDB3WLZUBd\/fO\/DDz9MuyWXCpSPyeKmm26SDz74QObNm2f7OJOXcf8j3woXGmA30AQE07E80g2Da\/\/994+zAqIgjPPnz7eB2SAQtR49etjgNfz222+yatWqwHuFW9S1a1c7mKOuHzCICbJWx8zfsWNHK8bM4LFgffz8889pFUcsUdoj1v3j\/s2ePdu6OTHdudrAcsXFji3DokWLbP9Jl1udKqySEkinD3DP6S+Ul7L7J5WwoGIVgWaojo5GZ\/EP4li4ZkUDjOOjwlPR9\/ledIuFY6JbuoktXyxcK91tynVc7ZlMO6YLVxmi9dxdZaiIoHYKMypWiqKEgr1erIgzsHrCKlk6wPzu0KGDDWaS1+KyOGKh+XEhvvvuu8ieykHQnsC2P4YTC6uKX375ZVrcMerDyh+rSo0aNSpb3YwFd+zzzz+3uU0uiKVRZtexlYX8sO+\/\/97p3tL+BOMpa7JQ9q+++sqZK0XdqTOrxVGwqN5+++1A95rFFdxWv+vFWCP++NNPP0X2xMP3DzvsMJvT5Qf3+rPPPgtcrS4oKLDXTEf77kns9WLFDb\/iiivsylk6oEOz0kdM4+6777YBzdjYhh+aH7E8\/fTT7UCpDMSJWP3i2PLiEAxmVuTSFXxmECBYLEgQ7Ke+sRDIJTE0qD4cx2peOmInnOfxxx93ikXr1q3tfSWmliy0FakPpFj4IV5GUuWoUaPs79y7b775RgYMGOAcO7TTDTfcYNMs\/H2AtmHlmcC8C8rO4op\/AQZx\/OKLL+S0004LDOiPHz9ezj\/\/\/BonVjR4GeaG73UbSYUkgZpBZ5M0zczpmUGEgKe0ZWZmen379vVMp3deN3ZbuHCh16lTJ+d5gjbTib0pU6Z469atc54zdjMDw7v99tu9Aw44wGvevLlXt27dtCSDNm3a1Js2bVpZoiubsaa8u+66yzOD03kMbWsGuE0UjS1jVbYVK1Z4RjSddTGThmdEJKn2j26U6dJLL\/WMRZZwPjbabtasWWXfp++MHj06sK55eXmeEaO4a7AZkfEWL15sP3cdx3bxxRc77y37jNgHJtaSdEt\/4hr+Y8O+aczKwGyFy4K7xBIv5jnL7bhn\/MTV4HOsMDbTcGUB1fJgZiMpk5yn8qwrLB6ssBtvvLHCAC2WG64Fj5mQolDRs4NRWMpm1ZHVR+rHquKSJUts\/fhJ3fkO9eNnsn0Bq+LJJ58syyFjRWzgwIHW4vBD2Q899FBrMVSUX5YM\/\/rXv2xqhMuCw9oj7+rKK6+0100GrClcPFYw\/feB+2fE3qYBRFdmeZTl4IMPtkmWrvvG41Ik7foTZWlfrMERI0Y4j+P8H330kV1F9vcb7t9xxx1n758LLFoeMUpH++5pqFgFQFtEBy4bSX+IV3Swk\/3NM2cMzvLya3j+j0xzV+pCFISPAUKGO8\/6BcGgMxaYzSdi0KfSIbkm5Y4KFNelfgwC6sdGmebOnZuQABkL8TkGMG4hXQkhOvvss53HsDplLDw7SFN1UbjWkCFD5MUXX3S6gLTTm2++aX8mC4mUuNQuFxDxGzdunHXpgPgf9T7xxBOdgsP9fuCBB+Scc85JcHeZNI4\/\/njr\/rvo3r27PbexXCN7dsI1cWsvuOACp0tP\/2Di4PnE8ibHsFKz1jbTCIOpfv36Ni7EQOTRDiwGHmQlyZNOQcfp2bNn5Ag3dNqKZnYGMZnG5SXr8R2CxWTZ\/+EPf0h55uR8nIOAMQHvzp0728d\/GAhYeJMnT7b14\/98NwjaKfo5okeyqiuwThtgBSIG6RhIZPGTMe6aYCkP1ixxn2ThPPfcc09gnI37E\/uANt9\/5plnnEIFCM3vf\/\/7BKFikiCLHAs+CNrIZTFTNu5JkFC1aNHCimd59yvMqFhVAQYbbg9WxcknnxzZmwgDmQ6bTOdBOAiCB0FHfOWVVwITTNMJHZ+VNK6JZVDe9RDxaICdFVWerXS5yJwTAWGlqiLxTgYeGWLQusSCgc6jTFF3LRmwnP\/97387rWTuY7du3SQvL8\/+zjVxASlDEGT1U1c\/WLK4aUHWKqu6F110kfM1O1jzPPPogj7GZEqd09G+eyJ7pVjR2ZgZ6ZhV3bAi6OAvvPBC5KyJkEGMSZ+MJUF5iFMEgYuIpZCs+4TL4Cp3ZTZcQx7boa4uEFges0EcaNNPP\/008CkABhCrcgxW17XK23Dz\/KLkemYyCtYMq2jJXot64k4GueBY2BdffHGZgHBdYpHEMl3wPSxU\/yopkBKBVR4EcTHXK2i4Jg8lBz33SB\/D\/aupVhXsdTErqkvMgNiKK9aRLMQ1eEcUj7C48pcYMH\/729+cz8z5oUzEisirwUXwQ0cklwfBSkasqBd5VcTXqgrWEQ\/sYim5XCMGBVYegxYLjL7Dmxxwkf3CAogVVsN1111nRbcysz9iiNUZFQvEE9cV68YF7U1bsnyfTNtjIVFPzucvO+3dt29f635Hc55oDwL7BPhdsABCzMmf30WbEqfC3XZNALQJzz0OHTo0wZqlv1Ef2tsPx2Hl8\/6uZCezUGJuThmmk9f4zZjf3i233JKW9ISgzXQY79RTT\/XMTO0sg38znd+bPHly4HJ0165dPSNizmP9m7EmPOMu2CV917nSsVFO0haMIJa9T4p2HTJkiPP7qWxGqL2ePXva91RxHWMJeQsWLEj7u6pcmxFkm84yY8aMsvbl+kuWLLEpLq5jaJsRI0YEph1cfvnlzuPYaNNly5Y50w6M+xeY6kBfNhNFwjE1bdur3EBmNjJ\/77\/\/\/pSsqvKIzuq8EdQVd3BB\/AIrzMwXkT3x8PbHZONUBLdZrg9yUVKFWRwLiXc3xbq4zOjEdPg8nWBVkYQZtZA4P8Hr6o7bYTmyuMI7uEhPiILbyJtOg94Gyj3HMnLFy3CReTNrEH\/84x+t6+hvQ6xWLGvXKiXQNrz6p6azV4kVbytg6ZxYU7qhg9FRyX7mdSV09GQHLikDQS9EY9AQcE1mcCLAuDRB7kmqIEy4cLhE5BDFlokBQ45S7Du70gGrlbhhsSAEDM7qcHm4Z9SzS5cu8sQTT9igdWwcCPeN+gfBEwvEy\/z3nomSVJegvsf3SfmIinIsiFTQK4EoG6vEPDFR09lrxIrZiRhTeUHsqkLnJn7Dcj8d3J8fUx4EgYmfBQV3WW0jrSB2wASB6I0cObJarEYE4pJLLrErZiSjugYVK3A8jpKsRVkRtCuLFK53fpHzRDA6mXapDFiNPA6E4GPRRi1HwPIlwI3oBEGM0vWcJvcXkQu6N9SRCcAlwHgDvMTQBRMGk1m622FPZK8JsDOjkdGcTquKQUkQlUFK8JuOU9lOg9vG830kYbogNeLcc8+t0IrAPWFFi0BxkDtZWZjtEV7cICwMrEUGb3kWI4ORh7JZJeUdYS5rIFlYbeSFgaQ8+KGOBLpZFZwxY4Z1y6pab+4ZdeNliLQ3gXRXPakbuV1Bq3kcQ4jBZVWTF0bOWtBq3hFHHGHdd\/99pk780RLcQFdKCG3EW2gr87B2WNlrxIobTf2q2qGDoKOzxc7AlYHyUC5XRwTOm4y7w3kQhlTEwQWDLlq\/8kQqFupCOYLqVBmoe3ltG227VO9rMvXkGtF+FAQWJ+fxEz0uqJwc47JWgeOC7itlpY1c16xp6OM2iqKEgpovx4qi1AhUrBRFCQXqBtYQvB1FUrxhk5Sk4QV7mTk5kt2sMYEUKeGcm7eIV8X4U0ZWlmTVqS3Fmyr3YkEXNq7Eoz3bt4tXUmIzIlMhs1YtyTBbKeerZMyLqFZGdrZtJ34q1Y+KVQ1h229LZNZZw6V4ffDrXJIiI1PqtM+X7k\/eK0sfelrWvvOR7ChcY8Shan0jMzdXWl90lix5YEpkT9VBWPKHny9LH3xKSnek+mevMqRx30OleN0G2fT9j0TPI\/uTJ8sIZ4NDDpCOt10n2U0amVMmtwChVA0VqxoAVsbqf74vP11wrbESUhvEmcYKyr\/sXNmxolAKX3tHSrdU3VLDqqrdoUBy81vKuv\/9LLK3imBV5eZIm0vPkcWT\/h7ZmQLmfG1HXCBLH35mZ5tVQayAOra+5GzpNG6MZOSohVWdaMyqBlC6easUvvhmykIFtRrUk5z8VlL46tspCRUweFuee5psnvVzZE\/VycjKNFZMT9n0nbGCUsUIVVaD+vanxwRdRaECJgqsT34q1YuKVQ1g62+LZd1HX0R+i4AlUjtXau\/TNm7LNULEfj73gyBkt2ouK597XUq3ul8LAxyf07qFZGSXn\/+VmZ1t3ayiVb5n2jIzJbdt6\/iytcuXrIb1bRlc4AI2PfZI2fBF4l8ByqiVZcsTdz6z5bTMs8f5ycjMkCb9DrfWnleaKFSZdWtLjmmH2vvkl50rt20rI3CJr3wB1zWU9KNuYMjBMlj+xIsy709\/FS\/mUQ4GcLOT+0u7McPjhCerbh1ZOvkZWfH0q1K6Lf5PoGfVqystzztNVr7whhSvdT+om2msJc6bf8UQmXXmMCla4\/5r0gzgut06WavFb1nVbt9W9nt6kilvcVngnvNumvmTLBg7UYoKfa\/JwRKqX09aDBogy\/6e+P4wRKT7ExMlO6+ZrR8WJkFzYlHzx9yWYHFStoI\/XSqL7nwowSKq1biBtBo8SJoOONq6nVFow7kjb5St836N7NlFqyGDpPPdY+3ChFJ9qFiFnGIjFj8OHSVr3\/0ksmcnxJ66PXqnrJ46XdZ\/+lWZq9P0+L7ScvDpMnPgRfGCZAQBEUEQFk542IzORIuDVS8sknajLpU6XdrLt\/3Plq0LFjndKKykjrf+l8y\/4U4p2Rj\/muPWF54lDQ7+nSy6+5Eygc1u3lQ6Txgr86+\/XdbPMOWNASFresJRsn3RUtn4zazI3l1QVwLcOW1aSuc7b5AFf5lgFxxKNm2WIuoYWxdjVWU3bSJ5px0vyx55LqHsBaZudTu3l8WTHpOSqJib7yB4WIl+izPDWIm\/m\/qYNOrTO9AqVNKDtm7I2Tx7rmzyD2BcQDOA6+3XRVa98a7sWF4oO1assu4YVsXq16cnWFV8v5kRhC0\/L3ALlbHUmvQ9zK7GzR5yjbFISo1gdXAOUNxDrs1KIIIRCwHplmcPlCUPPWXFZ\/vSFbZ8JRu3WCtt6y++v9pixCWrYQPJHzbYuLtLIjvjQUA4T51O+8jGr2YaQZttxapotbH6fHXB+mk78kLZhsg6aNL\/CNm2aIkVZixNLDrEyiVUVuA7FEjDw3qpUO0GtIVDDG7U2g8+leL18W9sQCyan3GirH7rA2l8ZG8pMIOz4KoLpf2N10izU46RZY89nyBWdTq2s8dsX7wssmcXCFWjPodI\/sih1hXiWEQBawdB8sMgL7j6Itnyk++PIpjBXdeIGDErFgWa9O8jzQb0k+aDTpIu9\/xFltz\/uBGY+PgWuVCIKJYN9Q2CYH5zYxWufe8TmxfmxFy\/VtPG1sVD3FzMu\/omc1EjqMb6bH3BmVYke7z0sNTvtX\/kG7vAqmp++ol2AlCqHxWrEFO8br2snf5xQtwFAck75VhZbayq3HZt7MpXRm6OrP\/oc5uLZeNMftettFSWP\/myFaFYGIiswrUbPUx+GT3OCN9QKyy1mjSUxkbAEKZEMozVtGxnblXsdTJE8gYeK2ve\/lDqdussDXsfaN3Kjn8dbV3PdR9+Jl6xb1XNCAxxrbnX3JTgTsaS07yZ1DKuJ5YmdXHCmoIpz2+33idb+F5c2XYuSCDWiydOll\/\/MlEWjJ0gC8f\/j2ydv1B2LFsZ+eIuEHEEHtFSqh+NWYWY1W9MlzmXXR9vWZlBx4rf\/s\/dL9\/0+0+b2V4RuGYEzTf\/MCfeDTODsEHP\/aTjuNEyZ9h\/W9cqOsBxubjG7MFXGwsq5sWBWE\/7dpJ6PbpK4Yv\/jOzcCYP6oBmvyA\/\/McyKGefC\/fzda4\/Kpq9\/kAU33Z3gatVq3FDajx1pFxACRchA\/lV2XlNZfM+jUhKQcoGIt71qqCyf8pLNI4sls06udHv4DiPCjSJ7wAhYvTqy8tnXrDUaJ6S0zUE9pNf7z9s6K9WPilVIwZqa96dbE4PEZuAQrM5pkWfFJxmyjWuUd8YAWfH0K3G5VYhY\/Z7dbUzJ7zaxUobFtXnmnLiseWJCTU\/qJxu\/\/G6nIMUQPWbDjK\/iHt+xiaNtWsmmb2fFu3AIb+sWUqdrR1ln3N3yQDi2LVwqRavc74sCVgrzrxxirKUHI3t2gWg2OrRXXGIn4rT1l1\/teePa2EDQv+NtY6TNZedF9ijVjYpVSCGG8\/PwG2Tl81Mje3ww2\/sGWBANzSAlJ2nV6+9E9sRQ3nkcn5HvRDY3LuMOfwoCBJ3PsT\/TiEurwadL4UvTyhUhSwX1JQBep3MHW0\/cTSecw0\/AObOMxXXw51NtDpaye1BnO6Qws9c7oPvOBE8X5QzcWAjGEz\/aaNwwJ+Wdx\/FZ\/R77SoPeB0rtzgFvrgw6n2M\/2fSkUxStcf+hhDgqqG+tJo2l4+1jys+A5xz+zQGxqoZ9DrGJrMruQ8UqrBgroPXQM6XFoJMCM6uTARdQSkukqLACyyUJsIQa9z\/CPgvYddLNUs8IF7GdKmGOyzZWkLUcHakUyYJ7R2oB8bUts+dJ8Qb3u+4rQ4ZxdVsPPsNtiSnVhrqBYaa01KYR8GqYorWs8EX2VwIGM7EpGysKsCSSBYsjt01Lm5tEvKdkyxYpWrmmam9IMEKAq8V5\/GkWSWPOQbIoK5YZudlWkP1pHlUBlzK3oI2NgSm7DxWrmkDkFlZFa6LGQYo6Zdl5LvNPrMFhTlylcpX9U\/WylRk+MZVMWz3LTq7sLlSsFEUJBRqzUhQlFKhYKYoSClSsFEUJBSpWiqKEAhUrRVFCgYqVoiihQMVKUZRQoGKlKEooULFSFCUUqFgpihIKVKwURQkFKlaKooQCFStFUUKBipWiKKFAxUpRlFCgYqUoSihQsVIUJRSoWCmKEgpUrBRFCQUqVoqihAIVK0VRQoGKlaIooUDFSlGUUKBipShKKFCxUhQlFKhYKYoSAkT+D1gwgtxjIw5uAAAAAElFTkSuQmCC' alt='' \/><\/p>\n<p><span style='font-family: helvetica&comma; arial&comma; sans-serif;'>La corriente el\u00e9ctrica que transita por nuestros dispositivos electr\u00f3nicos siempre genera calor&comma; por lo que si tenemos alg\u00fan elemento electr\u00f3nico que s\u00f3lo resiste cierta corriente y de repente por cualquier raz\u00f3n (aunque sea por un momento)&comma; la corriente en nuestro circuito aumenta de valor&comma; ese elemento puede resultar quemado. Debido a esta situaci\u00f3n es que existen elementos de protecci\u00f3n como el fusible&comma; cuya funci\u00f3n es resistir el paso de corriente hasta cierto punto&comma; pasando ese punto el fusible que est\u00e1 compuesto de un simple cable se romper\u00e1 cortando el flujo de corriente&comma; protegiendo a los elementos que conforman al circuito. El valor m\u00e1ximo que soportan puede ser identificado por el color de su encapsulado. <\/span><\/p>\n<p><span style='font-family: helvetica&comma; arial&comma; sans-serif;'>Especificaciones:<\/span><\/p>\n<ul>\n<li><span style='font-family: helvetica&comma; arial&comma; sans-serif;'> Fusible de tipo clavija. <\/span><\/li>\n<li><span style='font-family: helvetica&comma; arial&comma; sans-serif;'> Voltaje m\u00e1ximo: 32VDC. <\/span><\/li>\n<li><span style='font-family: helvetica&comma; arial&comma; sans-serif;'> Corriente m\u00e1xima: 10A. <\/span><\/li>\n<li><span style='font-family: helvetica&comma; arial&comma; sans-serif;'> Color: Rojo. <\/span><\/li>\n<li><span style='font-family: helvetica&comma; arial&comma; sans-serif;'> Tama\u00f1o: 19 x 8.7 mm. <\/span><\/li>\n<\/ul>\n<p><span style='font-family: helvetica&comma; arial&comma; sans-serif;'>Aplicaciones:<\/span><\/p>\n<ul>\n<li><span style='font-family: helvetica&comma; arial&comma; sans-serif;'> Gran variedad de veh\u00edculos.<\/span><\/li>\n<li><span style='font-family: helvetica&comma; arial&comma; sans-serif;'>Equipos Eelctronicos.<\/span><\/li>\n<li><span style='font-family: helvetica&comma; arial&comma; sans-serif;'>Maquinaraia industrial<\/span><\/li>\n<\/ul>\n<p><span style='font-family: helvetica&comma; arial&comma; sans-serif;'> <\/span><\/p>\n","protected":false},"excerpt":{"rendered":"<p>Fusible Automotriz de 10 Amper.<\/p>\n","protected":false},"featured_media":62908,"comment_status":"open","ping_status":"closed","template":"","meta":[],"product_brand":[],"product_cat":[1501],"product_tag":[1502,751,547],"class_list":{"0":"post-62909","1":"product","2":"type-product","3":"status-publish","4":"has-post-thumbnail","6":"product_cat-miscelaneo","7":"product_tag-miscelaneo","8":"product_tag-refacciones","9":"product_tag-syscom-parts","11":"first","12":"instock","13":"sale","14":"shipping-taxable","15":"purchasable","16":"product-type-simple"},"_links":{"self":[{"href":"https:\/\/soydeaqui.ddns.net\/pachuca\/index.php\/wp-json\/wp\/v2\/product\/62909","targetHints":{"allow":["GET"]}}],"collection":[{"href":"https:\/\/soydeaqui.ddns.net\/pachuca\/index.php\/wp-json\/wp\/v2\/product"}],"about":[{"href":"https:\/\/soydeaqui.ddns.net\/pachuca\/index.php\/wp-json\/wp\/v2\/types\/product"}],"replies":[{"embeddable":true,"href":"https:\/\/soydeaqui.ddns.net\/pachuca\/index.php\/wp-json\/wp\/v2\/comments?post=62909"}],"wp:featuredmedia":[{"embeddable":true,"href":"https:\/\/soydeaqui.ddns.net\/pachuca\/index.php\/wp-json\/wp\/v2\/media\/62908"}],"wp:attachment":[{"href":"https:\/\/soydeaqui.ddns.net\/pachuca\/index.php\/wp-json\/wp\/v2\/media?parent=62909"}],"wp:term":[{"taxonomy":"product_brand","embeddable":true,"href":"https:\/\/soydeaqui.ddns.net\/pachuca\/index.php\/wp-json\/wp\/v2\/product_brand?post=62909"},{"taxonomy":"product_cat","embeddable":true,"href":"https:\/\/soydeaqui.ddns.net\/pachuca\/index.php\/wp-json\/wp\/v2\/product_cat?post=62909"},{"taxonomy":"product_tag","embeddable":true,"href":"https:\/\/soydeaqui.ddns.net\/pachuca\/index.php\/wp-json\/wp\/v2\/product_tag?post=62909"}],"curies":[{"name":"wp","href":"https:\/\/api.w.org\/{rel}","templated":true}]}}