{"id":62893,"date":"2026-03-19T06:56:29","date_gmt":"2026-03-19T06:56:29","guid":{"rendered":"https:\/\/soydeaqui.ddns.net\/pachuca\/index.php\/producto\/cinta-de-fusin-de-instalacin-rpida-para-intemperie-4-57-metros-15-pies\/"},"modified":"2026-03-19T06:56:36","modified_gmt":"2026-03-19T06:56:36","slug":"cinta-de-fusin-de-instalacin-rpida-para-intemperie-4-57-metros-15-pies","status":"publish","type":"product","link":"https:\/\/soydeaqui.ddns.net\/pachuca\/index.php\/producto\/cinta-de-fusin-de-instalacin-rpida-para-intemperie-4-57-metros-15-pies\/","title":{"rendered":"Cinta de Fusi?n de Instalaci?n R?pida para Intemperie (4.57 Metros \/ 15 Pies)"},"content":{"rendered":"<div style='width: 100%; max-width: 1200px; margin: 0 auto; font-family: sans-serif; line-height: 1.6; color: inherit; background-color: transparent;'>\n<div style='display: flex; flex-wrap: wrap; gap: 30px; margin-bottom: 30px;'>\n<div style='flex: 1 1 300px; min-width: 280px;'>\n<h3 style='font-size: 22px; border-bottom: 2px solid currentColor; padding-bottom: 5px; margin-top: 0; color: inherit; opacity: 0.8;'>Caracter\u00edsticas principales<\/h3>\n<ul style='padding-left: 20px; font-size: 15px; color: inherit;'>\n<li>Cinta de fusi\u00f3n para instalaci\u00f3n r\u00e1pida<\/li>\n<li>Resistente a condiciones de intemperie<\/li>\n<li>Longitud total de 4.57 metros<\/li>\n<li>Incluye paquete de 2 piezas<\/li>\n<li>Aplicaci\u00f3n sencilla y eficaz<\/li>\n<\/ul><\/div>\n<div style='flex: 1 1 300px; min-width: 280px;'>\n<h3 style='font-size: 22px; border-bottom: 2px solid currentColor; padding-bottom: 5px; margin-top: 0; color: inherit; opacity: 0.8;'>Especificaciones t\u00e9cnicas<\/h3>\n<ul style='padding-left: 20px; font-size: 15px; color: inherit;'>\n<li><strong>Material:<\/strong> Cinta de silicona<\/li>\n<li><strong>Longitud:<\/strong> 4.57 m (15.00 ft)<\/li>\n<li><strong>Ancho:<\/strong> 38.10 mm (1.50 in)<\/li>\n<li><strong>Dimensiones nominales:<\/strong> 1-1\/4 in | 1-5\/8 in | 1\/2 in | 1\/4 in | 2-1\/4 in | 3\/8 in | 5\/8 in | 7\/8 in<\/li>\n<li><strong>Cantidad por paquete:<\/strong> 2 piezas<\/li>\n<li><strong>Color:<\/strong> Negro<\/li>\n<\/ul><\/div>\n<\/p><\/div>\n<div style='display: flex; flex-wrap: wrap; gap: 20px; margin-bottom: 30px;'>\n<div style='flex: 1 1 250px; border: 1px solid rgba(150&comma; 150&comma; 150&comma; 0.4); border-radius: 8px; overflow: hidden; display: flex; flex-direction: column;'>\n<div style='padding: 15px; border-bottom: 1px solid rgba(150&comma; 150&comma; 150&comma; 0.2); font-weight: bold; font-size: 18px; color: inherit;'>Aplicaciones<\/div>\n<div style='padding: 15px; color: inherit;'>\n<ul style='padding-left: 20px; margin: 0; font-size: 14px; list-style-type: disc; color: inherit;'>\n<li style='margin-bottom: 5px;'><strong>Conexiones de cable:<\/strong> Sellado adicional contra humedad<\/li>\n<li style='margin-bottom: 5px;'><strong>Cantidad por kit:<\/strong> Cuatro 1\/2 in\u20131\/2 in<\/li>\n<li style='margin-bottom: 5px;'><strong>Cantidad por kit:<\/strong> Una 1\/2 in\u20132-1\/4 in<\/li>\n<li style='margin-bottom: 5px;'><strong>Cantidad por kit:<\/strong> Dos 1\/2 in\u20137\/8 in<\/li>\n<li style='margin-bottom: 5px;'><strong>Cantidad por kit:<\/strong> Dos 1\/2 in\u20137\/8 in a dispositivo<\/li>\n<\/ul><\/div>\n<\/p><\/div>\n<div style='flex: 1 1 250px; border: 1px solid rgba(150&comma; 150&comma; 150&comma; 0.4); border-radius: 8px; overflow: hidden; display: flex; flex-direction: column;'>\n<div style='padding: 15px; border-bottom: 1px solid rgba(150&comma; 150&comma; 150&comma; 0.2); font-weight: bold; font-size: 18px; color: inherit;'>Resistencias<\/div>\n<div style='padding: 15px; color: inherit;'>\n<ul style='padding-left: 20px; margin: 0; font-size: 14px; list-style-type: disc; color: inherit;'>\n<li style='margin-bottom: 5px;'><strong>Resistencia UV:<\/strong> ASTM D518&comma; M\u00e9todo B<\/li>\n<li style='margin-bottom: 5px;'><strong>Resistencia clim\u00e1tica:<\/strong> 04AS00-03.6.0 | MIL-STD-1344A&comma; M\u00e9todo 1002<\/li>\n<\/ul><\/div>\n<\/p><\/div>\n<div style='flex: 1 1 250px; border: 1px solid rgba(150&comma; 150&comma; 150&comma; 0.4); border-radius: 8px; overflow: hidden; display: flex; flex-direction: column;'>\n<div style='padding: 15px; border-bottom: 1px solid rgba(150&comma; 150&comma; 150&comma; 0.2); font-weight: bold; font-size: 18px; color: inherit;'>Dimensiones empaque<\/div>\n<div style='padding: 15px; color: inherit;'>\n<ul style='padding-left: 20px; margin: 0; font-size: 14px; list-style-type: disc; color: inherit;'>\n<li style='margin-bottom: 5px;'><strong>Alto:<\/strong> 8.3 cm (3.3 in)<\/li>\n<li style='margin-bottom: 5px;'><strong>Largo:<\/strong> 0.6 cm (0.3 in)<\/li>\n<li style='margin-bottom: 5px;'><strong>Ancho:<\/strong> 8.3 cm (3.3 in)<\/li>\n<li style='margin-bottom: 5px;'><strong>Peso:<\/strong> 0.10 kg (0.21 lb)<\/li>\n<\/ul><\/div>\n<\/p><\/div>\n<div style='flex: 1 1 250px; border: 1px solid rgba(150&comma; 150&comma; 150&comma; 0.4); border-radius: 8px; overflow: hidden; display: flex; flex-direction: column;'>\n<div style='padding: 15px; border-bottom: 1px solid rgba(150&comma; 150&comma; 150&comma; 0.2); font-weight: bold; font-size: 18px; color: inherit;'>Certificaciones<\/div>\n<div style='padding: 15px; color: inherit;'>\n<ul style='padding-left: 20px; margin: 0; font-size: 14px; list-style-type: disc; color: inherit;'>\n<li style='margin-bottom: 5px;'><strong>ISO 9001:2008:<\/strong> Dise\u00f1ado&comma; manufacturado y\/o distribuido bajo este sistema de gesti\u00f3n de calidad<\/li>\n<\/ul><\/div>\n<\/p><\/div>\n<\/p><\/div>\n<hr style='border: 0; border-top: 1px solid rgba(150&comma; 150&comma; 150&comma; 0.3); margin: 30px 0;'> <\/div>\n","protected":false},"excerpt":{"rendered":"<p>Cinta de Fusi?n de Instalaci?n R?pida para Intemperie (4.57 Metros \/ 15 Pies)<\/p>\n","protected":false},"featured_media":62892,"comment_status":"open","ping_status":"closed","template":"","meta":[],"product_brand":[],"product_cat":[713],"product_tag":[1330,138,714],"class_list":{"0":"post-62893","1":"product","2":"type-product","3":"status-publish","4":"has-post-thumbnail","6":"product_cat-herramientas-para-preparacion-de-cable","7":"product_tag-andrew-commscope","8":"product_tag-cables","9":"product_tag-herramientas-para-preparacion-de-cable","11":"first","12":"instock","13":"sale","14":"shipping-taxable","15":"purchasable","16":"product-type-simple"},"_links":{"self":[{"href":"https:\/\/soydeaqui.ddns.net\/pachuca\/index.php\/wp-json\/wp\/v2\/product\/62893","targetHints":{"allow":["GET"]}}],"collection":[{"href":"https:\/\/soydeaqui.ddns.net\/pachuca\/index.php\/wp-json\/wp\/v2\/product"}],"about":[{"href":"https:\/\/soydeaqui.ddns.net\/pachuca\/index.php\/wp-json\/wp\/v2\/types\/product"}],"replies":[{"embeddable":true,"href":"https:\/\/soydeaqui.ddns.net\/pachuca\/index.php\/wp-json\/wp\/v2\/comments?post=62893"}],"wp:featuredmedia":[{"embeddable":true,"href":"https:\/\/soydeaqui.ddns.net\/pachuca\/index.php\/wp-json\/wp\/v2\/media\/62892"}],"wp:attachment":[{"href":"https:\/\/soydeaqui.ddns.net\/pachuca\/index.php\/wp-json\/wp\/v2\/media?parent=62893"}],"wp:term":[{"taxonomy":"product_brand","embeddable":true,"href":"https:\/\/soydeaqui.ddns.net\/pachuca\/index.php\/wp-json\/wp\/v2\/product_brand?post=62893"},{"taxonomy":"product_cat","embeddable":true,"href":"https:\/\/soydeaqui.ddns.net\/pachuca\/index.php\/wp-json\/wp\/v2\/product_cat?post=62893"},{"taxonomy":"product_tag","embeddable":true,"href":"https:\/\/soydeaqui.ddns.net\/pachuca\/index.php\/wp-json\/wp\/v2\/product_tag?post=62893"}],"curies":[{"name":"wp","href":"https:\/\/api.w.org\/{rel}","templated":true}]}}