{"id":62863,"date":"2026-03-19T06:55:36","date_gmt":"2026-03-19T06:55:36","guid":{"rendered":"https:\/\/soydeaqui.ddns.net\/pachuca\/index.php\/producto\/puente-de-diodos-rectificador-35a-400-piv-29-x-29-mm\/"},"modified":"2026-03-19T06:55:45","modified_gmt":"2026-03-19T06:55:45","slug":"puente-de-diodos-rectificador-35a-400-piv-29-x-29-mm","status":"publish","type":"product","link":"https:\/\/soydeaqui.ddns.net\/pachuca\/index.php\/producto\/puente-de-diodos-rectificador-35a-400-piv-29-x-29-mm\/","title":{"rendered":"Puente de Diodos Rectificador, 35A, 400 PIV, 29 x 29 mm."},"content":{"rendered":"<div style='width: 100%; max-width: 1200px; margin: 0 auto; font-family: sans-serif; line-height: 1.6; color: inherit; background-color: transparent;'> <!-- Secci\u00f3n de caracter\u00edsticas principales --> <\/p>\n<div style='display: flex; flex-wrap: wrap; gap: 30px; margin-bottom: 30px;'>\n<div style='flex: 1 1 300px; min-width: 280px;'>\n<h3 style='font-size: 22px; border-bottom: 2px solid currentColor; padding-bottom: 5px; margin-top: 0; color: inherit; opacity: 0.8;'>Caracter\u00edsticas Principales<\/h3>\n<ul style='padding-left: 20px; font-size: 15px; color: inherit;'>\n<li style='margin-bottom: 5px;'>Rectificador de diodos 35A para alta potencia<\/li>\n<li style='margin-bottom: 5px;'>Capacidad m\u00e1xima de 1000V PIV<\/li>\n<li style='margin-bottom: 5px;'>Encapsulado de metal para mejor disipaci\u00f3n t\u00e9rmica<\/li>\n<li style='margin-bottom: 5px;'>Vidrio pasivado para uni\u00f3n de mayor eficiencia<\/li>\n<li style='margin-bottom: 5px;'>Montaje f\u00e1cil con tornillo #10<\/li>\n<\/ul><\/div>\n<\/p><\/div>\n<p> <!-- Secci\u00f3n de especificaciones t\u00e9cnicas --> <\/p>\n<div style='display: flex; flex-wrap: wrap; gap: 20px; margin-bottom: 30px;'>\n<div style='flex: 1 1 250px; border: 1px solid rgba(150&comma; 150&comma; 150&comma; 0.4); border-radius: 8px; overflow: hidden; display: flex; flex-direction: column;'>\n<div style='padding: 15px; border-bottom: 1px solid rgba(150&comma; 150&comma; 150&comma; 0.2); font-weight: bold; font-size: 18px; color: inherit;'>Especificaciones El\u00e9ctricas<\/div>\n<div style='padding: 15px; color: inherit;'>\n<ul style='padding-left: 20px; margin: 0; font-size: 14px; list-style-type: disc;'>\n<li style='margin-bottom: 5px;'><strong>Corriente rectificada:<\/strong> 35.0 A<\/li>\n<li style='margin-bottom: 5px;'><strong>Sobrecorriente de pico:<\/strong> 400 A<\/li>\n<li style='margin-bottom: 5px;'><strong>Tensi\u00f3n directa (17.5A DC):<\/strong> 1.1 V<\/li>\n<li style='margin-bottom: 5px;'><strong>Corriente inversa (25\u00b0C):<\/strong> 5.0 \u03bcA<\/li>\n<li style='margin-bottom: 5px;'><strong>Corriente inversa (125\u00b0C):<\/strong> 500 \u03bcA<\/li>\n<\/ul><\/div>\n<\/p><\/div>\n<div style='flex: 1 1 250px; border: 1px solid rgba(150&comma; 150&comma; 150&comma; 0.4); border-radius: 8px; overflow: hidden; display: flex; flex-direction: column;'>\n<div style='padding: 15px; border-bottom: 1px solid rgba(150&comma; 150&comma; 150&comma; 0.2); font-weight: bold; font-size: 18px; color: inherit;'>Caracter\u00edsticas El\u00e9ctricas<\/div>\n<div style='padding: 15px; color: inherit;'>\n<ul style='padding-left: 20px; margin: 0; font-size: 14px; list-style-type: disc;'>\n<li style='margin-bottom: 5px;'><strong>VRRM (Tensi\u00f3n inversa m\u00e1xima):<\/strong> 400 V<\/li>\n<li style='margin-bottom: 5px;'><strong>VRMS (Tensi\u00f3n inversa RMS):<\/strong> 280 V<\/li>\n<li style='margin-bottom: 5px;'><strong>VDC (Tensi\u00f3n directa m\u00e1xima):<\/strong> 400 V<\/li>\n<li style='margin-bottom: 5px;'><strong>I\u00b2t (Fusi\u00f3n):<\/strong> 660 A\u00b2s<\/li>\n<li style='margin-bottom: 5px;'><strong>Capacitancia de uni\u00f3n:<\/strong> 150 pF<\/li>\n<\/ul><\/div>\n<\/p><\/div>\n<div style='flex: 1 1 250px; border: 1px solid rgba(150&comma; 150&comma; 150&comma; 0.4); border-radius: 8px; overflow: hidden; display: flex; flex-direction: column;'>\n<div style='padding: 15px; border-bottom: 1px solid rgba(150&comma; 150&comma; 150&comma; 0.2); font-weight: bold; font-size: 18px; color: inherit;'>Especificaciones Mec\u00e1nicas<\/div>\n<div style='padding: 15px; color: inherit;'>\n<ul style='padding-left: 20px; margin: 0; font-size: 14px; list-style-type: disc;'>\n<li style='margin-bottom: 5px;'><strong>Caja:<\/strong> Pl\u00e1stico moldeado con disipador de calor<\/li>\n<li style='margin-bottom: 5px;'><strong>Polaridad:<\/strong> Como est\u00e1 marcado en el cuerpo<\/li>\n<li style='margin-bottom: 5px;'><strong>Montaje:<\/strong> Perforaci\u00f3n para tornillo #10<\/li>\n<li style='margin-bottom: 5px;'><strong>Peso:<\/strong> 18.0 grs (0.63 onzas)<\/li>\n<\/ul><\/div>\n<\/p><\/div>\n<div style='flex: 1 1 250px; border: 1px solid rgba(150&comma; 150&comma; 150&comma; 0.4); border-radius: 8px; overflow: hidden; display: flex; flex-direction: column;'>\n<div style='padding: 15px; border-bottom: 1px solid rgba(150&comma; 150&comma; 150&comma; 0.2); font-weight: bold; font-size: 18px; color: inherit;'>Especificaciones T\u00e9rmicas<\/div>\n<div style='padding: 15px; color: inherit;'>\n<ul style='padding-left: 20px; margin: 0; font-size: 14px; list-style-type: disc;'>\n<li style='margin-bottom: 5px;'><strong>Resistencia t\u00e9rmica:<\/strong> 1.2 \u00b0C\/W<\/li>\n<li style='margin-bottom: 5px;'><strong>Temperatura operaci\u00f3n:<\/strong> -55\u00b0C a +150\u00b0C<\/li>\n<li style='margin-bottom: 5px;'><strong>Temperatura almacenamiento:<\/strong> -55\u00b0C a +150\u00b0C<\/li>\n<\/ul><\/div>\n<\/p><\/div>\n<\/p><\/div>\n<p> <!-- Secci\u00f3n de caracter\u00edsticas adicionales --> <\/p>\n<div style='display: flex; flex-wrap: wrap; gap: 30px; margin-bottom: 30px;'>\n<div style='flex: 1 1 300px; min-width: 280px;'>\n<h3 style='font-size: 22px; border-bottom: 2px solid currentColor; padding-bottom: 5px; margin-top: 0; color: inherit; opacity: 0.8;'>Caracter\u00edsticas Adicionales<\/h3>\n<ul style='padding-left: 20px; font-size: 15px; color: inherit;'>\n<li style='margin-bottom: 5px;'>Evaluado hasta 1000V PIV<\/li>\n<li style='margin-bottom: 5px;'>Alta eficiencia<\/li>\n<li style='margin-bottom: 5px;'>Uni\u00f3n del circuito con vidrio pasivado<\/li>\n<li style='margin-bottom: 5px;'>Carcasa de metal el\u00e9ctricamente aislada para m\u00e1xima disipaci\u00f3n de calor<\/li>\n<\/ul><\/div>\n<\/p><\/div>\n<p> <!-- Separador final --> <\/p>\n<hr style='border: 0; border-top: 1px solid rgba(150&comma; 150&comma; 150&comma; 0.3); margin: 30px 0;'> <\/div>\n","protected":false},"excerpt":{"rendered":"<p>Puente de Diodos Rectificador, 35A, 400 PIV, 29 x 29 mm.<\/p>\n","protected":false},"featured_media":62862,"comment_status":"open","ping_status":"closed","template":"","meta":[],"product_brand":[],"product_cat":[1501],"product_tag":[1502,751,63],"class_list":{"0":"post-62863","1":"product","2":"type-product","3":"status-publish","4":"has-post-thumbnail","6":"product_cat-miscelaneo","7":"product_tag-miscelaneo","8":"product_tag-refacciones","9":"product_tag-syscom","11":"first","12":"instock","13":"sale","14":"shipping-taxable","15":"purchasable","16":"product-type-simple"},"_links":{"self":[{"href":"https:\/\/soydeaqui.ddns.net\/pachuca\/index.php\/wp-json\/wp\/v2\/product\/62863","targetHints":{"allow":["GET"]}}],"collection":[{"href":"https:\/\/soydeaqui.ddns.net\/pachuca\/index.php\/wp-json\/wp\/v2\/product"}],"about":[{"href":"https:\/\/soydeaqui.ddns.net\/pachuca\/index.php\/wp-json\/wp\/v2\/types\/product"}],"replies":[{"embeddable":true,"href":"https:\/\/soydeaqui.ddns.net\/pachuca\/index.php\/wp-json\/wp\/v2\/comments?post=62863"}],"wp:featuredmedia":[{"embeddable":true,"href":"https:\/\/soydeaqui.ddns.net\/pachuca\/index.php\/wp-json\/wp\/v2\/media\/62862"}],"wp:attachment":[{"href":"https:\/\/soydeaqui.ddns.net\/pachuca\/index.php\/wp-json\/wp\/v2\/media?parent=62863"}],"wp:term":[{"taxonomy":"product_brand","embeddable":true,"href":"https:\/\/soydeaqui.ddns.net\/pachuca\/index.php\/wp-json\/wp\/v2\/product_brand?post=62863"},{"taxonomy":"product_cat","embeddable":true,"href":"https:\/\/soydeaqui.ddns.net\/pachuca\/index.php\/wp-json\/wp\/v2\/product_cat?post=62863"},{"taxonomy":"product_tag","embeddable":true,"href":"https:\/\/soydeaqui.ddns.net\/pachuca\/index.php\/wp-json\/wp\/v2\/product_tag?post=62863"}],"curies":[{"name":"wp","href":"https:\/\/api.w.org\/{rel}","templated":true}]}}