{"id":62851,"date":"2026-03-19T06:55:11","date_gmt":"2026-03-19T06:55:11","guid":{"rendered":"https:\/\/soydeaqui.ddns.net\/pachuca\/index.php\/producto\/combinacion-de-antena-gps-y-receptor-en-un-solo-componente-incluyendo-cable-y-conector-rs-232-por-medio-del-cual-proporciona-datos-de-posicionamiento-nmea\/"},"modified":"2026-03-19T06:55:12","modified_gmt":"2026-03-19T06:55:12","slug":"combinacion-de-antena-gps-y-receptor-en-un-solo-componente-incluyendo-cable-y-conector-rs-232-por-medio-del-cual-proporciona-datos-de-posicionamiento-nmea","status":"publish","type":"product","link":"https:\/\/soydeaqui.ddns.net\/pachuca\/index.php\/producto\/combinacion-de-antena-gps-y-receptor-en-un-solo-componente-incluyendo-cable-y-conector-rs-232-por-medio-del-cual-proporciona-datos-de-posicionamiento-nmea\/","title":{"rendered":"Combinaci\u00f3n de Antena GPS y Receptor en un S\u00f3lo Componente, Incluyendo Cable y Conector RS-232 por Medio del Cual Proporciona Datos de Posicionamiento NMEA."},"content":{"rendered":"<div style='width: 100%; max-width: 1200px; margin: 0 auto; font-family: sans-serif; line-height: 1.6; color: inherit; background-color: transparent;'>\n<div style='display: flex; flex-wrap: wrap; gap: 30px; margin-bottom: 30px;'>\n<div style='flex: 1 1 300px; min-width: 280px;'>\n<h3 style='font-size: 22px; border-bottom: 2px solid currentColor; padding-bottom: 5px; margin-top: 0; color: inherit; opacity: 0.8;'>Caracter\u00edsticas Principales<\/h3>\n<ul style='padding-left: 20px; font-size: 15px; color: inherit;'>\n<li style='margin-bottom: 5px;'>Ideal para aplicaciones con computadoras port\u00e1tiles equipadas con Software de navegaci\u00f3n<\/li>\n<li style='margin-bottom: 5px;'>Incluye software visual GPS para observar datos de navegaci\u00f3n<\/li>\n<li style='margin-bottom: 5px;'>Se alimenta por medio del encendedor del veh\u00edculo o al conector mini-din de su computadora<\/li>\n<li style='margin-bottom: 5px;'>Es ideal para sistemas de localizaci\u00f3n de veh\u00edculos de equipos de radiocomunicaci\u00f3n KENWOOD m\u00f3viles series 80 \/ 180 y 150<\/li>\n<\/ul>\n<\/div>\n<\/div>\n<hr style='border: 0; border-top: 1px solid rgba(150&comma; 150&comma; 150&comma; 0.3); margin: 30px 0;'><\/div>\n","protected":false},"excerpt":{"rendered":"<p>Combinaci\u00f3n de Antena GPS y Receptor en un S\u00f3lo Componente, Incluyendo Cable y Conector RS-232 por Medio del Cual Proporciona Datos de Posicionamiento NMEA.<\/p>\n","protected":false},"featured_media":62850,"comment_status":"open","ping_status":"closed","template":"","meta":[],"product_brand":[],"product_cat":[1876],"product_tag":[1404,1877,63],"class_list":{"0":"post-62851","1":"product","2":"type-product","3":"status-publish","4":"has-post-thumbnail","6":"product_cat-gps","7":"product_tag-antenas","8":"product_tag-gps","9":"product_tag-syscom","11":"first","12":"outofstock","13":"sale","14":"shipping-taxable","15":"purchasable","16":"product-type-simple"},"_links":{"self":[{"href":"https:\/\/soydeaqui.ddns.net\/pachuca\/index.php\/wp-json\/wp\/v2\/product\/62851","targetHints":{"allow":["GET"]}}],"collection":[{"href":"https:\/\/soydeaqui.ddns.net\/pachuca\/index.php\/wp-json\/wp\/v2\/product"}],"about":[{"href":"https:\/\/soydeaqui.ddns.net\/pachuca\/index.php\/wp-json\/wp\/v2\/types\/product"}],"replies":[{"embeddable":true,"href":"https:\/\/soydeaqui.ddns.net\/pachuca\/index.php\/wp-json\/wp\/v2\/comments?post=62851"}],"wp:featuredmedia":[{"embeddable":true,"href":"https:\/\/soydeaqui.ddns.net\/pachuca\/index.php\/wp-json\/wp\/v2\/media\/62850"}],"wp:attachment":[{"href":"https:\/\/soydeaqui.ddns.net\/pachuca\/index.php\/wp-json\/wp\/v2\/media?parent=62851"}],"wp:term":[{"taxonomy":"product_brand","embeddable":true,"href":"https:\/\/soydeaqui.ddns.net\/pachuca\/index.php\/wp-json\/wp\/v2\/product_brand?post=62851"},{"taxonomy":"product_cat","embeddable":true,"href":"https:\/\/soydeaqui.ddns.net\/pachuca\/index.php\/wp-json\/wp\/v2\/product_cat?post=62851"},{"taxonomy":"product_tag","embeddable":true,"href":"https:\/\/soydeaqui.ddns.net\/pachuca\/index.php\/wp-json\/wp\/v2\/product_tag?post=62851"}],"curies":[{"name":"wp","href":"https:\/\/api.w.org\/{rel}","templated":true}]}}