{"id":62799,"date":"2026-03-19T06:53:32","date_gmt":"2026-03-19T06:53:32","guid":{"rendered":"https:\/\/soydeaqui.ddns.net\/pachuca\/index.php\/producto\/radio-portatil-4-w-de-potencia-450-512-mhz-128-canales-incluye-encriptor-de-voz-codigo-rodante-incluye-senalizacion-mdc1200\/"},"modified":"2026-03-19T06:53:33","modified_gmt":"2026-03-19T06:53:33","slug":"radio-portatil-4-w-de-potencia-450-512-mhz-128-canales-incluye-encriptor-de-voz-codigo-rodante-incluye-senalizacion-mdc1200","status":"publish","type":"product","link":"https:\/\/soydeaqui.ddns.net\/pachuca\/index.php\/producto\/radio-portatil-4-w-de-potencia-450-512-mhz-128-canales-incluye-encriptor-de-voz-codigo-rodante-incluye-senalizacion-mdc1200\/","title":{"rendered":"Radio Port\u00e1til, 4 W de Potencia, 450-512 MHz, 128 Canales, Incluye Encriptor de Voz C\u00f3digo Rodante, Incluye Se\u00f1alizaci\u00f3n MDC1200."},"content":{"rendered":"<div style='width: 100%; max-width: 1200px; margin: 0 auto; font-family: sans-serif; line-height: 1.6; color: inherit; background-color: transparent;'>\n<div style='display: flex; flex-wrap: wrap; gap: 30px; margin-bottom: 30px;'>\n<div style='flex: 1 1 300px; min-width: 280px;'>\n<h3 style='font-size: 22px; border-bottom: 2px solid currentColor; padding-bottom: 5px; margin-top: 0; color: inherit; opacity: 0.8;'>Caracter\u00edsticas<\/h3>\n<ul style='padding-left: 20px; font-size: 15px; color: inherit;'>\n<li style='margin-bottom: 5px;'>Pantalla de 8 caracteres alfanum\u00e9ricos<\/li>\n<li style='margin-bottom: 5px;'>Indicador de se\u00f1al recibida<\/li>\n<li style='margin-bottom: 5px;'>Explorador de canales (normal y prioritario)<\/li>\n<li style='margin-bottom: 5px;'>N\u00famero de Serie Electr\u00f3nico (ESN)<\/li>\n<li style='margin-bottom: 5px;'>Nivel de voltaje de bater\u00eda en pantalla<\/li>\n<li style='margin-bottom: 5px;'>Candado contralectura y password de encendido<\/li>\n<li style='margin-bottom: 5px;'>Encripci\u00f3n de Voz incluido&comma; 2 niveles de seguridad disponible (b\u00e1sico o c\u00f3digo rodante)<\/li>\n<li style='margin-bottom: 5px;'>Llamada de emergencia inteligente<\/li>\n<li style='margin-bottom: 5px;'>Compensador de audio (compander)<\/li>\n<li style='margin-bottom: 5px;'>Software de programaci\u00f3n CS-F50<\/li>\n<\/ul><\/div>\n<div style='flex: 1 1 300px; min-width: 280px;'>\n<h3 style='font-size: 22px; border-bottom: 2px solid currentColor; padding-bottom: 5px; margin-top: 0; color: inherit; opacity: 0.8;'>Se\u00f1alizaci\u00f3n<\/h3>\n<div style='display: flex; flex-direction: column; gap: 15px;'>\n<div style='border: 1px solid rgba(150&comma; 150&comma; 150&comma; 0.4); border-radius: 8px; padding: 15px; color: inherit;'>\n<h4 style='margin-top: 0; margin-bottom: 10px; font-size: 18px; color: inherit;'>DTMF<\/h4>\n<ul style='padding-left: 20px; margin: 0; font-size: 14px; list-style-type: disc;'>\n<li style='margin-bottom: 5px;'>PTT-ID<\/li>\n<li style='margin-bottom: 5px;'>Llamada de emergencia<\/li>\n<\/ul><\/div>\n<div style='border: 1px solid rgba(150&comma; 150&comma; 150&comma; 0.4); border-radius: 8px; padding: 15px; color: inherit;'>\n<h4 style='margin-top: 0; margin-bottom: 10px; font-size: 18px; color: inherit;'>MDC-1200<\/h4>\n<ul style='padding-left: 20px; margin: 0; font-size: 14px; list-style-type: disc;'>\n<li style='margin-bottom: 5px;'>PTT-ID<\/li>\n<li style='margin-bottom: 5px;'>Identificaci\u00f3n en pantalla (ANI)<\/li>\n<li style='margin-bottom: 5px;'>Llamada selectiva<\/li>\n<li style='margin-bottom: 5px;'>Llamada de grupo<\/li>\n<li style='margin-bottom: 5px;'>Llamada de alerta<\/li>\n<li style='margin-bottom: 5px;'>Mensajes de estatus (mensaje de encendido y apagado)<\/li>\n<li style='margin-bottom: 5px;'>Desactivaci\u00f3n v\u00eda aire (Radio Kill)<\/li>\n<li style='margin-bottom: 5px;'>Supervisi\u00f3n remota de radio (Radio Check)<\/li>\n<li style='margin-bottom: 5px;'>Llamada de emergencia inteligente<\/li>\n<\/ul><\/div>\n<div style='border: 1px solid rgba(150&comma; 150&comma; 150&comma; 0.4); border-radius: 8px; padding: 15px; color: inherit;'>\n<h4 style='margin-top: 0; margin-bottom: 10px; font-size: 18px; color: inherit;'>5-tonos<\/h4>\n<ul style='padding-left: 20px; margin: 0; font-size: 14px; list-style-type: disc;'>\n<li style='margin-bottom: 5px;'>PTT-ID<\/li>\n<li style='margin-bottom: 5px;'>Identificaci\u00f3n en pantalla (ANI)<\/li>\n<li style='margin-bottom: 5px;'>Llamada selectiva<\/li>\n<li style='margin-bottom: 5px;'>Llamada de grupo<\/li>\n<li style='margin-bottom: 5px;'>Autotransmisi\u00f3n remota<\/li>\n<li style='margin-bottom: 5px;'>Llamada de emergencia<\/li>\n<li style='margin-bottom: 5px;'>Supervisi\u00f3n remota de radio (Radio Check)<\/li>\n<li style='margin-bottom: 5px;'>Desactivaci\u00f3n de radio v\u00eda aire (Radio Kill)<\/li>\n<\/ul><\/div>\n<\/p><\/div>\n<\/p><\/div>\n<div style='flex: 1 1 300px; min-width: 280px;'>\n<h3 style='font-size: 22px; border-bottom: 2px solid currentColor; padding-bottom: 5px; margin-top: 0; color: inherit; opacity: 0.8;'>Especificaciones<\/h3>\n<ul style='padding-left: 20px; font-size: 15px; color: inherit;'>\n<li style='margin-bottom: 5px;'>SUMERGIBLE 1 m x 30 min (Grado IP67)<\/li>\n<li style='margin-bottom: 5px;'>128 Canales<\/li>\n<li style='margin-bottom: 5px;'>MDC-1200<\/li>\n<li style='margin-bottom: 5px;'>5 W (VHF) 4 W (UHF)<\/li>\n<li style='margin-bottom: 5px;'>Aprobado por la FCC<\/li>\n<li style='margin-bottom: 5px;'>Fabricado en Ambiente ISO 9001:2008<\/li>\n<li style='margin-bottom: 5px;'>5 A\u00f1os de Garant\u00eda<\/li>\n<li style='margin-bottom: 5px;'>Dim: 56 x 97 x 36.4 mm Peso: 280 g con bater\u00eda BP-227<\/li>\n<\/ul><\/div>\n<\/p><\/div>\n<\/p><\/div>\n","protected":false},"excerpt":{"rendered":"<p>Radio Port\u00e1til, 4 W de Potencia, 450-512 MHz, 128 Canales, Incluye Encriptor de Voz C\u00f3digo Rodante, Incluye Se\u00f1alizaci\u00f3n MDC1200.<\/p>\n","protected":false},"featured_media":62798,"comment_status":"open","ping_status":"closed","template":"","meta":[],"product_brand":[],"product_cat":[1625],"product_tag":[1288,1627,1626],"class_list":{"0":"post-62799","1":"product","2":"type-product","3":"status-publish","4":"has-post-thumbnail","6":"product_cat-portatiles-uhf","7":"product_tag-icom","8":"product_tag-portatiles-uhf","9":"product_tag-radios-comerciales-icom-kenwood-txpro","11":"first","12":"outofstock","13":"sale","14":"shipping-taxable","15":"purchasable","16":"product-type-simple"},"_links":{"self":[{"href":"https:\/\/soydeaqui.ddns.net\/pachuca\/index.php\/wp-json\/wp\/v2\/product\/62799","targetHints":{"allow":["GET"]}}],"collection":[{"href":"https:\/\/soydeaqui.ddns.net\/pachuca\/index.php\/wp-json\/wp\/v2\/product"}],"about":[{"href":"https:\/\/soydeaqui.ddns.net\/pachuca\/index.php\/wp-json\/wp\/v2\/types\/product"}],"replies":[{"embeddable":true,"href":"https:\/\/soydeaqui.ddns.net\/pachuca\/index.php\/wp-json\/wp\/v2\/comments?post=62799"}],"wp:featuredmedia":[{"embeddable":true,"href":"https:\/\/soydeaqui.ddns.net\/pachuca\/index.php\/wp-json\/wp\/v2\/media\/62798"}],"wp:attachment":[{"href":"https:\/\/soydeaqui.ddns.net\/pachuca\/index.php\/wp-json\/wp\/v2\/media?parent=62799"}],"wp:term":[{"taxonomy":"product_brand","embeddable":true,"href":"https:\/\/soydeaqui.ddns.net\/pachuca\/index.php\/wp-json\/wp\/v2\/product_brand?post=62799"},{"taxonomy":"product_cat","embeddable":true,"href":"https:\/\/soydeaqui.ddns.net\/pachuca\/index.php\/wp-json\/wp\/v2\/product_cat?post=62799"},{"taxonomy":"product_tag","embeddable":true,"href":"https:\/\/soydeaqui.ddns.net\/pachuca\/index.php\/wp-json\/wp\/v2\/product_tag?post=62799"}],"curies":[{"name":"wp","href":"https:\/\/api.w.org\/{rel}","templated":true}]}}