{"id":62795,"date":"2026-03-19T06:53:26","date_gmt":"2026-03-19T06:53:26","guid":{"rendered":"https:\/\/soydeaqui.ddns.net\/pachuca\/index.php\/producto\/interface-para-radios-f121-221-interconecta-2-o-mas-sistemas-de-radiocomunicacion-a-traves-de-internet\/"},"modified":"2026-03-19T06:53:27","modified_gmt":"2026-03-19T06:53:27","slug":"interface-para-radios-f121-221-interconecta-2-o-mas-sistemas-de-radiocomunicacion-a-traves-de-internet","status":"publish","type":"product","link":"https:\/\/soydeaqui.ddns.net\/pachuca\/index.php\/producto\/interface-para-radios-f121-221-interconecta-2-o-mas-sistemas-de-radiocomunicacion-a-traves-de-internet\/","title":{"rendered":"Interface para Radios F121\/221, Interconecta 2 o M\u00e1s Sistemas de Radiocomunicaci\u00f3n a trav\u00e9s de Internet."},"content":{"rendered":"<div style='width: 100%; max-width: 1200px; margin: 0 auto; font-family: sans-serif; line-height: 1.6; color: inherit; background-color: transparent;'>\n<div style='display: flex; flex-wrap: wrap; gap: 30px; margin-bottom: 30px;'>\n<div style='flex: 1 1 300px; min-width: 280px;'>\n<h3 style='font-size: 22px; border-bottom: 2px solid currentColor; padding-bottom: 5px; margin-top: 0; color: inherit; opacity: 0.8;'>Descripci\u00f3n<\/h3>\n<p style='font-size: 15px; color: inherit;'>Conecte sus radios a Internet&comma; con las nuevas interfaces de voz sobre IP (VoIP) que usted obtiene de manera gratuita en Internet y con el uso de la interface IAPC121&comma; usted hablar\u00e1 a diferentes ciudades o diferentes pa\u00edses con sus radios ICOM. De gran utilidad para conexiones entre sistemas de radio convencionales&comma; simples&comma; repetidor o troncal.<\/p>\n<\/div>\n<\/div>\n<\/div>\n","protected":false},"excerpt":{"rendered":"<p>Interface para Radios F121\/221, Interconecta 2 o M\u00e1s Sistemas de Radiocomunicaci\u00f3n a trav\u00e9s de Internet.<\/p>\n","protected":false},"featured_media":62794,"comment_status":"open","ping_status":"closed","template":"","meta":[],"product_brand":[],"product_cat":[1519],"product_tag":[417,1517,63],"class_list":{"0":"post-62795","1":"product","2":"type-product","3":"status-publish","4":"has-post-thumbnail","6":"product_cat-accesorios-generales-accesorios-para-icom","7":"product_tag-accesorios-generales","8":"product_tag-accesorios-para-icom","9":"product_tag-syscom","11":"first","12":"outofstock","13":"sale","14":"shipping-taxable","15":"purchasable","16":"product-type-simple"},"_links":{"self":[{"href":"https:\/\/soydeaqui.ddns.net\/pachuca\/index.php\/wp-json\/wp\/v2\/product\/62795","targetHints":{"allow":["GET"]}}],"collection":[{"href":"https:\/\/soydeaqui.ddns.net\/pachuca\/index.php\/wp-json\/wp\/v2\/product"}],"about":[{"href":"https:\/\/soydeaqui.ddns.net\/pachuca\/index.php\/wp-json\/wp\/v2\/types\/product"}],"replies":[{"embeddable":true,"href":"https:\/\/soydeaqui.ddns.net\/pachuca\/index.php\/wp-json\/wp\/v2\/comments?post=62795"}],"wp:featuredmedia":[{"embeddable":true,"href":"https:\/\/soydeaqui.ddns.net\/pachuca\/index.php\/wp-json\/wp\/v2\/media\/62794"}],"wp:attachment":[{"href":"https:\/\/soydeaqui.ddns.net\/pachuca\/index.php\/wp-json\/wp\/v2\/media?parent=62795"}],"wp:term":[{"taxonomy":"product_brand","embeddable":true,"href":"https:\/\/soydeaqui.ddns.net\/pachuca\/index.php\/wp-json\/wp\/v2\/product_brand?post=62795"},{"taxonomy":"product_cat","embeddable":true,"href":"https:\/\/soydeaqui.ddns.net\/pachuca\/index.php\/wp-json\/wp\/v2\/product_cat?post=62795"},{"taxonomy":"product_tag","embeddable":true,"href":"https:\/\/soydeaqui.ddns.net\/pachuca\/index.php\/wp-json\/wp\/v2\/product_tag?post=62795"}],"curies":[{"name":"wp","href":"https:\/\/api.w.org\/{rel}","templated":true}]}}