{"id":62699,"date":"2026-03-19T06:50:35","date_gmt":"2026-03-19T06:50:35","guid":{"rendered":"https:\/\/soydeaqui.ddns.net\/pachuca\/index.php\/producto\/cable-para-conexion-de-pm400-conexion-en-simplex\/"},"modified":"2026-03-19T06:50:36","modified_gmt":"2026-03-19T06:50:36","slug":"cable-para-conexion-de-pm400-conexion-en-simplex","status":"publish","type":"product","link":"https:\/\/soydeaqui.ddns.net\/pachuca\/index.php\/producto\/cable-para-conexion-de-pm400-conexion-en-simplex\/","title":{"rendered":"Cable para conexi\u00f3n de PM400 (conexi\u00f3n en SIMPLEX)"},"content":{"rendered":"<div style='width: 100%; max-width: 1200px; margin: 0 auto; font-family: sans-serif; line-height: 1.6; color: inherit; background-color: transparent;'> <!-- Secci\u00f3n de descripci\u00f3n general --> <\/p>\n<div style='margin-bottom: 30px;'>\n<h2 style='font-size: 24px; border-bottom: 2px solid currentColor; padding-bottom: 8px; margin-top: 0; color: inherit; opacity: 0.9;'>Descripci\u00f3n del Arnes IRR-25S<\/h2>\n<p style='font-size: 15px; color: inherit; margin-bottom: 15px;'> Arnes de conexi\u00f3n dise\u00f1ado por SYSCOM para la interfase entre radios m\u00f3viles ICOM y sistemas simplex como Echo-R100 y EDM-3. <\/p>\n<p style='font-size: 15px; color: inherit; margin-bottom: 15px;'> Este arn\u00e9s proporciona conexi\u00f3n de 11 posiciones con configuraci\u00f3n espec\u00edfica para compatibilidad con equipos simplex. <\/p>\n<\/p><\/div>\n<p> <!-- Secci\u00f3n de conexiones --> <\/p>\n<div style='display: flex; flex-wrap: wrap; gap: 30px; margin-bottom: 30px;'>\n<div style='flex: 1 1 300px; min-width: 280px;'>\n<h3 style='font-size: 20px; border-bottom: 2px solid currentColor; padding-bottom: 5px; margin-top: 0; color: inherit; opacity: 0.8;'>Configuraci\u00f3n de Conexi\u00f3n<\/h3>\n<ul style='padding-left: 20px; font-size: 14px; color: inherit;'>\n<li style='margin-bottom: 5px;'><strong>1 (Rojo):<\/strong> +VCC (pines 1 y 2)<\/li>\n<li style='margin-bottom: 5px;'><strong>3 (Naranja):<\/strong> COR (pin 9)<\/li>\n<li style='margin-bottom: 5px;'><strong>7 (Verde):<\/strong> Audio RX (DISC) (pin 13)<\/li>\n<li style='margin-bottom: 5px;'><strong>9 (Azul):<\/strong> Audio TX (MIC) (pin 12)<\/li>\n<li style='margin-bottom: 5px;'><strong>10 (Negro):<\/strong> Tierra (pines 14 al 25) &#8211; Malla<\/li>\n<li style='margin-bottom: 5px;'><strong>11 (Blanco):<\/strong> PTT (pin 7)<\/li>\n<\/ul><\/div>\n<div style='flex: 1 1 300px; min-width: 280px;'>\n<h3 style='font-size: 20px; border-bottom: 2px solid currentColor; padding-bottom: 5px; margin-top: 0; color: inherit; opacity: 0.8;'>Componentes Adicionales<\/h3>\n<ul style='padding-left: 20px; font-size: 14px; color: inherit;'>\n<li style='margin-bottom: 5px;'><strong>Puente de conexi\u00f3n:<\/strong> Entre pines 10 y 11<\/li>\n<li style='margin-bottom: 5px;'><strong>Resistencia:<\/strong> 100K&comma; \u00bc W (pines 1 y 9)<\/li>\n<\/ul><\/div>\n<\/p><\/div>\n<p> <!-- Secci\u00f3n de especificaciones --> <\/p>\n<div style='display: flex; flex-wrap: wrap; gap: 20px; margin-bottom: 30px;'>\n<div style='flex: 1 1 250px; border: 1px solid rgba(150&comma; 150&comma; 150&comma; 0.4); border-radius: 8px; overflow: hidden; display: flex; flex-direction: column;'>\n<div style='padding: 15px; border-bottom: 1px solid rgba(150&comma; 150&comma; 150&comma; 0.2); font-weight: bold; font-size: 18px; color: inherit;'>Especificaciones T\u00e9cnicas<\/div>\n<div style='padding: 15px; color: inherit;'>\n<ul style='padding-left: 20px; margin: 0; font-size: 14px; list-style-type: disc;'>\n<li style='margin-bottom: 5px;'><strong>Tipo:<\/strong> Arn\u00e9s de conexi\u00f3n<\/li>\n<li style='margin-bottom: 5px;'><strong>Conector:<\/strong> DB-25 de 25 pines<\/li>\n<li style='margin-bottom: 5px;'><strong>Posiciones utilizadas:<\/strong> 11 posiciones<\/li>\n<li style='margin-bottom: 5px;'><strong>Aplicaci\u00f3n:<\/strong> Interfaz entre radios m\u00f3viles ICOM y sistemas simplex<\/li>\n<\/ul><\/div>\n<\/p><\/div>\n<div style='flex: 1 1 250px; border: 1px solid rgba(150&comma; 150&comma; 150&comma; 0.4); border-radius: 8px; overflow: hidden; display: flex; flex-direction: column;'>\n<div style='padding: 15px; border-bottom: 1px solid rgba(150&comma; 150&comma; 150&comma; 0.2); font-weight: bold; font-size: 18px; color: inherit;'>Aplicaciones<\/div>\n<div style='padding: 15px; color: inherit;'>\n<ul style='padding-left: 20px; margin: 0; font-size: 14px; list-style-type: disc;'>\n<li style='margin-bottom: 5px;'>Interfaz con sistema simplex Echo-R100<\/li>\n<li style='margin-bottom: 5px;'>Conexi\u00f3n con sistema EDM-3<\/li>\n<li style='margin-bottom: 5px;'>Integraci\u00f3n con radios m\u00f3viles ICOM<\/li>\n<\/ul><\/div>\n<\/p><\/div>\n<\/p><\/div>\n<p> <!-- Separador --> <\/p>\n<hr style='border: 0; border-top: 1px solid rgba(150&comma; 150&comma; 150&comma; 0.3); margin: 30px 0;'> <!-- Informaci\u00f3n de contacto --> <\/p>\n<div style='margin-top: 30px; padding: 20px; background-color: rgba(150&comma;150&comma;150&comma;0.05); border-left: 4px solid rgba(150&comma;150&comma;150&comma;0.4); border-radius: 4px;'>\n<h3 style='font-size: 18px; margin-top: 0; color: inherit; opacity: 0.8;'>Informaci\u00f3n de SYSCOM<\/h3>\n<p style='margin: 8px 0; font-size: 14px; color: inherit;'> COMUNICACION ELECTRONICA<br \/> SISTEMAS Y SERVICIOS DE COMUNICACION S. A. DE C. V.<br \/> AV. 20 DE NOVIEMBRE No. 805<br \/> TEL (614) 415-25-25 FAX 416-42-98<br \/> 31000&comma; CHIHUAHUA CHIH.&comma; M\u00c9XICO <\/p>\n<\/p><\/div>\n<\/p><\/div>\n","protected":false},"excerpt":{"rendered":"<p>Cable para conexi\u00f3n de PM400 (conexi\u00f3n en SIMPLEX)<\/p>\n","protected":false},"featured_media":62698,"comment_status":"open","ping_status":"closed","template":"","meta":[],"product_brand":[],"product_cat":[1629],"product_tag":[1517,1602,63],"class_list":{"0":"post-62699","1":"product","2":"type-product","3":"status-publish","4":"has-post-thumbnail","6":"product_cat-programacion-y-software-accesorios-para-icom","7":"product_tag-accesorios-para-icom","8":"product_tag-programacion-y-software","9":"product_tag-syscom","11":"first","12":"outofstock","13":"sale","14":"shipping-taxable","15":"purchasable","16":"product-type-simple"},"_links":{"self":[{"href":"https:\/\/soydeaqui.ddns.net\/pachuca\/index.php\/wp-json\/wp\/v2\/product\/62699","targetHints":{"allow":["GET"]}}],"collection":[{"href":"https:\/\/soydeaqui.ddns.net\/pachuca\/index.php\/wp-json\/wp\/v2\/product"}],"about":[{"href":"https:\/\/soydeaqui.ddns.net\/pachuca\/index.php\/wp-json\/wp\/v2\/types\/product"}],"replies":[{"embeddable":true,"href":"https:\/\/soydeaqui.ddns.net\/pachuca\/index.php\/wp-json\/wp\/v2\/comments?post=62699"}],"wp:featuredmedia":[{"embeddable":true,"href":"https:\/\/soydeaqui.ddns.net\/pachuca\/index.php\/wp-json\/wp\/v2\/media\/62698"}],"wp:attachment":[{"href":"https:\/\/soydeaqui.ddns.net\/pachuca\/index.php\/wp-json\/wp\/v2\/media?parent=62699"}],"wp:term":[{"taxonomy":"product_brand","embeddable":true,"href":"https:\/\/soydeaqui.ddns.net\/pachuca\/index.php\/wp-json\/wp\/v2\/product_brand?post=62699"},{"taxonomy":"product_cat","embeddable":true,"href":"https:\/\/soydeaqui.ddns.net\/pachuca\/index.php\/wp-json\/wp\/v2\/product_cat?post=62699"},{"taxonomy":"product_tag","embeddable":true,"href":"https:\/\/soydeaqui.ddns.net\/pachuca\/index.php\/wp-json\/wp\/v2\/product_tag?post=62699"}],"curies":[{"name":"wp","href":"https:\/\/api.w.org\/{rel}","templated":true}]}}