{"id":62697,"date":"2026-03-19T06:50:31","date_gmt":"2026-03-19T06:50:31","guid":{"rendered":"https:\/\/soydeaqui.ddns.net\/pachuca\/index.php\/producto\/arnes-para-conexion-con-radio-icom-icf121-221-conector-11-pines-a-tarjeta-echor100-o-dm3\/"},"modified":"2026-03-19T06:50:32","modified_gmt":"2026-03-19T06:50:32","slug":"arnes-para-conexion-con-radio-icom-icf121-221-conector-11-pines-a-tarjeta-echor100-o-dm3","status":"publish","type":"product","link":"https:\/\/soydeaqui.ddns.net\/pachuca\/index.php\/producto\/arnes-para-conexion-con-radio-icom-icf121-221-conector-11-pines-a-tarjeta-echor100-o-dm3\/","title":{"rendered":"Arn\u00e9s para conexi\u00f3n con radio ICOM  ICF121\/221 (conector 11 pines) a tarjeta ECHOR100 o DM3."},"content":{"rendered":"<div style='width: 100%; max-width: 1200px; margin: 0 auto; font-family: sans-serif; line-height: 1.6; color: inherit; background-color: transparent;'>\n<div style='display: flex; flex-wrap: wrap; gap: 30px; margin-bottom: 30px;'>\n<div style='flex: 1 1 300px; min-width: 280px;'>\n<h3 style='font-size: 22px; border-bottom: 2px solid currentColor; padding-bottom: 5px; margin-top: 0; color: inherit; opacity: 0.8;'>Descripci\u00f3n<\/h3>\n<p style='font-size: 15px; color: inherit; margin-bottom: 15px;'>Arn\u00e9s para conexi\u00f3n entre radios m\u00f3viles ICOM y sistemas simplex como ECHO-R100 y EDM-3. Interfaz de conexi\u00f3n entre dispositivos con conector J-5 de accesorios y conector DB-15.<\/p>\n<\/p><\/div>\n<\/p><\/div>\n<div style='display: flex; flex-wrap: wrap; gap: 20px; margin-bottom: 30px;'>\n<div style='flex: 1 1 250px; border: 1px solid rgba(150&comma; 150&comma; 150&comma; 0.4); border-radius: 8px; overflow: hidden; display: flex; flex-direction: column;'>\n<div style='padding: 15px; border-bottom: 1px solid rgba(150&comma; 150&comma; 150&comma; 0.2); font-weight: bold; font-size: 18px; color: inherit;'>Asignaci\u00f3n de Pines<\/div>\n<div style='padding: 15px; color: inherit;'>\n<ul style='padding-left: 20px; margin: 0; font-size: 14px; list-style-type: disc;'>\n<li style='margin-bottom: 5px;'><strong>1. Rojo:<\/strong> +VCC (pines 1 y 2)<\/li>\n<li style='margin-bottom: 5px;'><strong>2. Amarillo:<\/strong> Tono (pin 4)<\/li>\n<li style='margin-bottom: 5px;'><strong>3. Naranja:<\/strong> COR (pin 6)<\/li>\n<li style='margin-bottom: 5px;'><strong>7. Verde:<\/strong> Audio RX (DISC) (pin 8)<\/li>\n<li style='margin-bottom: 5px;'><strong>9. Azul:<\/strong> Audio TX (MIC) (pin 5)<\/li>\n<li style='margin-bottom: 5px;'><strong>10. Negro:<\/strong> Tierra (pines 9 al 15) (Malla)<\/li>\n<li style='margin-bottom: 5px;'><strong>11. Blanco:<\/strong> PTT (pin 7)<\/li>\n<li style='margin-bottom: 5px;'><strong>NC:<\/strong> (pin 3)<\/li>\n<li style='margin-bottom: 5px;'><strong>Resistencia:<\/strong> 100K&comma; \u00bc W (pines 1 y 6)<\/li>\n<\/ul><\/div>\n<\/p><\/div>\n<div style='flex: 1 1 250px; border: 1px solid rgba(150&comma; 150&comma; 150&comma; 0.4); border-radius: 8px; overflow: hidden; display: flex; flex-direction: column;'>\n<div style='padding: 15px; border-bottom: 1px solid rgba(150&comma; 150&comma; 150&comma; 0.2); font-weight: bold; font-size: 18px; color: inherit;'>Pin Assignment<\/div>\n<div style='padding: 15px; color: inherit;'>\n<ul style='padding-left: 20px; margin: 0; font-size: 14px; list-style-type: disc;'>\n<li style='margin-bottom: 5px;'><strong>1. Red:<\/strong> +VCC (pins 1 and 2)<\/li>\n<li style='margin-bottom: 5px;'><strong>2. Yellow:<\/strong> Tone (pin 4)<\/li>\n<li style='margin-bottom: 5px;'><strong>3. Orange:<\/strong> COR (pin 6)<\/li>\n<li style='margin-bottom: 5px;'><strong>7. Green:<\/strong> RX Audio (DISC) (pin 8)<\/li>\n<li style='margin-bottom: 5px;'><strong>9. Blue:<\/strong> TX Audio (MIC) (pin 5)<\/li>\n<li style='margin-bottom: 5px;'><strong>10. Black:<\/strong> Ground (pins 9 to 15) (Foil)<\/li>\n<li style='margin-bottom: 5px;'><strong>11. White:<\/strong> PTT (pin 7)<\/li>\n<li style='margin-bottom: 5px;'><strong>NC:<\/strong> (pin 3)<\/li>\n<li style='margin-bottom: 5px;'><strong>Resistor:<\/strong> 100K&comma; \u00bc W (pins 1 and 6)<\/li>\n<\/ul><\/div>\n<\/p><\/div>\n<\/p><\/div>\n<div style='display: flex; flex-wrap: wrap; gap: 30px; margin-bottom: 30px;'>\n<div style='flex: 1 1 300px; min-width: 280px;'>\n<h3 style='font-size: 22px; border-bottom: 2px solid currentColor; padding-bottom: 5px; margin-top: 0; color: inherit; opacity: 0.8;'>Informaci\u00f3n de Contacto<\/h3>\n<p style='font-size: 15px; color: inherit; margin-bottom: 15px;'>EQUIPOS PROFESIONALES DE COMUNICACI\u00d3N S.A. DE C.V<br \/> Calle M\u00e9ndez y 20 # 2001&comma; Colonia Pacifico<br \/> Tel. (614) 4120126<br \/> C.P. 31030&comma; Chihuahua&comma; Chih&comma; M\u00e9xico<br \/> R.F.C.: EPC051025IN0<\/p>\n<\/p><\/div>\n<\/p><\/div>\n<hr style='border: 0; border-top: 1px solid rgba(150&comma; 150&comma; 150&comma; 0.3); margin: 30px 0;'> <\/div>\n","protected":false},"excerpt":{"rendered":"<p>Arn\u00e9s para conexi\u00f3n con radio ICOM  ICF121\/221 (conector 11 pines) a tarjeta ECHOR100 o DM3.<\/p>\n","protected":false},"featured_media":62696,"comment_status":"open","ping_status":"closed","template":"","meta":[],"product_brand":[],"product_cat":[1519],"product_tag":[417,1517,63],"class_list":{"0":"post-62697","1":"product","2":"type-product","3":"status-publish","4":"has-post-thumbnail","6":"product_cat-accesorios-generales-accesorios-para-icom","7":"product_tag-accesorios-generales","8":"product_tag-accesorios-para-icom","9":"product_tag-syscom","11":"first","12":"outofstock","13":"sale","14":"shipping-taxable","15":"purchasable","16":"product-type-simple"},"_links":{"self":[{"href":"https:\/\/soydeaqui.ddns.net\/pachuca\/index.php\/wp-json\/wp\/v2\/product\/62697","targetHints":{"allow":["GET"]}}],"collection":[{"href":"https:\/\/soydeaqui.ddns.net\/pachuca\/index.php\/wp-json\/wp\/v2\/product"}],"about":[{"href":"https:\/\/soydeaqui.ddns.net\/pachuca\/index.php\/wp-json\/wp\/v2\/types\/product"}],"replies":[{"embeddable":true,"href":"https:\/\/soydeaqui.ddns.net\/pachuca\/index.php\/wp-json\/wp\/v2\/comments?post=62697"}],"wp:featuredmedia":[{"embeddable":true,"href":"https:\/\/soydeaqui.ddns.net\/pachuca\/index.php\/wp-json\/wp\/v2\/media\/62696"}],"wp:attachment":[{"href":"https:\/\/soydeaqui.ddns.net\/pachuca\/index.php\/wp-json\/wp\/v2\/media?parent=62697"}],"wp:term":[{"taxonomy":"product_brand","embeddable":true,"href":"https:\/\/soydeaqui.ddns.net\/pachuca\/index.php\/wp-json\/wp\/v2\/product_brand?post=62697"},{"taxonomy":"product_cat","embeddable":true,"href":"https:\/\/soydeaqui.ddns.net\/pachuca\/index.php\/wp-json\/wp\/v2\/product_cat?post=62697"},{"taxonomy":"product_tag","embeddable":true,"href":"https:\/\/soydeaqui.ddns.net\/pachuca\/index.php\/wp-json\/wp\/v2\/product_tag?post=62697"}],"curies":[{"name":"wp","href":"https:\/\/api.w.org\/{rel}","templated":true}]}}