{"id":6262,"date":"2026-03-18T06:41:09","date_gmt":"2026-03-18T06:41:09","guid":{"rendered":"https:\/\/soydeaqui.ddns.net\/pachuca\/index.php\/producto\/comunicador-radio-uhf-para-paneles-de-alarma-hasta-30kms-de-alcance-frecuencia-de-435-470-mhz-compatible-con-paneles-de-alarma-serie-hunter-e-interfaces-sat9pid-y-sat8-potencia-de-2-5w\/"},"modified":"2026-03-18T06:41:11","modified_gmt":"2026-03-18T06:41:11","slug":"comunicador-radio-uhf-para-paneles-de-alarma-hasta-30kms-de-alcance-frecuencia-de-435-470-mhz-compatible-con-paneles-de-alarma-serie-hunter-e-interfaces-sat9pid-y-sat8-potencia-de-2-5w","status":"publish","type":"product","link":"https:\/\/soydeaqui.ddns.net\/pachuca\/index.php\/producto\/comunicador-radio-uhf-para-paneles-de-alarma-hasta-30kms-de-alcance-frecuencia-de-435-470-mhz-compatible-con-paneles-de-alarma-serie-hunter-e-interfaces-sat9pid-y-sat8-potencia-de-2-5w\/","title":{"rendered":"Comunicador Radio UHF para paneles de Alarma hasta 30Kms de Alcance. Frecuencia de 435 &#8211; 470 MHz. Compatible con Paneles de Alarma Serie Hunter e interfaces SAT9PID y SAT8. Potencia de 2.5W."},"content":{"rendered":"<div style='width: 100%; max-width: 1200px; margin: 0 auto; font-family: sans-serif; line-height: 1.6; color: inherit; background-color: transparent;'>\n<div style='display: flex; flex-wrap: wrap; gap: 30px; margin-bottom: 30px;'>\n<div style='flex: 1 1 300px; min-width: 280px;'>\n<h3 style='font-size: 22px; border-bottom: 2px solid currentColor; padding-bottom: 5px; margin-top: 0; color: inherit; opacity: 0.8;'>Descripci\u00f3n<\/h3>\n<div style='font-size: 15px; color: inherit;'> Los transmisores de radio UHF de largo alcance de PIMA&comma; son equipos sintetizados&comma; fabricados con tecnolog\u00eda de punta para brindar un alto nivel de seguridad y un excelente desempe\u00f1o. Pueden ser conectados como un transmisor integrado a todos los paneles de alarma de la marca PIMA. Tambien se puede conectar a paneles de otras marcas de alarma usando la Interfaz SAT9PID. Se puede usar como una interface aut\u00f3noma con el SAT-8 para botones de p\u00e1nico o sensores 24 Hrs. <\/div>\n<\/p><\/div>\n<div style='flex: 1 1 300px; min-width: 280px;'>\n<h3 style='font-size: 22px; border-bottom: 2px solid currentColor; padding-bottom: 5px; margin-top: 0; color: inherit; opacity: 0.8;'>Caracter\u00edsticas<\/h3>\n<ul style='padding-left: 20px; font-size: 15px; color: inherit;'>\n<li style='margin-bottom: 5px;'>Frecuencia de operaci\u00f3n: 435 &#8211; 470 MHz<\/li>\n<li style='margin-bottom: 5px;'>Consumo de corriente en reposo: 10 mA<\/li>\n<li style='margin-bottom: 5px;'>Consumo de corriente en transmisi\u00f3n: 1.5 A<\/li>\n<li style='margin-bottom: 5px;'>Alimentaci\u00f3n: 12 a 13.8 Vcc<\/li>\n<li style='margin-bottom: 5px;'>Potencia de transmisi\u00f3n: 2.5 W<\/li>\n<li style='margin-bottom: 5px;'>Dimensiones: 86 x 70 x 25 mm<\/li>\n<li style='margin-bottom: 5px;'>Conector de antena tipo BNC Hembra<\/li>\n<li style='margin-bottom: 5px;'>Requiere antena modelo 6110004 (no incluida)<\/li>\n<li style='margin-bottom: 5px;'>Alcance: Hasta 30 Kms<\/li>\n<\/ul><\/div>\n<div style='flex: 1 1 300px; min-width: 280px;'>\n<h3 style='font-size: 22px; border-bottom: 2px solid currentColor; padding-bottom: 5px; margin-top: 0; color: inherit; opacity: 0.8;'>Conexi\u00f3n e Instalaci\u00f3n<\/h3>\n<ul style='padding-left: 20px; font-size: 15px; color: inherit;'>\n<li style='margin-bottom: 5px;'>Conexi\u00f3n directa a paneles CAPTAIN y HUNTER o HUNTERPRO<\/li>\n<li style='margin-bottom: 5px;'>Instalaci\u00f3n en el gabinete del panel<\/li>\n<li style='margin-bottom: 5px;'>No genera interferencia con otros equipos<\/li>\n<li style='margin-bottom: 5px;'>Compatible con interfaces SAT9PID y SAT8<\/li>\n<\/ul><\/div>\n<\/p><\/div>\n<div style='display: flex; flex-wrap: wrap; gap: 20px; margin-bottom: 30px;'>\n<div style='flex: 1 1 250px; border: 1px solid rgba(150&comma; 150&comma; 150&comma; 0.4); border-radius: 8px; overflow: hidden; display: flex; flex-direction: column;'>\n<div style='padding: 15px; border-bottom: 1px solid rgba(150&comma; 150&comma; 150&comma; 0.2); font-weight: bold; font-size: 18px; color: inherit;'>Aplicaciones<\/div>\n<div style='padding: 15px; color: inherit;'>\n<ul style='padding-left: 20px; margin: 0; font-size: 14px; list-style-type: disc;'>\n<li style='margin-bottom: 5px;'>Monitoreo utilizando radio con paneles de alarma sin necesidad de tel\u00e9fono o internet<\/li>\n<li style='margin-bottom: 5px;'>Monitoreo centralizado en m\u00faltiples ciudades a trav\u00e9s de internet<\/li>\n<li style='margin-bottom: 5px;'>Prevenci\u00f3n de robos en zonas sin cobertura celular o telef\u00f3nica<\/li>\n<li style='margin-bottom: 5px;'>Reporte de alertas mediante botones de p\u00e1nico<\/li>\n<\/ul><\/div>\n<\/p><\/div>\n<div style='flex: 1 1 250px; border: 1px solid rgba(150&comma; 150&comma; 150&comma; 0.4); border-radius: 8px; overflow: hidden; display: flex; flex-direction: column;'>\n<div style='padding: 15px; border-bottom: 1px solid rgba(150&comma; 150&comma; 150&comma; 0.2); font-weight: bold; font-size: 18px; color: inherit;'>Beneficios<\/div>\n<div style='padding: 15px; color: inherit;'>\n<ul style='padding-left: 20px; margin: 0; font-size: 14px; list-style-type: disc;'>\n<li style='margin-bottom: 5px;'>Alto nivel de seguridad<\/li>\n<li style='margin-bottom: 5px;'>Excelente desempe\u00f1o<\/li>\n<li style='margin-bottom: 5px;'>Instalaci\u00f3n sencilla<\/li>\n<li style='margin-bottom: 5px;'>Amplia compatibilidad<\/li>\n<li style='margin-bottom: 5px;'>Funcionamiento confiable en condiciones extremas<\/li>\n<\/ul><\/div>\n<\/p><\/div>\n<\/p><\/div>\n<div style='display: flex; flex-wrap: wrap; gap: 30px; margin-bottom: 30px;'>\n<div style='flex: 1 1 300px; min-width: 280px;'>\n<h3 style='font-size: 22px; border-bottom: 2px solid currentColor; padding-bottom: 5px; margin-top: 0; color: inherit; opacity: 0.8;'>V\u00eddeo<\/h3>\n<div style='width: 100%; max-width: 640px; margin: 0 auto;'>\n<div style='position: relative; padding-bottom: 56.25%; height: 0; overflow: hidden; margin-bottom: 30px;'>   <\/div>\n<div style='position: relative; padding-bottom: 56.25%; height: 0; overflow: hidden; margin-bottom: 30px;'>   <\/div>\n<\/p><\/div>\n<\/p><\/div>\n<div style='flex: 1 1 300px; min-width: 280px;'>\n<h3 style='font-size: 22px; border-bottom: 2px solid currentColor; padding-bottom: 5px; margin-top: 0; color: inherit; opacity: 0.8;'>Diagramas<\/h3>\n<div style='display: flex; flex-direction: column; gap: 15px;'> <img style='width: 100%; height: auto; border: 1px solid rgba(150&comma;150&comma;150&comma;0.3); border-radius: 8px;' src='http:\/\/ftp3.syscom.mx\/usuarios\/yhermosillo\/PIMA\/Diagrama%20Comunicacion%20Pima.png' alt=''> <img style='width: 100%; height: auto; border: 1px solid rgba(150&comma;150&comma;150&comma;0.3); border-radius: 8px;' src='http:\/\/ftp3.syscom.mx\/usuarios\/yhermosillo\/PIMA\/Comunicacion%20IP%20GSM%20Pima.png' alt=''> <\/div>\n<\/p><\/div>\n<\/p><\/div>\n<div style='display: flex; flex-wrap: wrap; gap: 30px; margin-bottom: 30px;'>\n<div style='flex: 1 1 300px; min-width: 280px;'>\n<h3 style='font-size: 22px; border-bottom: 2px solid currentColor; padding-bottom: 5px; margin-top: 0; color: inherit; opacity: 0.8;'>Documentaci\u00f3n<\/h3>\n<div style='font-size: 15px; color: inherit;'>\n<p style='margin-bottom: 10px;'>Para mayor informaci\u00f3n y documentaci\u00f3n t\u00e9cnica&comma; puede visitar los siguientes enlaces:<\/p>\n<ul style='padding-left: 20px; margin: 0; font-size: 14px; list-style-type: disc;'>\n<li style='margin-bottom: 5px;'><a style='color: inherit; text-decoration: underline;' href='http:\/\/ftp3.syscom.mx\/usuarios\/ftp\/DiagramaSentry-01.jpg' target='_blank'>Diagrama de conexi\u00f3n 1<\/a><\/li>\n<li style='margin-bottom: 5px;'><a style='color: inherit; text-decoration: underline;' href='http:\/\/ftp3.syscom.mx\/usuarios\/ftp\/DiagramaSentry-03.jpg' target='_blank'>Diagrama de conexi\u00f3n 2<\/a><\/li>\n<li style='margin-bottom: 5px;'><a style='color: inherit; text-decoration: underline;' href='http:\/\/ftp3.syscom.mx\/usuarios\/ftp\/DiagramaSentry-04.jpg' target='_blank'>Diagrama de conexi\u00f3n 3<\/a><\/li>\n<li style='margin-bottom: 5px;'><a style='color: inherit; text-decoration: underline;' href='http:\/\/ftp3.syscom.mx\/usuarios\/ftp\/DiagramaSentry-02.jpg' target='_blank'>Diagrama de conexi\u00f3n 4<\/a><\/li>\n<li style='margin-bottom: 5px;'><a style='color: inherit; text-decoration: underline;' href='http:\/\/www.syscom.mx\/principal\/consultarproductosazul\/?buscador-caja=sentry_add' target='_blank'>M\u00e1s informaci\u00f3n sobre equipos relacionados<\/a><\/li>\n<li style='margin-bottom: 5px;'><a style='color: inherit; text-decoration: underline;' href='http:\/\/www.syscom.mx\/principal\/consultarproductosazul\/?buscador-caja=sat9' target='_blank'>M\u00e1s informaci\u00f3n sobre interfaz SAT9<\/a><\/li>\n<li style='margin-bottom: 5px;'><a style='color: inherit; text-decoration: underline;' href='http:\/\/www.syscom.mx\/principal\/consultarproductosazul\/?buscador-caja=tru100' target='_blank'>M\u00e1s informaci\u00f3n sobre TRU100<\/a><\/li>\n<li style='margin-bottom: 5px;'><a style='color: inherit; text-decoration: underline;' href='http:\/\/www.syscom.mx\/producto\/SAR100-PIMA-65498.html' target='_blank'>Ficha t\u00e9cnica SAR-100<\/a><\/li>\n<\/ul><\/div>\n<\/p><\/div>\n<\/p><\/div>\n<hr style='border: 0; border-top: 1px solid rgba(150&comma; 150&comma; 150&comma; 0.3); margin: 30px 0;'> <\/div>\n","protected":false},"excerpt":{"rendered":"<p>Comunicador Radio UHF para paneles de Alarma hasta 30Kms de Alcance. Frecuencia de 435 &#8211; 470 MHz. Compatible con Paneles de Alarma Serie Hunter e interfaces SAT9PID y SAT8. Potencia de 2.5W.<\/p>\n","protected":false},"featured_media":6261,"comment_status":"open","ping_status":"closed","template":"","meta":[],"product_brand":[],"product_cat":[386],"product_tag":[40,207,496],"class_list":{"0":"post-6262","1":"product","2":"type-product","3":"status-publish","4":"has-post-thumbnail","6":"product_cat-comunicadores-centrales-de-monitoreo","7":"product_tag-centrales-de-monitoreo","8":"product_tag-comunicadores","9":"product_tag-pima","11":"first","12":"outofstock","13":"sale","14":"shipping-taxable","15":"purchasable","16":"product-type-simple"},"_links":{"self":[{"href":"https:\/\/soydeaqui.ddns.net\/pachuca\/index.php\/wp-json\/wp\/v2\/product\/6262","targetHints":{"allow":["GET"]}}],"collection":[{"href":"https:\/\/soydeaqui.ddns.net\/pachuca\/index.php\/wp-json\/wp\/v2\/product"}],"about":[{"href":"https:\/\/soydeaqui.ddns.net\/pachuca\/index.php\/wp-json\/wp\/v2\/types\/product"}],"replies":[{"embeddable":true,"href":"https:\/\/soydeaqui.ddns.net\/pachuca\/index.php\/wp-json\/wp\/v2\/comments?post=6262"}],"wp:featuredmedia":[{"embeddable":true,"href":"https:\/\/soydeaqui.ddns.net\/pachuca\/index.php\/wp-json\/wp\/v2\/media\/6261"}],"wp:attachment":[{"href":"https:\/\/soydeaqui.ddns.net\/pachuca\/index.php\/wp-json\/wp\/v2\/media?parent=6262"}],"wp:term":[{"taxonomy":"product_brand","embeddable":true,"href":"https:\/\/soydeaqui.ddns.net\/pachuca\/index.php\/wp-json\/wp\/v2\/product_brand?post=6262"},{"taxonomy":"product_cat","embeddable":true,"href":"https:\/\/soydeaqui.ddns.net\/pachuca\/index.php\/wp-json\/wp\/v2\/product_cat?post=6262"},{"taxonomy":"product_tag","embeddable":true,"href":"https:\/\/soydeaqui.ddns.net\/pachuca\/index.php\/wp-json\/wp\/v2\/product_tag?post=6262"}],"curies":[{"name":"wp","href":"https:\/\/api.w.org\/{rel}","templated":true}]}}