{"id":62613,"date":"2026-03-19T06:47:52","date_gmt":"2026-03-19T06:47:52","guid":{"rendered":"https:\/\/soydeaqui.ddns.net\/pachuca\/index.php\/producto\/antena-yagi-base-direccional-de-13-elementos-902-928-mhz-13-db-200-watt-n-hembra\/"},"modified":"2026-03-19T06:47:53","modified_gmt":"2026-03-19T06:47:53","slug":"antena-yagi-base-direccional-de-13-elementos-902-928-mhz-13-db-200-watt-n-hembra","status":"publish","type":"product","link":"https:\/\/soydeaqui.ddns.net\/pachuca\/index.php\/producto\/antena-yagi-base-direccional-de-13-elementos-902-928-mhz-13-db-200-watt-n-hembra\/","title":{"rendered":"Antena Yagi Base, Direccional de 13 Elementos, 902-928 MHz, 13 dB, 200 Watt, N Hembra."},"content":{"rendered":"<div style='width: 100%; max-width: 1200px; margin: 0 auto; font-family: sans-serif; line-height: 1.6; color: inherit; background-color: transparent;'>\n<div style='display: flex; flex-wrap: wrap; gap: 30px; margin-bottom: 30px;'>\n<div style='flex: 1 1 300px; min-width: 280px;'>\n<h3 style='font-size: 22px; border-bottom: 2px solid currentColor; padding-bottom: 5px; margin-top: 0; color: inherit; opacity: 0.8;'>Caracter\u00edsticas T\u00e9cnicas<\/h3>\n<ul style='padding-left: 20px; font-size: 15px; color: inherit;'>\n<li style='margin-bottom: 5px;'><strong>Tipo:<\/strong> Yagi \/ 13 elementos<\/li>\n<li style='margin-bottom: 5px;'><strong>Rango de Frecuencia:<\/strong> 902-928 MHz<\/li>\n<li style='margin-bottom: 5px;'><strong>Ganancia:<\/strong> 13 dBd<\/li>\n<li style='margin-bottom: 5px;'><strong>Ancho de Banda:<\/strong> 26 MHz<\/li>\n<li style='margin-bottom: 5px;'><strong>Potencia:<\/strong> 200 Watts<\/li>\n<li style='margin-bottom: 5px;'><strong>Conector:<\/strong> N Hembra<\/li>\n<li style='margin-bottom: 5px;'><strong>Resistencia al viento:<\/strong> 125 mph (200 km\/h)<\/li>\n<li style='margin-bottom: 5px;'><strong>\u00c1ngulo de Haz:<\/strong> 35\u00b0 (E-Plane)&comma; 40\u00b0 (H-Plane)<\/li>\n<li style='margin-bottom: 5px;'><strong>Construcci\u00f3n:<\/strong> Unidad de construcci\u00f3n totalmente soldada<\/li>\n<li style='margin-bottom: 5px; '><strong>Materiales:<\/strong> Elementos de aluminio 6061T6 de 1\/4&#8242; (0.63 cm)&comma; Boom de canal de aluminio 6061T6 de 3\/4&#8242; (1.9 cm)&comma; Hardware de acero inoxidable<\/li>\n<\/ul><\/div>\n<div style='flex: 1 1 300px; min-width: 280px;'>\n<h3 style='font-size: 22px; border-bottom: 2px solid currentColor; padding-bottom: 5px; margin-top: 0; color: inherit; opacity: 0.8;'>Especificaciones de Montaje<\/h3>\n<ul style='padding-left: 20px; font-size: 15px; color: inherit;'>\n<li style='margin-bottom: 5px;'><strong>Estilo de montaje:<\/strong> U-bolt<\/li>\n<li style='margin-bottom: 5px;'><strong>Di\u00e1metro m\u00e1ximo de m\u00e1stil:<\/strong> 2-1\/8&#8242; (5.4 cm)<\/li>\n<li style='margin-bottom: 5px;'><strong>Longitud del cable de conexi\u00f3n:<\/strong> 19&#8242; (48.3 cm)<\/li>\n<li style='margin-bottom: 5px;'><strong>Peso:<\/strong> 3.12 lb (1.4 kg)<\/li>\n<li style='margin-bottom: 5px;'><strong>\u00c1rea de superficie:<\/strong> 0.46 ft\u00b2 (0.043 m\u00b2)<\/li>\n<li style='margin-bottom: 5px;'><strong>Resistencia al viento:<\/strong> 125 mph (200 km\/h)<\/li>\n<li style='margin-bottom: 5px;'><strong>Resistencia al hielo:<\/strong> 0.46 in (1.12 cm)<\/li>\n<\/ul><\/div>\n<\/p><\/div>\n<div style='display: flex; flex-wrap: wrap; gap: 20px; margin-bottom: 30px;'>\n<div style='flex: 1 1 250px; border: 1px solid rgba(150&comma; 150&comma; 150&comma; 0.4); border-radius: 8px; overflow: hidden; display: flex; flex-direction: column;'>\n<div style='padding: 15px; border-bottom: 1px solid rgba(150&comma; 150&comma; 150&comma; 0.2); font-weight: bold; font-size: 18px; color: inherit;'>Aplicaciones<\/div>\n<div style='padding: 15px; color: inherit;'>\n<ul style='padding-left: 20px; margin: 0; font-size: 14px; list-style-type: disc;'>\n<li style='margin-bottom: 5px;'>WiMAX<\/li>\n<li style='margin-bottom: 5px;'>ESMR<\/li>\n<li style='margin-bottom: 5px;'>SMR<\/li>\n<li style='margin-bottom: 5px;'>Celular<\/li>\n<li style='margin-bottom: 5px;'>GSM<\/li>\n<li style='margin-bottom: 5px;'>Aplicaciones convencionales<\/li>\n<\/ul><\/div>\n<\/p><\/div>\n<div style='flex: 1 1 250px; border: 1px solid rgba(150&comma; 150&comma; 150&comma; 0.4); border-radius: 8px; overflow: hidden; display: flex; flex-direction: column;'>\n<div style='padding: 15px; border-bottom: 1px solid rgba(150&comma; 150&comma; 150&comma; 0.2); font-weight: bold; font-size: 18px; color: inherit;'>Caracter\u00edsticas de Dise\u00f1o<\/div>\n<div style='padding: 15px; color: inherit;'>\n<ul style='padding-left: 20px; margin: 0; font-size: 14px; list-style-type: disc;'>\n<li style='margin-bottom: 5px;'>Dise\u00f1o resistente al agua<\/li>\n<li style='margin-bottom: 5px;'>Sin ajustes necesarios<\/li>\n<li style='margin-bottom: 5px;'>Conector N hembra montado en cable de conexi\u00f3n<\/li>\n<li style='margin-bottom: 5px;'>Hardware de acero inoxidable<\/li>\n<li style='margin-bottom: 5px;'>Elementos de aluminio 6061T6<\/li>\n<\/ul><\/div>\n<\/p><\/div>\n<div style='flex: 1 1 250px; border: 1px solid rgba(150&comma; 150&comma; 150&comma; 0.4); border-radius: 8px; overflow: hidden; display: flex; flex-direction: column;'>\n<div style='padding: 15px; border-bottom: 1px solid rgba(150&comma; 150&comma; 150&comma; 0.2); font-weight: bold; font-size: 18px; color: inherit;'>Especificaciones El\u00e9ctricas<\/div>\n<div style='padding: 15px; color: inherit;'>\n<ul style='padding-left: 20px; margin: 0; font-size: 14px; list-style-type: disc;'>\n<li style='margin-bottom: 5px;'>Impedancia: 50 ohmios<\/li>\n<li style='margin-bottom: 5px;'>Relaci\u00f3n de onda estacionaria (VSWR): M\u00e1ximo 2:1<\/li>\n<li style='margin-bottom: 5px;'>Polarizaci\u00f3n: Vertical<\/li>\n<li style='margin-bottom: 5px;'>Protecci\u00f3n contra rayos: Galv\u00e1nica<\/li>\n<\/ul><\/div>\n<\/p><\/div>\n<\/p><\/div>\n<hr style='border: 0; border-top: 1px solid rgba(150&comma; 150&comma; 150&comma; 0.3); margin: 30px 0;'>\n<div style='display: flex; flex-wrap: wrap; gap: 30px; margin-bottom: 30px;'>\n<div style='flex: 1 1 300px; min-width: 280px;'>\n<h3 style='font-size: 22px; border-bottom: 2px solid currentColor; padding-bottom: 5px; margin-top: 0; color: inherit; opacity: 0.8;'>Comparaci\u00f3n con Modelos Similares<\/h3>\n<ul style='padding-left: 20px; font-size: 15px; color: inherit;'>\n<li style='margin-bottom: 5px;'><strong>PC9013N:<\/strong> 13 dBd&comma; 13 elementos&comma; 902-928 MHz<\/li>\n<li style='margin-bottom: 5px;'><strong>PC9010N:<\/strong> 12 dBd&comma; 10 elementos&comma; 928-960 MHz<\/li>\n<li style='margin-bottom: 5px;'><strong>PC926N:<\/strong> 8.5 dBd&comma; 6 elementos&comma; 928-960 MHz<\/li>\n<li style='margin-bottom: 5px;'><strong>PC904N:<\/strong> 6 dBd&comma; 4 elementos&comma; 896-980 MHz<\/li>\n<li style='margin-bottom: 5px;'><strong>PC906N:<\/strong> 8.5 dBd&comma; 6 elementos&comma; 896-940 MHz<\/li>\n<\/ul><\/div>\n<div style='flex: 1 1 300px; min-width: 280px;'>\n<h3 style='font-size: 22px; border-bottom: 2px solid currentColor; padding-bottom: 5px; margin-top: 0; color: inherit; opacity: 0.8;'>Informaci\u00f3n de Compatibilidad<\/h3>\n<ul style='padding-left: 20px; font-size: 15px; color: inherit;'>\n<li style='margin-bottom: 5px;'><strong>Frecuencia:<\/strong> 902-928 MHz<\/li>\n<li style='margin-bottom: 5px;'><strong>Est\u00e1ndares:<\/strong> Compatibilidad con sistemas ESMR&comma; SMR&comma; GSM&comma; WiMAX<\/li>\n<li style='margin-bottom: 5px;'><strong>Conector:<\/strong> N Hembra (compatible con la mayor\u00eda de equipos de radiofrecuencia profesionales)<\/li>\n<li style='margin-bottom: 5px;'><strong>Uso:<\/strong> Exterior (IP67)<\/li>\n<\/ul><\/div>\n<\/p><\/div>\n<\/p><\/div>\n","protected":false},"excerpt":{"rendered":"<p>Antena Yagi Base, Direccional de 13 Elementos, 902-928 MHz, 13 dB, 200 Watt, N Hembra.<\/p>\n","protected":false},"featured_media":62612,"comment_status":"open","ping_status":"closed","template":"","meta":[],"product_brand":[],"product_cat":[1686],"product_tag":[1404,1687,944],"class_list":{"0":"post-62613","1":"product","2":"type-product","3":"status-publish","4":"has-post-thumbnail","6":"product_cat-estaciones-base-y-repetidores","7":"product_tag-antenas","8":"product_tag-estaciones-base-y-repetidores","9":"product_tag-laird","11":"first","12":"instock","13":"sale","14":"shipping-taxable","15":"purchasable","16":"product-type-simple"},"_links":{"self":[{"href":"https:\/\/soydeaqui.ddns.net\/pachuca\/index.php\/wp-json\/wp\/v2\/product\/62613","targetHints":{"allow":["GET"]}}],"collection":[{"href":"https:\/\/soydeaqui.ddns.net\/pachuca\/index.php\/wp-json\/wp\/v2\/product"}],"about":[{"href":"https:\/\/soydeaqui.ddns.net\/pachuca\/index.php\/wp-json\/wp\/v2\/types\/product"}],"replies":[{"embeddable":true,"href":"https:\/\/soydeaqui.ddns.net\/pachuca\/index.php\/wp-json\/wp\/v2\/comments?post=62613"}],"wp:featuredmedia":[{"embeddable":true,"href":"https:\/\/soydeaqui.ddns.net\/pachuca\/index.php\/wp-json\/wp\/v2\/media\/62612"}],"wp:attachment":[{"href":"https:\/\/soydeaqui.ddns.net\/pachuca\/index.php\/wp-json\/wp\/v2\/media?parent=62613"}],"wp:term":[{"taxonomy":"product_brand","embeddable":true,"href":"https:\/\/soydeaqui.ddns.net\/pachuca\/index.php\/wp-json\/wp\/v2\/product_brand?post=62613"},{"taxonomy":"product_cat","embeddable":true,"href":"https:\/\/soydeaqui.ddns.net\/pachuca\/index.php\/wp-json\/wp\/v2\/product_cat?post=62613"},{"taxonomy":"product_tag","embeddable":true,"href":"https:\/\/soydeaqui.ddns.net\/pachuca\/index.php\/wp-json\/wp\/v2\/product_tag?post=62613"}],"curies":[{"name":"wp","href":"https:\/\/api.w.org\/{rel}","templated":true}]}}