{"id":62608,"date":"2026-03-19T06:47:42","date_gmt":"2026-03-19T06:47:42","guid":{"rendered":"https:\/\/soydeaqui.ddns.net\/pachuca\/index.php\/producto\/tapon-de-plastico-para-microfono-paquete-con-10\/"},"modified":"2026-03-19T06:47:50","modified_gmt":"2026-03-19T06:47:50","slug":"tapon-de-plastico-para-microfono-paquete-con-10","status":"publish","type":"product","link":"https:\/\/soydeaqui.ddns.net\/pachuca\/index.php\/producto\/tapon-de-plastico-para-microfono-paquete-con-10\/","title":{"rendered":"Tap\u00f3n de pl\u00e1stico para micr\u00f3fono (Paquete con 10)"},"content":{"rendered":"<div style='width: 100%; max-width: 1200px; margin: 0 auto; font-family: sans-serif; line-height: 1.6; color: inherit; background-color: transparent;'>\n<div style='display: flex; flex-wrap: wrap; gap: 30px; margin-bottom: 30px;'>\n<div style='flex: 1 1 300px; min-width: 280px;'>\n<h3 style='font-size: 22px; border-bottom: 2px solid currentColor; padding-bottom: 5px; margin-top: 0; color: inherit; opacity: 0.8;'>Caracter\u00edsticas del producto<\/h3>\n<ul style='padding-left: 20px; font-size: 15px; color: inherit;'>\n<li style='margin-bottom: 5px;'><strong>Referencia:<\/strong> PBUD10<\/li>\n<li style='margin-bottom: 5px;'><strong>Descripci\u00f3n:<\/strong> Tap\u00f3n de pl\u00e1stico est\u00e1ndar para micr\u00f3fono<\/li>\n<li style='margin-bottom: 5px;'><strong>Contenido:<\/strong> Paquete con 10 unidades<\/li>\n<\/ul>\n<\/div>\n<\/div>\n<div style='display: flex; flex-wrap: wrap; gap: 20px; margin-bottom: 30px;'>\n<div style='flex: 1 1 250px; border: 1px solid rgba(150&comma; 150&comma; 150&comma; 0.4); border-radius: 8px; overflow: hidden; display: flex; flex-direction: column;'>\n<div style='padding: 15px; border-bottom: 1px solid rgba(150&comma; 150&comma; 150&comma; 0.2); font-weight: bold; font-size: 18px; color: inherit;'>Opciones disponibles<\/div>\n<div style='padding: 15px; color: inherit;'>\n<ul style='padding-left: 20px; margin: 0; font-size: 14px; list-style-type: disc;'>\n<li style='margin-bottom: 5px;'>P-BUD &#8211; Unidad individual<\/li>\n<li style='margin-bottom: 5px;'>P-BUD100 &#8211; Paquete con 100 unidades<\/li>\n<li style='margin-bottom: 5px;'>P-BUD-CLEAR &#8211; Versi\u00f3n transparente<\/li>\n<li style='margin-bottom: 5px;'>P-BUD-DUAL &#8211; Dise\u00f1o de doble sellado<\/li>\n<li style='margin-bottom: 5px;'>P-NAP &#8211; Pieza con atenuaci\u00f3n de ruido<\/li>\n<\/ul>\n<\/div>\n<\/div>\n<div style='flex: 1 1 250px; border: 1px solid rgba(150&comma; 150&comma; 150&comma; 0.4); border-radius: 8px; overflow: hidden; display: flex; flex-direction: column;'>\n<div style='padding: 15px; border-bottom: 1px solid rgba(150&comma; 150&comma; 150&comma; 0.2); font-weight: bold; font-size: 18px; color: inherit;'>Aplicaciones<\/div>\n<div style='padding: 15px; color: inherit;'>\n<ul style='padding-left: 20px; margin: 0; font-size: 14px; list-style-type: disc;'>\n<li style='margin-bottom: 5px;'>Sustituci\u00f3n est\u00e1ndar para micr\u00f3fonos<\/li>\n<li style='margin-bottom: 5px;'>Compatibilidad con m\u00faltiples modelos<\/li>\n<li style='margin-bottom: 5px;'>Uso en equipos de comunicaci\u00f3n profesionales<\/li>\n<li style='margin-bottom: 5px;'>Reemplazo en kits de mantenimiento<\/li>\n<\/ul>\n<\/div>\n<\/div>\n<\/div>\n<hr style='border: 0; border-top: 1px solid rgba(150&comma; 150&comma; 150&comma; 0.3); margin: 30px 0;'><\/div>\n","protected":false},"excerpt":{"rendered":"<p>Tap\u00f3n de pl\u00e1stico para micr\u00f3fono (Paquete con 10)<\/p>\n","protected":false},"featured_media":62607,"comment_status":"open","ping_status":"closed","template":"","meta":[],"product_brand":[],"product_cat":[1855],"product_tag":[1856,1730,751],"class_list":{"0":"post-62608","1":"product","2":"type-product","3":"status-publish","4":"has-post-thumbnail","6":"product_cat-otto-pryme","7":"product_tag-otto-pryme","8":"product_tag-pryme","9":"product_tag-refacciones","11":"first","12":"instock","13":"sale","14":"shipping-taxable","15":"purchasable","16":"product-type-simple"},"_links":{"self":[{"href":"https:\/\/soydeaqui.ddns.net\/pachuca\/index.php\/wp-json\/wp\/v2\/product\/62608","targetHints":{"allow":["GET"]}}],"collection":[{"href":"https:\/\/soydeaqui.ddns.net\/pachuca\/index.php\/wp-json\/wp\/v2\/product"}],"about":[{"href":"https:\/\/soydeaqui.ddns.net\/pachuca\/index.php\/wp-json\/wp\/v2\/types\/product"}],"replies":[{"embeddable":true,"href":"https:\/\/soydeaqui.ddns.net\/pachuca\/index.php\/wp-json\/wp\/v2\/comments?post=62608"}],"wp:featuredmedia":[{"embeddable":true,"href":"https:\/\/soydeaqui.ddns.net\/pachuca\/index.php\/wp-json\/wp\/v2\/media\/62607"}],"wp:attachment":[{"href":"https:\/\/soydeaqui.ddns.net\/pachuca\/index.php\/wp-json\/wp\/v2\/media?parent=62608"}],"wp:term":[{"taxonomy":"product_brand","embeddable":true,"href":"https:\/\/soydeaqui.ddns.net\/pachuca\/index.php\/wp-json\/wp\/v2\/product_brand?post=62608"},{"taxonomy":"product_cat","embeddable":true,"href":"https:\/\/soydeaqui.ddns.net\/pachuca\/index.php\/wp-json\/wp\/v2\/product_cat?post=62608"},{"taxonomy":"product_tag","embeddable":true,"href":"https:\/\/soydeaqui.ddns.net\/pachuca\/index.php\/wp-json\/wp\/v2\/product_tag?post=62608"}],"curies":[{"name":"wp","href":"https:\/\/api.w.org\/{rel}","templated":true}]}}