{"id":62604,"date":"2026-03-19T06:47:36","date_gmt":"2026-03-19T06:47:36","guid":{"rendered":"https:\/\/soydeaqui.ddns.net\/pachuca\/index.php\/producto\/amplificador-de-ciclo-continuo-450-470-mhz-1-5-watt-de-entrada-15-60-watt-de-salida-n-hembras\/"},"modified":"2026-03-19T06:47:37","modified_gmt":"2026-03-19T06:47:37","slug":"amplificador-de-ciclo-continuo-450-470-mhz-1-5-watt-de-entrada-15-60-watt-de-salida-n-hembras","status":"publish","type":"product","link":"https:\/\/soydeaqui.ddns.net\/pachuca\/index.php\/producto\/amplificador-de-ciclo-continuo-450-470-mhz-1-5-watt-de-entrada-15-60-watt-de-salida-n-hembras\/","title":{"rendered":"Amplificador de Ciclo Continuo, 450-470 MHz, 1-5 Watt de Entrada \/15-60 Watt de Salida, N Hembras."},"content":{"rendered":"<div style='width: 100%; max-width: 1200px; margin: 0 auto; font-family: sans-serif; line-height: 1.6; color: inherit; background-color: transparent;'> <!-- Secci\u00f3n de caracter\u00edsticas principales --> <\/p>\n<div style='display: flex; flex-wrap: wrap; gap: 30px; margin-bottom: 30px;'>\n<div style='flex: 1 1 300px; min-width: 280px;'>\n<h3 style='font-size: 22px; border-bottom: 2px solid currentColor; padding-bottom: 5px; margin-top: 0; color: inherit; opacity: 0.8;'>Caracter\u00edsticas Principales<\/h3>\n<ul style='padding-left: 20px; font-size: 15px; color: inherit;'>\n<li style='margin-bottom: 5px;'><strong>Modo de Operaci\u00f3n:<\/strong> Ciclo Continuo (100% duty cycle)<\/li>\n<li style='margin-bottom: 5px;'><strong>Rango de Frecuencia:<\/strong> 450-470 MHz<\/li>\n<li style='margin-bottom: 5px;'><strong>Conectores RF:<\/strong> N Hembra<\/li>\n<li style='margin-bottom: 5px;'><strong>Impedancia:<\/strong> 50 Ohmios<\/li>\n<li style='margin-bottom: 5px;'><strong>Temperatura de Operaci\u00f3n:<\/strong> -30\u00b0C a +50\u00b0C<\/li>\n<\/ul><\/div>\n<div style='flex: 1 1 300px; min-width: 280px;'>\n<h3 style='font-size: 22px; border-bottom: 2px solid currentColor; padding-bottom: 5px; margin-top: 0; color: inherit; opacity: 0.8;'>Especificaciones de Potencia<\/h3>\n<ul style='padding-left: 20px; font-size: 15px; color: inherit;'>\n<li style='margin-bottom: 5px;'><strong>Potencia de Entrada:<\/strong> 1-5 Watts<\/li>\n<li style='margin-bottom: 5px;'><strong>Potencia de Salida:<\/strong> 15-60 Watts<\/li>\n<li style='margin-bottom: 5px;'><strong>Atenuaci\u00f3n de Arm\u00f3nicos:<\/strong> Excede especificaciones FCC<\/li>\n<\/ul><\/div>\n<div style='flex: 1 1 300px; min-width: 280px;'>\n<h3 style='font-size: 22px; border-bottom: 2px solid currentColor; padding-bottom: 5px; margin-top: 0; color: inherit; opacity: 0.8;'>Alimentaci\u00f3n El\u00e9ctrica<\/h3>\n<ul style='padding-left: 20px; font-size: 15px; color: inherit;'>\n<li style='margin-bottom: 5px;'><strong>Voltaje:<\/strong> 13.8 Vcc&comma; 120 o 240 Vca (24 Vcc o 48 Vcc disponible)<\/li>\n<li style='margin-bottom: 5px;'><strong>Consumo de Corriente:<\/strong> 10 Amperios<\/li>\n<\/ul><\/div>\n<div style='flex: 1 1 300px; min-width: 280px;'>\n<h3 style='font-size: 22px; border-bottom: 2px solid currentColor; padding-bottom: 5px; margin-top: 0; color: inherit; opacity: 0.8;'>Caracter\u00edsticas F\u00edsicas<\/h3>\n<ul style='padding-left: 20px; font-size: 15px; color: inherit;'>\n<li style='margin-bottom: 5px;'><strong>Peso:<\/strong> 3.2 Kg (est\u00e1ndar)&comma; 6.35 Kg (con fuente de alimentaci\u00f3n)<\/li>\n<li style='margin-bottom: 5px;'><strong>Dimensiones:<\/strong> 483 mm (Ancho) x 178 mm (Alto) x 76 mm (Fondo) sin ventilador&comma; 127 mm con ventilador&comma; 203 mm con fuente<\/li>\n<\/ul><\/div>\n<\/p><\/div>\n<p> <!-- Secci\u00f3n de caracter\u00edsticas t\u00e9cnicas --> <\/p>\n<div style='display: flex; flex-wrap: wrap; gap: 20px; margin-bottom: 30px;'>\n<div style='flex: 1 1 250px; border: 1px solid rgba(150&comma; 150&comma; 150&comma; 0.4); border-radius: 8px; overflow: hidden; display: flex; flex-direction: column;'>\n<div style='padding: 15px; border-bottom: 1px solid rgba(150&comma; 150&comma; 150&comma; 0.2); font-weight: bold; font-size: 18px; color: inherit;'>Caracter\u00edsticas T\u00e9cnicas<\/div>\n<div style='padding: 15px; color: inherit;'>\n<ul style='padding-left: 20px; margin: 0; font-size: 14px; list-style-type: disc;'>\n<li style='margin-bottom: 5px;'>Dise\u00f1o para montaje en rack 19&#8242;<\/li>\n<li style='margin-bottom: 5px;'>Panel frontal plano para instalaci\u00f3n en gabinete<\/li>\n<li style='margin-bottom: 5px;'>Interruptor de encendido con breaker en panel frontal<\/li>\n<li style='margin-bottom: 5px;'>Opci\u00f3n de fuente de alimentaci\u00f3n conmutada integrada<\/li>\n<li style='margin-bottom: 5px;'>Disipaci\u00f3n t\u00e9rmica optimizada con ventilador opcional<\/li>\n<\/ul><\/div>\n<\/p><\/div>\n<div style='flex: 1 1 250px; border: 1px solid rgba(150&comma; 150&comma; 150&comma; 0.4); border-radius: 8px; overflow: hidden; display: flex; flex-direction: column;'>\n<div style='padding: 15px; border-bottom: 1px solid rgba(150&comma; 150&comma; 150&comma; 0.2); font-weight: bold; font-size: 18px; color: inherit;'>Aplicaciones<\/div>\n<div style='padding: 15px; color: inherit;'>\n<ul style='padding-left: 20px; margin: 0; font-size: 14px; list-style-type: disc;'>\n<li style='margin-bottom: 5px;'>Sistemas repetidores<\/li>\n<li style='margin-bottom: 5px;'>Estaciones base<\/li>\n<li style='margin-bottom: 5px;'>Sistemas industriales<\/li>\n<li style='margin-bottom: 5px;'>Sistemas de respaldo con bater\u00eda (opcional)<\/li>\n<\/ul><\/div>\n<\/p><\/div>\n<\/p><\/div>\n<p> <!-- Tabla de compatibilidad --> <\/p>\n<div style='margin-bottom: 30px;'>\n<h3 style='font-size: 22px; border-bottom: 2px solid currentColor; padding-bottom: 5px; margin-top: 0; color: inherit; opacity: 0.8;'>Compatibilidad<\/h3>\n<div style='overflow-x: auto;'>\n<table style='width: 100%; border-collapse: collapse; font-size: 14px;'>\n<thead>\n<tr style='background-color: rgba(150&comma;150&comma;150&comma;0.1);'>\n<th style='padding: 12px; border: 1px solid rgba(150&comma;150&comma;150&comma;0.3); text-align: left;'>Banda<\/th>\n<th style='padding: 12px; border: 1px solid rgba(150&comma;150&comma;150&comma;0.3); text-align: left;'>Modelos Compatibles<\/th>\n<\/tr>\n<\/thead>\n<tbody>\n<tr>\n<td style='padding: 12px; border: 1px solid rgba(150&comma;150&comma;150&comma;0.3);'>UHF<\/td>\n<td style='padding: 12px; border: 1px solid rgba(150&comma;150&comma;150&comma;0.3);'>PA6-1AC-RSF&comma; PA6-1BC-RSF&comma; PA6-1AE-RXRF&comma; PA6-1BE-RXRF&comma; PA6-1DE-RXRF&comma; PA6-1FE-RXRF<\/td>\n<\/tr>\n<\/tbody>\n<\/table><\/div>\n<\/p><\/div>\n<p> <!-- Separador final --> <\/p>\n<hr style='border: 0; border-top: 1px solid rgba(150&comma; 150&comma; 150&comma; 0.3); margin: 30px 0;'> <\/div>\n","protected":false},"excerpt":{"rendered":"<p>Amplificador de Ciclo Continuo, 450-470 MHz, 1-5 Watt de Entrada \/15-60 Watt de Salida, N Hembras.<\/p>\n","protected":false},"featured_media":62603,"comment_status":"open","ping_status":"closed","template":"","meta":[],"product_brand":[],"product_cat":[1852],"product_tag":[1853,1660,1851],"class_list":{"0":"post-62604","1":"product","2":"type-product","3":"status-publish","4":"has-post-thumbnail","6":"product_cat-amplificadores-de-rf","7":"product_tag-amplificadores-de-rf","8":"product_tag-filtros-y-sistemas-en-rf","9":"product_tag-tpl-communications","11":"first","12":"outofstock","13":"sale","14":"shipping-taxable","15":"purchasable","16":"product-type-simple"},"_links":{"self":[{"href":"https:\/\/soydeaqui.ddns.net\/pachuca\/index.php\/wp-json\/wp\/v2\/product\/62604","targetHints":{"allow":["GET"]}}],"collection":[{"href":"https:\/\/soydeaqui.ddns.net\/pachuca\/index.php\/wp-json\/wp\/v2\/product"}],"about":[{"href":"https:\/\/soydeaqui.ddns.net\/pachuca\/index.php\/wp-json\/wp\/v2\/types\/product"}],"replies":[{"embeddable":true,"href":"https:\/\/soydeaqui.ddns.net\/pachuca\/index.php\/wp-json\/wp\/v2\/comments?post=62604"}],"wp:featuredmedia":[{"embeddable":true,"href":"https:\/\/soydeaqui.ddns.net\/pachuca\/index.php\/wp-json\/wp\/v2\/media\/62603"}],"wp:attachment":[{"href":"https:\/\/soydeaqui.ddns.net\/pachuca\/index.php\/wp-json\/wp\/v2\/media?parent=62604"}],"wp:term":[{"taxonomy":"product_brand","embeddable":true,"href":"https:\/\/soydeaqui.ddns.net\/pachuca\/index.php\/wp-json\/wp\/v2\/product_brand?post=62604"},{"taxonomy":"product_cat","embeddable":true,"href":"https:\/\/soydeaqui.ddns.net\/pachuca\/index.php\/wp-json\/wp\/v2\/product_cat?post=62604"},{"taxonomy":"product_tag","embeddable":true,"href":"https:\/\/soydeaqui.ddns.net\/pachuca\/index.php\/wp-json\/wp\/v2\/product_tag?post=62604"}],"curies":[{"name":"wp","href":"https:\/\/api.w.org\/{rel}","templated":true}]}}