{"id":62567,"date":"2026-03-19T06:46:15","date_gmt":"2026-03-19T06:46:15","guid":{"rendered":"https:\/\/soydeaqui.ddns.net\/pachuca\/index.php\/producto\/transistor-npn-de-potencia-rf-silicio-de-30-mhz-13-6-vcc-4-0-amp-10-watt-to-220ab\/"},"modified":"2026-03-19T06:46:16","modified_gmt":"2026-03-19T06:46:16","slug":"transistor-npn-de-potencia-rf-silicio-de-30-mhz-13-6-vcc-4-0-amp-10-watt-to-220ab","status":"publish","type":"product","link":"https:\/\/soydeaqui.ddns.net\/pachuca\/index.php\/producto\/transistor-npn-de-potencia-rf-silicio-de-30-mhz-13-6-vcc-4-0-amp-10-watt-to-220ab\/","title":{"rendered":"Transistor NPN de Potencia RF, Silicio de 30 MHz, 13.6 Vcc, 4.0 Amp. 10 Watt, TO-220AB."},"content":{"rendered":"<div style='width: 100%; max-width: 1200px; margin: 0 auto; font-family: sans-serif; line-height: 1.6; color: inherit; background-color: transparent;'> <!-- Secci\u00f3n de caracter\u00edsticas principales --> <\/p>\n<div style='display: flex; flex-wrap: wrap; gap: 30px; margin-bottom: 30px;'>\n<div style='flex: 1 1 300px; min-width: 280px;'>\n<h3 style='font-size: 22px; border-bottom: 2px solid currentColor; padding-bottom: 5px; margin-top: 0; color: inherit; opacity: 0.8;'>Caracter\u00edsticas Principales<\/h3>\n<ul style='padding-left: 20px; font-size: 15px; color: inherit;'>\n<li style='margin-bottom: 5px;'>Transistor NPN de potencia RF de silicio<\/li>\n<li style='margin-bottom: 5px;'>Frecuencia operativa de hasta 30 MHz<\/li>\n<li style='margin-bottom: 5px;'>Tensi\u00f3n de colector-emisor de 13.6 VCC<\/li>\n<li style='margin-bottom: 5px;'>Capacidad de corriente de 4.0 Amperios<\/li>\n<li style='margin-bottom: 5px;'>Potencia de salida m\u00e1xima de 10 Watt<\/li>\n<\/ul><\/div>\n<\/p><\/div>\n<p> <!-- Secci\u00f3n de ratings m\u00e1ximos --> <\/p>\n<div style='display: flex; flex-wrap: wrap; gap: 20px; margin-bottom: 30px;'>\n<div style='flex: 1 1 250px; border: 1px solid rgba(150&comma; 150&comma; 150&comma; 0.4); border-radius: 8px; overflow: hidden; display: flex; flex-direction: column;'>\n<div style='padding: 15px; border-bottom: 1px solid rgba(150&comma; 150&comma; 150&comma; 0.2); font-weight: bold; font-size: 18px; color: inherit;'>M\u00e1ximos Ratings<\/div>\n<div style='padding: 15px; color: inherit;'>\n<ul style='padding-left: 20px; margin: 0; font-size: 14px; list-style-type: disc;'>\n<li style='margin-bottom: 5px;'><strong>I<sub>C<\/sub>:<\/strong> 4.0 A<\/li>\n<li style='margin-bottom: 5px;'><strong>V<sub>CE<\/sub>:<\/strong> 18 V<\/li>\n<li style='margin-bottom: 5px;'><strong>V<sub>CB<\/sub>:<\/strong> 48 V<\/li>\n<li style='margin-bottom: 5px;'><strong>P<sub>D<\/sub>:<\/strong> 10 W @ T<sub>C<\/sub> = 25 \u00b0C<\/li>\n<li style='margin-bottom: 5px;'><strong>T<sub>STG<\/sub>:<\/strong> -65 \u00b0C to +150 \u00b0C<\/li>\n<li style='margin-bottom: 5px;'><strong>T<sub>J<\/sub>:<\/strong> -65 \u00b0C to +150 \u00b0C<\/li>\n<li style='margin-bottom: 5px;'><strong>\u03b8<sub>J-C<\/sub>:<\/strong> 12.5 \u00b0C\/W<\/li>\n<\/ul><\/div>\n<\/p><\/div>\n<p> <!-- Secci\u00f3n de caracter\u00edsticas el\u00e9ctricas --> <\/p>\n<div style='flex: 1 1 250px; border: 1px solid rgba(150&comma; 150&comma; 150&comma; 0.4); border-radius: 8px; overflow: hidden; display: flex; flex-direction: column;'>\n<div style='padding: 15px; border-bottom: 1px solid rgba(150&comma; 150&comma; 150&comma; 0.2); font-weight: bold; font-size: 18px; color: inherit;'>Caracter\u00edsticas El\u00e9ctricas<\/div>\n<div style='padding: 15px; color: inherit;'>\n<ul style='padding-left: 20px; margin: 0; font-size: 14px; list-style-type: disc;'>\n<li style='margin-bottom: 5px;'><strong>BV<sub>CEO<\/sub>:<\/strong> 18 V @ I<sub>C<\/sub> = 20 mA<\/li>\n<li style='margin-bottom: 5px;'><strong>BV<sub>CES<\/sub>:<\/strong> 48 V @ I<sub>C<\/sub> = 50 mA<\/li>\n<li style='margin-bottom: 5px;'><strong>BV<sub>EBO<\/sub>:<\/strong> 4.0 V @ I<sub>E<\/sub> = 5.0 mA<\/li>\n<li style='margin-bottom: 5px;'><strong>I<sub>CBO<\/sub>:<\/strong> 1.0 mA @ V<sub>CB<\/sub> = 25 V<\/li>\n<li style='margin-bottom: 5px;'><strong>h<sub>FE<\/sub>:<\/strong> 30-60 @ V<sub>CE<\/sub> = 5.0 V&comma; I<sub>C<\/sub> = 500 mA<\/li>\n<li style='margin-bottom: 5px;'><strong>C<sub>ob<\/sub>:<\/strong> 125-145 pF @ V<sub>CB<\/sub> = 13.6 V&comma; f = 1.0 MHz<\/li>\n<li style='margin-bottom: 5px;'><strong>G<sub>P<\/sub>:<\/strong> 10-12 dB<\/li>\n<li style='margin-bottom: 5px;'><strong>\u03b7:<\/strong> 40% @ P<sub>out<\/sub> = 12 W (PEP)&comma; V<sub>CC<\/sub> = 13.6 V&comma; f = 2.0 MHz&comma; I<sub>CQ<\/sub> = 300 mA<\/li>\n<li style='margin-bottom: 5px;'><strong>IMD:<\/strong> -30 dB<\/li>\n<\/ul><\/div>\n<\/p><\/div>\n<p> <!-- Secci\u00f3n de configuraci\u00f3n f\u00edsica --> <\/p>\n<div style='flex: 1 1 250px; border: 1px solid rgba(150&comma; 150&comma; 150&comma; 0.4); border-radius: 8px; overflow: hidden; display: flex; flex-direction: column;'>\n<div style='padding: 15px; border-bottom: 1px solid rgba(150&comma; 150&comma; 150&comma; 0.2); font-weight: bold; font-size: 18px; color: inherit;'>Configuraci\u00f3n F\u00edsica<\/div>\n<div style='padding: 15px; color: inherit;'>\n<ul style='padding-left: 20px; margin: 0; font-size: 14px; list-style-type: disc;'>\n<li style='margin-bottom: 5px;'><strong>Paquete:<\/strong> TO-220AB (Common Emitter)<\/li>\n<li style='margin-bottom: 5px;'><strong>Conexiones:<\/strong> 1 = BASE&comma; 2 = COLLECTOR&comma; 3 = EMITTER TAB = COLLECTOR<\/li>\n<\/ul><\/div>\n<\/p><\/div>\n<\/p><\/div>\n<p> <!-- Separador --> <\/p>\n<hr style='border: 0; border-top: 1px solid rgba(150&comma; 150&comma; 150&comma; 0.3); margin: 30px 0;'> <\/div>\n","protected":false},"excerpt":{"rendered":"<p>Transistor NPN de Potencia RF, Silicio de 30 MHz, 13.6 Vcc, 4.0 Amp. 10 Watt, TO-220AB.<\/p>\n","protected":false},"featured_media":62566,"comment_status":"open","ping_status":"closed","template":"","meta":[],"product_brand":[],"product_cat":[1596],"product_tag":[1597,751,63],"class_list":{"0":"post-62567","1":"product","2":"type-product","3":"status-publish","4":"has-post-thumbnail","6":"product_cat-kenwood-icom-txpro","7":"product_tag-kenwood-icom-txpro","8":"product_tag-refacciones","9":"product_tag-syscom","11":"first","12":"instock","13":"sale","14":"shipping-taxable","15":"purchasable","16":"product-type-simple"},"_links":{"self":[{"href":"https:\/\/soydeaqui.ddns.net\/pachuca\/index.php\/wp-json\/wp\/v2\/product\/62567","targetHints":{"allow":["GET"]}}],"collection":[{"href":"https:\/\/soydeaqui.ddns.net\/pachuca\/index.php\/wp-json\/wp\/v2\/product"}],"about":[{"href":"https:\/\/soydeaqui.ddns.net\/pachuca\/index.php\/wp-json\/wp\/v2\/types\/product"}],"replies":[{"embeddable":true,"href":"https:\/\/soydeaqui.ddns.net\/pachuca\/index.php\/wp-json\/wp\/v2\/comments?post=62567"}],"wp:featuredmedia":[{"embeddable":true,"href":"https:\/\/soydeaqui.ddns.net\/pachuca\/index.php\/wp-json\/wp\/v2\/media\/62566"}],"wp:attachment":[{"href":"https:\/\/soydeaqui.ddns.net\/pachuca\/index.php\/wp-json\/wp\/v2\/media?parent=62567"}],"wp:term":[{"taxonomy":"product_brand","embeddable":true,"href":"https:\/\/soydeaqui.ddns.net\/pachuca\/index.php\/wp-json\/wp\/v2\/product_brand?post=62567"},{"taxonomy":"product_cat","embeddable":true,"href":"https:\/\/soydeaqui.ddns.net\/pachuca\/index.php\/wp-json\/wp\/v2\/product_cat?post=62567"},{"taxonomy":"product_tag","embeddable":true,"href":"https:\/\/soydeaqui.ddns.net\/pachuca\/index.php\/wp-json\/wp\/v2\/product_tag?post=62567"}],"curies":[{"name":"wp","href":"https:\/\/api.w.org\/{rel}","templated":true}]}}