{"id":62557,"date":"2026-03-19T06:45:59","date_gmt":"2026-03-19T06:45:59","guid":{"rendered":"https:\/\/soydeaqui.ddns.net\/pachuca\/index.php\/producto\/ic340-circuito-integrado-amplificador-linear-agilent-de-rf-para-com3010\/"},"modified":"2026-03-19T06:45:59","modified_gmt":"2026-03-19T06:45:59","slug":"ic340-circuito-integrado-amplificador-linear-agilent-de-rf-para-com3010","status":"publish","type":"product","link":"https:\/\/soydeaqui.ddns.net\/pachuca\/index.php\/producto\/ic340-circuito-integrado-amplificador-linear-agilent-de-rf-para-com3010\/","title":{"rendered":"(IC340) Circuito Integrado, Amplificador Linear Agilent de RF para COM3010."},"content":{"rendered":"<div style='width: 100%; max-width: 1200px; margin: 0 auto; font-family: sans-serif; line-height: 1.6; color: inherit; background-color: transparent;'>\n<div style='display: flex; flex-wrap: wrap; gap: 30px; margin-bottom: 30px;'>\n<div style='flex: 1 1 300px; min-width: 280px;'>\n<h3 style='font-size: 22px; border-bottom: 2px solid currentColor; padding-bottom: 5px; margin-top: 0; color: inherit; opacity: 0.8;'>Caracter\u00edsticas Principales<\/h3>\n<ul style='padding-left: 20px; font-size: 15px; color: inherit;'>\n<li style='margin-bottom: 5px;'>Amplificador linear de alta precisi\u00f3n para RF<\/li>\n<li style='margin-bottom: 5px;'>Rango de frecuencia operativa hasta 3 GHz<\/li>\n<li style='margin-bottom: 5px;'>Bajo nivel de ruido para se\u00f1ales limpias<\/li>\n<li style='margin-bottom: 5px;'>Dise\u00f1o compacto de alta eficiencia energ\u00e9tica<\/li>\n<\/ul><\/div>\n<div style='flex: 1 1 300px; min-width: 280px;'>\n<h3 style='font-size: 22px; border-bottom: 2px solid currentColor; padding-bottom: 5px; margin-top: 0; color: inherit; opacity: 0.8;'>Especificaciones Clave<\/h3>\n<ul style='padding-left: 20px; font-size: 15px; color: inherit;'>\n<li style='margin-bottom: 5px;'><strong>OIP3:<\/strong> 39 dBm<\/li>\n<li style='margin-bottom: 5px;'><strong>Noise Figure:<\/strong> 1.5 dB<\/li>\n<li style='margin-bottom: 5px;'><strong>Gain:<\/strong> 15.4 dB<\/li>\n<li style='margin-bottom: 5px;'><strong>P-1dB:<\/strong> 18.6 dBm<\/li>\n<li style='margin-bottom: 5px;'><strong>Corriente:<\/strong> 54 mA (typ)<\/li>\n<li style='margin-bottom: 5px;'><strong>Tensi\u00f3n:<\/strong> 5V<\/li>\n<\/ul><\/div>\n<\/p><\/div>\n<div style='display: flex; flex-wrap: wrap; gap: 20px; margin-bottom: 30px;'>\n<div style='flex: 1 1 250px; border: 1px solid rgba(150&comma; 150&comma; 150&comma; 0.4); border-radius: 8px; overflow: hidden; display: flex; flex-direction: column;'>\n<div style='padding: 15px; border-bottom: 1px solid rgba(150&comma; 150&comma; 150&comma; 0.2); font-weight: bold; font-size: 18px; color: inherit;'>Aplicaciones<\/div>\n<div style='padding: 15px; color: inherit;'>\n<ul style='padding-left: 20px; margin: 0; font-size: 14px; list-style-type: disc;'>\n<li style='margin-bottom: 5px;'>Base station radio card<\/li>\n<li style='margin-bottom: 5px;'>High linearity LNA for base stations<\/li>\n<li style='margin-bottom: 5px;'>WLL (Wireless Local Loop)<\/li>\n<li style='margin-bottom: 5px;'>WLAN (Wireless Local Area Network)<\/li>\n<li style='margin-bottom: 5px;'>Sistemas de comunicaci\u00f3n de 450 MHz a 6 GHz<\/li>\n<\/ul><\/div>\n<\/p><\/div>\n<div style='flex: 1 1 250px; border: 1px solid rgba(150&comma; 150&comma; 150&comma; 0.4); border-radius: 8px; overflow: hidden; display: flex; flex-direction: column;'>\n<div style='padding: 15px; border-bottom: 1px solid rgba(150&comma; 150&comma; 150&comma; 0.2); font-weight: bold; font-size: 18px; color: inherit;'>Caracter\u00edsticas T\u00e9cnicas<\/div>\n<div style='padding: 15px; color: inherit;'>\n<ul style='padding-left: 20px; margin: 0; font-size: 14px; list-style-type: disc;'>\n<li style='margin-bottom: 5px;'>Tecnolog\u00eda: Enhancement mode PHEMT<\/li>\n<li style='margin-bottom: 5px;'>Paquete: SOT-343 (4-lead SC-70)<\/li>\n<li style='margin-bottom: 5px;'>Disipaci\u00f3n de potencia: 400 mW<\/li>\n<li style='margin-bottom: 5px;'>Temperatura de operaci\u00f3n: -65\u00b0C a 150\u00b0C<\/li>\n<li style='margin-bottom: 5px;'>Resistencia t\u00e9rmica: 130\u00b0C\/W<\/li>\n<\/ul><\/div>\n<\/p><\/div>\n<div style='flex: 1 1 250px; border: 1px solid rgba(150&comma; 150&comma; 150&comma; 0.4); border-radius: 8px; overflow: hidden; display: flex; flex-direction: column;'>\n<div style='padding: 15px; border-bottom: 1px solid rgba(150&comma; 150&comma; 150&comma; 0.2); font-weight: bold; font-size: 18px; color: inherit;'>Rendimiento RF<\/div>\n<div style='padding: 15px; color: inherit;'>\n<ul style='padding-left: 20px; margin: 0; font-size: 14px; list-style-type: disc;'>\n<li style='margin-bottom: 5px;'><strong>Input Return Loss:<\/strong> -13.2 dB (1.9 GHz)<\/li>\n<li style='margin-bottom: 5px;'><strong>Output Return Loss:<\/strong> -14.3 dB (1.9 GHz)<\/li>\n<li style='margin-bottom: 5px;'><strong>Isolation:<\/strong> -23.4 dB (1.9 GHz)<\/li>\n<li style='margin-bottom: 5px;'><strong>Power Added Efficiency:<\/strong> 29.7% (1.9 GHz)<\/li>\n<\/ul><\/div>\n<\/p><\/div>\n<\/p><\/div>\n<div style='display: flex; flex-wrap: wrap; gap: 30px; margin-bottom: 30px;'>\n<div style='flex: 1 1 100%;'>\n<h3 style='font-size: 22px; border-bottom: 2px solid currentColor; padding-bottom: 5px; margin-top: 0; color: inherit; opacity: 0.8;'>Aplicaciones de Dise\u00f1o<\/h3>\n<p style='font-size: 15px; color: inherit; margin-top: 15px; margin-bottom: 15px;'>El MGA-53543 puede utilizarse como amplificador de driver en la cadena de transmisi\u00f3n y como primer o segundo amplificador LNA en la cadena de recepci\u00f3n. Requiere redes de adaptaci\u00f3n de entrada y salida para lograr su m\u00e1ximo desempe\u00f1o en IP3&comma; NF y ganancia. La tensi\u00f3n de alimentaci\u00f3n debe aplicarse a trav\u00e9s de un inductor de RF (RFC) con capacitores de bypass para se\u00f1ales de RF.<\/p>\n<p style='font-size: 15px; color: inherit; margin-top: 15px; margin-bottom: 15px;'>Para lograr m\u00e1xima linealidad&comma; la entrada debe ver una impedancia compleja de 0.38 \u2220156\u00b0 y la salida debe ver 0.05 \u222045\u00b0. Para aplicaciones que requieran m\u00ednima figura de ruido&comma; se debe adaptar la entrada para presentar Gamma opt (\u0393opt) al dispositivo.<\/p>\n<\/p><\/div>\n<\/p><\/div>\n<div style='display: flex; flex-wrap: wrap; gap: 30px; margin-bottom: 30px;'>\n<div style='flex: 1 1 100%;'>\n<h3 style='font-size: 22px; border-bottom: 2px solid currentColor; padding-bottom: 5px; margin-top: 0; color: inherit; opacity: 0.8;'>Condiciones de Operaci\u00f3n<\/h3>\n<div style='display: flex; flex-wrap: wrap; gap: 20px; margin-top: 15px;'>\n<div style='flex: 1 1 250px; border: 1px solid rgba(150&comma; 150&comma; 150&comma; 0.4); border-radius: 8px; overflow: hidden; padding: 15px;'>\n<div style='font-weight: bold; margin-bottom: 10px; color: inherit;'>Condiciones M\u00e1ximas<\/div>\n<ul style='padding-left: 20px; margin: 0; font-size: 14px; list-style-type: disc;'>\n<li style='margin-bottom: 5px;'><strong>Vin:<\/strong> 0.8 V<\/li>\n<li style='margin-bottom: 5px;'><strong>Vd:<\/strong> 5.5 V<\/li>\n<li style='margin-bottom: 5px;'><strong>Pd:<\/strong> 400 mW<\/li>\n<li style='margin-bottom: 5px;'><strong>Pout:<\/strong> 13 dBm<\/li>\n<li style='margin-bottom: 5px;'><strong>Tj:<\/strong> 150\u00b0C<\/li>\n<\/ul><\/div>\n<div style='flex: 1 1 250px; border: 1px solid rgba(150&comma; 150&comma; 150&comma; 0.4); border-radius: 8px; overflow: hidden; padding: 15px;'>\n<div style='font-weight: bold; margin-bottom: 10px; color: inherit;'>Condiciones T\u00edpicas<\/div>\n<ul style='padding-left: 20px; margin: 0; font-size: 14px; list-style-type: disc;'>\n<li style='margin-bottom: 5px;'><strong>Vd:<\/strong> 5.0 V<\/li>\n<li style='margin-bottom: 5px;'><strong>Id:<\/strong> 54 mA<\/li>\n<li style='margin-bottom: 5px;'><strong>Zo:<\/strong> 50 \u03a9<\/li>\n<li style='margin-bottom: 5px;'><strong>Temperatura:<\/strong> +25\u00b0C<\/li>\n<\/ul><\/div>\n<div style='flex: 1 1 250px; border: 1px solid rgba(150&comma; 150&comma; 150&comma; 0.4); border-radius: 8px; overflow: hidden; padding: 15px;'>\n<div style='font-weight: bold; margin-bottom: 10px; color: inherit;'>Desempe\u00f1o por Frecuencia<\/div>\n<ul style='padding-left: 20px; margin: 0; font-size: 14px; list-style-type: disc;'>\n<li style='margin-bottom: 5px;'><strong>1.9 GHz:<\/strong> OIP3 39 dBm&comma; NF 1.5 dB<\/li>\n<li style='margin-bottom: 5px;'><strong>0.9 GHz:<\/strong> OIP3 40 dBm&comma; NF 1.3 dB<\/li>\n<li style='margin-bottom: 5px;'><strong>2.4 GHz:<\/strong> OIP3 38.7 dBm&comma; NF 1.9 dB<\/li>\n<\/ul><\/div>\n<\/p><\/div>\n<\/p><\/div>\n<\/p><\/div>\n<hr style='border: 0; border-top: 1px solid rgba(150&comma; 150&comma; 150&comma; 0.3); margin: 30px 0;'>\n<div style='display: flex; flex-wrap: wrap; gap: 30px; margin-bottom: 30px;'>\n<div style='flex: 1 1 100%;'>\n<h3 style='font-size: 22px; border-bottom: 2px solid currentColor; padding-bottom: 5px; margin-top: 0; color: inherit; opacity: 0.8;'>Recomendaciones de Dise\u00f1o<\/h3>\n<p style='font-size: 15px; color: inherit; margin-top: 15px; margin-bottom: 15px;'>Para obtener el m\u00e1ximo rendimiento del MGA-53543&comma; se recomienda:<\/p>\n<ul style='padding-left: 20px; margin-top: 10px; margin-bottom: 10px; font-size: 15px; color: inherit;'>\n<li style='margin-bottom: 5px;'>Utilizar un inductor de RF (RFC) para la alimentaci\u00f3n de tensi\u00f3n<\/li>\n<li style='margin-bottom: 5px;'>Incluir capacitores de bypass para se\u00f1ales de RF en la alimentaci\u00f3n<\/li>\n<li style='margin-bottom: 5px;'>Conectar adecuadamente los pines de tierra (pines 1 y 4) al plano de tierra<\/li>\n<li style='margin-bottom: 5px;'>Incluir un capacitor de bloqueo DC en la salida del amplificador<\/li>\n<li style='margin-bottom: 5px;'>Considerar un resistor de de-Q entre los capacitores de bypass (2.2\u03a9 a 10\u03a9)<\/li>\n<li style='margin-bottom: 5px;'>Utilizar microstrip line con vias de tierra adecuadas en el dise\u00f1o del PCB<\/li>\n<\/ul><\/div>\n<\/p><\/div>\n<\/p><\/div>\n","protected":false},"excerpt":{"rendered":"<p>(IC340) Circuito Integrado, Amplificador Linear Agilent de RF para COM3010.<\/p>\n","protected":false},"featured_media":62556,"comment_status":"open","ping_status":"closed","template":"","meta":[],"product_brand":[],"product_cat":[1501],"product_tag":[1502,1638,751],"class_list":{"0":"post-62557","1":"product","2":"type-product","3":"status-publish","4":"has-post-thumbnail","6":"product_cat-miscelaneo","7":"product_tag-miscelaneo","8":"product_tag-ramsey","9":"product_tag-refacciones","11":"first","12":"instock","13":"sale","14":"shipping-taxable","15":"purchasable","16":"product-type-simple"},"_links":{"self":[{"href":"https:\/\/soydeaqui.ddns.net\/pachuca\/index.php\/wp-json\/wp\/v2\/product\/62557","targetHints":{"allow":["GET"]}}],"collection":[{"href":"https:\/\/soydeaqui.ddns.net\/pachuca\/index.php\/wp-json\/wp\/v2\/product"}],"about":[{"href":"https:\/\/soydeaqui.ddns.net\/pachuca\/index.php\/wp-json\/wp\/v2\/types\/product"}],"replies":[{"embeddable":true,"href":"https:\/\/soydeaqui.ddns.net\/pachuca\/index.php\/wp-json\/wp\/v2\/comments?post=62557"}],"wp:featuredmedia":[{"embeddable":true,"href":"https:\/\/soydeaqui.ddns.net\/pachuca\/index.php\/wp-json\/wp\/v2\/media\/62556"}],"wp:attachment":[{"href":"https:\/\/soydeaqui.ddns.net\/pachuca\/index.php\/wp-json\/wp\/v2\/media?parent=62557"}],"wp:term":[{"taxonomy":"product_brand","embeddable":true,"href":"https:\/\/soydeaqui.ddns.net\/pachuca\/index.php\/wp-json\/wp\/v2\/product_brand?post=62557"},{"taxonomy":"product_cat","embeddable":true,"href":"https:\/\/soydeaqui.ddns.net\/pachuca\/index.php\/wp-json\/wp\/v2\/product_cat?post=62557"},{"taxonomy":"product_tag","embeddable":true,"href":"https:\/\/soydeaqui.ddns.net\/pachuca\/index.php\/wp-json\/wp\/v2\/product_tag?post=62557"}],"curies":[{"name":"wp","href":"https:\/\/api.w.org\/{rel}","templated":true}]}}