{"id":6255,"date":"2026-03-18T06:41:01","date_gmt":"2026-03-18T06:41:01","guid":{"rendered":"https:\/\/soydeaqui.ddns.net\/pachuca\/index.php\/producto\/sensor-inalambrico-de-doble-teconolgia-movimiento-y-microondas-angulo-de-90-cobertura-de-15m-bateria-de-larga-duracion-3-5-anos\/"},"modified":"2026-03-18T06:41:01","modified_gmt":"2026-03-18T06:41:01","slug":"sensor-inalambrico-de-doble-teconolgia-movimiento-y-microondas-angulo-de-90-cobertura-de-15m-bateria-de-larga-duracion-3-5-anos","status":"publish","type":"product","link":"https:\/\/soydeaqui.ddns.net\/pachuca\/index.php\/producto\/sensor-inalambrico-de-doble-teconolgia-movimiento-y-microondas-angulo-de-90-cobertura-de-15m-bateria-de-larga-duracion-3-5-anos\/","title":{"rendered":"Sensor Inalambrico de Doble Teconolgia Movimiento y Microondas, Angulo de 90&ordm; Cobertura de 15m. \/ Bater\u00eda de Larga Duraci\u00f3n 3-5 a\u00f1os"},"content":{"rendered":"<div style='width: 100%; max-width: 1200px; margin: 0 auto; font-family: sans-serif; line-height: 1.6; color: inherit; background-color: transparent;'> <!-- Secci\u00f3n de descripci\u00f3n --> <\/p>\n<div style='margin-bottom: 30px;'>\n<p style='font-size: 15px; margin-bottom: 15px; color: inherit;'>El sensor de movimiento DUAL TEC inal\u00e1mbrico de banda K 5898 de Honeywell proporciona una detecci\u00f3n superior y reduce el riesgo de falsas alarmas. La combinaci\u00f3n de PIR y tecnolog\u00edas de microondas de banda K permite que los sensores distingan entre intrusos reales y otras condiciones ambientales al &#8216;confirmarse&#8217; entre s\u00ed dentro de un \u00e1rea de protecci\u00f3n definida.<\/p>\n<\/p><\/div>\n<p> <!-- Secci\u00f3n de caracter\u00edsticas con flex --> <\/p>\n<div style='display: flex; flex-wrap: wrap; gap: 30px; margin-bottom: 30px;'>\n<div style='flex: 1 1 300px; min-width: 280px;'>\n<h3 style='font-size: 22px; border-bottom: 2px solid currentColor; padding-bottom: 5px; margin-top: 0; color: inherit; opacity: 0.8;'>Caracter\u00edsticas t\u00e9cnicas<\/h3>\n<ul style='padding-left: 20px; font-size: 15px; color: inherit;'>\n<li style='margin-bottom: 5px;'><strong>Procesamiento de se\u00f1al DualCore avanzado<\/strong>: El procesamiento de se\u00f1ales DualCore analiza las se\u00f1ales PIR y de microondas a trav\u00e9s de los microcontroladores 5898.<\/li>\n<li style='margin-bottom: 5px;'><strong>Tecnolog\u00eda de microondas de banda K<\/strong>: La tecnolog\u00eda de microondas K-Band ofrece una detecci\u00f3n n\u00edtida sin agujeros ni puntos d\u00e9biles.<\/li>\n<li style='margin-bottom: 5px;'><strong>M\u00e1s r\u00e1pido y m\u00e1s f\u00e1cil de instalar<\/strong>: Prueba de paseo autom\u00e1tica&comma; prueba de caminata con linterna&comma; sensibilidad programable remotamente&comma; no es necesario quitar la placa de circuito para instalarla en la pared.<\/li>\n<li style='margin-bottom: 5px;'><strong>Menos llamadas de servicio<\/strong>: La instalaci\u00f3n incorrecta de equipos o los requisitos cambiantes en el sitio (por ejemplo&comma; nuevas mascotas) ya no son un problema.<\/li>\n<li style='margin-bottom: 5px;'><strong>Misma apariencia familiar<\/strong><\/li>\n<li style='margin-bottom: 5px;'><strong>Responsabilidad Disminuida<\/strong>: Autocomprobaci\u00f3n: alerta al usuario final y a la estaci\u00f3n central si el detector de movimiento deja de funcionar.<\/li>\n<li style='margin-bottom: 5px;'><strong>Alerta de temperatura fr\u00eda o caliente<\/strong>: (< 45\u00b0 F) advierte cuando las temperaturas se acercan al punto de congelaci\u00f3n; (> 95\u00b0 F) advierte cuando las temperaturas est\u00e1n subiendo demasiado.<\/li>\n<\/ul><\/div>\n<p> <!-- Secci\u00f3n de especificaciones --> <\/p>\n<div style='flex: 1 1 300px; min-width: 280px;'>\n<h3 style='font-size: 22px; border-bottom: 2px solid currentColor; padding-bottom: 5px; margin-top: 0; color: inherit; opacity: 0.8;'>Especificaciones<\/h3>\n<ul style='padding-left: 20px; font-size: 15px; color: inherit;'>\n<li style='margin-bottom: 5px;'>Patr\u00f3n de cobertura de 15 m x 18 m.<\/li>\n<li style='margin-bottom: 5px;'>Compensaci\u00f3n de temperatura.<\/li>\n<li style='margin-bottom: 5px;'>Banda de Microondas K.<\/li>\n<li style='margin-bottom: 5px;'>Inmunidad a mascotas de 22 kg.<\/li>\n<li style='margin-bottom: 5px;'>Temperatura de Operaci\u00f3n -20 a 60 \u00baC.<\/li>\n<li style='margin-bottom: 5px;'>Bater\u00edas \u201cAA\u201d<\/li>\n<li style='margin-bottom: 5px;'>Dimensiones: 49.2 x 75 x 20 mm.<\/li>\n<li style='margin-bottom: 5px;'>Bater\u00eda de Larga Duraci\u00f3n 3-5 a\u00f1os<\/li>\n<\/ul><\/div>\n<\/p><\/div>\n<p> <!-- Separador --> <\/p>\n<hr style='border: 0; border-top: 1px solid rgba(150&comma; 150&comma; 150&comma; 0.3); margin: 30px 0;'> <\/div>\n","protected":false},"excerpt":{"rendered":"<p>Sensor Inalambrico de Doble Teconolgia Movimiento y Microondas, Angulo de 90&ordm; Cobertura de 15m. \/ Bater\u00eda de Larga Duraci\u00f3n 3-5 a\u00f1os<\/p>\n","protected":false},"featured_media":6254,"comment_status":"open","ping_status":"closed","template":"","meta":[],"product_brand":[],"product_cat":[18],"product_tag":[19,209,20],"class_list":{"0":"post-6255","1":"product","2":"type-product","3":"status-publish","4":"has-post-thumbnail","6":"product_cat-movimiento-para-interior","7":"product_tag-detectores-sensores","8":"product_tag-honeywell","9":"product_tag-movimiento-para-interior","11":"first","12":"instock","13":"sale","14":"shipping-taxable","15":"purchasable","16":"product-type-simple"},"_links":{"self":[{"href":"https:\/\/soydeaqui.ddns.net\/pachuca\/index.php\/wp-json\/wp\/v2\/product\/6255","targetHints":{"allow":["GET"]}}],"collection":[{"href":"https:\/\/soydeaqui.ddns.net\/pachuca\/index.php\/wp-json\/wp\/v2\/product"}],"about":[{"href":"https:\/\/soydeaqui.ddns.net\/pachuca\/index.php\/wp-json\/wp\/v2\/types\/product"}],"replies":[{"embeddable":true,"href":"https:\/\/soydeaqui.ddns.net\/pachuca\/index.php\/wp-json\/wp\/v2\/comments?post=6255"}],"wp:featuredmedia":[{"embeddable":true,"href":"https:\/\/soydeaqui.ddns.net\/pachuca\/index.php\/wp-json\/wp\/v2\/media\/6254"}],"wp:attachment":[{"href":"https:\/\/soydeaqui.ddns.net\/pachuca\/index.php\/wp-json\/wp\/v2\/media?parent=6255"}],"wp:term":[{"taxonomy":"product_brand","embeddable":true,"href":"https:\/\/soydeaqui.ddns.net\/pachuca\/index.php\/wp-json\/wp\/v2\/product_brand?post=6255"},{"taxonomy":"product_cat","embeddable":true,"href":"https:\/\/soydeaqui.ddns.net\/pachuca\/index.php\/wp-json\/wp\/v2\/product_cat?post=6255"},{"taxonomy":"product_tag","embeddable":true,"href":"https:\/\/soydeaqui.ddns.net\/pachuca\/index.php\/wp-json\/wp\/v2\/product_tag?post=6255"}],"curies":[{"name":"wp","href":"https:\/\/api.w.org\/{rel}","templated":true}]}}