{"id":62531,"date":"2026-03-19T06:45:13","date_gmt":"2026-03-19T06:45:13","guid":{"rendered":"https:\/\/soydeaqui.ddns.net\/pachuca\/index.php\/producto\/unidad-de-extension-de-red-para-equipo-de-radiocomunicacion-2\/"},"modified":"2026-03-19T06:45:14","modified_gmt":"2026-03-19T06:45:14","slug":"unidad-de-extension-de-red-para-equipo-de-radiocomunicacion-2","status":"publish","type":"product","link":"https:\/\/soydeaqui.ddns.net\/pachuca\/index.php\/producto\/unidad-de-extension-de-red-para-equipo-de-radiocomunicacion-2\/","title":{"rendered":"Unidad de Extensi\u00f3n de Red para Equipo de Radiocomunicaci\u00f3n."},"content":{"rendered":"<div style='width: 100%; max-width: 1200px; margin: 0 auto; font-family: sans-serif; line-height: 1.6; color: inherit; background-color: transparent;'> <!-- Secci\u00f3n de descripci\u00f3n principal --> <\/p>\n<div style='margin-bottom: 30px;'>\n<p style='font-size: 15px; margin: 0 0 15px; color: inherit;'>El NXU2A conecta su equipo de comunicaciones a una red digital usando la tecnolog\u00eda VoIP. Proporciona comunicaciones transparentes entre dos sistemas de radio.<\/p>\n<p style='font-size: 15px; margin: 0 0 15px; color: inherit;'>La unidad en cada extremo podr\u00e1 ser el servidor o el cliente seg\u00fan convenga.<\/p>\n<p style='font-size: 15px; margin: 0 0 15px; color: inherit;'>Cuenta con Indicadores frontales en la unidad muestra el status. La configuraci\u00f3n inicial se realiza a trav\u00e9s del puerto serial&comma; pero una vez operando cualquier navegador de red sirve para monitorear y cambiar los ajustes y diagnosticas el desempe\u00f1o.<\/p>\n<p style='font-size: 15px; margin: 0 0 15px; color: inherit;'>Con el NXU2A Usted s\u00f3lo oprime el PTT y habla. No se requiere DTMF&comma; ni se\u00f1alizaci\u00f3n especial. Los radios mas b\u00e1sico tambi\u00e9n funcionan.<\/p>\n<\/p><\/div>\n<p> <!-- Secci\u00f3n de caracter\u00edsticas --> <\/p>\n<div style='display: flex; flex-wrap: wrap; gap: 30px; margin-bottom: 30px;'>\n<div style='flex: 1 1 300px; min-width: 280px;'>\n<h3 style='font-size: 22px; border-bottom: 2px solid currentColor; padding-bottom: 5px; margin-top: 0; color: inherit; opacity: 0.8;'>Caracter\u00edsticas<\/h3>\n<ul style='padding-left: 20px; font-size: 15px; color: inherit;'>\n<li style='margin-bottom: 5px;'>No requiere equipos externos para su operaci\u00f3n.<\/li>\n<li style='margin-bottom: 5px;'>5 niveles de compresi\u00f3n de Audio (13-64 kbps).<\/li>\n<li style='margin-bottom: 5px;'>6 niveles de seguridad para restringir el acceso a su configuraci\u00f3n.<\/li>\n<li style='margin-bottom: 5px;'>Dise\u00f1ado para muchos a\u00f1os de operaci\u00f3n&comma; sin mantenimiento.<\/li>\n<li style='margin-bottom: 5px;'><strong>Requiere una IP est\u00e1tica y v\u00e1lida en internet.<\/strong><\/li>\n<\/ul><\/div>\n<\/p><\/div>\n<p> <!-- Secci\u00f3n de video --> <\/p>\n<div style='margin-bottom: 30px;'>\n<div style='position: relative; padding-bottom: 56.25%; height: 0; overflow: hidden; margin-bottom: 30px;'>   <\/div>\n<\/p><\/div>\n<p> <!-- Separador --> <\/p>\n<hr style='border: 0; border-top: 1px solid rgba(150&comma; 150&comma; 150&comma; 0.3); margin: 30px 0;'> <\/div>\n","protected":false},"excerpt":{"rendered":"<p>Unidad de Extensi\u00f3n de Red para Equipo de Radiocomunicaci\u00f3n.<\/p>\n","protected":false},"featured_media":62530,"comment_status":"open","ping_status":"closed","template":"","meta":[],"product_brand":[],"product_cat":[1740],"product_tag":[1546,1741,1742],"class_list":{"0":"post-62531","1":"product","2":"type-product","3":"status-publish","4":"has-post-thumbnail","6":"product_cat-enlaces-ip","7":"product_tag-aplicaciones-y-soluciones","8":"product_tag-enlaces-ip","9":"product_tag-raytheon","11":"first","12":"outofstock","13":"sale","14":"shipping-taxable","15":"purchasable","16":"product-type-simple"},"_links":{"self":[{"href":"https:\/\/soydeaqui.ddns.net\/pachuca\/index.php\/wp-json\/wp\/v2\/product\/62531","targetHints":{"allow":["GET"]}}],"collection":[{"href":"https:\/\/soydeaqui.ddns.net\/pachuca\/index.php\/wp-json\/wp\/v2\/product"}],"about":[{"href":"https:\/\/soydeaqui.ddns.net\/pachuca\/index.php\/wp-json\/wp\/v2\/types\/product"}],"replies":[{"embeddable":true,"href":"https:\/\/soydeaqui.ddns.net\/pachuca\/index.php\/wp-json\/wp\/v2\/comments?post=62531"}],"wp:featuredmedia":[{"embeddable":true,"href":"https:\/\/soydeaqui.ddns.net\/pachuca\/index.php\/wp-json\/wp\/v2\/media\/62530"}],"wp:attachment":[{"href":"https:\/\/soydeaqui.ddns.net\/pachuca\/index.php\/wp-json\/wp\/v2\/media?parent=62531"}],"wp:term":[{"taxonomy":"product_brand","embeddable":true,"href":"https:\/\/soydeaqui.ddns.net\/pachuca\/index.php\/wp-json\/wp\/v2\/product_brand?post=62531"},{"taxonomy":"product_cat","embeddable":true,"href":"https:\/\/soydeaqui.ddns.net\/pachuca\/index.php\/wp-json\/wp\/v2\/product_cat?post=62531"},{"taxonomy":"product_tag","embeddable":true,"href":"https:\/\/soydeaqui.ddns.net\/pachuca\/index.php\/wp-json\/wp\/v2\/product_tag?post=62531"}],"curies":[{"name":"wp","href":"https:\/\/api.w.org\/{rel}","templated":true}]}}