{"id":62486,"date":"2026-03-19T06:43:46","date_gmt":"2026-03-19T06:43:46","guid":{"rendered":"https:\/\/soydeaqui.ddns.net\/pachuca\/index.php\/producto\/radio-alert-136-174-mhz-50w\/"},"modified":"2026-03-19T06:43:47","modified_gmt":"2026-03-19T06:43:47","slug":"radio-alert-136-174-mhz-50w","status":"publish","type":"product","link":"https:\/\/soydeaqui.ddns.net\/pachuca\/index.php\/producto\/radio-alert-136-174-mhz-50w\/","title":{"rendered":"Radio Alert 136-174 MHz, 50W."},"content":{"rendered":"<div style='width: 100%; max-width: 1200px; margin: 0 auto; font-family: sans-serif; line-height: 1.6; color: inherit; background-color: transparent;'> <!-- Secci\u00f3n de descripci\u00f3n --> <\/p>\n<div style='margin-bottom: 30px; font-size: 15px; color: inherit;'>\n<p>Pr\u00e1ctico y econ\u00f3mico sistema de alarma por radio con voz grabada ideal para sistemas dom\u00e9sticos&comma; comerciales&comma; rurales e industriales.<\/p>\n<p>SIST.ALRM.INTELIG.(136-174MHZ) 50W POR RADIO (RADIO ALERT)<\/p>\n<p>Bajo cualquier condici\u00f3n anormal&comma; el equipo env\u00eda una se\u00f1al con voz pregrabada anunciando la situaci\u00f3n de alarma v\u00eda radio.<\/p>\n<p>Se incluye una bater\u00eda y un cargador que puede estar conectado permanentemente.<\/p>\n<p>Es ideal para aquellos usuarios que ya tienen un sistema de radiocomunicaci\u00f3n.<\/p>\n<p>El mensaje pregrabado&comma; con duraci\u00f3n de hasta 10 segundos&comma; es repetido cada 60 segundos hasta que sea restablecido de su condici\u00f3n de alarma.<\/p>\n<p>Al transmitir espera que el canal est\u00e9 desocupado.<\/p>\n<p>Inmune a fallas de energ\u00eda ya que la bater\u00eda interna le d\u00e1 autonom\u00eda por varias horas.<\/p>\n<p>Este equipo funciona en forma directa&comma; o a trav\u00e9s de repetidores&comma; propios o comunitarios.<\/p>\n<\/p><\/div>\n<p> <!-- Secci\u00f3n de caracter\u00edsticas --> <\/p>\n<div style='display: flex; flex-wrap: wrap; gap: 30px; margin-bottom: 30px;'>\n<div style='flex: 1 1 300px; min-width: 280px;'>\n<h3 style='font-size: 22px; border-bottom: 2px solid currentColor; padding-bottom: 5px; margin-top: 0; color: inherit; opacity: 0.8;'>Caracter\u00edticas Principales<\/h3>\n<ul style='padding-left: 20px; font-size: 15px; color: inherit;'>\n<li style='margin-bottom: 5px;'>Controle (y escuche) uno o varios RADIO ALERT desde cualquier radio equipado con botonera (DTMF).<\/li>\n<li style='margin-bottom: 5px;'>Tambi\u00e9n puede ser activado por cualquier se\u00f1al on-off o cualquier pulso.<\/li>\n<li style='margin-bottom: 5px;'>Nota: el Radio Alert no incluye sistema de antena. Preferimos que Usted elija el cable y antena que requiera la protecci\u00f3n y el \u00e1rea geogr\u00e1fica. Si usted necesita mayor potencia llamenos.<\/li>\n<\/ul><\/div>\n<\/p><\/div>\n<p> <!-- Secci\u00f3n de aplicaciones --> <\/p>\n<div style='display: flex; flex-wrap: wrap; gap: 30px; margin-bottom: 30px;'>\n<div style='flex: 1 1 300px; min-width: 280px;'>\n<h3 style='font-size: 22px; border-bottom: 2px solid currentColor; padding-bottom: 5px; margin-top: 0; color: inherit; opacity: 0.8;'>\u00daselo exitosamente en<\/h3>\n<ul style='padding-left: 20px; font-size: 15px; color: inherit;'>\n<li style='margin-bottom: 5px;'><strong>Procesos industriales:<\/strong> Instale varios Radio Alert en puntos estrat\u00e9gicos y el personal de mantenimiento escuchar\u00e1 en sus radios oportunamente mensajes hablados de paros de motores&comma; compuertas&comma; fugas&comma; humo&comma; temperatura&comma; etc.<\/li>\n<li style='margin-bottom: 5px;'><strong>Vigilancia:<\/strong> Protecci\u00f3n y seguridad de comercios&comma; bodegas&comma; etc.<\/li>\n<li style='margin-bottom: 5px;'><strong>Telecomunicaciones:<\/strong> Protecci\u00f3n de estaciones repetidoras.<\/li>\n<li style='margin-bottom: 5px;'><strong>Residencial:<\/strong> Respaldo a sistemas telf\u00f3nicos. Tambi\u00e9n \u00e1reas residenciales&comma; donde los vigilantes est\u00e1n equipados con radio.<\/li>\n<\/ul><\/div>\n<\/p><\/div>\n<p> <!-- Secci\u00f3n de observaciones --> <\/p>\n<div style='display: flex; flex-wrap: wrap; gap: 30px; margin-bottom: 30px;'>\n<div style='flex: 1 1 300px; min-width: 280px;'>\n<h3 style='font-size: 22px; border-bottom: 2px solid currentColor; padding-bottom: 5px; margin-top: 0; color: inherit; opacity: 0.8;'>Observaciones<\/h3>\n<ul style='padding-left: 20px; font-size: 15px; color: inherit;'>\n<li style='margin-bottom: 5px;'>Instale la antena de su preferencia&comma; desde una peque\u00f1a antena dentro del edificio&comma; hasta una gran antena direccional en lo alto de una torre.<\/li>\n<\/ul><\/div>\n<\/p><\/div>\n<p> <!-- Separador --> <\/p>\n<hr style='border: 0; border-top: 1px solid rgba(150&comma; 150&comma; 150&comma; 0.3); margin: 30px 0;'> <\/div>\n","protected":false},"excerpt":{"rendered":"<p>Radio Alert 136-174 MHz, 50W.<\/p>\n","protected":false},"featured_media":62485,"comment_status":"open","ping_status":"closed","template":"","meta":[],"product_brand":[],"product_cat":[1545],"product_tag":[1546,63,1547],"class_list":{"0":"post-62486","1":"product","2":"type-product","3":"status-publish","4":"has-post-thumbnail","6":"product_cat-voceo-monitoreo-remoto","7":"product_tag-aplicaciones-y-soluciones","8":"product_tag-syscom","9":"product_tag-voceo-monitoreo-remoto","11":"first","12":"outofstock","13":"sale","14":"shipping-taxable","15":"purchasable","16":"product-type-simple"},"_links":{"self":[{"href":"https:\/\/soydeaqui.ddns.net\/pachuca\/index.php\/wp-json\/wp\/v2\/product\/62486","targetHints":{"allow":["GET"]}}],"collection":[{"href":"https:\/\/soydeaqui.ddns.net\/pachuca\/index.php\/wp-json\/wp\/v2\/product"}],"about":[{"href":"https:\/\/soydeaqui.ddns.net\/pachuca\/index.php\/wp-json\/wp\/v2\/types\/product"}],"replies":[{"embeddable":true,"href":"https:\/\/soydeaqui.ddns.net\/pachuca\/index.php\/wp-json\/wp\/v2\/comments?post=62486"}],"wp:featuredmedia":[{"embeddable":true,"href":"https:\/\/soydeaqui.ddns.net\/pachuca\/index.php\/wp-json\/wp\/v2\/media\/62485"}],"wp:attachment":[{"href":"https:\/\/soydeaqui.ddns.net\/pachuca\/index.php\/wp-json\/wp\/v2\/media?parent=62486"}],"wp:term":[{"taxonomy":"product_brand","embeddable":true,"href":"https:\/\/soydeaqui.ddns.net\/pachuca\/index.php\/wp-json\/wp\/v2\/product_brand?post=62486"},{"taxonomy":"product_cat","embeddable":true,"href":"https:\/\/soydeaqui.ddns.net\/pachuca\/index.php\/wp-json\/wp\/v2\/product_cat?post=62486"},{"taxonomy":"product_tag","embeddable":true,"href":"https:\/\/soydeaqui.ddns.net\/pachuca\/index.php\/wp-json\/wp\/v2\/product_tag?post=62486"}],"curies":[{"name":"wp","href":"https:\/\/api.w.org\/{rel}","templated":true}]}}