{"id":62456,"date":"2026-03-19T06:42:38","date_gmt":"2026-03-19T06:42:38","guid":{"rendered":"https:\/\/soydeaqui.ddns.net\/pachuca\/index.php\/producto\/kit-maestro-de-34-adaptadores-coaxiales-para-celular-dificiles-de-encontrar\/"},"modified":"2026-03-19T06:42:39","modified_gmt":"2026-03-19T06:42:39","slug":"kit-maestro-de-34-adaptadores-coaxiales-para-celular-dificiles-de-encontrar","status":"publish","type":"product","link":"https:\/\/soydeaqui.ddns.net\/pachuca\/index.php\/producto\/kit-maestro-de-34-adaptadores-coaxiales-para-celular-dificiles-de-encontrar\/","title":{"rendered":"Kit maestro de 34 adaptadores coaxiales para celular dif\u00edciles de encontrar."},"content":{"rendered":"<div style='width: 100%; max-width: 1200px; margin: 0 auto; font-family: sans-serif; line-height: 1.6; color: inherit; background-color: transparent;'> <!-- Secci\u00f3n de descripci\u00f3n general --> <\/p>\n<div style='margin-bottom: 30px;'>\n<h2 style='font-size: 24px; border-bottom: 2px solid currentColor; padding-bottom: 8px; margin-top: 0; color: inherit; opacity: 0.9;'>Descripci\u00f3n del Kit<\/h2>\n<p style='font-size: 15px; color: inherit; margin-top: 15px; margin-bottom: 15px;'>Kit maestro de 34 adaptadores coaxiales para celular dif\u00edciles de encontrar. Incluye adaptadores especiales usados en los port\u00e1tiles NEC y Technophone.<\/p>\n<p style='font-size: 15px; color: inherit; margin-top: 15px; margin-bottom: 15px;'><strong>*Pregunte por Disponibilidad.<\/strong><\/p>\n<\/p><\/div>\n<p> <!-- Secci\u00f3n de contenido con adaptadores incluidos --> <\/p>\n<div style='display: flex; flex-wrap: wrap; gap: 30px; margin-bottom: 30px;'>\n<div style='flex: 1 1 300px; min-width: 280px;'>\n<h3 style='font-size: 22px; border-bottom: 2px solid currentColor; padding-bottom: 5px; margin-top: 0; color: inherit; opacity: 0.8;'>Contenido del Kit RFA-4010<\/h3>\n<ul style='padding-left: 20px; font-size: 15px; color: inherit; list-style-type: disc;'>\n<li style='margin-bottom: 5px;'><strong>BNC RFB-1142-4:<\/strong> BNC Male to SMA (Motorola) Female<\/li>\n<li style='margin-bottom: 5px;'><strong>TNC RFT-1224:<\/strong> TNC Male to TNC Male<\/li>\n<li style='margin-bottom: 5px;'><strong>TNC RFT-1225:<\/strong> TNC Female to TNC Female<\/li>\n<li style='margin-bottom: 5px;'><strong>TNC RFT-1227:<\/strong> TNC Female to TNC Male<\/li>\n<li style='margin-bottom: 5px;'><strong>TNC RFT-1228:<\/strong> TNC Male to TNC Double Female<\/li>\n<li style='margin-bottom: 5px;'><strong>TNC RFT-1229:<\/strong> TNC Triple Female<\/li>\n<li style='margin-bottom: 5px;'><strong>TNC RFT-1230:<\/strong> TNC Female to BNC Male<\/li>\n<li style='margin-bottom: 5px;'><strong>TNC RFT-1231:<\/strong> TNC Female to BNC Female<\/li>\n<li style='margin-bottom: 5px;'><strong>TNC RFT-1232:<\/strong> TNC Female to BNC Female<\/li>\n<li style='margin-bottom: 5px;'><strong>TNC RFT-1233:<\/strong> TNC Female to N Male<\/li>\n<li style='margin-bottom: 5px;'><strong>TNC RFT-1234:<\/strong> TNC Female to N Female<\/li>\n<li style='margin-bottom: 5px;'><strong>TNC RFT-1235:<\/strong> TNC Female to UHF Female<\/li>\n<li style='margin-bottom: 5px;'><strong>TNC RFT-1236:<\/strong> TNC Female to UHF Male<\/li>\n<li style='margin-bottom: 5px;'><strong>TNC RFT-1237:<\/strong> TNC Female to RCA Female<\/li>\n<li style='margin-bottom: 5px;'><strong>TNC RFT-1238:<\/strong> TNC Female to RCA Male<\/li>\n<li style='margin-bottom: 5px;'><strong>TNC RFT-1241-4:<\/strong> TNC Female to SMA (Motorola) Female<\/li>\n<li style='margin-bottom: 5px;'><strong>TNC RFT-1242:<\/strong> TNC Male Quick-Disconnect to TNC Female<\/li>\n<li style='margin-bottom: 5px;'><strong>TNC RFT-1243:<\/strong> TNC Female to NEC P3&comma; P4&comma; P10 cellular black<\/li>\n<li style='margin-bottom: 5px;'><strong>RFU-620:<\/strong> Mini-UHF Male to N Female<\/li>\n<li style='margin-bottom: 5px;'><strong>RFU-621:<\/strong> Mini-UHF Female to N Male<\/li>\n<li style='margin-bottom: 5px;'><strong>RFU-622:<\/strong> Mini-UHF Male to UHF Female<\/li>\n<li style='margin-bottom: 5px;'><strong>RFU-623:<\/strong> Mini-UHF Female to BNC Female<\/li>\n<li style='margin-bottom: 5px;'><strong>RFU-624:<\/strong> Mini-UHF Female to UHF Male<\/li>\n<li style='margin-bottom: 5px;'><strong>RFU-625:<\/strong> Mini-UHF Male to Mini-UHF Double Female<\/li>\n<li style='margin-bottom: 5px;'><strong>RFU-626:<\/strong> Mini-UHF Female to BNC Male<\/li>\n<li style='margin-bottom: 5px;'><strong>RFU-627:<\/strong> Mini-UHF Male to Mini-UHF Disconnect to Mini-UHF Female<\/li>\n<li style='margin-bottom: 5px;'><strong>RFU-628:<\/strong> Mini-UHF Female to TNC Female<\/li>\n<li style='margin-bottom: 5px;'><strong>RFU-630:<\/strong> Mini-UHF Male Quick-Disconnect to Mini-UHF Female<\/li>\n<li style='margin-bottom: 5px;'><strong>RFU-631:<\/strong> Mini-UHF Female to TNC Male<\/li>\n<li style='margin-bottom: 5px;'><strong>RFU-632:<\/strong> Mini-UHF Female to SMA (Motorola) Female<\/li>\n<li style='margin-bottom: 5px;'><strong>RFU-642:<\/strong> Mini-UHF Triple Female<\/li>\n<li style='margin-bottom: 5px;'><strong>RFU-643:<\/strong> Mini-UHF Male to UHF Female<\/li>\n<\/ul><\/div>\n<div style='flex: 1 1 300px; min-width: 280px;'>\n<h3 style='font-size: 22px; border-bottom: 2px solid currentColor; padding-bottom: 5px; margin-top: 0; color: inherit; opacity: 0.8;'>Caracter\u00edsticas T\u00e9cnicas<\/h3>\n<ul style='padding-left: 20px; font-size: 15px; color: inherit; list-style-type: disc;'>\n<li style='margin-bottom: 5px;'><strong>Composici\u00f3n:<\/strong> 34 adaptadores coaxiales<\/li>\n<li style='margin-bottom: 5px;'><strong>Tipos de conectores:<\/strong> BNC&comma; TNC&comma; N&comma; UHF&comma; RCA&comma; Mini-UHF&comma; SMA (Motorola)&comma; NEC P3\/P4\/P10<\/li>\n<li style='margin-bottom: 5px;'><strong>Aplicaciones:<\/strong> Reparaci\u00f3n y adaptaci\u00f3n de equipos celulares&comma; radio comunicaci\u00f3n<\/li>\n<li style='margin-bottom: 5px;'><strong>Compatibilidad:<\/strong> Port\u00e1tiles NEC y Technophone<\/li>\n<li style='margin-bottom: 5px;'><strong>Construcci\u00f3n:<\/strong> Para conexiones coaxiales dif\u00edciles de encontrar<\/li>\n<li style='margin-bottom: 5px;'><strong>Configuraciones:<\/strong> Adaptadores hembra a macho&comma; doble hembra&comma; triple hembra&comma; quick-disconnect<\/li>\n<\/ul><\/div>\n<\/p><\/div>\n<p> <!-- Secci\u00f3n de aplicaciones --> <\/p>\n<div style='margin-bottom: 30px;'>\n<h3 style='font-size: 22px; border-bottom: 2px solid currentColor; padding-bottom: 5px; margin-top: 0; color: inherit; opacity: 0.8;'>Aplicaciones<\/h3>\n<ul style='padding-left: 20px; font-size: 15px; color: inherit; list-style-type: disc;'>\n<li style='margin-bottom: 5px;'>Adaptaci\u00f3n de sistemas de comunicaci\u00f3n celular<\/li>\n<li style='margin-bottom: 5px;'>Conexi\u00f3n de equipos de radio comunicaci\u00f3n<\/li>\n<li style='margin-bottom: 5px;'>Reparaci\u00f3n de dispositivos con conectores especiales<\/li>\n<li style='margin-bottom: 5px;'>Uso en entornos industriales y profesionales<\/li>\n<li style='margin-bottom: 5px;'>Compatibilidad con equipos NEC y Technophone<\/li>\n<\/ul><\/div>\n<p> <!-- Separador --> <\/p>\n<hr style='border: 0; border-top: 1px solid rgba(150&comma; 150&comma; 150&comma; 0.3); margin: 30px 0;'> <!-- Secci\u00f3n de informaci\u00f3n de contacto --> <\/p>\n<div style='margin-bottom: 30px;'>\n<h3 style='font-size: 22px; border-bottom: 2px solid currentColor; padding-bottom: 5px; margin-top: 0; color: inherit; opacity: 0.8;'>Informaci\u00f3n del Fabricante<\/h3>\n<ul style='padding-left: 20px; font-size: 15px; color: inherit; list-style-type: disc;'>\n<li style='margin-bottom: 5px;'><strong>Nombre:<\/strong> RF Industries&comma; Ltd<\/li>\n<li style='margin-bottom: 5px;'><strong>Direcci\u00f3n:<\/strong> 7610 Miramar Road&comma; San Diego&comma; CA 92126<\/li>\n<li style='margin-bottom: 5px;'><strong>Tel\u00e9fonos:<\/strong> (800)233-1728&comma; (858)549-6340<\/li>\n<li style='margin-bottom: 5px;'><strong>Fax:<\/strong> (858)549-6345<\/li>\n<li style='margin-bottom: 5px;'><strong>Email:<\/strong> rfi@rfindustries.com<\/li>\n<li style='margin-bottom: 5px;'><strong>Sitio Web:<\/strong> www.rfindustries.com<\/li>\n<\/ul><\/div>\n<\/p><\/div>\n","protected":false},"excerpt":{"rendered":"<p>Kit maestro de 34 adaptadores coaxiales para celular dif\u00edciles de encontrar.<\/p>\n","protected":false},"featured_media":62455,"comment_status":"open","ping_status":"closed","template":"","meta":[],"product_brand":[],"product_cat":[1837],"product_tag":[1649,1838,1310,1309],"class_list":{"0":"post-62456","1":"product","2":"type-product","3":"status-publish","4":"has-post-thumbnail","6":"product_cat-kits-en-estuche","7":"product_tag-adaptadores","8":"product_tag-kits-en-estuche","9":"product_tag-ltd","10":"product_tag-rf-industries","12":"first","13":"outofstock","14":"sale","15":"shipping-taxable","16":"purchasable","17":"product-type-simple"},"_links":{"self":[{"href":"https:\/\/soydeaqui.ddns.net\/pachuca\/index.php\/wp-json\/wp\/v2\/product\/62456","targetHints":{"allow":["GET"]}}],"collection":[{"href":"https:\/\/soydeaqui.ddns.net\/pachuca\/index.php\/wp-json\/wp\/v2\/product"}],"about":[{"href":"https:\/\/soydeaqui.ddns.net\/pachuca\/index.php\/wp-json\/wp\/v2\/types\/product"}],"replies":[{"embeddable":true,"href":"https:\/\/soydeaqui.ddns.net\/pachuca\/index.php\/wp-json\/wp\/v2\/comments?post=62456"}],"wp:featuredmedia":[{"embeddable":true,"href":"https:\/\/soydeaqui.ddns.net\/pachuca\/index.php\/wp-json\/wp\/v2\/media\/62455"}],"wp:attachment":[{"href":"https:\/\/soydeaqui.ddns.net\/pachuca\/index.php\/wp-json\/wp\/v2\/media?parent=62456"}],"wp:term":[{"taxonomy":"product_brand","embeddable":true,"href":"https:\/\/soydeaqui.ddns.net\/pachuca\/index.php\/wp-json\/wp\/v2\/product_brand?post=62456"},{"taxonomy":"product_cat","embeddable":true,"href":"https:\/\/soydeaqui.ddns.net\/pachuca\/index.php\/wp-json\/wp\/v2\/product_cat?post=62456"},{"taxonomy":"product_tag","embeddable":true,"href":"https:\/\/soydeaqui.ddns.net\/pachuca\/index.php\/wp-json\/wp\/v2\/product_tag?post=62456"}],"curies":[{"name":"wp","href":"https:\/\/api.w.org\/{rel}","templated":true}]}}