{"id":62454,"date":"2026-03-19T06:42:33","date_gmt":"2026-03-19T06:42:33","guid":{"rendered":"https:\/\/soydeaqui.ddns.net\/pachuca\/index.php\/producto\/conector-tnc-macho-inverso-anillo-plegable-para-ensamblar-en-cables-rg-8-u-lmr-400-niquel-oro-teflon\/"},"modified":"2026-03-19T06:42:33","modified_gmt":"2026-03-19T06:42:33","slug":"conector-tnc-macho-inverso-anillo-plegable-para-ensamblar-en-cables-rg-8-u-lmr-400-niquel-oro-teflon","status":"publish","type":"product","link":"https:\/\/soydeaqui.ddns.net\/pachuca\/index.php\/producto\/conector-tnc-macho-inverso-anillo-plegable-para-ensamblar-en-cables-rg-8-u-lmr-400-niquel-oro-teflon\/","title":{"rendered":"Conector TNC Macho Inverso, Anillo Plegable para ensamblar en cables RG-8\/U, LMR-400, Niquel, Oro, Tefl\u00f3n"},"content":{"rendered":"<div style='width: 100%; max-width: 1200px; margin: 0 auto; font-family: sans-serif; line-height: 1.6; color: inherit; background-color: transparent;'>\n<div style='display: flex; flex-wrap: wrap; gap: 30px; margin-bottom: 30px;'>\n<div style='flex: 1 1 300px; min-width: 280px;'>\n<h3 style='font-size: 22px; border-bottom: 2px solid currentColor; padding-bottom: 5px; margin-top: 0; color: inherit; opacity: 0.8;'>Caracter\u00edsticas del Conector<\/h3>\n<ul style='padding-left: 20px; font-size: 15px; color: inherit;'>\n<li style='margin-bottom: 5px;'><strong>Tipo de Conector:<\/strong> TNC Macho Inverso<\/li>\n<li style='margin-bottom: 5px;'><strong>Especial para Cable:<\/strong> 9913&comma; 7810A&comma; 8214&comma; CNT-400&comma; RG8\/U-SYS&comma; RFLASH-1113<\/li>\n<li style='margin-bottom: 5px;'><strong>Modo de Ensamble:<\/strong> Anillo plegable<\/li>\n<li style='margin-bottom: 5px;'><strong>Cuerpo:<\/strong> Bronce Niquelado<\/li>\n<li style='margin-bottom: 5px;'><strong>Contacto Central:<\/strong> Oro<\/li>\n<li style='margin-bottom: 5px;'><strong>Aislante Diel\u00e9ctrico:<\/strong> Tefl\u00f3n<\/li>\n<\/ul><\/div>\n<div style='flex: 1 1 300px; min-width: 280px;'>\n<h3 style='font-size: 22px; border-bottom: 2px solid currentColor; padding-bottom: 5px; margin-top: 0; color: inherit; opacity: 0.8;'>Caracter\u00edsticas Principales<\/h3>\n<ul style='padding-left: 20px; font-size: 15px; color: inherit;'>\n<li style='margin-bottom: 5px;'>Conector TNC macho inverso para RG-8\/U&comma; LMR-400<\/li>\n<li style='margin-bottom: 5px;'>Compatibilidad con cables 9913&comma; 7810A&comma; 8214&comma; CNT-400<\/li>\n<li style='margin-bottom: 5px;'>Cuerpo de bronce niquelado&comma; asegurando durabilidad<\/li>\n<li style='margin-bottom: 5px;'>Contacto central de oro para mejor conductividad<\/li>\n<li style='margin-bottom: 5px;'>Aislante diel\u00e9ctrico de tefl\u00f3n para m\u00e1xima estabilidad<\/li>\n<\/ul><\/div>\n<\/p><\/div>\n<hr style='border: 0; border-top: 1px solid rgba(150&comma; 150&comma; 150&comma; 0.3); margin: 30px 0;'> <\/div>\n","protected":false},"excerpt":{"rendered":"<p>Conector TNC Macho Inverso, Anillo Plegable para ensamblar en cables RG-8\/U, LMR-400, Niquel, Oro, Tefl\u00f3n<\/p>\n","protected":false},"featured_media":62453,"comment_status":"open","ping_status":"closed","template":"","meta":[],"product_brand":[],"product_cat":[1589,1590,1591,1588],"product_tag":[1593,1594,616,1595,1310,1309,1592],"class_list":{"0":"post-62454","1":"product","2":"type-product","3":"status-publish","4":"has-post-thumbnail","6":"product_cat-1589","7":"product_cat-cnt-400","8":"product_cat-lmr-400","9":"product_cat-rg-8-u","10":"product_tag-1593","11":"product_tag-cnt-400","12":"product_tag-conectores","13":"product_tag-lmr-400","14":"product_tag-ltd","15":"product_tag-rf-industries","16":"product_tag-rg-8-u","18":"first","19":"instock","20":"sale","21":"shipping-taxable","22":"purchasable","23":"product-type-simple"},"_links":{"self":[{"href":"https:\/\/soydeaqui.ddns.net\/pachuca\/index.php\/wp-json\/wp\/v2\/product\/62454","targetHints":{"allow":["GET"]}}],"collection":[{"href":"https:\/\/soydeaqui.ddns.net\/pachuca\/index.php\/wp-json\/wp\/v2\/product"}],"about":[{"href":"https:\/\/soydeaqui.ddns.net\/pachuca\/index.php\/wp-json\/wp\/v2\/types\/product"}],"replies":[{"embeddable":true,"href":"https:\/\/soydeaqui.ddns.net\/pachuca\/index.php\/wp-json\/wp\/v2\/comments?post=62454"}],"wp:featuredmedia":[{"embeddable":true,"href":"https:\/\/soydeaqui.ddns.net\/pachuca\/index.php\/wp-json\/wp\/v2\/media\/62453"}],"wp:attachment":[{"href":"https:\/\/soydeaqui.ddns.net\/pachuca\/index.php\/wp-json\/wp\/v2\/media?parent=62454"}],"wp:term":[{"taxonomy":"product_brand","embeddable":true,"href":"https:\/\/soydeaqui.ddns.net\/pachuca\/index.php\/wp-json\/wp\/v2\/product_brand?post=62454"},{"taxonomy":"product_cat","embeddable":true,"href":"https:\/\/soydeaqui.ddns.net\/pachuca\/index.php\/wp-json\/wp\/v2\/product_cat?post=62454"},{"taxonomy":"product_tag","embeddable":true,"href":"https:\/\/soydeaqui.ddns.net\/pachuca\/index.php\/wp-json\/wp\/v2\/product_tag?post=62454"}],"curies":[{"name":"wp","href":"https:\/\/api.w.org\/{rel}","templated":true}]}}