{"id":62448,"date":"2026-03-19T06:42:14","date_gmt":"2026-03-19T06:42:14","guid":{"rendered":"https:\/\/soydeaqui.ddns.net\/pachuca\/index.php\/producto\/bobina-de-305-metros-1000-pies-de-cable-coaxial-rg59-siams-malla-de-cobre-hecho-en-mxico-optimizado-para-hd-aplicacin-para-intemperie-forro-grabado-con-la-marca-syscom\/"},"modified":"2026-03-19T06:42:15","modified_gmt":"2026-03-19T06:42:15","slug":"bobina-de-305-metros-1000-pies-de-cable-coaxial-rg59-siams-malla-de-cobre-hecho-en-mxico-optimizado-para-hd-aplicacin-para-intemperie-forro-grabado-con-la-marca-syscom","status":"publish","type":"product","link":"https:\/\/soydeaqui.ddns.net\/pachuca\/index.php\/producto\/bobina-de-305-metros-1000-pies-de-cable-coaxial-rg59-siams-malla-de-cobre-hecho-en-mxico-optimizado-para-hd-aplicacin-para-intemperie-forro-grabado-con-la-marca-syscom\/","title":{"rendered":"Bobina de 305 Metros (1000 Pies) de Cable Coaxial RG59 Siam?s, Malla de Cobre, Hecho en M?xico, Optimizado para HD. Aplicaci?n para Intemperie. (Forro Grabado con la Marca SYSCOM)"},"content":{"rendered":"<div style='width: 100%; max-width: 1200px; margin: 0 auto; font-family: sans-serif; line-height: 1.6; color: inherit; background-color: transparent;'>\n<div style='display: flex; flex-wrap: wrap; gap: 30px; margin-bottom: 30px;'>\n<div style='flex: 1 1 300px; min-width: 280px;'>\n<h3 style='font-size: 22px; border-bottom: 2px solid currentColor; padding-bottom: 5px; margin-top: 0; color: inherit; opacity: 0.8;'>Descripci\u00f3n<\/h3>\n<ul style='padding-left: 20px; font-size: 15px; color: inherit;'>\n<li style='margin-bottom: 5px;'>Cable Siam\u00e9s (Coaxial + Multiconductor)<\/li>\n<li style='margin-bottom: 5px;'>Conductor de cobre s\u00f3lido<\/li>\n<li style='margin-bottom: 5px;'>Aislamiento de polietileno espumado tipo SFS\u00ae (Skin Foam Skin)<\/li>\n<li style='margin-bottom: 5px;'>Blindaje electromagn\u00e9tico con malla de cobre al 96% de cobertura<\/li>\n<li style='margin-bottom: 5px;'>Cubierta de PVC con propiedades retardantes a la flama<\/li>\n<li style='margin-bottom: 5px;'>Forro grabado con la marca SYSCOM<\/li>\n<li style='margin-bottom: 5px;'>Optimizado para HD<\/li>\n<li style='margin-bottom: 5px;'>Aplicaci\u00f3n para intemperie<\/li>\n<\/ul><\/div>\n<\/p><\/div>\n<div style='display: flex; flex-wrap: wrap; gap: 20px; margin-bottom: 30px;'>\n<div style='flex: 1 1 250px; border: 1px solid rgba(150&comma; 150&comma; 150&comma; 0.4); border-radius: 8px; overflow: hidden; display: flex; flex-direction: column;'>\n<div style='padding: 15px; border-bottom: 1px solid rgba(150&comma; 150&comma; 150&comma; 0.2); font-weight: bold; font-size: 18px; color: inherit;'>Conductores<\/div>\n<div style='padding: 15px; color: inherit;'>\n<ul style='padding-left: 20px; margin: 0; font-size: 14px; list-style-type: disc;'>\n<li style='margin-bottom: 5px;'><strong>N\u00famero de conductor coaxial:<\/strong> 1<\/li>\n<li style='margin-bottom: 5px;'><strong>Material:<\/strong> Cobre<\/li>\n<li style='margin-bottom: 5px;'><strong>Di\u00e1metro externo nominal:<\/strong> 0.032&#8242;<\/li>\n<li style='margin-bottom: 5px;'><strong>Conductores para alimentaci\u00f3n:<\/strong> 2&comma; 20 AWG<\/li>\n<\/ul><\/div>\n<\/p><\/div>\n<div style='flex: 1 1 250px; border: 1px solid rgba(150&comma; 150&comma; 150&comma; 0.4); border-radius: 8px; overflow: hidden; display: flex; flex-direction: column;'>\n<div style='padding: 15px; border-bottom: 1px solid rgba(150&comma; 150&comma; 150&comma; 0.2); font-weight: bold; font-size: 18px; color: inherit;'>Aislamiento<\/div>\n<div style='padding: 15px; color: inherit;'>\n<ul style='padding-left: 20px; margin: 0; font-size: 14px; list-style-type: disc;'>\n<li style='margin-bottom: 5px;'><strong>Material:<\/strong> Polietileno Espumado (SFS)<\/li>\n<li style='margin-bottom: 5px;'><strong>Di\u00e1metro externo nominal:<\/strong> 0.144&#8242;<\/li>\n<\/ul><\/div>\n<\/p><\/div>\n<div style='flex: 1 1 250px; border: 1px solid rgba(150&comma; 150&comma; 150&comma; 0.4); border-radius: 8px; overflow: hidden; display: flex; flex-direction: column;'>\n<div style='padding: 15px; border-bottom: 1px solid rgba(150&comma; 150&comma; 150&comma; 0.2); font-weight: bold; font-size: 18px; color: inherit;'>Blindaje<\/div>\n<div style='padding: 15px; color: inherit;'>\n<ul style='padding-left: 20px; margin: 0; font-size: 14px; list-style-type: disc;'>\n<li style='margin-bottom: 5px;'><strong>Cobertura:<\/strong> 96%<\/li>\n<\/ul><\/div>\n<\/p><\/div>\n<div style='flex: 1 1 250px; border: 1px solid rgba(150&comma; 150&comma; 150&comma; 0.4); border-radius: 8px; overflow: hidden; display: flex; flex-direction: column;'>\n<div style='padding: 15px; border-bottom: 1px solid rgba(150&comma; 150&comma; 150&comma; 0.2); font-weight: bold; font-size: 18px; color: inherit;'>Cubierta<\/div>\n<div style='padding: 15px; color: inherit;'>\n<ul style='padding-left: 20px; margin: 0; font-size: 14px; list-style-type: disc;'>\n<li style='margin-bottom: 5px;'><strong>Material:<\/strong> FR-PVC<\/li>\n<li style='margin-bottom: 5px;'><strong>Di\u00e1metro externo nominal:<\/strong> 0.237&#8242;<\/li>\n<li style='margin-bottom: 5px;'><strong>Color:<\/strong> Negro<\/li>\n<\/ul><\/div>\n<\/p><\/div>\n<div style='flex: 1 1 250px; border: 1px solid rgba(150&comma; 150&comma; 150&comma; 0.4); border-radius: 8px; overflow: hidden; display: flex; flex-direction: column;'>\n<div style='padding: 15px; border-bottom: 1px solid rgba(150&comma; 150&comma; 150&comma; 0.2); font-weight: bold; font-size: 18px; color: inherit;'>Especificaciones<\/div>\n<div style='padding: 15px; color: inherit;'>\n<ul style='padding-left: 20px; margin: 0; font-size: 14px; list-style-type: disc;'>\n<li style='margin-bottom: 5px;'><strong>UL444:<\/strong> Cables para Comunicaciones<\/li>\n<li style='margin-bottom: 5px;'><strong>NEC Art\u00edculo 725:<\/strong> Se\u00f1alizaci\u00f3n&comma; control remoto y circuitos de potencia limitada<\/li>\n<li style='margin-bottom: 5px;'><strong>NMX-I-248-NYCE:<\/strong> Cables para telecomunicaciones y cableado estructurado<\/li>\n<\/ul><\/div>\n<\/p><\/div>\n<div style='flex: 1 1 250px; border: 1px solid rgba(150&comma; 150&comma; 150&comma; 0.4); border-radius: 8px; overflow: hidden; display: flex; flex-direction: column;'>\n<div style='padding: 15px; border-bottom: 1px solid rgba(150&comma; 150&comma; 150&comma; 0.2); font-weight: bold; font-size: 18px; color: inherit;'>Aplicaci\u00f3n<\/div>\n<div style='padding: 15px; color: inherit;'>\n<ul style='padding-left: 20px; margin: 0; font-size: 14px; list-style-type: disc;'>\n<li style='margin-bottom: 5px;'>Conexi\u00f3n y control de sistemas de video vigilancia<\/li>\n<li style='margin-bottom: 5px;'>C\u00e1maras An\u00e1logas y Video grabadoras digitales<\/li>\n<li style='margin-bottom: 5px;'>Env\u00edo de se\u00f1ales de video compuesto&comma; 1 VPP 75 Ohms<\/li>\n<li style='margin-bottom: 5px;'>Alimentaci\u00f3n de 12 Vcc \u00f3 24 VCA a c\u00e1maras fijas<\/li>\n<li style='margin-bottom: 5px;'>Distancia t\u00edpica de video y alimentaci\u00f3n: 150 mts<\/li>\n<\/ul><\/div>\n<\/p><\/div>\n<\/p><\/div>\n<div style='display: flex; flex-wrap: wrap; gap: 30px; margin-bottom: 30px;'>\n<div style='flex: 1 1 300px; min-width: 280px;'>\n<h3 style='font-size: 22px; border-bottom: 2px solid currentColor; padding-bottom: 5px; margin-top: 0; color: inherit; opacity: 0.8;'>Informaci\u00f3n adicional<\/h3>\n<ul style='padding-left: 20px; font-size: 15px; color: inherit;'>\n<li style='margin-bottom: 5px;'><strong>Conector requerido:<\/strong> BNC para RG59<\/li>\n<li style='margin-bottom: 5px;'><strong>Precio:<\/strong> Por carrete de 305 mts<\/li>\n<li style='margin-bottom: 5px;'><strong>Origen:<\/strong> HECHO EN M\u00c9XICO<\/li>\n<\/ul><\/div>\n<\/p><\/div>\n<div style='position: relative; padding-bottom: 56.25%; height: 0; overflow: hidden; margin-bottom: 30px;'>   <\/div>\n<div style='position: relative; padding-bottom: 56.25%; height: 0; overflow: hidden; margin-bottom: 30px;'>   <\/div>\n<hr style='border: 0; border-top: 1px solid rgba(150&comma; 150&comma; 150&comma; 0.3); margin: 30px 0;'> <\/div>\n","protected":false},"excerpt":{"rendered":"<p>Bobina de 305 Metros (1000 Pies) de Cable Coaxial RG59 Siam?s, Malla de Cobre, Hecho en M?xico, Optimizado para HD. Aplicaci?n para Intemperie. (Forro Grabado con la Marca SYSCOM)<\/p>\n","protected":false},"featured_media":62447,"comment_status":"open","ping_status":"closed","template":"","meta":[],"product_brand":[],"product_cat":[1558],"product_tag":[138,1559,242],"class_list":{"0":"post-62448","1":"product","2":"type-product","3":"status-publish","4":"has-post-thumbnail","6":"product_cat-coaxiales","7":"product_tag-cables","8":"product_tag-coaxiales","9":"product_tag-viakon","11":"first","12":"instock","13":"sale","14":"shipping-taxable","15":"purchasable","16":"product-type-simple"},"_links":{"self":[{"href":"https:\/\/soydeaqui.ddns.net\/pachuca\/index.php\/wp-json\/wp\/v2\/product\/62448","targetHints":{"allow":["GET"]}}],"collection":[{"href":"https:\/\/soydeaqui.ddns.net\/pachuca\/index.php\/wp-json\/wp\/v2\/product"}],"about":[{"href":"https:\/\/soydeaqui.ddns.net\/pachuca\/index.php\/wp-json\/wp\/v2\/types\/product"}],"replies":[{"embeddable":true,"href":"https:\/\/soydeaqui.ddns.net\/pachuca\/index.php\/wp-json\/wp\/v2\/comments?post=62448"}],"wp:featuredmedia":[{"embeddable":true,"href":"https:\/\/soydeaqui.ddns.net\/pachuca\/index.php\/wp-json\/wp\/v2\/media\/62447"}],"wp:attachment":[{"href":"https:\/\/soydeaqui.ddns.net\/pachuca\/index.php\/wp-json\/wp\/v2\/media?parent=62448"}],"wp:term":[{"taxonomy":"product_brand","embeddable":true,"href":"https:\/\/soydeaqui.ddns.net\/pachuca\/index.php\/wp-json\/wp\/v2\/product_brand?post=62448"},{"taxonomy":"product_cat","embeddable":true,"href":"https:\/\/soydeaqui.ddns.net\/pachuca\/index.php\/wp-json\/wp\/v2\/product_cat?post=62448"},{"taxonomy":"product_tag","embeddable":true,"href":"https:\/\/soydeaqui.ddns.net\/pachuca\/index.php\/wp-json\/wp\/v2\/product_tag?post=62448"}],"curies":[{"name":"wp","href":"https:\/\/api.w.org\/{rel}","templated":true}]}}