{"id":62438,"date":"2026-03-19T06:41:46","date_gmt":"2026-03-19T06:41:46","guid":{"rendered":"https:\/\/soydeaqui.ddns.net\/pachuca\/index.php\/producto\/fuente-de-poder-13-8vcc-35a-lineal-regulada-con-circuito-cargador-de-baterias-para-instalacion-en-rack\/"},"modified":"2026-03-19T06:42:00","modified_gmt":"2026-03-19T06:42:00","slug":"fuente-de-poder-13-8vcc-35a-lineal-regulada-con-circuito-cargador-de-baterias-para-instalacion-en-rack","status":"publish","type":"product","link":"https:\/\/soydeaqui.ddns.net\/pachuca\/index.php\/producto\/fuente-de-poder-13-8vcc-35a-lineal-regulada-con-circuito-cargador-de-baterias-para-instalacion-en-rack\/","title":{"rendered":"Fuente de poder  13.8Vcc, 35A, lineal regulada con circuito cargador de bater\u00edas, para instalaci\u00f3n en rack"},"content":{"rendered":"<div style='width: 100%; max-width: 1200px; margin: 0 auto; font-family: sans-serif; line-height: 1.6; color: inherit; background-color: transparent;'> <!-- Secci\u00f3n de contenido con flex\/grid --> <\/p>\n<div style='display: flex; flex-wrap: wrap; gap: 30px; margin-bottom: 30px;'>\n<div style='flex: 1 1 300px; min-width: 280px;'>\n<h3 style='font-size: 22px; border-bottom: 2px solid currentColor; padding-bottom: 5px; margin-top: 0; color: inherit; opacity: 0.8;'>Fuentes ASTRON<\/h3>\n<p style='font-size: 15px; color: inherit; text-align: center; margin-bottom: 15px;'> <img style='width: 100%; height: auto; border: 1px solid rgba(150&comma;150&comma;150&comma;0.3); border-radius: 8px;' src='http:\/\/ftp3.syscom.mx\/usuarios\/sapodaca\/Astron\/LOGO%20ASTRON.png' alt=''> <\/p>\n<p style='font-size: 15px; color: inherit; text-align: justify; margin-bottom: 15px;'> Desde 1976&comma; Astron Corporation ha sido un fabricante l\u00edder de fuentes de alimentaci\u00f3n. Fabricadas en E.U.A&comma; nuestras fuentes han servido de manera confiable. Hoy en d\u00eda&comma; Astron es distribuidor a nivel mundial. <\/p>\n<\/p><\/div>\n<\/p><\/div>\n<p> <!-- Secci\u00f3n de caracter\u00edsticas --> <\/p>\n<div style='display: flex; flex-wrap: wrap; gap: 30px; margin-bottom: 30px;'>\n<div style='flex: 1 1 300px; min-width: 280px;'>\n<h3 style='font-size: 22px; border-bottom: 2px solid currentColor; padding-bottom: 5px; margin-top: 0; color: inherit; opacity: 0.8;'>Caracter\u00edsticas<\/h3>\n<ul style='padding-left: 20px; font-size: 15px; color: inherit;'>\n<li style='margin-bottom: 5px;'>Regulaci\u00f3n electr\u00f3nica de estado s\u00f3lido<\/li>\n<li style='margin-bottom: 5px;'>Delimitador de corriente (protege la fuente por exceso de corriente)<\/li>\n<li style='margin-bottom: 5px;'>Disipador de calor para trabajo pesado<\/li>\n<li style='margin-bottom: 5px;'>Mantiene regulaci\u00f3n a bajas entradas de voltaje<\/li>\n<li style='margin-bottom: 5px; font-weight: bold;'>Ideal para instalar en Rack<\/li>\n<li style='margin-bottom: 5px;'>1 A\u00f1o de Garant\u00eda<\/li>\n<\/ul><\/div>\n<\/p><\/div>\n<p> <!-- Secci\u00f3n de especificaciones --> <\/p>\n<div style='display: flex; flex-wrap: wrap; gap: 30px; margin-bottom: 30px;'>\n<div style='flex: 1 1 300px; min-width: 280px;'>\n<h3 style='font-size: 22px; border-bottom: 2px solid currentColor; padding-bottom: 5px; margin-top: 0; color: inherit; opacity: 0.8;'>Especificaciones<\/h3>\n<ul style='padding-left: 20px; font-size: 15px; color: inherit;'>\n<li style='margin-bottom: 5px;'><strong>Voltaje de entrada:<\/strong> 115 Vca \/ 60 Hz<\/li>\n<li style='margin-bottom: 5px;'><strong>Voltaje de salida:<\/strong> 13.8 Vcc<\/li>\n<li style='margin-bottom: 5px;'><strong>Corriente de salida:<\/strong> 25 A continuos \/ 35 A m\u00e1x.<\/li>\n<li style='margin-bottom: 5px;'><strong>Cargador de bater\u00edas:<\/strong> Si (3A para carga a bater\u00eda)<\/li>\n<li style='margin-bottom: 5px;'><strong>Medidores:<\/strong> Si<\/li>\n<li style='margin-bottom: 5px;'><strong>Peso:<\/strong> 17.3 kg<\/li>\n<li style='margin-bottom: 5px;'><strong>Dimensiones:<\/strong> 48.2 x 13.3 x 31.8 cm<\/li>\n<\/ul><\/div>\n<\/p><\/div>\n<p> <!-- Separador --> <\/p>\n<hr style='border: 0; border-top: 1px solid rgba(150&comma; 150&comma; 150&comma; 0.3); margin: 30px 0;'> <\/div>\n","protected":false},"excerpt":{"rendered":"<p>Fuente de poder  13.8Vcc, 35A, lineal regulada con circuito cargador de bater\u00edas, para instalaci\u00f3n en rack<\/p>\n","protected":false},"featured_media":62437,"comment_status":"open","ping_status":"closed","template":"","meta":[],"product_brand":[],"product_cat":[874],"product_tag":[1274,142,875],"class_list":{"0":"post-62438","1":"product","2":"type-product","3":"status-publish","4":"has-post-thumbnail","6":"product_cat-fuentes-industriales-de-cd","7":"product_tag-astron","8":"product_tag-energia","9":"product_tag-fuentes-industriales-de-cd","11":"first","12":"outofstock","13":"sale","14":"shipping-taxable","15":"purchasable","16":"product-type-simple"},"_links":{"self":[{"href":"https:\/\/soydeaqui.ddns.net\/pachuca\/index.php\/wp-json\/wp\/v2\/product\/62438","targetHints":{"allow":["GET"]}}],"collection":[{"href":"https:\/\/soydeaqui.ddns.net\/pachuca\/index.php\/wp-json\/wp\/v2\/product"}],"about":[{"href":"https:\/\/soydeaqui.ddns.net\/pachuca\/index.php\/wp-json\/wp\/v2\/types\/product"}],"replies":[{"embeddable":true,"href":"https:\/\/soydeaqui.ddns.net\/pachuca\/index.php\/wp-json\/wp\/v2\/comments?post=62438"}],"wp:featuredmedia":[{"embeddable":true,"href":"https:\/\/soydeaqui.ddns.net\/pachuca\/index.php\/wp-json\/wp\/v2\/media\/62437"}],"wp:attachment":[{"href":"https:\/\/soydeaqui.ddns.net\/pachuca\/index.php\/wp-json\/wp\/v2\/media?parent=62438"}],"wp:term":[{"taxonomy":"product_brand","embeddable":true,"href":"https:\/\/soydeaqui.ddns.net\/pachuca\/index.php\/wp-json\/wp\/v2\/product_brand?post=62438"},{"taxonomy":"product_cat","embeddable":true,"href":"https:\/\/soydeaqui.ddns.net\/pachuca\/index.php\/wp-json\/wp\/v2\/product_cat?post=62438"},{"taxonomy":"product_tag","embeddable":true,"href":"https:\/\/soydeaqui.ddns.net\/pachuca\/index.php\/wp-json\/wp\/v2\/product_tag?post=62438"}],"curies":[{"name":"wp","href":"https:\/\/api.w.org\/{rel}","templated":true}]}}