{"id":6243,"date":"2026-03-18T06:40:51","date_gmt":"2026-03-18T06:40:51","guid":{"rendered":"https:\/\/soydeaqui.ddns.net\/pachuca\/index.php\/producto\/sirena-estrobo-12-vcd-multi-candela-15-hasta-110-cd-montaje-en-pared-color-rojo-serie-hec3-0500-05980-hochiki\/"},"modified":"2026-03-18T06:40:54","modified_gmt":"2026-03-18T06:40:54","slug":"sirena-estrobo-12-vcd-multi-candela-15-hasta-110-cd-montaje-en-pared-color-rojo-serie-hec3-0500-05980-hochiki","status":"publish","type":"product","link":"https:\/\/soydeaqui.ddns.net\/pachuca\/index.php\/producto\/sirena-estrobo-12-vcd-multi-candela-15-hasta-110-cd-montaje-en-pared-color-rojo-serie-hec3-0500-05980-hochiki\/","title":{"rendered":"Sirena Estrobo, 12 Vcd, Multi-Candela 15 hasta 110 cd, Montaje En Pared, Color Rojo, Serie HEC3 (0500-05980) Hochiki"},"content":{"rendered":"<div style='width: 100%; max-width: 1200px; margin: 0 auto; font-family: sans-serif; line-height: 1.6; color: inherit; background-color: transparent;'>\n<div style='display: flex; flex-wrap: wrap; gap: 30px; margin-bottom: 30px;'>\n<div style='flex: 1 1 300px; min-width: 280px;'>\n<h3 style='font-size: 22px; border-bottom: 2px solid currentColor; padding-bottom: 5px; margin-top: 0; color: inherit; opacity: 0.8;'>Se\u00f1ales De Evacuaci\u00f3n De Candela Seleccionable<\/h3>\n<h4 style='font-size: 18px; margin-top: 0; margin-bottom: 15px; color: inherit; opacity: 0.8;'>Serie HE HOCHIKI<\/h4>\n<p style='font-size: 15px; color: inherit; margin-bottom: 15px;'>La Serie HE es una combinaci\u00f3n discreta de estroboscopio y bocina\/estroboscopio que ofrece alarmas sonoras y visuales confiables y la corriente m\u00e1s baja disponible.<\/p>\n<p style='font-size: 15px; color: inherit; margin-bottom: 15px;'>La Serie HE de 24 VCC ofrece opciones de candelas seleccionables en campo con protecci\u00f3n contra manipulaciones de 15&comma; 30&comma; 60&comma; 75 y 110 candelas. Los modelos de 12 VCC ofrecen opciones de candelas seleccionables en campo con protecci\u00f3n contra manipulaciones de 15&comma; 30&comma; 60 y 75 candelas.<\/p>\n<p style='font-size: 15px; color: inherit; margin-bottom: 15px;'>La bocina de la Serie HE ofrece tres tonos temporales continuos o sincronizables de 2400 Hz&comma; un tono mec\u00e1nico&comma; un timbre y un tono de silbido. Todos los tonos son f\u00e1ciles de cambiar en campo mediante interruptores.<\/p>\n<p style='font-size: 15px; color: inherit; margin-bottom: 15px;'>La Serie HE tiene una corriente de funcionamiento m\u00ednima y una frecuencia de destello m\u00ednima de 1 Hz&comma; independientemente del voltaje de entrada. Se entrega con la placa de montaje met\u00e1lica est\u00e1ndar de 4&#8217;&comma; que incorpora la popular funci\u00f3n deslizante&comma; que permite al instalador realizar f\u00e1cilmente pruebas bajo supervisi\u00f3n.<\/p>\n<p style='font-size: 15px; color: inherit; margin-bottom: 15px;'>El producto tambi\u00e9n cuenta con un mecanismo de bloqueo que lo fija al soporte sin que se vean los tornillos.<\/p>\n<p style='font-size: 15px; color: inherit; margin-bottom: 15px;'>Los electrodom\u00e9sticos de la Serie HE cuentan con certificaci\u00f3n UL 464 y UL 1971 para su uso con sistemas de protecci\u00f3n contra incendios.<\/p>\n<\/p><\/div>\n<\/p><\/div>\n<div style='display: flex; flex-wrap: wrap; gap: 20px; margin-bottom: 30px;'>\n<div style='flex: 1 1 250px; border: 1px solid rgba(150&comma; 150&comma; 150&comma; 0.4); border-radius: 8px; overflow: hidden; display: flex; flex-direction: column;'>\n<div style='padding: 15px; border-bottom: 1px solid rgba(150&comma; 150&comma; 150&comma; 0.2); font-weight: bold; font-size: 18px; color: inherit;'>Caracter\u00edsticas Est\u00e1ndar<\/div>\n<div style='padding: 15px; color: inherit;'>\n<ul style='padding-left: 20px; margin: 0; font-size: 14px; list-style-type: disc;'>\n<li style='margin-bottom: 5px;'><strong>Cumplimiento:<\/strong> NFPA2&comma; Americans with Disabilities Act (ADA)&comma; Listado UL #S1529&comma; #S8369<\/li>\n<li style='margin-bottom: 5px;'><strong>Opciones de candelas 12 VCC:<\/strong> 15&comma; 30&comma; 60 y 75 candelas<\/li>\n<li style='margin-bottom: 5px;'><strong>Voltaje nominal:<\/strong> 24 VCC o 12 VCC (seg\u00fan versi\u00f3n)<\/li>\n<li style='margin-bottom: 5px;'><strong>Dimensiones:<\/strong> 5&#8242; (127 mm) altura x 4.5&#8242; (114 mm) ancho x 2.5&#8242; (635 mm) profundidad<\/li>\n<li style='margin-bottom: 5px;'><strong>Sincronizaci\u00f3n:<\/strong> Estroboscopio y\/o bocina con m\u00f3dulo de control de la serie Hochiki<\/li>\n<li style='margin-bottom: 5px;'><strong>Instalaci\u00f3n:<\/strong> Precableado de todo el sistema antes de instalar las se\u00f1ales<\/li>\n<li style='margin-bottom: 5px;'><strong>Costos:<\/strong> Menores costos de instalaci\u00f3n y operaci\u00f3n<\/li>\n<li style='margin-bottom: 5px;'><strong>Conexi\u00f3n:<\/strong> Terminales de entrada para cables de calibre 12 a 18<\/li>\n<li style='margin-bottom: 5px;'><strong>Selector de volumen:<\/strong> Alto o bajo dBA<\/li>\n<li style='margin-bottom: 5px;'><strong>Selecci\u00f3n de tono:<\/strong> Timbre&comma; silbido&comma; tono mec\u00e1nico y tono de 2400 Hz<\/li>\n<li style='margin-bottom: 5px;'><strong>Modo de operaci\u00f3n:<\/strong> Cambio entre continuo o temporal 3 (no disponible en tono de voz)<\/li>\n<li style='margin-bottom: 5px;'><strong>Montaje:<\/strong> En superficie con la HSB (caja de montaje en superficie Hochiki)<\/li>\n<li style='margin-bottom: 5px;'><strong>Funcionalidad:<\/strong> Silenciar la bocina mientras las luces estrobosc\u00f3picas permanecen parpadeando<\/li>\n<li style='margin-bottom: 5px;'><strong>Rango de voltaje:<\/strong> 8-17.5 VCC (unidades de 12 VCC) o 16-33 VCC o FWR (unidades de 24 VCC)<\/li>\n<li style='margin-bottom: 5px;'><strong>Colores placa frontal:<\/strong> Rojo o blanquecino<\/li>\n<li style='margin-bottom: 5px;'><strong>Temperatura operaci\u00f3n:<\/strong> 32 \u00b0F a 120 \u00b0F (0 \u00b0C a 49 \u00b0C)<\/li>\n<li style='margin-bottom: 5px;'><strong>Uso:<\/strong> Interior (no homologado para uso en exteriores)<\/li>\n<\/ul><\/div>\n<\/p><\/div>\n<\/p><\/div>\n<hr style='border: 0; border-top: 1px solid rgba(150&comma; 150&comma; 150&comma; 0.3); margin: 30px 0;'> <\/div>\n","protected":false},"excerpt":{"rendered":"<p>Sirena Estrobo, 12 Vcd, Multi-Candela 15 hasta 110 cd, Montaje En Pared, Color Rojo, Serie HEC3 (0500-05980) Hochiki<\/p>\n","protected":false},"featured_media":6242,"comment_status":"open","ping_status":"closed","template":"","meta":[],"product_brand":[],"product_cat":[146],"product_tag":[93,406,147],"class_list":{"0":"post-6243","1":"product","2":"type-product","3":"status-publish","4":"has-post-thumbnail","6":"product_cat-sirenas-y-estrobos","7":"product_tag-accesorios","8":"product_tag-hochiki","9":"product_tag-sirenas-y-estrobos","11":"first","12":"outofstock","13":"sale","14":"shipping-taxable","15":"purchasable","16":"product-type-simple"},"_links":{"self":[{"href":"https:\/\/soydeaqui.ddns.net\/pachuca\/index.php\/wp-json\/wp\/v2\/product\/6243","targetHints":{"allow":["GET"]}}],"collection":[{"href":"https:\/\/soydeaqui.ddns.net\/pachuca\/index.php\/wp-json\/wp\/v2\/product"}],"about":[{"href":"https:\/\/soydeaqui.ddns.net\/pachuca\/index.php\/wp-json\/wp\/v2\/types\/product"}],"replies":[{"embeddable":true,"href":"https:\/\/soydeaqui.ddns.net\/pachuca\/index.php\/wp-json\/wp\/v2\/comments?post=6243"}],"wp:featuredmedia":[{"embeddable":true,"href":"https:\/\/soydeaqui.ddns.net\/pachuca\/index.php\/wp-json\/wp\/v2\/media\/6242"}],"wp:attachment":[{"href":"https:\/\/soydeaqui.ddns.net\/pachuca\/index.php\/wp-json\/wp\/v2\/media?parent=6243"}],"wp:term":[{"taxonomy":"product_brand","embeddable":true,"href":"https:\/\/soydeaqui.ddns.net\/pachuca\/index.php\/wp-json\/wp\/v2\/product_brand?post=6243"},{"taxonomy":"product_cat","embeddable":true,"href":"https:\/\/soydeaqui.ddns.net\/pachuca\/index.php\/wp-json\/wp\/v2\/product_cat?post=6243"},{"taxonomy":"product_tag","embeddable":true,"href":"https:\/\/soydeaqui.ddns.net\/pachuca\/index.php\/wp-json\/wp\/v2\/product_tag?post=6243"}],"curies":[{"name":"wp","href":"https:\/\/api.w.org\/{rel}","templated":true}]}}