{"id":62422,"date":"2026-03-19T06:40:58","date_gmt":"2026-03-19T06:40:58","guid":{"rendered":"https:\/\/soydeaqui.ddns.net\/pachuca\/index.php\/producto\/control-para-repetidor-incluye-gabinete\/"},"modified":"2026-03-19T06:40:59","modified_gmt":"2026-03-19T06:40:59","slug":"control-para-repetidor-incluye-gabinete","status":"publish","type":"product","link":"https:\/\/soydeaqui.ddns.net\/pachuca\/index.php\/producto\/control-para-repetidor-incluye-gabinete\/","title":{"rendered":"Control para repetidor, incluye gabinete."},"content":{"rendered":"<div style='width: 100%; max-width: 1200px; margin: 0 auto; font-family: sans-serif; line-height: 1.6; color: inherit; background-color: transparent;'> <!-- Secci\u00f3n de contenido con flex\/grid --> <\/p>\n<div style='display: flex; flex-wrap: wrap; gap: 30px; margin-bottom: 30px;'>\n<div style='flex: 1 1 300px; min-width: 280px;'>\n<h3 style='font-size: 22px; border-bottom: 2px solid currentColor; padding-bottom: 5px; margin-top: 0; color: inherit; opacity: 0.8;'>Descripci\u00f3n general<\/h3>\n<p style='font-size: 15px; color: inherit; margin-bottom: 15px;'>Ahora de SYSCOM usted obtiene un COR listo para fabricar repetidores en cuesti\u00f3n de minutos. Simplemente conecte en el conector de accesorios de dos radios y funcionar\u00e1n como repetidor. El COR ya viene precalibrado. Adem\u00e1s opera en bidireccional&comma; por lo cual su repetidor autom\u00e1ticamente ser\u00e1 un repetidor doble si usted no programa el Tx de uno de los radios en &#8216;set&#8217;. Esta es la forma m\u00e1s econ\u00f3mica y r\u00e1pida de tener un repetidor operando. Con el KTS-10 o ITS-10 ahora es posible instalar repetidores en cualquier parte&comma; incluso dentro de edificios.<\/p>\n<\/p><\/div>\n<\/p><\/div>\n<p> <!-- Secci\u00f3n de caracter\u00edsticas --> <\/p>\n<div style='display: flex; flex-wrap: wrap; gap: 30px; margin-bottom: 30px;'>\n<div style='flex: 1 1 300px; min-width: 280px;'>\n<h3 style='font-size: 22px; border-bottom: 2px solid currentColor; padding-bottom: 5px; margin-top: 0; color: inherit; opacity: 0.8;'>Caracter\u00edsticas principales<\/h3>\n<ul style='padding-left: 20px; font-size: 15px; color: inherit;'>\n<li style='margin-bottom: 5px;'>Conexiones t\u00edpicas: Discriminador o COS&comma; micr\u00f3fono o entrada TX flat&comma; PTT&comma; +12 Vcc y tierra<\/li>\n<li style='margin-bottom: 5px;'>Tiene ajuste de tiempo de ca\u00edda y conexiones de encoder\/decoder CTCSS<\/li>\n<li style='margin-bottom: 5px;'>Tama\u00f1o peque\u00f1o. Viene en un gabinete de metal para prevenir interacciones con los radios<\/li>\n<li style='margin-bottom: 5px;'>Listo para conectarse a sus radios a trav\u00e9s del conector DB15 hembra&comma; incluye manual de instalaci\u00f3n<\/li>\n<li style='margin-bottom: 5px;'>Ajuste de tiempo de ca\u00edda y tono de cortes\u00eda<\/li>\n<li style='margin-bottom: 5px;'>Tama\u00f1o peque\u00f1o<\/li>\n<\/ul><\/div>\n<\/p><\/div>\n<p> <!-- Secci\u00f3n de notas --> <\/p>\n<div style='display: flex; flex-wrap: wrap; gap: 30px; margin-bottom: 30px;'>\n<div style='flex: 1 1 300px; min-width: 280px;'>\n<h3 style='font-size: 22px; border-bottom: 2px solid currentColor; padding-bottom: 5px; margin-top: 0; color: inherit; opacity: 0.8;'>Notas importantes<\/h3>\n<ul style='padding-left: 20px; font-size: 15px; color: inherit;'>\n<li style='margin-bottom: 5px;'>En los radios ICOM IC-F121S e ICF221S usted no requiere RP4&comma; pues ya est\u00e1 integrado en el radio. Su ITS-10 PLUS es m\u00e1s que suficiente<\/li>\n<li style='margin-bottom: 5px;'>Los repetidores fabricados con KTS00-10 o KTS-10 no pueden ser utilizados como Estaci\u00f3n Base<\/li>\n<\/ul><\/div>\n<\/p><\/div>\n<p> <!-- Separador --> <\/p>\n<hr style='border: 0; border-top: 1px solid rgba(150&comma; 150&comma; 150&comma; 0.3); margin: 30px 0;'> <\/div>\n","protected":false},"excerpt":{"rendered":"<p>Control para repetidor, incluye gabinete.<\/p>\n","protected":false},"featured_media":62421,"comment_status":"open","ping_status":"closed","template":"","meta":[],"product_brand":[],"product_cat":[1835],"product_tag":[1546,1419,63],"class_list":{"0":"post-62422","1":"product","2":"type-product","3":"status-publish","4":"has-post-thumbnail","6":"product_cat-controladores-aplicaciones-y-soluciones","7":"product_tag-aplicaciones-y-soluciones","8":"product_tag-controladores","9":"product_tag-syscom","11":"first","12":"outofstock","13":"sale","14":"shipping-taxable","15":"purchasable","16":"product-type-simple"},"_links":{"self":[{"href":"https:\/\/soydeaqui.ddns.net\/pachuca\/index.php\/wp-json\/wp\/v2\/product\/62422","targetHints":{"allow":["GET"]}}],"collection":[{"href":"https:\/\/soydeaqui.ddns.net\/pachuca\/index.php\/wp-json\/wp\/v2\/product"}],"about":[{"href":"https:\/\/soydeaqui.ddns.net\/pachuca\/index.php\/wp-json\/wp\/v2\/types\/product"}],"replies":[{"embeddable":true,"href":"https:\/\/soydeaqui.ddns.net\/pachuca\/index.php\/wp-json\/wp\/v2\/comments?post=62422"}],"wp:featuredmedia":[{"embeddable":true,"href":"https:\/\/soydeaqui.ddns.net\/pachuca\/index.php\/wp-json\/wp\/v2\/media\/62421"}],"wp:attachment":[{"href":"https:\/\/soydeaqui.ddns.net\/pachuca\/index.php\/wp-json\/wp\/v2\/media?parent=62422"}],"wp:term":[{"taxonomy":"product_brand","embeddable":true,"href":"https:\/\/soydeaqui.ddns.net\/pachuca\/index.php\/wp-json\/wp\/v2\/product_brand?post=62422"},{"taxonomy":"product_cat","embeddable":true,"href":"https:\/\/soydeaqui.ddns.net\/pachuca\/index.php\/wp-json\/wp\/v2\/product_cat?post=62422"},{"taxonomy":"product_tag","embeddable":true,"href":"https:\/\/soydeaqui.ddns.net\/pachuca\/index.php\/wp-json\/wp\/v2\/product_tag?post=62422"}],"curies":[{"name":"wp","href":"https:\/\/api.w.org\/{rel}","templated":true}]}}