{"id":62393,"date":"2026-03-19T06:39:59","date_gmt":"2026-03-19T06:39:59","guid":{"rendered":"https:\/\/soydeaqui.ddns.net\/pachuca\/index.php\/producto\/fuente-de-poder-13-8vcc-50a-lineal-regulada\/"},"modified":"2026-03-19T06:40:00","modified_gmt":"2026-03-19T06:40:00","slug":"fuente-de-poder-13-8vcc-50a-lineal-regulada","status":"publish","type":"product","link":"https:\/\/soydeaqui.ddns.net\/pachuca\/index.php\/producto\/fuente-de-poder-13-8vcc-50a-lineal-regulada\/","title":{"rendered":"Fuente de poder  13.8Vcc, 50A, lineal regulada"},"content":{"rendered":"<div style='width: 100%; max-width: 1200px; margin: 0 auto; font-family: sans-serif; line-height: 1.6; color: inherit; background-color: transparent;'>\n<div style='display: flex; flex-wrap: wrap; gap: 30px; margin-bottom: 30px;'>\n<div style='flex: 1 1 300px; min-width: 280px;'>\n<h3 style='font-size: 22px; border-bottom: 2px solid currentColor; padding-bottom: 5px; margin-top: 0; color: inherit; opacity: 0.8;'>Especificaciones El\u00e9ctricas<\/h3>\n<ul style='padding-left: 20px; font-size: 15px; color: inherit;'>\n<li style='margin-bottom: 5px;'><strong>Voltaje de Entrada:<\/strong> 105-125 VAC<\/li>\n<li style='margin-bottom: 5px;'><strong>Voltaje de Salida:<\/strong> 13.8 VDC \u00b1 0.05 volts<\/li>\n<li style='margin-bottom: 5px;'><strong>Corriente M\u00e1xima:<\/strong> 50 A<\/li>\n<li style='margin-bottom: 5px;'><strong>Corriente Continua:<\/strong> 37 A<\/li>\n<li style='margin-bottom: 5px;'><strong>Rizado:<\/strong> Menos de 5mV pico a pico (plena carga&comma; voltaje m\u00ednimo de entrada)<\/li>\n<li style='margin-bottom: 5px;'><strong>Regulaci\u00f3n:<\/strong> Mantiene regulaci\u00f3n y bajo rizado incluso con voltaje de entrada bajo<\/li>\n<\/ul><\/div>\n<div style='flex: 1 1 300px; min-width: 280px;'>\n<h3 style='font-size: 22px; border-bottom: 2px solid currentColor; padding-bottom: 5px; margin-top: 0; color: inherit; opacity: 0.8;'>Caracter\u00edsticas F\u00edsicas<\/h3>\n<ul style='padding-left: 20px; font-size: 15px; color: inherit;'>\n<li style='margin-bottom: 5px;'><strong>Tama\u00f1o:<\/strong> 6&#8242; x 13\u00be&#8217; x 11&#8242; (Alto x Ancho x Profundo)<\/li>\n<li style='margin-bottom: 5px;'><strong>Peso:<\/strong> 46 lbs<\/li>\n<li style='margin-bottom: 5px;'><strong>Montaje:<\/strong> 19&#8242; rack mount<\/li>\n<li style='margin-bottom: 5px;'><strong>Disipaci\u00f3n:<\/strong> Disipador de calor de uso rudo<\/li>\n<li style='margin-bottom: 5px;'><strong>Fusible:<\/strong> Fusible montado en chasis<\/li>\n<\/ul><\/div>\n<div style='flex: 1 1 300px; min-width: 280px;'>\n<h3 style='font-size: 22px; border-bottom: 2px solid currentColor; padding-bottom: 5px; margin-top: 0; color: inherit; opacity: 0.8;'>Caracter\u00edsticas de Protecci\u00f3n<\/h3>\n<ul style='padding-left: 20px; font-size: 15px; color: inherit;'>\n<li style='margin-bottom: 5px;'><strong>Protecci\u00f3n por Corriente:<\/strong> Limitaci\u00f3n de corriente con tecnolog\u00eda de estado s\u00f3lido<\/li>\n<li style='margin-bottom: 5px;'><strong>Protecci\u00f3n por Sobrevoltaje:<\/strong> Sistema Crowbar (excepto modelos RS-3A&comma; RS-4A&comma; RS-5A&comma; RS-4L&comma; RS-5L)<\/li>\n<li style='margin-bottom: 5px;'><strong>Protecci\u00f3n por Cortocircuito:<\/strong> Limitaci\u00f3n de corriente con protecci\u00f3n de cortocircuito continuo<\/li>\n<li style='margin-bottom: 5px;'><strong>Protecci\u00f3n T\u00e9rmica:<\/strong> Apagado autom\u00e1tico por sobrecalentamiento<\/li>\n<\/ul><\/div>\n<\/p><\/div>\n<div style='display: flex; flex-wrap: wrap; gap: 20px; margin-bottom: 30px;'>\n<div style='flex: 1 1 250px; border: 1px solid rgba(150&comma; 150&comma; 150&comma; 0.4); border-radius: 8px; overflow: hidden; display: flex; flex-direction: column;'>\n<div style='padding: 15px; border-bottom: 1px solid rgba(150&comma; 150&comma; 150&comma; 0.2); font-weight: bold; font-size: 18px; color: inherit;'>Caracter\u00edsticas T\u00e9cnicas<\/div>\n<div style='padding: 15px; color: inherit;'>\n<ul style='padding-left: 20px; margin: 0; font-size: 14px; list-style-type: disc;'>\n<li style='margin-bottom: 5px;'><strong>Tecnolog\u00eda:<\/strong> Regulaci\u00f3n electr\u00f3nica de estado s\u00f3lido<\/li>\n<li style='margin-bottom: 5px;'><strong>Cable de Alimentaci\u00f3n:<\/strong> Tres conductores (excepto RS-3A)<\/li>\n<li style='margin-bottom: 5px;'><strong>Garant\u00eda:<\/strong> 1 a\u00f1o<\/li>\n<li style='margin-bottom: 5px;'><strong>Origen:<\/strong> Fabricado en Estados Unidos<\/li>\n<\/ul><\/div>\n<\/p><\/div>\n<div style='flex: 1 1 250px; border: 1px solid rgba(150&comma; 150&comma; 150&comma; 0.4); border-radius: 8px; overflow: hidden; display: flex; flex-direction: column;'>\n<div style='padding: 15px; border-bottom: 1px solid rgba(150&comma; 150&comma; 150&comma; 0.2); font-weight: bold; font-size: 18px; color: inherit;'>Caracter\u00edsticas Adicionales<\/div>\n<div style='padding: 15px; color: inherit;'>\n<ul style='padding-left: 20px; margin: 0; font-size: 14px; list-style-type: disc;'>\n<li style='margin-bottom: 5px;'>Dise\u00f1o de uso rudo<\/li>\n<li style='margin-bottom: 5px;'>Bajo perfil<\/li>\n<li style='margin-bottom: 5px;'>Protecci\u00f3n contra sobrecarga<\/li>\n<li style='margin-bottom: 5px;'>Filtro EMI<\/li>\n<\/ul><\/div>\n<\/p><\/div>\n<\/p><\/div>\n<hr style='border: 0; border-top: 1px solid rgba(150&comma; 150&comma; 150&comma; 0.3); margin: 30px 0;'>\n<div style='display: flex; flex-wrap: wrap; gap: 30px; margin-bottom: 30px;'>\n<div style='flex: 1 1 300px; min-width: 280px;'>\n<h3 style='font-size: 22px; border-bottom: 2px solid currentColor; padding-bottom: 5px; margin-top: 0; color: inherit; opacity: 0.8;'>Aplicaciones<\/h3>\n<ul style='padding-left: 20px; font-size: 15px; color: inherit;'>\n<li style='margin-bottom: 5px;'>Equipos de comunicaci\u00f3n<\/li>\n<li style='margin-bottom: 5px;'>Transceptores HF<\/li>\n<li style='margin-bottom: 5px;'>Equipos de radioaficionados<\/li>\n<li style='margin-bottom: 5px;'>Sistemas de comunicaci\u00f3n profesionales<\/li>\n<\/ul><\/div>\n<div style='flex: 1 1 300px; min-width: 280px;'>\n<h3 style='font-size: 22px; border-bottom: 2px solid currentColor; padding-bottom: 5px; margin-top: 0; color: inherit; opacity: 0.8;'>Compatibilidad<\/h3>\n<ul style='padding-left: 20px; font-size: 15px; color: inherit;'>\n<li style='margin-bottom: 5px;'>Dise\u00f1ado para funcionar con equipos de comunicaci\u00f3n<\/li>\n<li style='margin-bottom: 5px;'>Compatible con m\u00faltiples configuraciones de rack<\/li>\n<li style='margin-bottom: 5px;'>Cumple con est\u00e1ndares de interferencia FCC Clase B<\/li>\n<\/ul><\/div>\n<\/p><\/div>\n<hr style='border: 0; border-top: 1px solid rgba(150&comma; 150&comma; 150&comma; 0.3); margin: 30px 0;'>\n<div style='display: flex; flex-wrap: wrap; gap: 30px; margin-bottom: 30px;'>\n<div style='flex: 1 1 300px; min-width: 280px;'>\n<h3 style='font-size: 22px; border-bottom: 2px solid currentColor; padding-bottom: 5px; margin-top: 0; color: inherit; opacity: 0.8;'>Compatibilidad con Otros Equipos<\/h3>\n<ul style='padding-left: 20px; font-size: 15px; color: inherit;'>\n<li style='margin-bottom: 5px;'>Compatible con transceptores FM<\/li>\n<li style='margin-bottom: 5px;'>Funciona con equipos de comunicaci\u00f3n m\u00f3vil<\/li>\n<li style='margin-bottom: 5px;'>Dise\u00f1ado para uso en ambientes profesionales<\/li>\n<\/ul><\/div>\n<div style='flex: 1 1 300px; min-width: 280px;'>\n<h3 style='font-size: 22px; border-bottom: 2px solid currentColor; padding-bottom: 5px; margin-top: 0; color: inherit; opacity: 0.8;'>Opciones de Montaje<\/h3>\n<ul style='padding-left: 20px; font-size: 15px; color: inherit;'>\n<li style='margin-bottom: 5px;'>Dise\u00f1o para montaje en rack 19&#8242;<\/li>\n<li style='margin-bottom: 5px;'>Compatible con est\u00e1ndares de montaje industrial<\/li>\n<li style='margin-bottom: 5px;'>Sistema de fijaci\u00f3n robusto<\/li>\n<\/ul><\/div>\n<\/p><\/div>\n<div style='display: flex; flex-wrap: wrap; gap: 30px; margin-bottom: 30px;'>\n<div style='flex: 1 1 300px; min-width: 280px;'>\n<h3 style='font-size: 22px; border-bottom: 2px solid currentColor; padding-bottom: 5px; margin-top: 0; color: inherit; opacity: 0.8;'>Opciones de Montaje<\/h3>\n<ul style='padding-left: 20px; font-size: 15px; color: inherit;'>\n<li style='margin-bottom: 5px;'>Dise\u00f1o para montaje en rack 19&#8242;<\/li>\n<li style='margin-bottom: 5px;'>Sistema de fijaci\u00f3n robusto<\/li>\n<li style='margin-bottom: 5px;'>Compatible con est\u00e1ndares de montaje industrial<\/li>\n<\/ul><\/div>\n<\/p><\/div>\n<div style='display: flex; flex-wrap: wrap; gap: 30px; margin-bottom: 30px;'>\n<div style='flex: 1 1 300px; min-width: 280px;'>\n<h3 style='font-size: 22px; border-bottom: 2px solid currentColor; padding-bottom: 5px; margin-top: 0; color: inherit; opacity: 0.8;'>Im\u00e1genes del Producto<\/h3>\n<div style='display: flex; flex-wrap: wrap; gap: 15px;'>\n<div style='flex: 1 1 200px; min-width: 200px;'> <img style='width: 100%; height: auto; border: 1px solid rgba(150&comma;150&comma;150&comma;0.3); border-radius: 8px;' src='http:\/\/ftp3.syscom.mx\/usuarios\/fotos\/RS50A\/RS50A_1.JPG' alt='Vista frontal de la fuente de alimentaci\u00f3n RS50A'> <\/div>\n<div style='flex: 1 1 200px; min-width: 200px;'> <img style='width: 100%; height: auto; border: 1px solid rgba(150&comma;150&comma;150&comma;0.3); border-radius: 8px;' src='http:\/\/ftp3.syscom.mx\/usuarios\/fotos\/RS50A\/RS50A_2.JPG' alt='Vista trasera de la fuente de alimentaci\u00f3n RS50A'> <\/div>\n<div style='flex: 1 1 200px; min-width: 200px;'> <img style='width: 100%; height: auto; border: 1px solid rgba(150&comma;150&comma;150&comma;0.3); border-radius: 8px;' src='http:\/\/ftp3.syscom.mx\/usuarios\/fotos\/RS50A\/RS50A_3.JPG' alt='Vista lateral de la fuente de alimentaci\u00f3n RS50A'> <\/div>\n<\/p><\/div>\n<\/p><\/div>\n<\/p><\/div>\n<\/p><\/div>\n","protected":false},"excerpt":{"rendered":"<p>Fuente de poder  13.8Vcc, 50A, lineal regulada<\/p>\n","protected":false},"featured_media":62392,"comment_status":"open","ping_status":"closed","template":"","meta":[],"product_brand":[],"product_cat":[874],"product_tag":[1274,142,875],"class_list":{"0":"post-62393","1":"product","2":"type-product","3":"status-publish","4":"has-post-thumbnail","6":"product_cat-fuentes-industriales-de-cd","7":"product_tag-astron","8":"product_tag-energia","9":"product_tag-fuentes-industriales-de-cd","11":"first","12":"outofstock","13":"sale","14":"shipping-taxable","15":"purchasable","16":"product-type-simple"},"_links":{"self":[{"href":"https:\/\/soydeaqui.ddns.net\/pachuca\/index.php\/wp-json\/wp\/v2\/product\/62393","targetHints":{"allow":["GET"]}}],"collection":[{"href":"https:\/\/soydeaqui.ddns.net\/pachuca\/index.php\/wp-json\/wp\/v2\/product"}],"about":[{"href":"https:\/\/soydeaqui.ddns.net\/pachuca\/index.php\/wp-json\/wp\/v2\/types\/product"}],"replies":[{"embeddable":true,"href":"https:\/\/soydeaqui.ddns.net\/pachuca\/index.php\/wp-json\/wp\/v2\/comments?post=62393"}],"wp:featuredmedia":[{"embeddable":true,"href":"https:\/\/soydeaqui.ddns.net\/pachuca\/index.php\/wp-json\/wp\/v2\/media\/62392"}],"wp:attachment":[{"href":"https:\/\/soydeaqui.ddns.net\/pachuca\/index.php\/wp-json\/wp\/v2\/media?parent=62393"}],"wp:term":[{"taxonomy":"product_brand","embeddable":true,"href":"https:\/\/soydeaqui.ddns.net\/pachuca\/index.php\/wp-json\/wp\/v2\/product_brand?post=62393"},{"taxonomy":"product_cat","embeddable":true,"href":"https:\/\/soydeaqui.ddns.net\/pachuca\/index.php\/wp-json\/wp\/v2\/product_cat?post=62393"},{"taxonomy":"product_tag","embeddable":true,"href":"https:\/\/soydeaqui.ddns.net\/pachuca\/index.php\/wp-json\/wp\/v2\/product_tag?post=62393"}],"curies":[{"name":"wp","href":"https:\/\/api.w.org\/{rel}","templated":true}]}}