{"id":6235,"date":"2026-03-18T06:40:45","date_gmt":"2026-03-18T06:40:45","guid":{"rendered":"https:\/\/soydeaqui.ddns.net\/pachuca\/index.php\/producto\/cubierta-protectora-serie-stopper-ii-de-policarbonato-con-bocina-espaciador-transparente-montaje-en-superficie-etiqueta-en-ingles\/"},"modified":"2026-03-18T06:40:49","modified_gmt":"2026-03-18T06:40:49","slug":"cubierta-protectora-serie-stopper-ii-de-policarbonato-con-bocina-espaciador-transparente-montaje-en-superficie-etiqueta-en-ingles","status":"publish","type":"product","link":"https:\/\/soydeaqui.ddns.net\/pachuca\/index.php\/producto\/cubierta-protectora-serie-stopper-ii-de-policarbonato-con-bocina-espaciador-transparente-montaje-en-superficie-etiqueta-en-ingles\/","title":{"rendered":"Cubierta Protectora Serie Stopper II\u00ae De Policarbonato, Con Bocina, Espaciador Transparente, Montaje en Superficie, Etiqueta en Ingl\u00e9s"},"content":{"rendered":"<div style='width: 100%; max-width: 1200px; margin: 0 auto; font-family: sans-serif; line-height: 1.6; color: inherit; background-color: transparent;'> <!-- Secci\u00f3n de descripci\u00f3n --> <\/p>\n<div style='margin-bottom: 30px;'>\n<p style='font-size: 15px; color: inherit; margin-bottom: 15px; text-align: justify;'> Durante m\u00e1s de 30 a\u00f1os&comma; este dispositivo \u00fanico y patentado ha ayudado a evitar falsas alarmas de incendio en todo el mundo&comma; sin restringir las alarmas leg\u00edtimas. Es ideal para escuelas&comma; hospitales&comma; guarder\u00edas&comma; centros comerciales&comma; tiendas&comma; hoteles y edificios p\u00fablicos y privados&comma; etc de casi todos los tipos en donde existe la amenaza de falsas alarmas de incendio. <\/p>\n<p style='font-size: 15px; color: inherit; margin-bottom: 15px; text-align: justify;'> La serie Stopper II\u00ae consta de una resistente cubierta de policarbonato transparente que es inviolable y un armaz\u00f3n que se ajusta sobre las estaciones de palanca operadas manualmente. Cuando se levanta para tener acceso a la alarma&comma; suena una aguda sirena de advertencia de 95 o 105 dB. Con esto&comma; de inmediato se atrae la atenci\u00f3n hacia esa \u00e1rea y el bromista correr\u00e1 o ser\u00e1 atrapado. <\/p>\n<p style='font-size: 15px; color: inherit; margin-bottom: 15px; text-align: justify;'> La serie Stopper II\u00ae tiene el prop\u00f3sito de ser usado en \u00e1reas donde la incidencia de falsas alarmas de incendio desde estaciones de palanca operadas manualmente es alta o ha demostrado ser un serio problema. Cualquier desventaja de este dispositivo est\u00e1 m\u00e1s que balanceada cuando se consideran las consecuencias de las falsas alarmas de incendio&comma; especialmente si el personal y equipo de servicio responden a una falsa alarma. A esto hay que a\u00f1adir la interrupci\u00f3n de las actividades en las instalaciones cuando se presenta una falsa alarma. El Stopper II\u00ae puede ser invaluable. <\/p>\n<\/p><\/div>\n<p> <!-- Secci\u00f3n de caracter\u00edsticas --> <\/p>\n<div style='display: flex; flex-wrap: wrap; gap: 30px; margin-bottom: 30px;'>\n<div style='flex: 1 1 300px; min-width: 280px;'>\n<h3 style='font-size: 22px; border-bottom: 2px solid currentColor; padding-bottom: 5px; margin-top: 0; color: inherit; opacity: 0.8;'>Caracter\u00edsticas de cubierta STI-1130<\/h3>\n<ul style='padding-left: 20px; font-size: 15px; color: inherit;'>\n<li style='margin-bottom: 5px;'>Etiqueta en Ingl\u00e9s<\/li>\n<li style='margin-bottom: 5px;'><strong>Montaje en superficie<\/strong><\/li>\n<li style='margin-bottom: 5px;'>Cubierta protectora de policarbonato para protecci\u00f3n de da\u00f1os f\u00edsicos<\/li>\n<li style='margin-bottom: 5px;'>Ayuda a detener las falsas alarmas<\/li>\n<li style='margin-bottom: 5px;'>Bocina de advertencia de <strong>95 o 105 dB<\/strong><\/li>\n<li style='margin-bottom: 5px;'>Tiene un espaciador transparente para montaje en superficie<\/li>\n<li style='margin-bottom: 5px;'>Listado en <strong>UL\/uCL<\/strong>&comma; compatible con <strong>ADA<\/strong><\/li>\n<li style='margin-bottom: 5px;'>Garant\u00eda: 1 a\u00f1o en la electr\u00f3nica<\/li>\n<li style='margin-bottom: 5px;'>Dimensiones: 6.2&#8242; (158 mm) alto x 5&#8242; (127 mm) ancho x 5.2&#8242; (132 mm) profundidad<\/li>\n<\/ul><\/div>\n<div style='flex: 1 1 300px; min-width: 280px;'>\n<h3 style='font-size: 22px; border-bottom: 2px solid currentColor; padding-bottom: 5px; margin-top: 0; color: inherit; opacity: 0.8;'>Caracter\u00edsticas Generales<\/h3>\n<ul style='padding-left: 20px; font-size: 15px; color: inherit;'>\n<li style='margin-bottom: 5px;'>Ha demostrado ser sumamente efectivo durante m\u00e1s de una d\u00e9cada ayudando a evitar falsas alarmas de incendio sin restringir las alarmas leg\u00edtimas<\/li>\n<li style='margin-bottom: 5px;'>Se puede usar como protecci\u00f3n contra da\u00f1os f\u00edsicos a una estaci\u00f3n de palanca<\/li>\n<li style='margin-bottom: 5px;'>Se ajusta pr\u00e1cticamente a la mayor\u00eda de las estaciones de palanca operadas manualmente<\/li>\n<li style='margin-bottom: 5px;'>Disponible en colores rojo&comma; azul&comma; verde o amarillo con rotulo personalizado<\/li>\n<li style='margin-bottom: 5px;'>Probado y aceptado por las autoridades de prevenci\u00f3n de incendios<\/li>\n<li style='margin-bottom: 5px;'>Aprobado por organizaciones dedicadas a realizar pruebas<\/li>\n<li style='margin-bottom: 5px;'>La fuente de poder es una bater\u00eda alcalina de 9V<\/li>\n<li style='margin-bottom: 5px;'>La cubierta est\u00e1 estabilizada UV contra el deterioro por el sol<\/li>\n<li style='margin-bottom: 5px;'>La sirena opcional se puede elegir de 95 o 105 dB<\/li>\n<li style='margin-bottom: 5px;'>Policarbonato probado de -40\u00ba a 116\u00baC (-40\u00ba a 240\u00baF)<\/li>\n<li style='margin-bottom: 5px;'>Garant\u00eda de 3 a\u00f1os contra rotura del policarbonato durante el uso normal<\/li>\n<li style='margin-bottom: 5px;'>Listado UL No. 49G2<\/li>\n<li style='margin-bottom: 5px;'>Aprobado FM&comma; cUL&comma; ADA&comma; BSA&comma; NEMA 3R<\/li>\n<\/ul><\/div>\n<\/p><\/div>\n<p> <!-- Secci\u00f3n de videos --> <\/p>\n<div style='margin-bottom: 30px;'>\n<h3 style='font-size: 22px; border-bottom: 2px solid currentColor; padding-bottom: 5px; margin-top: 0; color: inherit; opacity: 0.8; text-align: center;'>V\u00eddeos Informativos<\/h3>\n<p> <!-- Video 1 --> <\/p>\n<div style='position: relative; padding-bottom: 56.25%; height: 0; overflow: hidden; margin: 20px 0;'>   <\/div>\n<p> <!-- Video 2 --> <\/p>\n<div style='position: relative; padding-bottom: 56.25%; height: 0; overflow: hidden; margin: 20px 0;'>   <\/div>\n<p> <!-- Video 3 --> <\/p>\n<div style='position: relative; padding-bottom: 56.25%; height: 0; overflow: hidden; margin: 20px 0;'>   <\/div>\n<p> <!-- Video 4 --> <\/p>\n<div style='position: relative; padding-bottom: 56.25%; height: 0; overflow: hidden; margin: 20px 0;'>   <\/div>\n<p> <!-- Video 5 --> <\/p>\n<div style='position: relative; padding-bottom: 56.25%; height: 0; overflow: hidden; margin: 20px 0;'>   <\/div>\n<\/p><\/div>\n<p> <!-- Separador final --> <\/p>\n<hr style='border: 0; border-top: 1px solid rgba(150&comma; 150&comma; 150&comma; 0.3); margin: 30px 0;'> <\/div>\n","protected":false},"excerpt":{"rendered":"<p>Cubierta Protectora Serie Stopper II\u00ae De Policarbonato, Con Bocina, Espaciador Transparente, Montaje en Superficie, Etiqueta en Ingl\u00e9s<\/p>\n","protected":false},"featured_media":6234,"comment_status":"open","ping_status":"closed","template":"","meta":[],"product_brand":[],"product_cat":[443],"product_tag":[444,169,225],"class_list":{"0":"post-6235","1":"product","2":"type-product","3":"status-publish","4":"has-post-thumbnail","6":"product_cat-todo-paneles-de-incendio","7":"product_tag-paneles-de-incendio","8":"product_tag-sti","9":"product_tag-todo","11":"first","12":"instock","13":"sale","14":"shipping-taxable","15":"purchasable","16":"product-type-simple"},"_links":{"self":[{"href":"https:\/\/soydeaqui.ddns.net\/pachuca\/index.php\/wp-json\/wp\/v2\/product\/6235","targetHints":{"allow":["GET"]}}],"collection":[{"href":"https:\/\/soydeaqui.ddns.net\/pachuca\/index.php\/wp-json\/wp\/v2\/product"}],"about":[{"href":"https:\/\/soydeaqui.ddns.net\/pachuca\/index.php\/wp-json\/wp\/v2\/types\/product"}],"replies":[{"embeddable":true,"href":"https:\/\/soydeaqui.ddns.net\/pachuca\/index.php\/wp-json\/wp\/v2\/comments?post=6235"}],"wp:featuredmedia":[{"embeddable":true,"href":"https:\/\/soydeaqui.ddns.net\/pachuca\/index.php\/wp-json\/wp\/v2\/media\/6234"}],"wp:attachment":[{"href":"https:\/\/soydeaqui.ddns.net\/pachuca\/index.php\/wp-json\/wp\/v2\/media?parent=6235"}],"wp:term":[{"taxonomy":"product_brand","embeddable":true,"href":"https:\/\/soydeaqui.ddns.net\/pachuca\/index.php\/wp-json\/wp\/v2\/product_brand?post=6235"},{"taxonomy":"product_cat","embeddable":true,"href":"https:\/\/soydeaqui.ddns.net\/pachuca\/index.php\/wp-json\/wp\/v2\/product_cat?post=6235"},{"taxonomy":"product_tag","embeddable":true,"href":"https:\/\/soydeaqui.ddns.net\/pachuca\/index.php\/wp-json\/wp\/v2\/product_tag?post=6235"}],"curies":[{"name":"wp","href":"https:\/\/api.w.org\/{rel}","templated":true}]}}