{"id":62307,"date":"2026-03-19T06:36:08","date_gmt":"2026-03-19T06:36:08","guid":{"rendered":"https:\/\/soydeaqui.ddns.net\/pachuca\/index.php\/producto\/charola-para-rack-de-19-34-cm-de-profundidad-2ur\/"},"modified":"2026-03-19T06:36:15","modified_gmt":"2026-03-19T06:36:15","slug":"charola-para-rack-de-19-34-cm-de-profundidad-2ur","status":"publish","type":"product","link":"https:\/\/soydeaqui.ddns.net\/pachuca\/index.php\/producto\/charola-para-rack-de-19-34-cm-de-profundidad-2ur\/","title":{"rendered":"Charola para Rack de 19&#8243;, 34 cm de Profundidad, 2UR"},"content":{"rendered":"<div style='width: 100%; max-width: 1200px; margin: 0 auto; font-family: sans-serif; line-height: 1.6; color: inherit; background-color: transparent;'> <!-- Secci\u00f3n de caracter\u00edsticas principales --> <\/p>\n<div style='margin-bottom: 30px;'>\n<h3 style='font-size: 22px; border-bottom: 2px solid currentColor; padding-bottom: 5px; margin-top: 0; color: inherit; opacity: 0.8;'>Caracter\u00edsticas Principales<\/h3>\n<ul style='padding-left: 20px; font-size: 15px; color: inherit;'>\n<li style='margin-bottom: 5px;'>Calibre de l\u00e1mina 16 para alta durabilidad<\/li>\n<li style='margin-bottom: 5px;'>Color negro discreto para aplicaci\u00f3n interior<\/li>\n<li style='margin-bottom: 5px;'>Capacidad de carga m\u00e1xima sugerida: 20 kg<\/li>\n<li style='margin-bottom: 5px;'>Dise\u00f1o compacto con 342 mm de profundidad<\/li>\n<li style='margin-bottom: 5px;'>Compatible con racks de 2 unidades<\/li>\n<\/ul><\/div>\n<p> <!-- Secci\u00f3n de especificaciones t\u00e9cnicas --> <\/p>\n<div style='display: flex; flex-wrap: wrap; gap: 20px; margin-bottom: 30px;'>\n<div style='flex: 1 1 250px; border: 1px solid rgba(150&comma; 150&comma; 150&comma; 0.4); border-radius: 8px; overflow: hidden; display: flex; flex-direction: column;'>\n<div style='padding: 15px; border-bottom: 1px solid rgba(150&comma; 150&comma; 150&comma; 0.2); font-weight: bold; font-size: 18px; color: inherit;'>Especificaciones T\u00e9cnicas<\/div>\n<div style='padding: 15px; color: inherit;'>\n<ul style='padding-left: 20px; margin: 0; font-size: 14px; list-style-type: disc;'>\n<li style='margin-bottom: 5px;'><strong>Calibre de l\u00e1mina:<\/strong> 16<\/li>\n<li style='margin-bottom: 5px;'><strong>Color:<\/strong> Negro<\/li>\n<li style='margin-bottom: 5px;'><strong>Aplicaci\u00f3n:<\/strong> Interior<\/li>\n<li style='margin-bottom: 5px;'><strong>Unidades Rack:<\/strong> 2<\/li>\n<li style='margin-bottom: 5px;'><strong>Profundidad:<\/strong> 342 mm<\/li>\n<li style='margin-bottom: 5px;'><strong>Carga Sugerida M\u00e1x:<\/strong> 20 Kg<\/li>\n<\/ul><\/div>\n<\/p><\/div>\n<p> <!-- Secci\u00f3n de propiedades del material --> <\/p>\n<div style='flex: 1 1 250px; border: 1px solid rgba(150&comma; 150&comma; 150&comma; 0.4); border-radius: 8px; overflow: hidden; display: flex; flex-direction: column;'>\n<div style='padding: 15px; border-bottom: 1px solid rgba(150&comma; 150&comma; 150&comma; 0.2); font-weight: bold; font-size: 18px; color: inherit;'>Propiedades del Material<\/div>\n<div style='padding: 15px; color: inherit;'>\n<ul style='padding-left: 20px; margin: 0; font-size: 14px; list-style-type: disc;'>\n<li style='margin-bottom: 5px;'><strong>Material:<\/strong> SAE 1008<\/li>\n<li style='margin-bottom: 5px;'><strong>L\u00edmite el\u00e1stico:<\/strong> 5.254e+08 N\/m\u00b2<\/li>\n<li style='margin-bottom: 5px;'><strong>M\u00f3dulo el\u00e1stico:<\/strong> 2.8344e+11 N\/m\u00b2<\/li>\n<li style='margin-bottom: 5px;'><strong>Coeficiente de Poisson:<\/strong> 0.29<\/li>\n<li style='margin-bottom: 5px;'><strong>Densidad:<\/strong> 7872 kg\/m\u00b3<\/li>\n<\/ul><\/div>\n<\/p><\/div>\n<p> <!-- Secci\u00f3n de resultados del estudio --> <\/p>\n<div style='flex: 1 1 250px; border: 1px solid rgba(150&comma; 150&comma; 150&comma; 0.4); border-radius: 8px; overflow: hidden; display: flex; flex-direction: column;'>\n<div style='padding: 15px; border-bottom: 1px solid rgba(150&comma; 150&comma; 150&comma; 0.2); font-weight: bold; font-size: 18px; color: inherit;'>Resultados del Estudio<\/div>\n<div style='padding: 15px; color: inherit;'>\n<ul style='padding-left: 20px; margin: 0; font-size: 14px; list-style-type: disc;'>\n<li style='margin-bottom: 5px;'><strong>Tensi\u00f3n de von Mises:<\/strong> 6.707e+04 a 3.502e+08 N\/m\u00b2<\/li>\n<li style='margin-bottom: 5px;'><strong>Desplazamientos resultantes:<\/strong> 0.000e+00 a 7.595e+00 mm<\/li>\n<li style='margin-bottom: 5px;'><strong>Deformaci\u00f3n unitaria:<\/strong> 5.617e-08 a 9.385e-04<\/li>\n<\/ul><\/div>\n<\/p><\/div>\n<\/p><\/div>\n<p> <!-- Secci\u00f3n de observaciones --> <\/p>\n<div style='margin-bottom: 30px;'>\n<h3 style='font-size: 22px; border-bottom: 2px solid currentColor; padding-bottom: 5px; margin-top: 0; color: inherit; opacity: 0.8;'>Observaciones<\/h3>\n<ul style='padding-left: 20px; font-size: 15px; color: inherit;'>\n<li style='margin-bottom: 5px;'><strong>Fuerza de reacci\u00f3n:<\/strong> 196.132 N<\/li>\n<li style='margin-bottom: 5px;'><strong>Momento de reacci\u00f3n:<\/strong> 0.00311638 N.m<\/li>\n<li style='margin-bottom: 5px;'><strong>Factor de seguridad:<\/strong> 1.5 (basado en el an\u00e1lisis de tensi\u00f3n m\u00e1xima)<\/li>\n<\/ul><\/div>\n<p> <!-- Separador --> <\/p>\n<hr style='border: 0; border-top: 1px solid rgba(150&comma; 150&comma; 150&comma; 0.3); margin: 30px 0;'> <!-- Secci\u00f3n de im\u00e1genes --> <\/p>\n<div style='display: flex; flex-wrap: wrap; gap: 20px; margin-top: 30px;'>\n<div style='flex: 1 1 300px; min-width: 200px;'> <img style='width: 100%; height: auto; border: 1px solid rgba(150&comma;150&comma;150&comma;0.3); border-radius: 8px;' src='http:\/\/ftp3.syscom.mx\/usuarios\/dcarreon\/LOGOS\/LOGOS\/LINKEDPRO%20(1).jpg' alt='Logo de LINKEDPRO'> <\/div>\n<div style='flex: 1 1 300px; min-width: 200px;'> <img style='width: 100%; height: auto; border: 1px solid rgba(150&comma;150&comma;150&comma;0.3); border-radius: 8px;' src='http:\/\/ftp3.syscom.mx\/usuarios\/dcarreon\/EPCOM%20INDUSTRIAL\/PRODUCTOS2\/SCH19X13.5\/Imagen1.png' alt='Charola para Rack SCH19X13.5'> <\/div>\n<div style='flex: 1 1 300px; min-width: 200px;'> <img style='width: 100%; height: auto; border: 1px solid rgba(150&comma;150&comma;150&comma;0.3); border-radius: 8px;' src='http:\/\/ftp3.syscom.mx\/usuarios\/fotos\/SCH19X13_5\/SCH19X13_5.png' alt='Vista detallada de la charola'> <\/div>\n<\/p><\/div>\n<p> <!-- Aclaraciones --> <\/p>\n<div style='margin-top: 30px; padding: 15px; border-left: 4px solid rgba(150&comma;150&comma;150&comma;0.4); font-size: 14px; color: inherit;'>\n<p style='margin: 0 0 10px 0;'><strong>*Los colores de los productos pueden cambiar para mejoras t\u00e9cnicas.<\/strong><\/p>\n<p style='margin: 0;'><strong>*El peso declarado es de los equipos sin accesorios y sin embalaje.<\/strong><\/p>\n<\/p><\/div>\n<\/p><\/div>\n","protected":false},"excerpt":{"rendered":"<p>Charola para Rack de 19&#8243;, 34 cm de Profundidad, 2UR<\/p>\n","protected":false},"featured_media":62306,"comment_status":"open","ping_status":"closed","template":"","meta":[],"product_brand":[],"product_cat":[707],"product_tag":[606,435,605],"class_list":{"0":"post-62307","1":"product","2":"type-product","3":"status-publish","4":"has-post-thumbnail","6":"product_cat-accesorios-para-racks-y-gabinetes-racks-y-gabinetes-radiocomunicacion","7":"product_tag-accesorios-para-racks-y-gabinetes","8":"product_tag-linkedpro-by-epcom","9":"product_tag-racks-y-gabinetes","11":"first","12":"instock","13":"sale","14":"shipping-taxable","15":"purchasable","16":"product-type-simple"},"_links":{"self":[{"href":"https:\/\/soydeaqui.ddns.net\/pachuca\/index.php\/wp-json\/wp\/v2\/product\/62307","targetHints":{"allow":["GET"]}}],"collection":[{"href":"https:\/\/soydeaqui.ddns.net\/pachuca\/index.php\/wp-json\/wp\/v2\/product"}],"about":[{"href":"https:\/\/soydeaqui.ddns.net\/pachuca\/index.php\/wp-json\/wp\/v2\/types\/product"}],"replies":[{"embeddable":true,"href":"https:\/\/soydeaqui.ddns.net\/pachuca\/index.php\/wp-json\/wp\/v2\/comments?post=62307"}],"wp:featuredmedia":[{"embeddable":true,"href":"https:\/\/soydeaqui.ddns.net\/pachuca\/index.php\/wp-json\/wp\/v2\/media\/62306"}],"wp:attachment":[{"href":"https:\/\/soydeaqui.ddns.net\/pachuca\/index.php\/wp-json\/wp\/v2\/media?parent=62307"}],"wp:term":[{"taxonomy":"product_brand","embeddable":true,"href":"https:\/\/soydeaqui.ddns.net\/pachuca\/index.php\/wp-json\/wp\/v2\/product_brand?post=62307"},{"taxonomy":"product_cat","embeddable":true,"href":"https:\/\/soydeaqui.ddns.net\/pachuca\/index.php\/wp-json\/wp\/v2\/product_cat?post=62307"},{"taxonomy":"product_tag","embeddable":true,"href":"https:\/\/soydeaqui.ddns.net\/pachuca\/index.php\/wp-json\/wp\/v2\/product_tag?post=62307"}],"curies":[{"name":"wp","href":"https:\/\/api.w.org\/{rel}","templated":true}]}}