{"id":623,"date":"2026-03-18T05:41:46","date_gmt":"2026-03-18T05:41:46","guid":{"rendered":"https:\/\/soydeaqui.ddns.net\/pachuca\/index.php\/producto\/kit-controlador-hub-principal-para-dispositivos-switchbot-senal-wifi-y-bluetooth-incluye-2-motores-cortinas-y-1-control-remoto\/"},"modified":"2026-03-18T05:41:46","modified_gmt":"2026-03-18T05:41:46","slug":"kit-controlador-hub-principal-para-dispositivos-switchbot-senal-wifi-y-bluetooth-incluye-2-motores-cortinas-y-1-control-remoto","status":"publish","type":"product","link":"https:\/\/soydeaqui.ddns.net\/pachuca\/index.php\/producto\/kit-controlador-hub-principal-para-dispositivos-switchbot-senal-wifi-y-bluetooth-incluye-2-motores-cortinas-y-1-control-remoto\/","title":{"rendered":"KIT Controlador HUB principal para dispositivos SwitchBot, Se\u00f1al Wifi y BLUETOOTH, incluye 2 motores cortinas y 1 control remoto"},"content":{"rendered":"<div style='width: 100%; max-width: 1200px; margin: 0 auto; font-family: sans-serif; line-height: 1.6; color: inherit; background-color: transparent;'> <!-- Descripci\u00f3n principal --> <\/p>\n<div style='margin-bottom: 30px;'>\n<p style='text-align: justify; color: inherit;'>SwitchBot Hub 2 admite dispositivos infrarrojos antiguos y puede ayudar a hacerlos m\u00e1s inteligentes; adem\u00e1s&comma; tambi\u00e9n puede conectar otros productos SwitchBot a trav\u00e9s de Bluetooth y Wi-Fi para crear una experiencia de hogar inteligente m\u00e1s completa.<\/p>\n<p style='text-align: justify; color: inherit;'>Para productos existentes solo con Bluetooth&comma; como SwitchBot Curtain&comma; SwitchBot Lock y SwitchBot Blind Tilt&comma; puede conectar Hub 2 a su ecosistema de hogar inteligente para implementar Matter a trav\u00e9s de Wi-Fi en el futuro&comma; eliminando la necesidad de comprar nuevos dispositivos para hacerlos compatibles con Matter.<\/p>\n<\/p><\/div>\n<p> <!-- Secci\u00f3n de caracter\u00edsticas con grid --> <\/p>\n<div style='display: grid; grid-template-columns: repeat(auto-fill&comma; minmax(280px&comma; 1fr)); gap: 30px; margin-bottom: 30px;'> <!-- Caracter\u00edsticas 1 --> <\/p>\n<div style='border: 1px solid rgba(150&comma; 150&comma; 150&comma; 0.4); border-radius: 8px; padding: 15px; background-color: rgba(0&comma; 145&comma; 255&comma; 0.05);'>\n<h3 style='font-size: 18px; border-bottom: 2px solid currentColor; padding-bottom: 5px; margin-top: 0; margin-bottom: 15px; color: inherit; opacity: 0.8;'>Caracter\u00edsticas principales<\/h3>\n<ul style='padding-left: 20px; font-size: 14px; color: inherit; list-style-type: disc;'>\n<li style='margin-bottom: 8px;'><strong>Material:<\/strong> pl\u00e1stico ABS&comma; transparente infrarrojo<\/li>\n<li style='margin-bottom: 8px;'><strong>Requisitos del sistema:<\/strong> Android OS 5.0+&comma; iOS 14.0+<\/li>\n<li style='margin-bottom: 8px;'><strong>Entorno de trabajo:<\/strong> Interior<\/li>\n<li style='margin-bottom: 8px;'><strong>Temperatura de funcionamiento:<\/strong> \u221220 \u00b0C a 40 \u00b0C<\/li>\n<li style='margin-bottom: 8px;'><strong>Humedad de funcionamiento:<\/strong> 0 % a 90 % RH<\/li>\n<li style='margin-bottom: 8px;'><strong>Entrada:<\/strong> 5 V \u2393 2 A<\/li>\n<li style='margin-bottom: 8px;'><strong>BLE:<\/strong> 4.2<\/li>\n<li style='margin-bottom: 8px;'><strong>Alcance de transmisi\u00f3n:<\/strong> M\u00e1ximo 120 m (131&comma;2 yd.) en \u00e1reas abiertas<\/li>\n<li style='margin-bottom: 8px;'><strong>Caracter\u00edstica Bluetooth:<\/strong> Red patentada de malla BLE de bajo consumo<\/li>\n<\/ul><\/div>\n<p> <!-- Caracter\u00edsticas 2 --> <\/p>\n<div style='border: 1px solid rgba(150&comma; 150&comma; 150&comma; 0.4); border-radius: 8px; padding: 15px; background-color: rgba(0&comma; 145&comma; 255&comma; 0.05);'>\n<h3 style='font-size: 18px; border-bottom: 2px solid currentColor; padding-bottom: 5px; margin-top: 0; margin-bottom: 15px; color: inherit; opacity: 0.8;'>Caracter\u00edsticas principales<\/h3>\n<ul style='padding-left: 20px; font-size: 14px; color: inherit; list-style-type: disc;'>\n<li style='margin-bottom: 8px;'><strong>Wi-Fi:<\/strong> 802.11 b\/g\/n (2&comma;4 GHz)<\/li>\n<li style='margin-bottom: 8px;'><strong>Alcance de emisi\u00f3n de infrarrojos:<\/strong> M\u00e1ximo 30 m (32&comma;8 yd.)<\/li>\n<li style='margin-bottom: 8px;'><strong>Alcance de recepci\u00f3n de infrarrojos:<\/strong> M\u00e1ximo 15 m (16&comma;4 yardas)<\/li>\n<li style='margin-bottom: 8px;'><strong>Integraci\u00f3n de terceros:<\/strong> Alexa&comma; Asistente de Google&comma; accesos directos de Siri&comma; IFTTT<\/li>\n<li style='margin-bottom: 8px;'><strong>Unidad de temperatura:<\/strong> \u00b0C\/\u00b0F<\/li>\n<li style='margin-bottom: 8px;'><strong>Sensor de temperatura y humedad:<\/strong> Resoluci\u00f3n: 0&comma;1 \u00b0C\/0&comma;1 \u00b0F&comma; 1 % HR<\/li>\n<li style='margin-bottom: 8px;'><strong>Rango de temperatura:<\/strong> \u221220 \u00b0C a 80 \u00b0C (\u22124 \u00b0F a 176 \u00b0F)<\/li>\n<\/ul><\/div>\n<p> <!-- Caracter\u00edsticas 3 --> <\/p>\n<div style='border: 1px solid rgba(150&comma; 150&comma; 150&comma; 0.4); border-radius: 8px; padding: 15px; background-color: rgba(0&comma; 145&comma; 255&comma; 0.05);'>\n<h3 style='font-size: 18px; border-bottom: 2px solid currentColor; padding-bottom: 5px; margin-top: 0; margin-bottom: 15px; color: inherit; opacity: 0.8;'>Caracter\u00edsticas principales<\/h3>\n<ul style='padding-left: 20px; font-size: 14px; color: inherit; list-style-type: disc;'>\n<li style='margin-bottom: 8px;'><strong>Rango de humedad:<\/strong> 0 a 99 % HR<\/li>\n<li style='margin-bottom: 8px;'><strong>Precisi\u00f3n de temperatura:<\/strong> \u221220 \u00b0C a 0 \u00b0C (\u22124 \u00b0F a 32 \u00b0F) [\u00b10&comma;4 \u00b0C \/ 0&comma;7 \u00b0F]<\/li>\n<li style='margin-bottom: 8px;'><strong>Precisi\u00f3n de la humedad:<\/strong> 0 a 10 % RH (\u00b14 % RH)<\/li>\n<li style='margin-bottom: 8px;'><strong>10 % a 90 % RH:<\/strong> \u00b12 % RH<\/li>\n<li style='margin-bottom: 8px;'><strong>90 % a 99 % RH:<\/strong> \u00b14 % RH<\/li>\n<li style='margin-bottom: 8px;'><strong>Tama\u00f1o:<\/strong> 80 \u00d7 70 \u00d7 23 mm<\/li>\n<li style='margin-bottom: 8px;'><strong>Peso:<\/strong> 63 g (2&comma;2 onzas)<\/li>\n<li style='margin-bottom: 8px;'><strong>Longitud del cable de datos:<\/strong> 2 metros<\/li>\n<li style='margin-bottom: 8px;'><a href='https:\/\/support.switch-bot.com\/hc\/es' style='color: inherit; text-decoration: underline;'><strong>Material de ayuda t\u00e9cnica<\/strong><\/a><\/li>\n<\/ul><\/div>\n<\/p><\/div>\n<p> <!-- Video --> <\/p>\n<div style='margin: 30px 0;'>\n<div style='position: relative; padding-bottom: 56.25%; height: 0; overflow: hidden;'>   <\/div>\n<\/p><\/div>\n<\/p><\/div>\n","protected":false},"excerpt":{"rendered":"<p>KIT Controlador HUB principal para dispositivos SwitchBot, Se\u00f1al Wifi y BLUETOOTH, incluye 2 motores cortinas y 1 control remoto<\/p>\n","protected":false},"featured_media":622,"comment_status":"open","ping_status":"closed","template":"","meta":[],"product_brand":[],"product_cat":[74],"product_tag":[30,75,37],"class_list":{"0":"post-623","1":"product","2":"type-product","3":"status-publish","4":"has-post-thumbnail","6":"product_cat-controlador-inteligente-hub","7":"product_tag-automatizacion-casa-inteligente","8":"product_tag-controlador-inteligente-hub","9":"product_tag-switchbot","11":"first","12":"outofstock","13":"sale","14":"shipping-taxable","15":"purchasable","16":"product-type-simple"},"_links":{"self":[{"href":"https:\/\/soydeaqui.ddns.net\/pachuca\/index.php\/wp-json\/wp\/v2\/product\/623","targetHints":{"allow":["GET"]}}],"collection":[{"href":"https:\/\/soydeaqui.ddns.net\/pachuca\/index.php\/wp-json\/wp\/v2\/product"}],"about":[{"href":"https:\/\/soydeaqui.ddns.net\/pachuca\/index.php\/wp-json\/wp\/v2\/types\/product"}],"replies":[{"embeddable":true,"href":"https:\/\/soydeaqui.ddns.net\/pachuca\/index.php\/wp-json\/wp\/v2\/comments?post=623"}],"wp:featuredmedia":[{"embeddable":true,"href":"https:\/\/soydeaqui.ddns.net\/pachuca\/index.php\/wp-json\/wp\/v2\/media\/622"}],"wp:attachment":[{"href":"https:\/\/soydeaqui.ddns.net\/pachuca\/index.php\/wp-json\/wp\/v2\/media?parent=623"}],"wp:term":[{"taxonomy":"product_brand","embeddable":true,"href":"https:\/\/soydeaqui.ddns.net\/pachuca\/index.php\/wp-json\/wp\/v2\/product_brand?post=623"},{"taxonomy":"product_cat","embeddable":true,"href":"https:\/\/soydeaqui.ddns.net\/pachuca\/index.php\/wp-json\/wp\/v2\/product_cat?post=623"},{"taxonomy":"product_tag","embeddable":true,"href":"https:\/\/soydeaqui.ddns.net\/pachuca\/index.php\/wp-json\/wp\/v2\/product_tag?post=623"}],"curies":[{"name":"wp","href":"https:\/\/api.w.org\/{rel}","templated":true}]}}