{"id":62284,"date":"2026-03-19T06:35:22","date_gmt":"2026-03-19T06:35:22","guid":{"rendered":"https:\/\/soydeaqui.ddns.net\/pachuca\/index.php\/producto\/estabilizador-de-torre-para-tramos-stz-30-galvanizado-por-electrolisis\/"},"modified":"2026-03-19T06:35:36","modified_gmt":"2026-03-19T06:35:36","slug":"estabilizador-de-torre-para-tramos-stz-30-galvanizado-por-electrolisis","status":"publish","type":"product","link":"https:\/\/soydeaqui.ddns.net\/pachuca\/index.php\/producto\/estabilizador-de-torre-para-tramos-stz-30-galvanizado-por-electrolisis\/","title":{"rendered":"Estabilizador de Torre para Tramos STZ-30 Galvanizado por Electr\u00f3lisis."},"content":{"rendered":"<div style='width: 100%; max-width: 1200px; margin: 0 auto; font-family: sans-serif; line-height: 1.6; color: inherit; background-color: transparent;'> <!-- Secci\u00f3n de contenido con flex\/grid --> <\/p>\n<div style='display: flex; flex-wrap: wrap; gap: 30px; margin-bottom: 30px;'>\n<div style='flex: 1 1 300px; min-width: 280px;'>\n<h3 style='font-size: 22px; border-bottom: 2px solid currentColor; padding-bottom: 5px; margin-top: 0; color: inherit; opacity: 0.8;'>Descripci\u00f3n<\/h3>\n<p style='font-size: 15px; color: inherit; margin-bottom: 15px;'>Un estabilizador o brazo antitorsi\u00f3n como tambi\u00e9n es conocido&comma; es un elemento destinado a sujetar la torre en una altura determinada para evitar el movimiento a causa de fuertes corrientes de viento.<\/p>\n<p style='font-size: 15px; color: inherit; margin-bottom: 15px;'>A diferencia de una brida (que se sujeta en un punto por cada cara de la torre) un estabilizador se sujeta en dos puntos por cara&comma; es decir&comma; en una misma altura existen 6 puntos de sujeci\u00f3n&comma; lo que evita torsi\u00f3n excesiva en la torre y una mejor rigidez en la estructura.<\/p>\n<h3 style='font-size: 22px; border-bottom: 2px solid currentColor; padding-bottom: 5px; margin-top: 25px; margin-bottom: 15px; color: inherit; opacity: 0.8;'>Condiciones de Instalaci\u00f3n<\/h3>\n<p style='font-size: 15px; color: inherit; margin-bottom: 15px;'>Un estabilizador no es una pieza obligatoria dentro del armado de una torre t\u00edpica. Generalmente un estabilizador se instala cuando:<\/p>\n<ul style='padding-left: 20px; font-size: 15px; color: inherit; margin-bottom: 15px;'>\n<li style='margin-bottom: 5px;'>Se tiene una antena de gran superficie de arrastre (igual o mayor a 1m de di\u00e1metro).<\/li>\n<li style='margin-bottom: 5px;'>Cuando existen concentraciones de vientos debido al relieve o condiciones de la zona.<\/li>\n<li style='margin-bottom: 5px;'>En enlaces inal\u00e1mbricos de alta precisi\u00f3n.<\/li>\n<\/ul>\n<p style='font-size: 15px; color: inherit; margin-bottom: 15px;'>De igual forma se recomienda sustituir la instalaci\u00f3n de una brida cuando se agrega un estabilizador&comma; ya que recordemos que entre m\u00e1s cables pongamos a la torre&comma; m\u00e1s pesada ser\u00e1 y m\u00e1s carga estaremos entregando al suelo.<\/p>\n<\/p><\/div>\n<\/p><\/div>\n<p> <!-- Secci\u00f3n de especificaciones --> <\/p>\n<div style='display: flex; flex-wrap: wrap; gap: 20px; margin-bottom: 30px;'>\n<div style='flex: 1 1 250px; border: 1px solid rgba(150&comma; 150&comma; 150&comma; 0.4); border-radius: 8px; overflow: hidden; display: flex; flex-direction: column;'>\n<div style='padding: 15px; border-bottom: 1px solid rgba(150&comma; 150&comma; 150&comma; 0.2); font-weight: bold; font-size: 18px; color: inherit;'>Caracter\u00edsticas F\u00edsicas<\/div>\n<div style='padding: 15px; color: inherit;'>\n<ul style='padding-left: 20px; margin: 0; font-size: 14px; list-style-type: disc;'>\n<li style='margin-bottom: 5px;'>Material: Acero galvanizado electrol\u00edtico.<\/li>\n<li style='margin-bottom: 5px;'>Compatible con tramo: <a href='https:\/\/www.syscom.mx\/producto\/STZ-30-SYSCOM-TOWERS-31572.html' style='color: inherit; text-decoration: underline;'>STZ30<\/a><\/li>\n<li style='margin-bottom: 5px;'>Ancho de cara: 60 cm.<\/li>\n<li style='margin-bottom: 5px;'>Peso: 11.7 Kg.<\/li>\n<\/ul><\/div>\n<\/p><\/div>\n<div style='flex: 1 1 250px; border: 1px solid rgba(150&comma; 150&comma; 150&comma; 0.4); border-radius: 8px; overflow: hidden; display: flex; flex-direction: column;'>\n<div style='padding: 15px; border-bottom: 1px solid rgba(150&comma; 150&comma; 150&comma; 0.2); font-weight: bold; font-size: 18px; color: inherit;'>Contenido del Paquete<\/div>\n<div style='padding: 15px; color: inherit;'>\n<ul style='padding-left: 20px; margin: 0; font-size: 14px; list-style-type: disc;'>\n<li style='margin-bottom: 5px;'>3 &#8211; Brackets de sujeci\u00f3n (Ara\u00f1as) con tuercas.<\/li>\n<li style='margin-bottom: 5px;'>3 &#8211; Esquineros<\/li>\n<li style='margin-bottom: 5px;'>3 &#8211; Canales<\/li>\n<li style='margin-bottom: 5px;'>24 &#8211; Tornillos de armado con tuerca de seguridad.<\/li>\n<\/ul><\/div>\n<\/p><\/div>\n<div style='flex: 1 1 250px; border: 1px solid rgba(150&comma; 150&comma; 150&comma; 0.4); border-radius: 8px; overflow: hidden; display: flex; flex-direction: column;'>\n<div style='padding: 15px; border-bottom: 1px solid rgba(150&comma; 150&comma; 150&comma; 0.2); font-weight: bold; font-size: 18px; color: inherit;'>Certificaci\u00f3n<\/div>\n<div style='padding: 15px; color: inherit;'>\n<p style='margin: 0; color: #ff0000; font-weight: bold; font-size: 14px;'>Producto Elaborado Bajo Normas ISO 9000<\/p>\n<\/p><\/div>\n<\/p><\/div>\n<\/p><\/div>\n<p> <!-- Secci\u00f3n de imagen --> <\/p>\n<div style='display: flex; flex-wrap: wrap; gap: 30px; margin-bottom: 30px;'>\n<div style='flex: 1 1 300px; min-width: 280px;'>\n<h3 style='font-size: 22px; border-bottom: 2px solid currentColor; padding-bottom: 5px; margin-top: 0; color: inherit; opacity: 0.8;'>Imagen T\u00edpica de Instalaci\u00f3n<\/h3>\n<div style='margin-top: 15px;'> <img style='width: 100%; height: auto; border: 1px solid rgba(150&comma;150&comma;150&comma;0.3); border-radius: 8px;' src='https:\/\/ftp3.syscom.mx\/usuarios\/fotos\/SEST30G\/29655-estabilizador_2.jpg' alt=''> <\/div>\n<\/p><\/div>\n<\/p><\/div>\n<p> <!-- Separador --> <\/p>\n<hr style='border: 0; border-top: 1px solid rgba(150&comma; 150&comma; 150&comma; 0.3); margin: 30px 0;'> <\/div>\n","protected":false},"excerpt":{"rendered":"<p>Estabilizador de Torre para Tramos STZ-30 Galvanizado por Electr\u00f3lisis.<\/p>\n","protected":false},"featured_media":62283,"comment_status":"open","ping_status":"closed","template":"","meta":[],"product_brand":[],"product_cat":[589],"product_tag":[590,733,246],"class_list":{"0":"post-62284","1":"product","2":"type-product","3":"status-publish","4":"has-post-thumbnail","6":"product_cat-accesorios-para-torres-arriostradas","7":"product_tag-accesorios-para-torres-arriostradas","8":"product_tag-syscom-towers","9":"product_tag-torres-y-mastiles","11":"first","12":"instock","13":"sale","14":"shipping-taxable","15":"purchasable","16":"product-type-simple"},"_links":{"self":[{"href":"https:\/\/soydeaqui.ddns.net\/pachuca\/index.php\/wp-json\/wp\/v2\/product\/62284","targetHints":{"allow":["GET"]}}],"collection":[{"href":"https:\/\/soydeaqui.ddns.net\/pachuca\/index.php\/wp-json\/wp\/v2\/product"}],"about":[{"href":"https:\/\/soydeaqui.ddns.net\/pachuca\/index.php\/wp-json\/wp\/v2\/types\/product"}],"replies":[{"embeddable":true,"href":"https:\/\/soydeaqui.ddns.net\/pachuca\/index.php\/wp-json\/wp\/v2\/comments?post=62284"}],"wp:featuredmedia":[{"embeddable":true,"href":"https:\/\/soydeaqui.ddns.net\/pachuca\/index.php\/wp-json\/wp\/v2\/media\/62283"}],"wp:attachment":[{"href":"https:\/\/soydeaqui.ddns.net\/pachuca\/index.php\/wp-json\/wp\/v2\/media?parent=62284"}],"wp:term":[{"taxonomy":"product_brand","embeddable":true,"href":"https:\/\/soydeaqui.ddns.net\/pachuca\/index.php\/wp-json\/wp\/v2\/product_brand?post=62284"},{"taxonomy":"product_cat","embeddable":true,"href":"https:\/\/soydeaqui.ddns.net\/pachuca\/index.php\/wp-json\/wp\/v2\/product_cat?post=62284"},{"taxonomy":"product_tag","embeddable":true,"href":"https:\/\/soydeaqui.ddns.net\/pachuca\/index.php\/wp-json\/wp\/v2\/product_tag?post=62284"}],"curies":[{"name":"wp","href":"https:\/\/api.w.org\/{rel}","templated":true}]}}